{"id":1008983,"date":"2024-06-17T13:57:54","date_gmt":"2024-06-17T05:57:54","guid":{"rendered":"https:\/\/vimaterial.de\/product\/oxyde-de-lithium-et-de-cobalt\/"},"modified":"2024-11-11T10:34:51","modified_gmt":"2024-11-11T02:34:51","slug":"oxyde-de-lithium-et-de-cobalt","status":"publish","type":"product","link":"https:\/\/vimaterial.de\/fr\/product\/oxyde-de-lithium-et-de-cobalt\/","title":{"rendered":"Oxyde de lithium et de cobalt"},"content":{"rendered":"<p>Caract\u00e9ristique<\/p>\n<p>La cible de pulv\u00e9risation d\u2019oxyde de lithium et de cobalt est un mat\u00e9riau largement utilis\u00e9 dans les processus de d\u00e9p\u00f4t de couches minces, principalement pour les applications de batterie. L\u2019oxyde de lithium cobalt est un mat\u00e9riau de cathode bien connu dans les batteries lithium-ion en raison de sa densit\u00e9 d\u2019\u00e9nergie \u00e9lev\u00e9e, de sa structure stratifi\u00e9e stable et de sa longue dur\u00e9e de vie. En tant que cible de pulv\u00e9risation, le LiCoO\u2082 permet le d\u00e9p\u00f4t de couches minces dans les technologies de micro-batteries et d\u2019autres applications \u00e9lectroniques qui b\u00e9n\u00e9ficient de ses propri\u00e9t\u00e9s \u00e9lectrochimiques.  <\/p>\n<p>Propri\u00e9t\u00e9s physiques&nbsp;:<\/p>\n<p>Formule chimique&nbsp;:LiCoO2<\/p>\n<p>Masse molaire : 97,87 g mol\u22121<\/p>\n<p>Apparence&nbsp;: G\u00e9n\u00e9ralement un solide dense gris fonc\u00e9 \u00e0 noir. Densit\u00e9 : Environ 4,8 g\/cm\u00b3. Dimensions cibles : G\u00e9n\u00e9ralement fabriqu\u00e9 dans des diam\u00e8tres de 2 \u00e0 4 pouces et des tailles personnalis\u00e9es selon les besoins. Les \u00e9paisseurs varient en fonction des exigences sp\u00e9cifiques du syst\u00e8me de pulv\u00e9risation. Taux de d\u00e9p\u00f4t : Le taux de d\u00e9p\u00f4t de LiCoO\u2082 est d\u00e9termin\u00e9 par des facteurs tels que la puissance de pulv\u00e9risation, la pression du gaz et la composition cible, et il est g\u00e9n\u00e9ralement optimis\u00e9 pour obtenir des films minces uniformes et de haute qualit\u00e9. St\u0153chiom\u00e9trie du film : Les cibles de pulv\u00e9risation de l\u2019oxyde de lithium et de cobalt permettent un contr\u00f4le pr\u00e9cis de la st\u0153chiom\u00e9trie du film, ce qui est crucial dans les applications de batterie pour maintenir les performances \u00e9lectrochimiques. Conductivit\u00e9 \u00e9lectrique : Bien que le LiCoO\u2082 lui-m\u00eame ait une meilleure conductivit\u00e9 que les autres mat\u00e9riaux de cathode au lithium, il peut toujours b\u00e9n\u00e9ficier de rev\u00eatements ou d\u2019additifs lorsqu\u2019il est utilis\u00e9 dans des applications \u00e9lectroniques exigeantes.<\/p>\n<p>Applications:<\/p>\n<p>Batteries lithium-ion \u00e0 couche mince : Les couches minces LiCoO\u2082 sont largement utilis\u00e9es comme mat\u00e9riau de cathode dans les batteries lithium-ion \u00e0 couche mince pour la micro\u00e9lectronique, les appareils portables et les appareils portables. Sa densit\u00e9 d\u2019\u00e9nergie \u00e9lev\u00e9e et sa longue dur\u00e9e de vie le rendent adapt\u00e9 aux applications qui n\u00e9cessitent des sources d\u2019alimentation fiables et compactes. Micro\u00e9lectronique et capteurs : En tant que mat\u00e9riau de cathode \u00e0 couche mince, le LiCoO\u2082 est utilis\u00e9 dans les dispositifs micro\u00e9lectroniques, les petits capteurs et les dispositifs m\u00e9dicaux, b\u00e9n\u00e9ficiant de sa grande stabilit\u00e9 et de sa capacit\u00e9 \u00e9nerg\u00e9tique. Recherche et d\u00e9veloppement : Les cibles de pulv\u00e9risation d\u2019oxyde de lithium et de cobalt sont couramment utilis\u00e9es dans la recherche sur la technologie des batteries de nouvelle g\u00e9n\u00e9ration, explorant des propri\u00e9t\u00e9s telles que la stabilit\u00e9 thermique, la conductivit\u00e9 ionique et les caract\u00e9ristiques interfaciales avec les \u00e9lectrolytes. <\/p>\n<p>&nbsp;<\/p>\n","protected":false},"excerpt":{"rendered":"<p>Caract\u00e9ristique La cible de pulv\u00e9risation d\u2019oxyde de lithium et de cobalt est un mat\u00e9riau largement utilis\u00e9 dans les processus de d\u00e9p\u00f4t de couches minces, principalement pour les applications de batterie. L\u2019oxyde de lithium cobalt est un mat\u00e9riau de cathode bien connu dans les batteries lithium-ion en raison de sa densit\u00e9 d\u2019\u00e9nergie \u00e9lev\u00e9e, de sa structure [&hellip;]<\/p>\n","protected":false},"featured_media":998841,"comment_status":"open","ping_status":"closed","template":"","meta":{"_acf_changed":false},"product_brand":[],"product_cat":[235],"product_tag":[],"class_list":{"0":"post-1008983","1":"product","2":"type-product","3":"status-publish","4":"has-post-thumbnail","6":"product_cat-cibles-de-pulverisation-planaire","8":"first","9":"instock","10":"shipping-taxable","11":"product-type-variable"},"acf":[],"_links":{"self":[{"href":"https:\/\/vimaterial.de\/fr\/wp-json\/wp\/v2\/product\/1008983","targetHints":{"allow":["GET"]}}],"collection":[{"href":"https:\/\/vimaterial.de\/fr\/wp-json\/wp\/v2\/product"}],"about":[{"href":"https:\/\/vimaterial.de\/fr\/wp-json\/wp\/v2\/types\/product"}],"replies":[{"embeddable":true,"href":"https:\/\/vimaterial.de\/fr\/wp-json\/wp\/v2\/comments?post=1008983"}],"wp:featuredmedia":[{"embeddable":true,"href":"https:\/\/vimaterial.de\/fr\/wp-json\/wp\/v2\/media\/998841"}],"wp:attachment":[{"href":"https:\/\/vimaterial.de\/fr\/wp-json\/wp\/v2\/media?parent=1008983"}],"wp:term":[{"taxonomy":"product_brand","embeddable":true,"href":"https:\/\/vimaterial.de\/fr\/wp-json\/wp\/v2\/product_brand?post=1008983"},{"taxonomy":"product_cat","embeddable":true,"href":"https:\/\/vimaterial.de\/fr\/wp-json\/wp\/v2\/product_cat?post=1008983"},{"taxonomy":"product_tag","embeddable":true,"href":"https:\/\/vimaterial.de\/fr\/wp-json\/wp\/v2\/product_tag?post=1008983"}],"curies":[{"name":"wp","href":"https:\/\/api.w.org\/{rel}","templated":true}]}}