{"id":1008960,"date":"2024-06-17T13:57:55","date_gmt":"2024-06-17T05:57:55","guid":{"rendered":"https:\/\/vimaterial.de\/product\/phosphate-de-lithium-et-de-cobalt\/"},"modified":"2024-11-11T10:27:52","modified_gmt":"2024-11-11T02:27:52","slug":"phosphate-de-lithium-et-de-cobalt","status":"publish","type":"product","link":"https:\/\/vimaterial.de\/fr\/product\/phosphate-de-lithium-et-de-cobalt\/","title":{"rendered":"Lithium Cobalt Phosphate"},"content":{"rendered":"<p>La cible de pulv\u00e9risation de phosphate de lithium et de cobalt (LiCoPO4) est une cible sp\u00e9cialis\u00e9e utilis\u00e9e pour le d\u00e9p\u00f4t de couches minces de LiCoPO\u2084 par pulv\u00e9risation, un processus couramment utilis\u00e9 dans la fabrication de batteries \u00e0 couches minces et d\u2019appareils \u00e9lectroniques. LiCoPO\u2084, connu pour ses performances \u00e0 haute tension, joue un r\u00f4le prometteur dans les applications de stockage d\u2019\u00e9nergie en raison de ses propri\u00e9t\u00e9s \u00e9lectrochimiques uniques, qui peuvent \u00eatre exploit\u00e9es efficacement par d\u00e9p\u00f4t de couches minces. <\/p>\n<h2><span style=\"font-size: 14pt;\">Propri\u00e9t\u00e9s physiques&nbsp;:<\/span><\/h2>\n<p>Apparence&nbsp;: G\u00e9n\u00e9ralement gris \u00e0 violet fonc\u00e9, selon les m\u00e9thodes de fabrication, avec une forme solide et dense adapt\u00e9e \u00e0 la pulv\u00e9risation. Densit\u00e9 : Environ 3,6 g\/cm\u00b3. Taille cible : Disponible dans des diam\u00e8tres standard (par exemple, 2 pouces, 4 pouces) et des tailles personnalis\u00e9es en fonction des exigences de l\u2019application. L\u2019\u00e9paisseur typique varie en fonction de la configuration sp\u00e9cifique de la pulv\u00e9risation.<\/p>\n<h2><span style=\"font-size: 14pt;\">Caract\u00e9ristiques de pulv\u00e9risation :<\/span><\/h2>\n<p>Taux de d\u00e9p\u00f4t : Les taux de d\u00e9p\u00f4t de LiCoPO4 sont influenc\u00e9s par des param\u00e8tres de pulv\u00e9risation tels que la puissance, la pression et la composition cible. Les taux sont g\u00e9n\u00e9ralement optimis\u00e9s pour obtenir des films minces uniformes. Contr\u00f4le de la composition du film : Les films LiCoPO\u2084 cr\u00e9\u00e9s \u00e0 partir de cibles de pulv\u00e9risation maintiennent la st\u0153chiom\u00e9trie pour des performances uniformes dans les applications de batterie. Conductivit\u00e9 : Le LiCoPO4 a une faible conductivit\u00e9 inh\u00e9rente, de sorte que les processus de d\u00e9p\u00f4t peuvent impliquer des additifs conducteurs ou des traitements de substrat pour obtenir les performances \u00e9lectriques souhait\u00e9es. <\/p>\n<h2><span style=\"font-size: 14pt;\">Applications:<\/span><\/h2>\n<p>Batteries \u00e0 couche mince : Les couches minces LiCoPO4 sont utilis\u00e9es dans les batteries lithium-ion \u00e0 couche mince pour les applications \u00e0 haute \u00e9nergie, telles que la micro\u00e9lectronique et les appareils \u00e9nerg\u00e9tiques portables. Sa haute tension (environ 4,8 V) permet des densit\u00e9s d\u2019\u00e9nergie potentiellement plus \u00e9lev\u00e9es que les autres mat\u00e9riaux de cathode. Micro\u00e9lectronique : En raison de sa stabilit\u00e9 et de sa haute densit\u00e9 d\u2019\u00e9nergie, le LiCoPO4 est adapt\u00e9 \u00e0 une utilisation dans les alimentations des appareils micro\u00e9lectroniques. Recherche et d\u00e9veloppement : Utilis\u00e9 dans des \u00e9tudes ax\u00e9es sur les mat\u00e9riaux de cathode \u00e0 haute tension, permettant d\u2019\u00e9tudier la stabilit\u00e9, la compatibilit\u00e9 avec les \u00e9lectrolytes et le potentiel des technologies de batterie de nouvelle g\u00e9n\u00e9ration. <\/p>\n<p>&nbsp;<\/p>\n","protected":false},"excerpt":{"rendered":"<p>La cible de pulv\u00e9risation de phosphate de lithium et de cobalt (LiCoPO4) est une cible sp\u00e9cialis\u00e9e utilis\u00e9e pour le d\u00e9p\u00f4t de couches minces de LiCoPO\u2084 par pulv\u00e9risation, un processus couramment utilis\u00e9 dans la fabrication de batteries \u00e0 couches minces et d\u2019appareils \u00e9lectroniques. LiCoPO\u2084, connu pour ses performances \u00e0 haute tension, joue un r\u00f4le prometteur dans [&hellip;]<\/p>\n","protected":false},"featured_media":998849,"comment_status":"open","ping_status":"closed","template":"","meta":{"_acf_changed":false},"product_brand":[],"product_cat":[235],"product_tag":[],"class_list":{"0":"post-1008960","1":"product","2":"type-product","3":"status-publish","4":"has-post-thumbnail","6":"product_cat-cibles-de-pulverisation-planaire","8":"first","9":"outofstock","10":"shipping-taxable","11":"product-type-variable"},"acf":[],"_links":{"self":[{"href":"https:\/\/vimaterial.de\/fr\/wp-json\/wp\/v2\/product\/1008960","targetHints":{"allow":["GET"]}}],"collection":[{"href":"https:\/\/vimaterial.de\/fr\/wp-json\/wp\/v2\/product"}],"about":[{"href":"https:\/\/vimaterial.de\/fr\/wp-json\/wp\/v2\/types\/product"}],"replies":[{"embeddable":true,"href":"https:\/\/vimaterial.de\/fr\/wp-json\/wp\/v2\/comments?post=1008960"}],"wp:featuredmedia":[{"embeddable":true,"href":"https:\/\/vimaterial.de\/fr\/wp-json\/wp\/v2\/media\/998849"}],"wp:attachment":[{"href":"https:\/\/vimaterial.de\/fr\/wp-json\/wp\/v2\/media?parent=1008960"}],"wp:term":[{"taxonomy":"product_brand","embeddable":true,"href":"https:\/\/vimaterial.de\/fr\/wp-json\/wp\/v2\/product_brand?post=1008960"},{"taxonomy":"product_cat","embeddable":true,"href":"https:\/\/vimaterial.de\/fr\/wp-json\/wp\/v2\/product_cat?post=1008960"},{"taxonomy":"product_tag","embeddable":true,"href":"https:\/\/vimaterial.de\/fr\/wp-json\/wp\/v2\/product_tag?post=1008960"}],"curies":[{"name":"wp","href":"https:\/\/api.w.org\/{rel}","templated":true}]}}