{"id":1008946,"date":"2024-06-17T13:57:59","date_gmt":"2024-06-17T05:57:59","guid":{"rendered":"https:\/\/vimaterial.de\/product\/fluorure-de-lithium-2\/"},"modified":"2024-11-08T17:44:10","modified_gmt":"2024-11-08T09:44:10","slug":"fluorure-de-lithium-2","status":"publish","type":"product","link":"https:\/\/vimaterial.de\/fr\/product\/fluorure-de-lithium-2\/","title":{"rendered":"Fluorure de lithium"},"content":{"rendered":"<p>La cible de pulv\u00e9risation au fluorure de lithium est un mat\u00e9riau cible utilis\u00e9 dans le processus de pulv\u00e9risation pour d\u00e9poser de minces films de fluorure de lithium sur divers substrats. Le fluorure de lithium est un compos\u00e9 inorganique hautement ionique et poss\u00e8de des propri\u00e9t\u00e9s distinctes qui le rendent adapt\u00e9 aux applications dans les domaines de l\u2019\u00e9lectronique, de l\u2019optique et d\u2019autres domaines des mat\u00e9riaux avanc\u00e9s. <\/p>\n<h2><span style=\"font-size: 14pt;\">Propri\u00e9t\u00e9s physiques&nbsp;:<\/span><\/h2>\n<p>Formule chimique&nbsp;:LiF<\/p>\n<p>Masse molaire&nbsp;:25.939(2) g\/mol<\/p>\n<p>Apparence&nbsp;: poudre blanche ou cristaux transparents, hygroscopique<\/p>\n<p>Densit\u00e9&nbsp;:2.635 g\/cm3<\/p>\n<p>Point de fusion :845 \u00b0C (1 553 \u00b0F ; 1 118 K)<\/p>\n<p>Point d\u2019\u00e9bullition :1 676 \u00b0C (3 049 \u00b0F&nbsp;; 1 949 K)<\/p>\n<p>Solubilit\u00e9 dans l\u2019eau&#8221;0,127 g\/100 mL (18 \u00b0C)\/0,134 g\/100 mL (25 \u00b0C) Solubilit\u00e9&nbsp;:soluble dans le HF&nbsp;; insoluble dans l\u2019alcool<\/p>\n<p>Susceptibilit\u00e9 magn\u00e9tique (\u03c7) : \u221210,1\u00b710\u22126 cm3\/mol<\/p>\n<p>Indice de r\u00e9fraction (nD) : 1,3915<\/p>\n<p>Structure cristalline : Cubique centr\u00e9 sur la face<\/p>\n<h2><span style=\"font-size: 14pt;\">Applications:<\/span><\/h2>\n<p>D\u00e9p\u00f4t de couches minces : L\u2019utilisation principale des cibles de pulv\u00e9risation de fluorure de lithium est le d\u00e9p\u00f4t de couches minces dans le processus de pulv\u00e9risation. Les films minces LiF sont utilis\u00e9s dans des applications telles que : <\/p>\n<ul style=\"list-style-type: disc;\">\n<li>Rev\u00eatements optiques : Les films de fluorure de lithium sont utilis\u00e9s dans les optiques pour les rev\u00eatements UV, les rev\u00eatements antireflets et les lentilles. En raison de sa transparence dans le spectre ultraviolet, il est couramment utilis\u00e9 dans des appareils tels que les fen\u00eatres UV et les filtres optiques. <\/li>\n<li>Mat\u00e9riaux di\u00e9lectriques : Les couches minces LiF sont parfois utilis\u00e9es dans les condensateurs, les semi-conducteurs et d\u2019autres composants \u00e9lectroniques o\u00f9 une rigidit\u00e9 di\u00e9lectrique et une isolation \u00e9lectrique \u00e9lev\u00e9es sont requises.<\/li>\n<li>Couches barri\u00e8res : Le LiF est utilis\u00e9 dans les couches barri\u00e8res pour certains types d\u2019\u00e9lectronique flexible et pour prot\u00e9ger les mat\u00e9riaux sous-jacents dans divers dispositifs \u00e0 semi-conducteurs.<\/li>\n<li>Applications d\u2019\u00e9change d\u2019ions et de batteries : Les rev\u00eatements LiF sont \u00e9galement utilis\u00e9s dans certaines technologies d\u2019\u00e9change d\u2019ions et de batteries pour am\u00e9liorer les performances de certaines \u00e9lectrodes ou membranes.<\/li>\n<\/ul>\n<p>Dispositifs \u00e0 semi-conducteurs : La cible de pulv\u00e9risation de fluorure de lithium est parfois utilis\u00e9e dans la fabrication de semi-conducteurs, y compris dans le cadre des couches di\u00e9lectriques des transistors et autres dispositifs \u00e0 semi-conducteurs. Cellules solaires&nbsp;: La cible de pulv\u00e9risation de fluorure de lithium est \u00e9galement utilis\u00e9e dans certaines technologies de cellules solaires \u00e0 couche mince, o\u00f9 ses propri\u00e9t\u00e9s uniques peuvent aider \u00e0 am\u00e9liorer l\u2019efficacit\u00e9 \u00e9nerg\u00e9tique ou la stabilit\u00e9.<\/p>\n","protected":false},"excerpt":{"rendered":"<p>La cible de pulv\u00e9risation au fluorure de lithium est un mat\u00e9riau cible utilis\u00e9 dans le processus de pulv\u00e9risation pour d\u00e9poser de minces films de fluorure de lithium sur divers substrats. Le fluorure de lithium est un compos\u00e9 inorganique hautement ionique et poss\u00e8de des propri\u00e9t\u00e9s distinctes qui le rendent adapt\u00e9 aux applications dans les domaines de [&hellip;]<\/p>\n","protected":false},"featured_media":998868,"comment_status":"open","ping_status":"closed","template":"","meta":{"_acf_changed":false},"product_brand":[],"product_cat":[235],"product_tag":[],"class_list":{"0":"post-1008946","1":"product","2":"type-product","3":"status-publish","4":"has-post-thumbnail","6":"product_cat-cibles-de-pulverisation-planaire","8":"first","9":"instock","10":"shipping-taxable","11":"product-type-variable"},"acf":[],"_links":{"self":[{"href":"https:\/\/vimaterial.de\/fr\/wp-json\/wp\/v2\/product\/1008946","targetHints":{"allow":["GET"]}}],"collection":[{"href":"https:\/\/vimaterial.de\/fr\/wp-json\/wp\/v2\/product"}],"about":[{"href":"https:\/\/vimaterial.de\/fr\/wp-json\/wp\/v2\/types\/product"}],"replies":[{"embeddable":true,"href":"https:\/\/vimaterial.de\/fr\/wp-json\/wp\/v2\/comments?post=1008946"}],"wp:featuredmedia":[{"embeddable":true,"href":"https:\/\/vimaterial.de\/fr\/wp-json\/wp\/v2\/media\/998868"}],"wp:attachment":[{"href":"https:\/\/vimaterial.de\/fr\/wp-json\/wp\/v2\/media?parent=1008946"}],"wp:term":[{"taxonomy":"product_brand","embeddable":true,"href":"https:\/\/vimaterial.de\/fr\/wp-json\/wp\/v2\/product_brand?post=1008946"},{"taxonomy":"product_cat","embeddable":true,"href":"https:\/\/vimaterial.de\/fr\/wp-json\/wp\/v2\/product_cat?post=1008946"},{"taxonomy":"product_tag","embeddable":true,"href":"https:\/\/vimaterial.de\/fr\/wp-json\/wp\/v2\/product_tag?post=1008946"}],"curies":[{"name":"wp","href":"https:\/\/api.w.org\/{rel}","templated":true}]}}