{"id":1008940,"date":"2024-06-17T13:57:58","date_gmt":"2024-06-17T05:57:58","guid":{"rendered":"https:\/\/vimaterial.de\/product\/fluorure-de-lithium\/"},"modified":"2024-11-08T17:53:12","modified_gmt":"2024-11-08T09:53:12","slug":"fluorure-de-lithium","status":"publish","type":"product","link":"https:\/\/vimaterial.de\/fr\/product\/fluorure-de-lithium\/","title":{"rendered":"Fluorure de lithium"},"content":{"rendered":"<p>Le fluorure de lithium (LiF) est un compos\u00e9 inorganique compos\u00e9 d\u2019ions lithium et fluorure. Il s\u2019agit d\u2019un solide cristallin blanc qui est tr\u00e8s soluble dans l\u2019eau et pr\u00e9sente un certain nombre de propri\u00e9t\u00e9s int\u00e9ressantes, ce qui le rend utile dans diverses applications industrielles et scientifiques. <\/p>\n<h2><span style=\"font-size: 14pt;\">Composition chimique:<\/span><\/h2>\n<p>Formule : LiF Poids mol\u00e9culaire : 25,93 g\/mol Puret\u00e9 : Le LiF de haute puret\u00e9 (jusqu\u2019\u00e0 99,99 %) est souvent utilis\u00e9 dans des applications sp\u00e9cialis\u00e9es, en particulier dans l\u2019optique, la fabrication de semi-conducteurs et les technologies li\u00e9es \u00e0 l\u2019\u00e9nergie.<\/p>\n<h2><span style=\"font-size: 14pt;\">Propri\u00e9t\u00e9s physiques&nbsp;:<\/span><\/h2>\n<p>Apparence&nbsp;: poudre blanche ou cristaux transparents, hygroscopique<\/p>\n<p>Densit\u00e9&nbsp;:2.635 g\/cm3<\/p>\n<p>Point de fusion :845 \u00b0C (1 553 \u00b0F ; 1 118 K)<\/p>\n<p>Point d\u2019\u00e9bullition :1 676 \u00b0C (3 049 \u00b0F&nbsp;; 1 949 K)<\/p>\n<p>Solubilit\u00e9 dans l\u2019eau&#8221;0,127 g\/100 mL (18 \u00b0C)&nbsp;; 0,134 g\/100 mL (25 \u00b0C)<\/p>\n<p>Solubilit\u00e9 : soluble dans le HF ; Insoluble dans l\u2019alcool<\/p>\n<p>Susceptibilit\u00e9 magn\u00e9tique (\u03c7) : \u221210,1\u00b710\u22126 cm3\/mol<\/p>\n<p>Indice de r\u00e9fraction (nD) : 1,3915<\/p>\n<p>Structure cristalline : Cubique centr\u00e9 sur la face<\/p>\n<h2><span style=\"font-size: 14pt;\">Propri\u00e9t\u00e9s chimiques :<\/span><\/h2>\n<p>Liaison ionique : Le fluorure de lithium est compos\u00e9 de cations de lithium (Li\u207a) et d\u2019anions fluorure (F\u207b), qui forment une liaison ionique. Cela donne au compos\u00e9 un point de fusion \u00e9lev\u00e9 et une stabilit\u00e9. R\u00e9activit\u00e9 : Le LiF est chimiquement stable dans la plupart des conditions. Il ne r\u00e9agit pas avec l\u2019eau, mais peut r\u00e9agir avec des acides forts comme l\u2019acide fluorhydrique (HF) pour lib\u00e9rer des ions fluorure. Isolant \u00e9lectrique : Le fluorure de lithium est un isolant \u00e9lectrique, ce qui le rend utile dans certaines applications isolantes de l\u2019\u00e9lectronique. <\/p>\n<h2><span style=\"font-size: 14pt;\">Applications:<\/span><\/h2>\n<p>Rev\u00eatements optiques : En raison de sa transparence aux UV, le fluorure de lithium est utilis\u00e9 dans la production de rev\u00eatements optiques, en particulier pour les lentilles UV, les fen\u00eatres et d\u2019autres composants. Verres fluor\u00e9s : Le fluorure de lithium est utilis\u00e9 dans la pr\u00e9paration des verres fluor\u00e9s, qui sont importants dans les applications n\u00e9cessitant une transparence dans les r\u00e9gions infrarouges et ultraviolettes. Technologie nucl\u00e9aire : Le fluorure de lithium est utilis\u00e9 dans les r\u00e9acteurs nucl\u00e9aires et la recherche sur la fusion dans le cadre de la technologie des r\u00e9acteurs \u00e0 sels fondus en raison de son point de fusion \u00e9lev\u00e9 et de sa stabilit\u00e9 chimique. Technologie des batteries : Le fluorure de lithium est explor\u00e9 dans certaines technologies de batterie avanc\u00e9es, en particulier dans les batteries lithium-ion \u00e0 l\u2019\u00e9tat solide et les batteries lithium-soufre (Li-S), pour sa conductivit\u00e9 ionique. Semi-conducteurs : Le LiF est utilis\u00e9 dans certaines applications de semi-conducteurs \u00e0 couche mince et dans le cadre des mat\u00e9riaux di\u00e9lectriques des dispositifs \u00e9lectroniques. Produits pharmaceutiques : Il est parfois utilis\u00e9 dans la synth\u00e8se de certains compos\u00e9s pharmaceutiques. Cibles de pulv\u00e9risation : Le LiF est utilis\u00e9 comme mat\u00e9riau cible de pulv\u00e9risation pour le d\u00e9p\u00f4t de couches minces de fluorure de lithium dans diverses applications, y compris les rev\u00eatements optiques et dans le cadre de syst\u00e8mes d\u2019\u00e9lectrolyte \u00e0 l\u2019\u00e9tat solide.<\/p>\n","protected":false},"excerpt":{"rendered":"<p>Le fluorure de lithium (LiF) est un compos\u00e9 inorganique compos\u00e9 d\u2019ions lithium et fluorure. Il s\u2019agit d\u2019un solide cristallin blanc qui est tr\u00e8s soluble dans l\u2019eau et pr\u00e9sente un certain nombre de propri\u00e9t\u00e9s int\u00e9ressantes, ce qui le rend utile dans diverses applications industrielles et scientifiques. Composition chimique: Formule : LiF Poids mol\u00e9culaire : 25,93 g\/mol [&hellip;]<\/p>\n","protected":false},"featured_media":1045090,"comment_status":"open","ping_status":"closed","template":"","meta":{"_acf_changed":false},"product_brand":[],"product_cat":[236],"product_tag":[],"class_list":{"0":"post-1008940","1":"product","2":"type-product","3":"status-publish","4":"has-post-thumbnail","6":"product_cat-materiaux-devaporation","8":"first","9":"instock","10":"shipping-taxable","11":"product-type-variable"},"acf":[],"_links":{"self":[{"href":"https:\/\/vimaterial.de\/fr\/wp-json\/wp\/v2\/product\/1008940","targetHints":{"allow":["GET"]}}],"collection":[{"href":"https:\/\/vimaterial.de\/fr\/wp-json\/wp\/v2\/product"}],"about":[{"href":"https:\/\/vimaterial.de\/fr\/wp-json\/wp\/v2\/types\/product"}],"replies":[{"embeddable":true,"href":"https:\/\/vimaterial.de\/fr\/wp-json\/wp\/v2\/comments?post=1008940"}],"wp:featuredmedia":[{"embeddable":true,"href":"https:\/\/vimaterial.de\/fr\/wp-json\/wp\/v2\/media\/1045090"}],"wp:attachment":[{"href":"https:\/\/vimaterial.de\/fr\/wp-json\/wp\/v2\/media?parent=1008940"}],"wp:term":[{"taxonomy":"product_brand","embeddable":true,"href":"https:\/\/vimaterial.de\/fr\/wp-json\/wp\/v2\/product_brand?post=1008940"},{"taxonomy":"product_cat","embeddable":true,"href":"https:\/\/vimaterial.de\/fr\/wp-json\/wp\/v2\/product_cat?post=1008940"},{"taxonomy":"product_tag","embeddable":true,"href":"https:\/\/vimaterial.de\/fr\/wp-json\/wp\/v2\/product_tag?post=1008940"}],"curies":[{"name":"wp","href":"https:\/\/api.w.org\/{rel}","templated":true}]}}