{"id":1008927,"date":"2024-06-17T13:57:59","date_gmt":"2024-06-17T05:57:59","guid":{"rendered":"https:\/\/vimaterial.de\/product\/phosphate-de-fer-lithie-lfp-2\/"},"modified":"2024-11-08T18:02:03","modified_gmt":"2024-11-08T10:02:03","slug":"phosphate-de-fer-lithie-lfp-2","status":"publish","type":"product","link":"https:\/\/vimaterial.de\/fr\/product\/phosphate-de-fer-lithie-lfp-2\/","title":{"rendered":"Lithium Fer Phosphate (LFP)"},"content":{"rendered":"<p>Le phosphate de fer lithium (LFP) est un compos\u00e9 inorganique de formule LiFePO4. Il s\u2019agit d\u2019un solide gris, rouge-gris, brun ou noir qui est insoluble dans l\u2019eau. Cette forme de poudre permet une int\u00e9gration plus facile dans la production de cellules de batterie, o\u00f9 elle est g\u00e9n\u00e9ralement combin\u00e9e avec d\u2019autres mat\u00e9riaux pour former des \u00e9lectrodes.<\/p>\n<h2><span style=\"font-size: 14pt;\">Composition chimique:<\/span><\/h2>\n<p>Formule chimique : FeLiPO4 Masse molaire : 157,757 g\/mol Puret\u00e9 : La poudre LiFePO\u2084 de haute puret\u00e9 (g\u00e9n\u00e9ralement 99 % ou plus) est n\u00e9cessaire pour les applications hautes performances dans les batteries et les syst\u00e8mes de stockage d\u2019\u00e9nergie.<\/p>\n<p>La poudre LFP est recouverte de carbone pour \u00eatre utilis\u00e9e dans les batteries lithium-ion comme mat\u00e9riau de cathode. Des poudres de phosphate de fer et de lithium enrob\u00e9es de carbone (C-LiFePO4) ont \u00e9t\u00e9 produites \u00e0 l\u2019\u00e9chelle commerciale par une m\u00e9thode de r\u00e9action contr\u00f4l\u00e9e \u00e0 l\u2019\u00e9tat solide.<\/p>\n<h2><span style=\"font-size: 14pt;\">Propri\u00e9t\u00e9s physiques&nbsp;:<\/span><\/h2>\n<p>Apparence&nbsp;: La poudre de phosphate de fer lithium se pr\u00e9sente g\u00e9n\u00e9ralement sous la forme d\u2019une poudre fine, gris\u00e2tre ou noire. La couleur peut varier l\u00e9g\u00e8rement en fonction du processus de production et des additifs utilis\u00e9s. Taille des particules : La poudre est g\u00e9n\u00e9ralement constitu\u00e9e de particules fines, souvent de taille allant du nanom\u00e8tre au microm\u00e8tre. La distribution granulom\u00e9trique sp\u00e9cifique peut \u00eatre ajust\u00e9e pour am\u00e9liorer les performances dans des applications sp\u00e9cifiques, telles que la densit\u00e9 d\u2019\u00e9nergie de la batterie ou le taux de charge\/d\u00e9charge. Densit\u00e9 : Environ 3,6 g\/cm\u00b3. Cristallinit\u00e9 : La poudre est souvent cristalline, et la cristallinit\u00e9 affecte ses propri\u00e9t\u00e9s \u00e9lectrochimiques et ses performances globales dans les applications de batteries. Stabilit\u00e9 thermique : La poudre de phosphate de fer lithium a une stabilit\u00e9 thermique \u00e9lev\u00e9e, ce qui lui permet de r\u00e9sister \u00e0 des temp\u00e9ratures plus \u00e9lev\u00e9es sans d\u00e9gradation, ce qui est essentiel pour maintenir la s\u00e9curit\u00e9 de la batterie. <\/p>\n<h2><span style=\"font-size: 14pt;\">Applications:<\/span><\/h2>\n<p>Batteries lithium-ion : L\u2019utilisation la plus importante de la poudre LiFePO\u2084 est la production de cathodes pour les batteries lithium-ion. Ces batteries sont utilis\u00e9es dans diverses applications, telles que : <\/p>\n<ul>\n<li>V\u00e9hicules \u00e9lectriques (VE) : Le LiFePO\u2084 est privil\u00e9gi\u00e9 pour les batteries de VE en raison de sa longue dur\u00e9e de vie, de sa stabilit\u00e9 thermique et de ses caract\u00e9ristiques de s\u00e9curit\u00e9.<\/li>\n<li>Syst\u00e8mes de stockage d\u2019\u00e9nergie (ESS) : Les batteries bas\u00e9es sur LiFePO\u2084 sont couramment utilis\u00e9es dans les syst\u00e8mes de stockage d\u2019\u00e9nergie stationnaires pour des applications telles que le stockage d\u2019\u00e9nergie solaire et la gestion de l\u2019\u00e9nergie du r\u00e9seau.<\/li>\n<li>\u00c9lectronique grand public : Il est \u00e9galement utilis\u00e9 dans les outils \u00e9lectriques, les ordinateurs portables et d\u2019autres appareils o\u00f9 la longue dur\u00e9e de vie de la batterie et la s\u00e9curit\u00e9 sont importantes.<\/li>\n<\/ul>\n<p>Supercondensateurs : LiFePO\u2084 peut \u00eatre utilis\u00e9 en combinaison avec des supercondensateurs pour am\u00e9liorer la capacit\u00e9 de stockage d\u2019\u00e9nergie des dispositifs de stockage d\u2019\u00e9nergie hybrides. Cibles de pulv\u00e9risation : La poudre LiFePO\u2084 est parfois utilis\u00e9e pour produire des cibles de pulv\u00e9risation pour le d\u00e9p\u00f4t de couches minces dans la fabrication \u00e9lectronique. Autres technologies de batterie avanc\u00e9es : Le phosphate de fer lithium est \u00e9galement \u00e0 l\u2019\u00e9tude pour une utilisation dans d\u2019autres types de technologies de stockage d\u2019\u00e9nergie avanc\u00e9es, telles que les batteries \u00e0 l\u2019\u00e9tat solide et les syst\u00e8mes hybrides.<\/p>\n","protected":false},"excerpt":{"rendered":"<p>Le phosphate de fer lithium (LFP) est un compos\u00e9 inorganique de formule LiFePO4. Il s\u2019agit d\u2019un solide gris, rouge-gris, brun ou noir qui est insoluble dans l\u2019eau. Cette forme de poudre permet une int\u00e9gration plus facile dans la production de cellules de batterie, o\u00f9 elle est g\u00e9n\u00e9ralement combin\u00e9e avec d\u2019autres mat\u00e9riaux pour former des \u00e9lectrodes. [&hellip;]<\/p>\n","protected":false},"featured_media":998875,"comment_status":"open","ping_status":"closed","template":"","meta":{"_acf_changed":false},"product_brand":[],"product_cat":[237],"product_tag":[],"class_list":{"0":"post-1008927","1":"product","2":"type-product","3":"status-publish","4":"has-post-thumbnail","6":"product_cat-materiaux-de-la-batterie","8":"first","9":"instock","10":"shipping-taxable","11":"purchasable","12":"product-type-variable"},"acf":[],"_links":{"self":[{"href":"https:\/\/vimaterial.de\/fr\/wp-json\/wp\/v2\/product\/1008927","targetHints":{"allow":["GET"]}}],"collection":[{"href":"https:\/\/vimaterial.de\/fr\/wp-json\/wp\/v2\/product"}],"about":[{"href":"https:\/\/vimaterial.de\/fr\/wp-json\/wp\/v2\/types\/product"}],"replies":[{"embeddable":true,"href":"https:\/\/vimaterial.de\/fr\/wp-json\/wp\/v2\/comments?post=1008927"}],"wp:featuredmedia":[{"embeddable":true,"href":"https:\/\/vimaterial.de\/fr\/wp-json\/wp\/v2\/media\/998875"}],"wp:attachment":[{"href":"https:\/\/vimaterial.de\/fr\/wp-json\/wp\/v2\/media?parent=1008927"}],"wp:term":[{"taxonomy":"product_brand","embeddable":true,"href":"https:\/\/vimaterial.de\/fr\/wp-json\/wp\/v2\/product_brand?post=1008927"},{"taxonomy":"product_cat","embeddable":true,"href":"https:\/\/vimaterial.de\/fr\/wp-json\/wp\/v2\/product_cat?post=1008927"},{"taxonomy":"product_tag","embeddable":true,"href":"https:\/\/vimaterial.de\/fr\/wp-json\/wp\/v2\/product_tag?post=1008927"}],"curies":[{"name":"wp","href":"https:\/\/api.w.org\/{rel}","templated":true}]}}