{"id":1008911,"date":"2024-06-17T13:57:59","date_gmt":"2024-06-17T05:57:59","guid":{"rendered":"https:\/\/vimaterial.de\/product\/phosphate-de-fer-lithie-lfp\/"},"modified":"2024-11-08T18:06:57","modified_gmt":"2024-11-08T10:06:57","slug":"phosphate-de-fer-lithie-lfp","status":"publish","type":"product","link":"https:\/\/vimaterial.de\/fr\/product\/phosphate-de-fer-lithie-lfp\/","title":{"rendered":"Lithium Fer Phosphate (LFP)"},"content":{"rendered":"<p>La cible de pulv\u00e9risation au lithium fer phosphate (LiFePO4) est un mat\u00e9riau utilis\u00e9 dans les processus de d\u00e9p\u00f4t de couches minces, en particulier la pulv\u00e9risation, pour cr\u00e9er de fines couches de phosphate de fer lithium sur divers substrats. La pulv\u00e9risation est une m\u00e9thode courante pour d\u00e9poser des mat\u00e9riaux sur des surfaces destin\u00e9es \u00e0 \u00eatre utilis\u00e9es dans l\u2019\u00e9lectronique, les appareils \u00e9nerg\u00e9tiques et d\u2019autres applications. Les cibles de pulv\u00e9risation LiFePO\u2084 sont g\u00e9n\u00e9ralement utilis\u00e9es pour le d\u00e9p\u00f4t de couches minces dans des applications telles que les batteries \u00e0 l\u2019\u00e9tat solide, les capteurs et les transistors \u00e0 couche mince, ou pour cr\u00e9er des rev\u00eatements qui n\u00e9cessitent les propri\u00e9t\u00e9s sp\u00e9cifiques du phosphate de fer lithium.  <\/p>\n<h2><span style=\"font-size: 14pt;\">Composition chimique:<\/span><\/h2>\n<p>Formule chimique&nbsp;:FeLiO4P<\/p>\n<p>Masse molaire : 157,757<\/p>\n<p>Puret\u00e9 : Les cibles LiFePO\u2084 de haute puret\u00e9 (g\u00e9n\u00e9ralement 99 % ou plus) sont essentielles pour obtenir une qualit\u00e9 de film et des performances constantes dans les applications de pulv\u00e9risation.<\/p>\n<h2><span style=\"font-size: 14pt;\">Propri\u00e9t\u00e9s physiques&nbsp;:<\/span><\/h2>\n<p>Apparence&nbsp;: La cible de pulv\u00e9risation LiFePO4 est g\u00e9n\u00e9ralement un disque dense et solide, souvent de couleur gris fonc\u00e9 ou noir, ressemblant \u00e0 la forme de la poudre mais dans un \u00e9tat solidifi\u00e9 et fa\u00e7onn\u00e9 pour la pulv\u00e9risation. Densit\u00e9 : environ 3,6 g\/cm\u00b3, similaire au mat\u00e9riau en vrac. Cette densit\u00e9 permet de s\u2019assurer que la cible de pulv\u00e9risation fournit une source stable et constante de mat\u00e9riau pendant le d\u00e9p\u00f4t. Taille et forme : Les cibles de pulv\u00e9risation sont g\u00e9n\u00e9ralement fabriqu\u00e9es en forme de disque d\u2019un diam\u00e8tre allant de 2 pouces \u00e0 4 pouces, bien que des tailles personnalis\u00e9es puissent \u00eatre produites en fonction de l\u2019application. L\u2019\u00e9paisseur de la cible peut \u00e9galement varier en fonction du processus de pulv\u00e9risation pr\u00e9vu.<\/p>\n<h2><span style=\"font-size: 14pt;\">Applications:<\/span><\/h2>\n<p>Batteries \u00e0 l\u2019\u00e9tat solide : L\u2019une des applications les plus courantes des cibles de pulv\u00e9risation LiFePO4 est la fabrication de batteries lithium-ion \u00e0 l\u2019\u00e9tat solide, o\u00f9 de fines couches de LiFePO4 sont utilis\u00e9es comme cathodes. Ces batteries gagnent en popularit\u00e9 en raison de leur s\u00e9curit\u00e9, de leur grande stabilit\u00e9 et de leur longue dur\u00e9e de vie. Dispositifs de stockage d\u2019\u00e9nergie \u00e0 couche mince : Les couches minces LiFePO\u2084 sont utilis\u00e9es dans les dispositifs de stockage d\u2019\u00e9nergie o\u00f9 des batteries ou des condensateurs compacts et l\u00e9gers sont n\u00e9cessaires, comme dans la micro\u00e9lectronique et les syst\u00e8mes de stockage d\u2019\u00e9nergie portables. Rev\u00eatements en couches minces : Les cibles de pulv\u00e9risation LiFePO4 peuvent \u00e9galement \u00eatre utilis\u00e9es pour cr\u00e9er des rev\u00eatements protecteurs ou fonctionnels pour les composants \u00e9lectroniques, les dispositifs semi-conducteurs ou les capteurs qui n\u00e9cessitent les propri\u00e9t\u00e9s \u00e9lectrochimiques sp\u00e9cifiques du phosphate de fer lithium. Capteurs \u00e9lectrochimiques : Les couches minces LiFePO4 peuvent \u00eatre utilis\u00e9es comme \u00e9lectrodes dans les capteurs \u00e9lectrochimiques, en particulier ceux con\u00e7us pour la d\u00e9tection d\u2019ions ou de gaz dans diverses applications. <\/p>\n","protected":false},"excerpt":{"rendered":"<p>La cible de pulv\u00e9risation au lithium fer phosphate (LiFePO4) est un mat\u00e9riau utilis\u00e9 dans les processus de d\u00e9p\u00f4t de couches minces, en particulier la pulv\u00e9risation, pour cr\u00e9er de fines couches de phosphate de fer lithium sur divers substrats. La pulv\u00e9risation est une m\u00e9thode courante pour d\u00e9poser des mat\u00e9riaux sur des surfaces destin\u00e9es \u00e0 \u00eatre utilis\u00e9es [&hellip;]<\/p>\n","protected":false},"featured_media":998882,"comment_status":"open","ping_status":"closed","template":"","meta":{"_acf_changed":false},"product_brand":[],"product_cat":[235],"product_tag":[],"class_list":{"0":"post-1008911","1":"product","2":"type-product","3":"status-publish","4":"has-post-thumbnail","6":"product_cat-cibles-de-pulverisation-planaire","8":"first","9":"instock","10":"shipping-taxable","11":"product-type-variable"},"acf":[],"_links":{"self":[{"href":"https:\/\/vimaterial.de\/fr\/wp-json\/wp\/v2\/product\/1008911","targetHints":{"allow":["GET"]}}],"collection":[{"href":"https:\/\/vimaterial.de\/fr\/wp-json\/wp\/v2\/product"}],"about":[{"href":"https:\/\/vimaterial.de\/fr\/wp-json\/wp\/v2\/types\/product"}],"replies":[{"embeddable":true,"href":"https:\/\/vimaterial.de\/fr\/wp-json\/wp\/v2\/comments?post=1008911"}],"wp:featuredmedia":[{"embeddable":true,"href":"https:\/\/vimaterial.de\/fr\/wp-json\/wp\/v2\/media\/998882"}],"wp:attachment":[{"href":"https:\/\/vimaterial.de\/fr\/wp-json\/wp\/v2\/media?parent=1008911"}],"wp:term":[{"taxonomy":"product_brand","embeddable":true,"href":"https:\/\/vimaterial.de\/fr\/wp-json\/wp\/v2\/product_brand?post=1008911"},{"taxonomy":"product_cat","embeddable":true,"href":"https:\/\/vimaterial.de\/fr\/wp-json\/wp\/v2\/product_cat?post=1008911"},{"taxonomy":"product_tag","embeddable":true,"href":"https:\/\/vimaterial.de\/fr\/wp-json\/wp\/v2\/product_tag?post=1008911"}],"curies":[{"name":"wp","href":"https:\/\/api.w.org\/{rel}","templated":true}]}}