{"id":1008903,"date":"2024-06-17T13:58:04","date_gmt":"2024-06-17T05:58:04","guid":{"rendered":"https:\/\/vimaterial.de\/product\/iodure-de-lithium\/"},"modified":"2024-11-08T17:16:15","modified_gmt":"2024-11-08T09:16:15","slug":"iodure-de-lithium","status":"publish","type":"product","link":"https:\/\/vimaterial.de\/fr\/product\/iodure-de-lithium\/","title":{"rendered":"Iodure de lithium"},"content":{"rendered":"<p>L\u2019iodure de lithium, ou LiI, est un compos\u00e9 de lithium et d\u2019iode. Lorsqu\u2019il est expos\u00e9 \u00e0 l\u2019air, il devient de couleur jaune, en raison de l\u2019oxydation de l\u2019iodure en iode. Il se cristallise dans le motif NaCl. Il peut participer \u00e0 divers hydrates.<\/p>\n<h2><span style=\"font-size: 14pt;\">Propri\u00e9t\u00e9s physiques&nbsp;:<\/span><\/h2>\n<p>Formule chimique&nbsp;:LiI<\/p>\n<p>Masse molaire : 133,85 g\/mol<\/p>\n<p>Apparence&nbsp;:Solide cristallin blanc<\/p>\n<p>Densit\u00e9&nbsp;:4.076 g\/cm3 (anhydre)\/3.494 g\/cm3 (trihydrat\u00e9)<\/p>\n<p>Point de fusion :469 \u00b0C (876 \u00b0F&nbsp;; 742 K)<\/p>\n<p>Point d\u2019\u00e9bullition : 1 171 \u00b0C (2 140 \u00b0F&nbsp;; 1 444 K)<\/p>\n<p>Solubilit\u00e9 dans l\u2019eau :1510 g\/L (0 \u00b0C)\/1670 g\/L (25 \u00b0C)\/4330 g\/L (100 \u00b0C)<\/p>\n<p>Solubilit\u00e9 : soluble dans l\u2019\u00e9thanol, le propanol, l\u2019\u00e9thanediol, l\u2019ammoniac<\/p>\n<p>Solubilit\u00e9 dans le m\u00e9thanol : 3430 g\/L (20 \u00b0C)<\/p>\n<p>Solubilit\u00e9 dans l\u2019ac\u00e9tone : 426 g\/L (18 \u00b0C)<\/p>\n<p>Susceptibilit\u00e9 magn\u00e9tique (\u03c7) : \u221250,0\u00b710\u22126 cm3\/mol<\/p>\n<p>Indice de r\u00e9fraction (nD) : 1,955<\/p>\n<h2><span style=\"font-size: 14pt;\">Applications:<\/span><\/h2>\n<p>L\u2019iodure de lithium est utilis\u00e9 comme \u00e9lectrolyte pour les batteries \u00e0 haute temp\u00e9rature. Il est \u00e9galement utilis\u00e9 pour les batteries \u00e0 longue dur\u00e9e de vie, par exemple pour les stimulateurs cardiaques artificiels. Le solide est utilis\u00e9 comme phosphore pour la d\u00e9tection des neutrons. Il est \u00e9galement utilis\u00e9, dans un complexe avec de l\u2019iode, dans l\u2019\u00e9lectrolyte des cellules solaires sensibilis\u00e9es aux colorants.<\/p>\n<p>En synth\u00e8se organique, le LiI est utile pour cliver les liaisons C-O. Par exemple, il peut \u00eatre utilis\u00e9 pour convertir les esters m\u00e9thyliques en acides carboxyliques :<\/p>\n<p>RCO2CH3 + LiI \u2192 RCO2Li + CH3I<\/p>\n<p>Des r\u00e9actions similaires s\u2019appliquent aux \u00e9poxydes et aux aziridines.<\/p>\n<p>L\u2019iodure de lithium a \u00e9t\u00e9 utilis\u00e9 comme agent de contraste radiologique pour les tomodensitogrammes. Son utilisation a \u00e9t\u00e9 interrompue en raison d\u2019une toxicit\u00e9 r\u00e9nale. Les solutions d\u2019iode inorganique souffraient d\u2019hyperosmolarit\u00e9 et de viscosit\u00e9s \u00e9lev\u00e9es. Les agents de contraste iod\u00e9s actuels sont des compos\u00e9s organioid\u00e9s.<\/p>\n","protected":false},"excerpt":{"rendered":"<p>L\u2019iodure de lithium, ou LiI, est un compos\u00e9 de lithium et d\u2019iode. Lorsqu\u2019il est expos\u00e9 \u00e0 l\u2019air, il devient de couleur jaune, en raison de l\u2019oxydation de l\u2019iodure en iode. Il se cristallise dans le motif NaCl. Il peut participer \u00e0 divers hydrates. Propri\u00e9t\u00e9s physiques&nbsp;: Formule chimique&nbsp;:LiI Masse molaire : 133,85 g\/mol Apparence&nbsp;:Solide cristallin blanc [&hellip;]<\/p>\n","protected":false},"featured_media":1039784,"comment_status":"open","ping_status":"closed","template":"","meta":{"_acf_changed":false},"product_brand":[],"product_cat":[239],"product_tag":[],"class_list":{"0":"post-1008903","1":"product","2":"type-product","3":"status-publish","4":"has-post-thumbnail","6":"product_cat-materiaux-halogenes","8":"first","9":"instock","10":"shipping-taxable","11":"product-type-variable"},"acf":[],"_links":{"self":[{"href":"https:\/\/vimaterial.de\/fr\/wp-json\/wp\/v2\/product\/1008903","targetHints":{"allow":["GET"]}}],"collection":[{"href":"https:\/\/vimaterial.de\/fr\/wp-json\/wp\/v2\/product"}],"about":[{"href":"https:\/\/vimaterial.de\/fr\/wp-json\/wp\/v2\/types\/product"}],"replies":[{"embeddable":true,"href":"https:\/\/vimaterial.de\/fr\/wp-json\/wp\/v2\/comments?post=1008903"}],"wp:featuredmedia":[{"embeddable":true,"href":"https:\/\/vimaterial.de\/fr\/wp-json\/wp\/v2\/media\/1039784"}],"wp:attachment":[{"href":"https:\/\/vimaterial.de\/fr\/wp-json\/wp\/v2\/media?parent=1008903"}],"wp:term":[{"taxonomy":"product_brand","embeddable":true,"href":"https:\/\/vimaterial.de\/fr\/wp-json\/wp\/v2\/product_brand?post=1008903"},{"taxonomy":"product_cat","embeddable":true,"href":"https:\/\/vimaterial.de\/fr\/wp-json\/wp\/v2\/product_cat?post=1008903"},{"taxonomy":"product_tag","embeddable":true,"href":"https:\/\/vimaterial.de\/fr\/wp-json\/wp\/v2\/product_tag?post=1008903"}],"curies":[{"name":"wp","href":"https:\/\/api.w.org\/{rel}","templated":true}]}}