{"id":1008871,"date":"2024-06-17T13:59:06","date_gmt":"2024-06-17T05:59:06","guid":{"rendered":"https:\/\/vimaterial.de\/product\/oxyde-de-lithium-lanthane-titane-llto-2\/"},"modified":"2024-11-11T15:50:16","modified_gmt":"2024-11-11T07:50:16","slug":"oxyde-de-lithium-lanthane-titane-llto-2","status":"publish","type":"product","link":"https:\/\/vimaterial.de\/fr\/product\/oxyde-de-lithium-lanthane-titane-llto-2\/","title":{"rendered":"Oxyde de titane et de lithium-lanthane (LLTO)"},"content":{"rendered":"<p>L\u2019oxyde de titane et de lithium-lanthane (LLTO), de formule g\u00e9n\u00e9rale Li\u2083xLa\u2082\/3-xTiO\u2083, est un mat\u00e9riau c\u00e9ramique utilis\u00e9 principalement dans la recherche avanc\u00e9e sur les batteries lithium-ion en raison de son excellente conductivit\u00e9 ionique.<\/p>\n<h2><span style=\"font-size: 14pt;\">Propri\u00e9t\u00e9s physiques&nbsp;:<\/span><\/h2>\n<p>Apparence&nbsp;: G\u00e9n\u00e9ralement une poudre blanche ou gris p\u00e2le. Phase : G\u00e9n\u00e9ralement synth\u00e9tis\u00e9 sous forme de mat\u00e9riau c\u00e9ramique, ce qui lui permet d\u2019\u00eatre form\u00e9 en structures denses id\u00e9ales pour les applications de batteries. Stabilit\u00e9 thermique : Le LLTO a une bonne stabilit\u00e9 thermique, une caract\u00e9ristique n\u00e9cessaire pour les applications de batteries \u00e0 l\u2019\u00e9tat solide qui subissent des conditions thermiques variables.<\/p>\n<h2><span style=\"font-size: 14pt;\">Applications:<\/span><\/h2>\n<p>\u00c9lectrolytes solides dans les batteries : L\u2019oxyde de titane et de lithium-lanthane est principalement utilis\u00e9 comme \u00e9lectrolyte solide dans les batteries lithium-ion et lithium-m\u00e9tal, en particulier dans les batteries \u00e0 semi-conducteurs (ASSB) de nouvelle g\u00e9n\u00e9ration, en raison de sa conductivit\u00e9 ionique et de sa stabilit\u00e9 chimique. Batteries \u00e0 couche mince : Dans les applications de batteries \u00e0 couche mince, LLTO peut \u00eatre utilis\u00e9 pour cr\u00e9er des couches d\u2019\u00e9lectrolyte denses qui s\u00e9parent la cathode et l\u2019anode, offrant ainsi une batterie plus s\u00fbre et plus durable. Piles \u00e0 combustible et supercondensateurs : Bien que son utilisation principale soit dans les batteries, l\u2019oxyde de titane et de lithium-lanthane est \u00e9galement explor\u00e9 pour une utilisation dans d\u2019autres dispositifs de stockage et de conversion d\u2019\u00e9nergie comme les piles \u00e0 combustible \u00e0 oxyde solide. L\u2019oxyde de titane et de lithium-lanthane (LLTO) est un mat\u00e9riau \u00e9lectrolytique solide prometteur pour les batteries lithium-ion et lithium-m\u00e9tal avanc\u00e9es, principalement en raison de sa conductivit\u00e9, de sa stabilit\u00e9 et de sa s\u00e9curit\u00e9 \u00e9lev\u00e9es. Ses applications sont concentr\u00e9es dans le domaine des batteries \u00e0 l\u2019\u00e9tat solide, o\u00f9 il prend en charge une densit\u00e9 d\u2019\u00e9nergie \u00e9lev\u00e9e et une longue dur\u00e9e de vie tout en att\u00e9nuant les risques de s\u00e9curit\u00e9 associ\u00e9s aux \u00e9lectrolytes liquides.<\/p>\n<p>&nbsp;<\/p>\n","protected":false},"excerpt":{"rendered":"<p>L\u2019oxyde de titane et de lithium-lanthane (LLTO), de formule g\u00e9n\u00e9rale Li\u2083xLa\u2082\/3-xTiO\u2083, est un mat\u00e9riau c\u00e9ramique utilis\u00e9 principalement dans la recherche avanc\u00e9e sur les batteries lithium-ion en raison de son excellente conductivit\u00e9 ionique. Propri\u00e9t\u00e9s physiques&nbsp;: Apparence&nbsp;: G\u00e9n\u00e9ralement une poudre blanche ou gris p\u00e2le. Phase : G\u00e9n\u00e9ralement synth\u00e9tis\u00e9 sous forme de mat\u00e9riau c\u00e9ramique, ce qui lui permet [&hellip;]<\/p>\n","protected":false},"featured_media":998908,"comment_status":"open","ping_status":"closed","template":"","meta":{"_acf_changed":false},"product_brand":[],"product_cat":[235],"product_tag":[],"class_list":{"0":"post-1008871","1":"product","2":"type-product","3":"status-publish","4":"has-post-thumbnail","6":"product_cat-cibles-de-pulverisation-planaire","8":"first","9":"instock","10":"shipping-taxable","11":"product-type-variable"},"acf":[],"_links":{"self":[{"href":"https:\/\/vimaterial.de\/fr\/wp-json\/wp\/v2\/product\/1008871","targetHints":{"allow":["GET"]}}],"collection":[{"href":"https:\/\/vimaterial.de\/fr\/wp-json\/wp\/v2\/product"}],"about":[{"href":"https:\/\/vimaterial.de\/fr\/wp-json\/wp\/v2\/types\/product"}],"replies":[{"embeddable":true,"href":"https:\/\/vimaterial.de\/fr\/wp-json\/wp\/v2\/comments?post=1008871"}],"wp:featuredmedia":[{"embeddable":true,"href":"https:\/\/vimaterial.de\/fr\/wp-json\/wp\/v2\/media\/998908"}],"wp:attachment":[{"href":"https:\/\/vimaterial.de\/fr\/wp-json\/wp\/v2\/media?parent=1008871"}],"wp:term":[{"taxonomy":"product_brand","embeddable":true,"href":"https:\/\/vimaterial.de\/fr\/wp-json\/wp\/v2\/product_brand?post=1008871"},{"taxonomy":"product_cat","embeddable":true,"href":"https:\/\/vimaterial.de\/fr\/wp-json\/wp\/v2\/product_cat?post=1008871"},{"taxonomy":"product_tag","embeddable":true,"href":"https:\/\/vimaterial.de\/fr\/wp-json\/wp\/v2\/product_tag?post=1008871"}],"curies":[{"name":"wp","href":"https:\/\/api.w.org\/{rel}","templated":true}]}}