{"id":1008855,"date":"2024-06-17T13:59:06","date_gmt":"2024-06-17T05:59:06","guid":{"rendered":"https:\/\/vimaterial.de\/product\/oxyde-de-lithium-lanthane-zirconium\/"},"modified":"2024-11-11T15:54:50","modified_gmt":"2024-11-11T07:54:50","slug":"oxyde-de-lithium-lanthane-zirconium","status":"publish","type":"product","link":"https:\/\/vimaterial.de\/fr\/product\/oxyde-de-lithium-lanthane-zirconium\/","title":{"rendered":"Oxyde de lithium-lanthane et de zirconium"},"content":{"rendered":"<p>L\u2019oxyde de zinc-lantane et de lithium (LLZO), de formule chimique Li\u2087La\u2083Zr\u2082O\u2081\u2082, est un mat\u00e9riau c\u00e9ramique tr\u00e8s appr\u00e9ci\u00e9 dans la recherche sur les batteries en raison de sa stabilit\u00e9 exceptionnelle et de sa conductivit\u00e9 lithium-ion \u00e9lev\u00e9e.<\/p>\n<h2><span style=\"font-size: 14pt;\">Propri\u00e9t\u00e9s physiques&nbsp;:<\/span><\/h2>\n<p>Formule : Li\u2087La\u2083Zr\u2082O\u2081\u2082. Apparence&nbsp;: G\u00e9n\u00e9ralement une poudre blanche ou blanc cass\u00e9. Stabilit\u00e9 thermique : L\u2019oxyde de lithium-lanthane et de zirconium (LLZO) a une excellente stabilit\u00e9 thermique, ce qui le rend adapt\u00e9 aux processus et applications \u00e0 haute temp\u00e9rature. Stabilit\u00e9 structurelle : La structure grenat aide \u00e0 maintenir la stabilit\u00e9 contre la d\u00e9composition, am\u00e9liorant ainsi la s\u00e9curit\u00e9 dans les environnements de batterie. Structure : L\u2019oxyde de lithium et de lanthane et de zirconium (LLZO) cristallise dans une structure semblable \u00e0 celle du grenat, ce qui contribue \u00e0 sa stabilit\u00e9 et \u00e0 sa conductivit\u00e9 ionique \u00e9lev\u00e9e. Deux phases primaires existent : la phase cubique (conductivit\u00e9 \u00e9lev\u00e9e) et la phase t\u00e9tragonale (conductivit\u00e9 inf\u00e9rieure).<\/p>\n<h2><span style=\"font-size: 14pt;\">Applications:<\/span><\/h2>\n<p>\u00c9lectrolytes solides dans les batteries : L\u2019oxyde de lithium-lanthane et de zirconium (LLZO) est principalement utilis\u00e9 comme \u00e9lectrolyte solide dans les batteries lithium-ion et lithium-m\u00e9tal \u00e0 l\u2019\u00e9tat solide en raison de son excellente conductivit\u00e9 ionique et de sa stabilit\u00e9 chimique. S\u00e9parateur dans les batteries : Il peut fonctionner comme un s\u00e9parateur solide entre l\u2019anode et la cathode dans les batteries lithium-ion, r\u00e9duisant ainsi les risques de formation de dendrites (un probl\u00e8me courant avec les anodes au lithium m\u00e9tallique) et am\u00e9liorant la s\u00e9curit\u00e9. Dispositifs de stockage \u00e0 haute \u00e9nergie : La stabilit\u00e9 et la conductivit\u00e9 \u00e9lev\u00e9es rendent LLZO adapt\u00e9 aux dispositifs de stockage \u00e0 haute \u00e9nergie, y compris les v\u00e9hicules \u00e9lectriques, l\u2019\u00e9lectronique portable et le stockage en r\u00e9seau. L\u2019oxyde de zinc-lanthane (LLZO) est un \u00e9lectrolyte solide c\u00e9ramique prometteur pour les batteries lithium-ion et lithium-m\u00e9tal avanc\u00e9es. Sa conductivit\u00e9 ionique \u00e9lev\u00e9e, sa stabilit\u00e9 et sa compatibilit\u00e9 avec le lithium m\u00e9tal en font un excellent candidat pour les batteries \u00e0 l\u2019\u00e9tat solide.<\/p>\n<p>&nbsp;<\/p>\n","protected":false},"excerpt":{"rendered":"<p>L\u2019oxyde de zinc-lantane et de lithium (LLZO), de formule chimique Li\u2087La\u2083Zr\u2082O\u2081\u2082, est un mat\u00e9riau c\u00e9ramique tr\u00e8s appr\u00e9ci\u00e9 dans la recherche sur les batteries en raison de sa stabilit\u00e9 exceptionnelle et de sa conductivit\u00e9 lithium-ion \u00e9lev\u00e9e. Propri\u00e9t\u00e9s physiques&nbsp;: Formule : Li\u2087La\u2083Zr\u2082O\u2081\u2082. Apparence&nbsp;: G\u00e9n\u00e9ralement une poudre blanche ou blanc cass\u00e9. Stabilit\u00e9 thermique : L\u2019oxyde de lithium-lanthane et [&hellip;]<\/p>\n","protected":false},"featured_media":998917,"comment_status":"open","ping_status":"closed","template":"","meta":{"_acf_changed":false},"product_brand":[],"product_cat":[235],"product_tag":[],"class_list":{"0":"post-1008855","1":"product","2":"type-product","3":"status-publish","4":"has-post-thumbnail","6":"product_cat-cibles-de-pulverisation-planaire","8":"first","9":"instock","10":"shipping-taxable","11":"product-type-variable"},"acf":[],"_links":{"self":[{"href":"https:\/\/vimaterial.de\/fr\/wp-json\/wp\/v2\/product\/1008855","targetHints":{"allow":["GET"]}}],"collection":[{"href":"https:\/\/vimaterial.de\/fr\/wp-json\/wp\/v2\/product"}],"about":[{"href":"https:\/\/vimaterial.de\/fr\/wp-json\/wp\/v2\/types\/product"}],"replies":[{"embeddable":true,"href":"https:\/\/vimaterial.de\/fr\/wp-json\/wp\/v2\/comments?post=1008855"}],"wp:featuredmedia":[{"embeddable":true,"href":"https:\/\/vimaterial.de\/fr\/wp-json\/wp\/v2\/media\/998917"}],"wp:attachment":[{"href":"https:\/\/vimaterial.de\/fr\/wp-json\/wp\/v2\/media?parent=1008855"}],"wp:term":[{"taxonomy":"product_brand","embeddable":true,"href":"https:\/\/vimaterial.de\/fr\/wp-json\/wp\/v2\/product_brand?post=1008855"},{"taxonomy":"product_cat","embeddable":true,"href":"https:\/\/vimaterial.de\/fr\/wp-json\/wp\/v2\/product_cat?post=1008855"},{"taxonomy":"product_tag","embeddable":true,"href":"https:\/\/vimaterial.de\/fr\/wp-json\/wp\/v2\/product_tag?post=1008855"}],"curies":[{"name":"wp","href":"https:\/\/api.w.org\/{rel}","templated":true}]}}