{"id":1008802,"date":"2024-06-17T13:59:51","date_gmt":"2024-06-17T05:59:51","guid":{"rendered":"https:\/\/vimaterial.de\/product\/phosphate-de-lithium-et-de-manganese-2\/"},"modified":"2024-11-11T14:14:24","modified_gmt":"2024-11-11T06:14:24","slug":"phosphate-de-lithium-et-de-manganese-2","status":"publish","type":"product","link":"https:\/\/vimaterial.de\/fr\/product\/phosphate-de-lithium-et-de-manganese-2\/","title":{"rendered":"Phosphate de lithium et de mangan\u00e8se"},"content":{"rendered":"<p>Le phosphate de lithium et de mangan\u00e8se (LiMnPO4) est un compos\u00e9 qui combine le lithium (Li), le mangan\u00e8se (Mn) et le phosphate (PO\u2084) et est principalement utilis\u00e9 comme mat\u00e9riau de cathode dans les batteries lithium-ion. Il est particuli\u00e8rement connu pour sa stabilit\u00e9, sa s\u00e9curit\u00e9 et ses hautes performances dans diverses applications de stockage d\u2019\u00e9nergie. Bien qu\u2019il soit moins utilis\u00e9 que des mat\u00e9riaux comme l\u2019oxyde de lithium cobalt (LCO) ou le phosphate de fer lithium (LFP), il offre certains avantages, notamment en termes de stabilit\u00e9 et de rentabilit\u00e9.  <\/p>\n<h2><span style=\"font-size: 14pt;\">Propri\u00e9t\u00e9s physiques&nbsp;:<\/span><\/h2>\n<p>Formule : LiMnPO\u2084. Apparence&nbsp;: G\u00e9n\u00e9ralement une poudre fine, de couleur grise ou blanc cass\u00e9. Densit\u00e9 : Environ 3,6 g\/cm\u00b3, contribuant aux performances globales du mat\u00e9riau et \u00e0 la compacit\u00e9 des batteries. Structure cristalline : Orthorhombique, qui est une structure caract\u00e9ristique des mat\u00e9riaux de cathode \u00e0 base de phosphate, assurant une intercalation et une d\u00e9sintercalation lithium-ion stables.<\/p>\n<h2><span style=\"font-size: 14pt;\">Propri\u00e9t\u00e9s \u00e9lectrochimiques :<\/span><\/h2>\n<p>Densit\u00e9 d\u2019\u00e9nergie : Bien qu\u2019il ne soit pas aussi \u00e9lev\u00e9 que d\u2019autres mat\u00e9riaux de cathode comme le lithium-nickel-cobalt-mangan\u00e8se (NCM) ou l\u2019oxyde de lithium-cobalt (LCO), le phosphate de lithium-mangan\u00e8se (LiMnPO4) offre une densit\u00e9 d\u2019\u00e9nergie mod\u00e9r\u00e9e, g\u00e9n\u00e9ralement d\u2019environ 120 \u00e0 150 mAh\/g. Plage de tension : Le phosphate de lithium-mangan\u00e8se (LiMnPO4) fonctionne efficacement dans une fen\u00eatre de tension d\u2019environ 3,5 \u00e0 4,2 V, comme de nombreuses autres cathodes lithium-ion. Dur\u00e9e de vie : L\u2019un des principaux avantages de LiMnPO\u2084 est son excellente dur\u00e9e de vie. Le mat\u00e9riau pr\u00e9sente une d\u00e9coloration de faible capacit\u00e9 sur de nombreux cycles, ce qui le rend adapt\u00e9 aux applications durables. S\u00e9curit\u00e9 : Le phosphate de lithium et de mangan\u00e8se (LiMnPO4) est thermiquement stable et plus s\u00fbr que de nombreux autres mat\u00e9riaux de cathode. Il a une grande r\u00e9sistance \u00e0 l\u2019emballement thermique et est moins susceptible de prendre feu ou de lib\u00e9rer des gaz toxiques en cas de dysfonctionnement.<\/p>\n<h2><span style=\"font-size: 14pt;\">Applications:<\/span><\/h2>\n<p>Batteries lithium-ion : Le phosphate de lithium mangan\u00e8se (LiMnPO4) est utilis\u00e9 dans la production de batteries lithium-ion, en particulier pour les applications n\u00e9cessitant un stockage d\u2019\u00e9nergie s\u00fbr et durable. On le trouve de plus en plus dans les v\u00e9hicules \u00e9lectriques (VE), le stockage sur r\u00e9seau et l\u2019\u00e9lectronique grand public. Syst\u00e8mes de stockage d\u2019\u00e9nergie (ESS) : La stabilit\u00e9 et la longue dur\u00e9e de vie du mat\u00e9riau en font un bon choix pour les syst\u00e8mes de stockage d\u2019\u00e9nergie \u00e0 grande \u00e9chelle, o\u00f9 la long\u00e9vit\u00e9 et la s\u00e9curit\u00e9 sont cruciales. Alimentation portable : Utilis\u00e9 dans les appareils d\u2019alimentation portables et d\u2019autres applications qui n\u00e9cessitent des batteries compactes, s\u00fbres et fiables. <\/p>\n<p>&nbsp;<\/p>\n","protected":false},"excerpt":{"rendered":"<p>Le phosphate de lithium et de mangan\u00e8se (LiMnPO4) est un compos\u00e9 qui combine le lithium (Li), le mangan\u00e8se (Mn) et le phosphate (PO\u2084) et est principalement utilis\u00e9 comme mat\u00e9riau de cathode dans les batteries lithium-ion. Il est particuli\u00e8rement connu pour sa stabilit\u00e9, sa s\u00e9curit\u00e9 et ses hautes performances dans diverses applications de stockage d\u2019\u00e9nergie. Bien [&hellip;]<\/p>\n","protected":false},"featured_media":998951,"comment_status":"open","ping_status":"closed","template":"","meta":{"_acf_changed":false},"product_brand":[],"product_cat":[237],"product_tag":[],"class_list":{"0":"post-1008802","1":"product","2":"type-product","3":"status-publish","4":"has-post-thumbnail","6":"product_cat-materiaux-de-la-batterie","8":"first","9":"instock","10":"shipping-taxable","11":"purchasable","12":"product-type-variable"},"acf":[],"_links":{"self":[{"href":"https:\/\/vimaterial.de\/fr\/wp-json\/wp\/v2\/product\/1008802","targetHints":{"allow":["GET"]}}],"collection":[{"href":"https:\/\/vimaterial.de\/fr\/wp-json\/wp\/v2\/product"}],"about":[{"href":"https:\/\/vimaterial.de\/fr\/wp-json\/wp\/v2\/types\/product"}],"replies":[{"embeddable":true,"href":"https:\/\/vimaterial.de\/fr\/wp-json\/wp\/v2\/comments?post=1008802"}],"wp:featuredmedia":[{"embeddable":true,"href":"https:\/\/vimaterial.de\/fr\/wp-json\/wp\/v2\/media\/998951"}],"wp:attachment":[{"href":"https:\/\/vimaterial.de\/fr\/wp-json\/wp\/v2\/media?parent=1008802"}],"wp:term":[{"taxonomy":"product_brand","embeddable":true,"href":"https:\/\/vimaterial.de\/fr\/wp-json\/wp\/v2\/product_brand?post=1008802"},{"taxonomy":"product_cat","embeddable":true,"href":"https:\/\/vimaterial.de\/fr\/wp-json\/wp\/v2\/product_cat?post=1008802"},{"taxonomy":"product_tag","embeddable":true,"href":"https:\/\/vimaterial.de\/fr\/wp-json\/wp\/v2\/product_tag?post=1008802"}],"curies":[{"name":"wp","href":"https:\/\/api.w.org\/{rel}","templated":true}]}}