{"id":1008770,"date":"2024-06-17T13:59:58","date_gmt":"2024-06-17T05:59:58","guid":{"rendered":"https:\/\/vimaterial.de\/product\/oxyde-de-lithium-et-de-niobium-2\/"},"modified":"2024-11-11T13:56:05","modified_gmt":"2024-11-11T05:56:05","slug":"oxyde-de-lithium-et-de-niobium-2","status":"publish","type":"product","link":"https:\/\/vimaterial.de\/fr\/product\/oxyde-de-lithium-et-de-niobium-2\/","title":{"rendered":"Oxyde de lithium niobium (Lithium Niobate)"},"content":{"rendered":"<p>Le niobate de lithium (LiNbO3) est un compos\u00e9 de niobium, de lithium et d\u2019oxyg\u00e8ne. Ses monocristaux sont un mat\u00e9riau important pour les guides d\u2019ondes optiques, les t\u00e9l\u00e9phones portables, les capteurs pi\u00e9zo\u00e9lectriques, les modulateurs optiques et diverses autres applications optiques lin\u00e9aires et non lin\u00e9aires.<\/p>\n<h2><span style=\"font-size: 14pt;\">Propri\u00e9t\u00e9s physiques&nbsp;:<\/span><\/h2>\n<p>Formule chimique&nbsp;:LiNbO3<\/p>\n<p>Masse molaire : 147,846 g\/mol<\/p>\n<p>Aspect : solide incolore<\/p>\n<p>Densit\u00e9 : 4,65 g\/cm3<\/p>\n<p>Point de fusion : 1 257 \u00b0C (2 295 \u00b0F ; 1 530 K)<\/p>\n<p>Solubilit\u00e9 dans l\u2019eau : Aucune<\/p>\n<p>\u00c9cart de bande : 4 eV<\/p>\n<p>Indice de r\u00e9fraction (nD)&nbsp;:no 2.30, ne 2.21<\/p>\n<p>Structure cristalline : trigonale<\/p>\n<h2><span style=\"font-size: 14pt;\">Applications:<\/span><\/h2>\n<p>Le niobate de lithium est largement utilis\u00e9 sur le march\u00e9 des t\u00e9l\u00e9communications, par exemple dans les t\u00e9l\u00e9phones mobiles et les modulateurs optiques. C\u2019est le mat\u00e9riau de choix pour la fabrication de dispositifs \u00e0 ondes acoustiques de surface. Pour certaines utilisations, il peut \u00eatre remplac\u00e9 par du tantalate de lithium, LiTaO3. D\u2019autres utilisations sont le doublage de fr\u00e9quence laser, l\u2019optique non lin\u00e9aire, les cellules de Pockels, les oscillateurs param\u00e9triques optiques, les dispositifs de commutation Q pour lasers, d\u2019autres dispositifs acousto-optiques, les commutateurs optiques pour les fr\u00e9quences gigahertz, etc. C\u2019est un excellent mat\u00e9riau pour la fabrication de guides d\u2019ondes optiques. Il est \u00e9galement utilis\u00e9 dans la fabrication de filtres optiques passe-bas spatiaux (anti-aliasing).<\/p>\n<p>Au cours des derni\u00e8res ann\u00e9es, le niobate de lithium a trouv\u00e9 des applications en tant que sorte de pince \u00e0 \u00e9piler \u00e9lectrostatique, une approche connue sous le nom de pince \u00e0 \u00e9piler opto\u00e9lectronique car l\u2019effet n\u00e9cessite une excitation lumineuse pour avoir lieu. Cet effet permet une manipulation fine de particules \u00e0 l\u2019\u00e9chelle microm\u00e9trique avec une grande flexibilit\u00e9, car l\u2019action de la pince \u00e0 \u00e9piler est limit\u00e9e \u00e0 la zone \u00e9clair\u00e9e. L\u2019effet est bas\u00e9 sur les champs \u00e9lectriques tr\u00e8s \u00e9lev\u00e9s g\u00e9n\u00e9r\u00e9s lors de l\u2019exposition \u00e0 la lumi\u00e8re (1 \u00e0 100 kV\/cm) \u00e0 l\u2019int\u00e9rieur du spot \u00e9clair\u00e9. Ces domaines intenses trouvent \u00e9galement des applications en biophysique et en biotechnologie, car ils peuvent influencer les organismes vivants de diverses mani\u00e8res. Par exemple, il a \u00e9t\u00e9 d\u00e9montr\u00e9 que le niobate de lithium dop\u00e9 au fer excit\u00e9 par la lumi\u00e8re visible produit la mort cellulaire dans les cultures de cellules tumorales.<\/p>\n","protected":false},"excerpt":{"rendered":"<p>Le niobate de lithium (LiNbO3) est un compos\u00e9 de niobium, de lithium et d\u2019oxyg\u00e8ne. Ses monocristaux sont un mat\u00e9riau important pour les guides d\u2019ondes optiques, les t\u00e9l\u00e9phones portables, les capteurs pi\u00e9zo\u00e9lectriques, les modulateurs optiques et diverses autres applications optiques lin\u00e9aires et non lin\u00e9aires. Propri\u00e9t\u00e9s physiques&nbsp;: Formule chimique&nbsp;:LiNbO3 Masse molaire : 147,846 g\/mol Aspect : solide [&hellip;]<\/p>\n","protected":false},"featured_media":998961,"comment_status":"open","ping_status":"closed","template":"","meta":{"_acf_changed":false},"product_brand":[],"product_cat":[237],"product_tag":[],"class_list":{"0":"post-1008770","1":"product","2":"type-product","3":"status-publish","4":"has-post-thumbnail","6":"product_cat-materiaux-de-la-batterie","8":"first","9":"instock","10":"shipping-taxable","11":"purchasable","12":"product-type-variable"},"acf":[],"_links":{"self":[{"href":"https:\/\/vimaterial.de\/fr\/wp-json\/wp\/v2\/product\/1008770","targetHints":{"allow":["GET"]}}],"collection":[{"href":"https:\/\/vimaterial.de\/fr\/wp-json\/wp\/v2\/product"}],"about":[{"href":"https:\/\/vimaterial.de\/fr\/wp-json\/wp\/v2\/types\/product"}],"replies":[{"embeddable":true,"href":"https:\/\/vimaterial.de\/fr\/wp-json\/wp\/v2\/comments?post=1008770"}],"wp:featuredmedia":[{"embeddable":true,"href":"https:\/\/vimaterial.de\/fr\/wp-json\/wp\/v2\/media\/998961"}],"wp:attachment":[{"href":"https:\/\/vimaterial.de\/fr\/wp-json\/wp\/v2\/media?parent=1008770"}],"wp:term":[{"taxonomy":"product_brand","embeddable":true,"href":"https:\/\/vimaterial.de\/fr\/wp-json\/wp\/v2\/product_brand?post=1008770"},{"taxonomy":"product_cat","embeddable":true,"href":"https:\/\/vimaterial.de\/fr\/wp-json\/wp\/v2\/product_cat?post=1008770"},{"taxonomy":"product_tag","embeddable":true,"href":"https:\/\/vimaterial.de\/fr\/wp-json\/wp\/v2\/product_tag?post=1008770"}],"curies":[{"name":"wp","href":"https:\/\/api.w.org\/{rel}","templated":true}]}}