{"id":1008737,"date":"2024-06-17T14:00:41","date_gmt":"2024-06-17T06:00:41","guid":{"rendered":"https:\/\/vimaterial.de\/product\/oxyde-de-lithium-nickel-cobalt\/"},"modified":"2024-11-11T13:41:51","modified_gmt":"2024-11-11T05:41:51","slug":"oxyde-de-lithium-nickel-cobalt","status":"publish","type":"product","link":"https:\/\/vimaterial.de\/fr\/product\/oxyde-de-lithium-nickel-cobalt\/","title":{"rendered":"Oxyde de lithium-nickel-cobalt"},"content":{"rendered":"<p>L\u2019oxyde de lithium-nickel-cobalt (LiNiCoO2), commun\u00e9ment appel\u00e9 NCO ou LCO (bien que le LCO soit \u00e9galement utilis\u00e9 pour l\u2019oxyde de lithium-cobalt), est un mat\u00e9riau de cathode de batterie lithium-ion appr\u00e9ci\u00e9 pour sa densit\u00e9 d\u2019\u00e9nergie \u00e9lev\u00e9e et sa dur\u00e9e de vie mod\u00e9r\u00e9e. Contrairement au lithium, au nickel, au mangan\u00e8se, \u00e0 l\u2019oxyde de cobalt (NMC), qui comprend le mangan\u00e8se, le NCO ne contient que du nickel et du cobalt, ainsi que du lithium et de l\u2019oxyg\u00e8ne. L\u2019absence de mangan\u00e8se signifie que NCO est g\u00e9n\u00e9ralement utilis\u00e9 lorsque la densit\u00e9 d\u2019\u00e9nergie \u00e9lev\u00e9e est prioritaire sur la stabilit\u00e9 thermique, ce qui le rend populaire dans l\u2019\u00e9lectronique grand public, mais moins courant dans les applications \u00e0 haute puissance comme les v\u00e9hicules \u00e9lectriques.  <\/p>\n<h2><span style=\"font-size: 14pt;\">Propri\u00e9t\u00e9s physiques&nbsp;:<\/span><\/h2>\n<p>Formule : LiNiCoO2. Ratios courants : Souvent formul\u00e9 avec un pourcentage \u00e9lev\u00e9 de nickel par rapport au cobalt, car une teneur plus \u00e9lev\u00e9e en nickel am\u00e9liore la densit\u00e9 \u00e9nerg\u00e9tique. Apparence&nbsp;: Poudre fine noire ou grise, selon la puret\u00e9 et le traitement. Structure cristalline : Structure en couches similaire aux mat\u00e9riaux NMC et LCO, permettant une intercalation lithium-ion efficace. Densit\u00e9 : Environ 4,8 g\/cm\u00b3, bien qu\u2019elle puisse varier en fonction de compositions sp\u00e9cifiques.<\/p>\n<h2><span style=\"font-size: 14pt;\">Propri\u00e9t\u00e9s \u00e9lectrochimiques :<\/span><\/h2>\n<p>Densit\u00e9 d\u2019\u00e9nergie : Densit\u00e9 d\u2019\u00e9nergie \u00e9lev\u00e9e, ce qui le rend id\u00e9al pour les applications n\u00e9cessitant des sources d\u2019alimentation compactes et de grande capacit\u00e9. Plage de tension : Fonctionne dans une fen\u00eatre de tension typique de 3,0 \u00e0 4,2 volts par cellule. Dur\u00e9e de vie : Dur\u00e9e de vie mod\u00e9r\u00e9e, g\u00e9n\u00e9ralement pas aussi durable que celle d\u2019autres mat\u00e9riaux de cathode comme le phosphate de fer lithium (LFP). Stabilit\u00e9 thermique : L\u2019oxyde de lithium-nickel-cobalt a une stabilit\u00e9 thermique limit\u00e9e par rapport aux mat\u00e9riaux contenant du mangan\u00e8se ou du fer, ce qui pose certains probl\u00e8mes de s\u00e9curit\u00e9 \u00e0 des temp\u00e9ratures \u00e9lev\u00e9es.<\/p>\n<h2><span style=\"font-size: 14pt;\">Applications:<\/span><\/h2>\n<p>\u00c9lectronique grand public : Couramment utilis\u00e9 dans les batteries des smartphones, des ordinateurs portables et des tablettes en raison de sa taille compacte et de sa grande capacit\u00e9 \u00e9nerg\u00e9tique. Dispositifs m\u00e9dicaux : Oxyde de lithium-nickel-cobalt utilis\u00e9 dans les petits dispositifs m\u00e9dicaux o\u00f9 une taille compacte et une densit\u00e9 d\u2019\u00e9nergie \u00e9lev\u00e9e sont n\u00e9cessaires. \u00c9quipement sp\u00e9cialis\u00e9 : On le trouve dans certaines applications de l\u2019a\u00e9rospatiale et de la d\u00e9fense qui privil\u00e9gient la densit\u00e9 d\u2019\u00e9nergie plut\u00f4t que la s\u00e9curit\u00e9, bien que celles-ci n\u00e9cessitent souvent des mesures de protection suppl\u00e9mentaires.<\/p>\n<p>&nbsp;<\/p>\n<p>L\u2019oxyde de lithium-nickel-cobalt (NCO) est un mat\u00e9riau de cathode pris\u00e9 pour sa haute densit\u00e9 d\u2019\u00e9nergie, ce qui le rend id\u00e9al pour les applications de batteries compactes et de grande capacit\u00e9 comme l\u2019\u00e9lectronique grand public.<\/p>\n<p>&nbsp;<\/p>\n","protected":false},"excerpt":{"rendered":"<p>L\u2019oxyde de lithium-nickel-cobalt (LiNiCoO2), commun\u00e9ment appel\u00e9 NCO ou LCO (bien que le LCO soit \u00e9galement utilis\u00e9 pour l\u2019oxyde de lithium-cobalt), est un mat\u00e9riau de cathode de batterie lithium-ion appr\u00e9ci\u00e9 pour sa densit\u00e9 d\u2019\u00e9nergie \u00e9lev\u00e9e et sa dur\u00e9e de vie mod\u00e9r\u00e9e. Contrairement au lithium, au nickel, au mangan\u00e8se, \u00e0 l\u2019oxyde de cobalt (NMC), qui comprend le [&hellip;]<\/p>\n","protected":false},"featured_media":998975,"comment_status":"open","ping_status":"closed","template":"","meta":{"_acf_changed":false},"product_brand":[],"product_cat":[237],"product_tag":[],"class_list":{"0":"post-1008737","1":"product","2":"type-product","3":"status-publish","4":"has-post-thumbnail","6":"product_cat-materiaux-de-la-batterie","8":"first","9":"instock","10":"shipping-taxable","11":"product-type-variable"},"acf":[],"_links":{"self":[{"href":"https:\/\/vimaterial.de\/fr\/wp-json\/wp\/v2\/product\/1008737","targetHints":{"allow":["GET"]}}],"collection":[{"href":"https:\/\/vimaterial.de\/fr\/wp-json\/wp\/v2\/product"}],"about":[{"href":"https:\/\/vimaterial.de\/fr\/wp-json\/wp\/v2\/types\/product"}],"replies":[{"embeddable":true,"href":"https:\/\/vimaterial.de\/fr\/wp-json\/wp\/v2\/comments?post=1008737"}],"wp:featuredmedia":[{"embeddable":true,"href":"https:\/\/vimaterial.de\/fr\/wp-json\/wp\/v2\/media\/998975"}],"wp:attachment":[{"href":"https:\/\/vimaterial.de\/fr\/wp-json\/wp\/v2\/media?parent=1008737"}],"wp:term":[{"taxonomy":"product_brand","embeddable":true,"href":"https:\/\/vimaterial.de\/fr\/wp-json\/wp\/v2\/product_brand?post=1008737"},{"taxonomy":"product_cat","embeddable":true,"href":"https:\/\/vimaterial.de\/fr\/wp-json\/wp\/v2\/product_cat?post=1008737"},{"taxonomy":"product_tag","embeddable":true,"href":"https:\/\/vimaterial.de\/fr\/wp-json\/wp\/v2\/product_tag?post=1008737"}],"curies":[{"name":"wp","href":"https:\/\/api.w.org\/{rel}","templated":true}]}}