{"id":1008702,"date":"2024-06-17T14:02:26","date_gmt":"2024-06-17T06:02:26","guid":{"rendered":"https:\/\/vimaterial.de\/product\/bore-3\/"},"modified":"2024-11-12T10:59:31","modified_gmt":"2024-11-12T02:59:31","slug":"bore-3","status":"publish","type":"product","link":"https:\/\/vimaterial.de\/fr\/product\/bore-3\/","title":{"rendered":"Bore"},"content":{"rendered":"<p>Les granules de bore sont des formes solides et granulaires de bore \u00e9l\u00e9mentaire, produites en convertissant la poudre de bore en granules plus gros et plus faciles \u00e0 g\u00e9rer. Ces granul\u00e9s sont g\u00e9n\u00e9ralement utilis\u00e9s dans une vari\u00e9t\u00e9 d\u2019applications industrielles o\u00f9 une manipulation pr\u00e9cise et une lib\u00e9ration contr\u00f4l\u00e9e du bore sont requises. Ils sont moins r\u00e9actifs que la forme en poudre, ce qui les rend plus faciles et plus s\u00fbrs \u00e0 manipuler dans de nombreux processus.  <\/p>\n<h2><span style=\"font-size: 14pt;\">Propri\u00e9t\u00e9s physiques&nbsp;:<\/span><\/h2>\n<p>Apparence&nbsp;:noir-brun<\/p>\n<p>Point de fusion :2349 K (2076 \u00b0C, 3769 \u00b0F)<\/p>\n<p>Point d\u2019\u00e9bullition : 4200 K (3927 \u00b0C, 7101 \u00b0F)<\/p>\n<p>Masse volumique \u00e0 l\u2019\u00e9tat liquide (au m.p.) :2,08 g\/cm3<\/p>\n<p>Puret\u00e9 : Disponible en diff\u00e9rentes puret\u00e9s, g\u00e9n\u00e9ralement de 95 % \u00e0 99 %, selon l\u2019application. Taille : La taille des granul\u00e9s peut varier de quelques millim\u00e8tres \u00e0 des particules plus grosses, en fonction des besoins sp\u00e9cifiques de l\u2019application. Structure : Les granul\u00e9s sont souvent sph\u00e9riques ou de forme irr\u00e9guli\u00e8re, ce qui facilite la manipulation, le m\u00e9lange et la distribution contr\u00f4l\u00e9e dans certains processus. Duret\u00e9&nbsp;: Semblables \u00e0 la poudre de bore, les granul\u00e9s de bore sont durs et cassants. Stabilit\u00e9 thermique : Tr\u00e8s grande stabilit\u00e9 thermique, ce qui les rend id\u00e9aux pour une utilisation dans des applications \u00e0 haute temp\u00e9rature.<\/p>\n<h2><span style=\"font-size: 14pt;\">Applications:<\/span><\/h2>\n<p>M\u00e9tallurgie : Les granules de bore sont utilis\u00e9s comme agent d\u2019alliage dans l\u2019acier et d\u2019autres alliages m\u00e9talliques pour am\u00e9liorer la duret\u00e9, la r\u00e9sistance et la r\u00e9sistance \u00e0 l\u2019usure et \u00e0 la corrosion. Agriculture : Le bore est un micronutriment essentiel pour les plantes, et les granules de bore sont utilis\u00e9s comme engrais pour corriger les carences en bore dans le sol, favorisant ainsi une croissance saine des plantes. Industrie nucl\u00e9aire : En raison de leurs capacit\u00e9s d\u2019absorption des neutrons, les granules de bore sont utilis\u00e9s dans les r\u00e9acteurs nucl\u00e9aires comme absorbeur de neutrons ou mat\u00e9riau de contr\u00f4le. Pyrotechnie et fus\u00e9es : Utilis\u00e9 dans les explosifs et les propulseurs de fus\u00e9e pour leur lib\u00e9ration d\u2019\u00e9nergie \u00e9lev\u00e9e lors de la combustion. Stockage d\u2019\u00e9nergie : Les granules de bore sont parfois utilis\u00e9s dans les technologies de batterie avanc\u00e9es, o\u00f9 leurs propri\u00e9t\u00e9s contribuent \u00e0 am\u00e9liorer les performances globales du syst\u00e8me.<\/p>\n<h2><span style=\"font-size: 14pt;\">S\u00e9curit\u00e9 et manipulation :<\/span><\/h2>\n<p>Manipulation : Bien que les granules de bore soient moins dangereux que la forme poudre, ils doivent tout de m\u00eame \u00eatre manipul\u00e9s avec soin. Des \u00e9quipements de protection, tels que des gants et des protections respiratoires, sont recommand\u00e9s, en particulier lors de la manipulation de grandes quantit\u00e9s. Entreposage : Conservez les granules de bore dans un contenant sec et herm\u00e9tique pour \u00e9viter l\u2019absorption d\u2019humidit\u00e9 et les r\u00e9actions potentielles. Assurez-vous qu\u2019ils sont tenus \u00e0 l\u2019\u00e9cart des agents oxydants et des flammes nues. <\/p>\n","protected":false},"excerpt":{"rendered":"<p>Les granules de bore sont des formes solides et granulaires de bore \u00e9l\u00e9mentaire, produites en convertissant la poudre de bore en granules plus gros et plus faciles \u00e0 g\u00e9rer. Ces granul\u00e9s sont g\u00e9n\u00e9ralement utilis\u00e9s dans une vari\u00e9t\u00e9 d\u2019applications industrielles o\u00f9 une manipulation pr\u00e9cise et une lib\u00e9ration contr\u00f4l\u00e9e du bore sont requises. Ils sont moins r\u00e9actifs [&hellip;]<\/p>\n","protected":false},"featured_media":1051629,"comment_status":"open","ping_status":"closed","template":"","meta":{"_acf_changed":false},"product_brand":[],"product_cat":[236],"product_tag":[],"class_list":{"0":"post-1008702","1":"product","2":"type-product","3":"status-publish","4":"has-post-thumbnail","6":"product_cat-materiaux-devaporation","8":"first","9":"instock","10":"shipping-taxable","11":"purchasable","12":"product-type-variable"},"acf":[],"_links":{"self":[{"href":"https:\/\/vimaterial.de\/fr\/wp-json\/wp\/v2\/product\/1008702","targetHints":{"allow":["GET"]}}],"collection":[{"href":"https:\/\/vimaterial.de\/fr\/wp-json\/wp\/v2\/product"}],"about":[{"href":"https:\/\/vimaterial.de\/fr\/wp-json\/wp\/v2\/types\/product"}],"replies":[{"embeddable":true,"href":"https:\/\/vimaterial.de\/fr\/wp-json\/wp\/v2\/comments?post=1008702"}],"wp:featuredmedia":[{"embeddable":true,"href":"https:\/\/vimaterial.de\/fr\/wp-json\/wp\/v2\/media\/1051629"}],"wp:attachment":[{"href":"https:\/\/vimaterial.de\/fr\/wp-json\/wp\/v2\/media?parent=1008702"}],"wp:term":[{"taxonomy":"product_brand","embeddable":true,"href":"https:\/\/vimaterial.de\/fr\/wp-json\/wp\/v2\/product_brand?post=1008702"},{"taxonomy":"product_cat","embeddable":true,"href":"https:\/\/vimaterial.de\/fr\/wp-json\/wp\/v2\/product_cat?post=1008702"},{"taxonomy":"product_tag","embeddable":true,"href":"https:\/\/vimaterial.de\/fr\/wp-json\/wp\/v2\/product_tag?post=1008702"}],"curies":[{"name":"wp","href":"https:\/\/api.w.org\/{rel}","templated":true}]}}