{"id":1008687,"date":"2024-06-17T14:02:27","date_gmt":"2024-06-17T06:02:27","guid":{"rendered":"https:\/\/vimaterial.de\/product\/bore-2\/"},"modified":"2024-11-12T11:03:32","modified_gmt":"2024-11-12T03:03:32","slug":"bore-2","status":"publish","type":"product","link":"https:\/\/vimaterial.de\/fr\/product\/bore-2\/","title":{"rendered":"Bore"},"content":{"rendered":"<p>La cible de pulv\u00e9risation au bore est un disque ou une plaque solide de mat\u00e9riau en bore utilis\u00e9 dans un processus appel\u00e9 pulv\u00e9risation, qui est couramment utilis\u00e9 dans le d\u00e9p\u00f4t de couches minces pour une vari\u00e9t\u00e9 d\u2019applications industrielles, notamment l\u2019\u00e9lectronique, l\u2019optique et les rev\u00eatements. Lors de la pulv\u00e9risation, les atomes de bore sont \u00e9ject\u00e9s de la cible par l\u2019impact d\u2019ions \u00e9nerg\u00e9tiques, et ces atomes se condensent ensuite sur un substrat pour former un film mince. Les cibles de pulv\u00e9risation au bore sont g\u00e9n\u00e9ralement utilis\u00e9es dans la production de rev\u00eatements \u00e0 base de bore, de dispositifs semi-conducteurs et de mat\u00e9riaux avanc\u00e9s.  <\/p>\n<h2><span style=\"font-size: 14pt;\">Propri\u00e9t\u00e9s physiques&nbsp;:<\/span><\/h2>\n<p>Formule : B (bore \u00e9l\u00e9mentaire). Apparence&nbsp;: Les cibles de pulv\u00e9risation de bore sont g\u00e9n\u00e9ralement d\u2019apparence noire, grise ou m\u00e9tallique fonc\u00e9e, selon leur forme cristalline et leur puret\u00e9. Point de fusion : Le bore a un point de fusion \u00e9lev\u00e9 d\u2019environ 2 300 \u00b0C, ce qui le rend stable dans les conditions de haute \u00e9nergie de la pulv\u00e9risation. Densit\u00e9 : Semblable \u00e0 d\u2019autres formes de bore, avec une densit\u00e9 d\u2019environ 2,34 g\/cm\u00b3. Puret\u00e9 : G\u00e9n\u00e9ralement disponible dans des grades de haute puret\u00e9, allant de 99 % \u00e0 99,9 % ou plus, pour assurer le d\u00e9p\u00f4t de films de bore propres et non contamin\u00e9s. Forme : Disque ou plaque solide. Les cibles sont souvent cylindriques ou planes et peuvent \u00eatre munies d\u2019une plaque de support pour la fixation au syst\u00e8me de pulv\u00e9risation. Duret\u00e9 : Le bore est un mat\u00e9riau dur et cassant, ce qui peut rendre la manipulation des cibles de pulv\u00e9risation un peu plus difficile. Conductivit\u00e9 : Le bore est un mauvais conducteur d\u2019\u00e9lectricit\u00e9, et les cibles de pulv\u00e9risation peuvent \u00eatre con\u00e7ues pour fonctionner avec un mat\u00e9riau de support conducteur afin d\u2019am\u00e9liorer le processus de pulv\u00e9risation.<\/p>\n<h2><span style=\"font-size: 14pt;\">Applications:<\/span><\/h2>\n<p>Rev\u00eatements en couches minces : Les cibles de pulv\u00e9risation au bore sont utilis\u00e9es pour d\u00e9poser des films de bore sur des substrats. Ces films peuvent servir de rev\u00eatements protecteurs, am\u00e9liorer la duret\u00e9 ou fournir des propri\u00e9t\u00e9s \u00e9lectriques sp\u00e9ciales. Dispositifs \u00e0 semi-conducteurs : Le bore est couramment utilis\u00e9 pour le dopage du silicium dans la fabrication de semi-conducteurs. La pulv\u00e9risation cathodique permet de d\u00e9poser de minces pellicules de bore pour atteindre les niveaux de dopage souhait\u00e9s dans les circuits int\u00e9gr\u00e9s (CI) ou d\u2019autres composants \u00e9lectroniques. Rev\u00eatements optiques : Les films de bore sont utilis\u00e9s dans des applications optiques pour cr\u00e9er des rev\u00eatements avec des indices de r\u00e9fraction sp\u00e9cifiques. Ceux-ci peuvent \u00eatre utilis\u00e9s pour les miroirs, les lentilles et d\u2019autres composants optiques. Rev\u00eatements durs et films r\u00e9sistants \u00e0 l\u2019usure : Les rev\u00eatements \u00e0 base de bore, tels que le carbure de bore (B\u2084C), sont connus pour leur duret\u00e9 \u00e9lev\u00e9e et leur r\u00e9sistance \u00e0 l\u2019usure, ce qui les rend id\u00e9aux pour une utilisation dans les outils de coupe, le blindage et d\u2019autres applications \u00e0 forte contrainte. Mat\u00e9riaux des batteries : La recherche sur les mat\u00e9riaux contenant du bore pour les batteries, tels que les borates de lithium, a augment\u00e9, et les cibles de pulv\u00e9risation de bore peuvent \u00eatre utilis\u00e9es pour fabriquer des films pour les batteries \u00e0 l\u2019\u00e9tat solide ou d\u2019autres technologies de batterie avanc\u00e9es. <\/p>\n<h2><span style=\"font-size: 14pt;\">S\u00e9curit\u00e9 et manipulation :<\/span><\/h2>\n<p>Mesures de protection : Lors de la manipulation de cibles de pulv\u00e9risation de bore, il est important de porter des gants et des lunettes de protection pour \u00e9viter les blessures caus\u00e9es par des ar\u00eates vives ou toute inhalation accidentelle de poussi\u00e8re. Stockage&nbsp;: Les cibles de pulv\u00e9risation de bore doivent \u00eatre stock\u00e9es dans un environnement propre et sec pour \u00e9viter la contamination et les dommages. Ils doivent \u00eatre conserv\u00e9s \u00e0 l\u2019abri de l\u2019humidit\u00e9 et des temp\u00e9ratures extr\u00eames.<\/p>\n","protected":false},"excerpt":{"rendered":"<p>La cible de pulv\u00e9risation au bore est un disque ou une plaque solide de mat\u00e9riau en bore utilis\u00e9 dans un processus appel\u00e9 pulv\u00e9risation, qui est couramment utilis\u00e9 dans le d\u00e9p\u00f4t de couches minces pour une vari\u00e9t\u00e9 d\u2019applications industrielles, notamment l\u2019\u00e9lectronique, l\u2019optique et les rev\u00eatements. Lors de la pulv\u00e9risation, les atomes de bore sont \u00e9ject\u00e9s de [&hellip;]<\/p>\n","protected":false},"featured_media":999095,"comment_status":"open","ping_status":"closed","template":"","meta":{"_acf_changed":false},"product_brand":[],"product_cat":[235],"product_tag":[],"class_list":{"0":"post-1008687","1":"product","2":"type-product","3":"status-publish","4":"has-post-thumbnail","6":"product_cat-cibles-de-pulverisation-planaire","8":"first","9":"instock","10":"shipping-taxable","11":"purchasable","12":"product-type-variable"},"acf":[],"_links":{"self":[{"href":"https:\/\/vimaterial.de\/fr\/wp-json\/wp\/v2\/product\/1008687","targetHints":{"allow":["GET"]}}],"collection":[{"href":"https:\/\/vimaterial.de\/fr\/wp-json\/wp\/v2\/product"}],"about":[{"href":"https:\/\/vimaterial.de\/fr\/wp-json\/wp\/v2\/types\/product"}],"replies":[{"embeddable":true,"href":"https:\/\/vimaterial.de\/fr\/wp-json\/wp\/v2\/comments?post=1008687"}],"wp:featuredmedia":[{"embeddable":true,"href":"https:\/\/vimaterial.de\/fr\/wp-json\/wp\/v2\/media\/999095"}],"wp:attachment":[{"href":"https:\/\/vimaterial.de\/fr\/wp-json\/wp\/v2\/media?parent=1008687"}],"wp:term":[{"taxonomy":"product_brand","embeddable":true,"href":"https:\/\/vimaterial.de\/fr\/wp-json\/wp\/v2\/product_brand?post=1008687"},{"taxonomy":"product_cat","embeddable":true,"href":"https:\/\/vimaterial.de\/fr\/wp-json\/wp\/v2\/product_cat?post=1008687"},{"taxonomy":"product_tag","embeddable":true,"href":"https:\/\/vimaterial.de\/fr\/wp-json\/wp\/v2\/product_tag?post=1008687"}],"curies":[{"name":"wp","href":"https:\/\/api.w.org\/{rel}","templated":true}]}}