{"id":1008640,"date":"2024-06-17T14:02:28","date_gmt":"2024-06-17T06:02:28","guid":{"rendered":"https:\/\/vimaterial.de\/product\/oxyde-de-bore-2\/"},"modified":"2024-11-12T11:18:37","modified_gmt":"2024-11-12T03:18:37","slug":"oxyde-de-bore-2","status":"publish","type":"product","link":"https:\/\/vimaterial.de\/fr\/product\/oxyde-de-bore-2\/","title":{"rendered":"Oxyde de bore"},"content":{"rendered":"<p>La cible de pulv\u00e9risation d\u2019oxyde de bore (B\u2082O\u2083) est un mat\u00e9riau cible utilis\u00e9 dans le processus de pulv\u00e9risation pour d\u00e9poser de minces films d\u2019oxyde de bore sur un substrat, g\u00e9n\u00e9ralement dans des applications telles que l\u2019\u00e9lectronique, l\u2019optique, les rev\u00eatements et la fabrication de semi-conducteurs. La pulv\u00e9risation cathodique est une technique de d\u00e9p\u00f4t physique en phase vapeur (PVD) o\u00f9 les atomes sont \u00e9ject\u00e9s d\u2019une cible solide par des ions \u00e9nerg\u00e9tiques, puis d\u00e9pos\u00e9s sur un substrat pour former un film mince. <\/p>\n<h2><span style=\"font-size: 14pt;\">Propri\u00e9t\u00e9s physiques&nbsp;:<\/span><\/h2>\n<p>Formule chimique&nbsp;:B2O3<\/p>\n<p>Masse molaire&nbsp;:69.6182 g\/mol<\/p>\n<p>Apparence&nbsp;: blanc, solide vitreux<\/p>\n<p>Densit\u00e9 : Environ 2,46 g\/cm\u00b3 pour la forme solide. Point de fusion : L\u2019oxyde de bore a un point de fusion d\u2019environ 450 \u00b0C (pour une forme amorphe). Point d\u2019\u00e9bullition : Le point d\u2019\u00e9bullition de l\u2019oxyde de bore est d\u2019environ 3000\u00b0C (en phase vapeur). Duret\u00e9&nbsp;: Mat\u00e9riau dur et cassant, il faut donc veiller \u00e0 \u00e9viter les fissures ou les dommages. Solubilit\u00e9 : R\u00e9agit avec l\u2019eau pour former de l\u2019acide borique (H\u2083BO\u2083), et il est soluble dans l\u2019eau et les solutions alcalines. Puret\u00e9 : Disponible en diff\u00e9rents degr\u00e9s de puret\u00e9, allant g\u00e9n\u00e9ralement de 99 % \u00e0 99,9 % ou plus pour des applications sp\u00e9cialis\u00e9es. Forme : G\u00e9n\u00e9ralement un disque ou une plaque plat, circulaire ou cylindrique. Certaines cibles peuvent avoir une plaque de support pour une fixation plus facile au syst\u00e8me de pulv\u00e9risation.<\/p>\n<h2><span style=\"font-size: 14pt;\">Applications:<\/span><\/h2>\n<p>D\u00e9p\u00f4t de couche mince : Utilis\u00e9 pour d\u00e9poser des cibles de pulv\u00e9risation d\u2019oxyde de bore pour des applications dans l\u2019\u00e9lectronique, l\u2019optique et les rev\u00eatements. Les films d\u2019oxyde de bore peuvent \u00eatre utilis\u00e9s comme couches di\u00e9lectriques, rev\u00eatements isolants ou barri\u00e8res protectrices. Rev\u00eatements optiques : Les cibles de pulv\u00e9risation d\u2019oxyde de bore sont utilis\u00e9es dans les dispositifs optiques pour leurs propri\u00e9t\u00e9s de r\u00e9fraction uniques et leur capacit\u00e9 \u00e0 former des rev\u00eatements stables avec une grande durabilit\u00e9. Fabrication de semi-conducteurs : Les cibles de pulv\u00e9risation d\u2019oxyde de bore sont utilis\u00e9es dans le d\u00e9p\u00f4t de films minces pour les appareils \u00e9lectroniques, en particulier pour les processus de dopage ou pour cr\u00e9er des couches isolantes dans les composants semi-conducteurs. Rev\u00eatements haute performance : Les cibles de pulv\u00e9risation d\u2019oxyde de bore sont utilis\u00e9es dans la production de rev\u00eatements durs qui offrent une r\u00e9sistance \u00e0 l\u2019usure, une r\u00e9sistance \u00e0 la corrosion et une stabilit\u00e9 \u00e0 haute temp\u00e9rature, en particulier dans les applications a\u00e9rospatiales, automobiles et industrielles. Fabrication du verre et de la c\u00e9ramique : Les films d\u2019oxyde de bore d\u00e9pos\u00e9s par pulv\u00e9risation cathodique sont utilis\u00e9s dans la production de mat\u00e9riaux sp\u00e9ciaux en verre ou en c\u00e9ramique, tels que le verre borosilicat\u00e9, connu pour sa faible dilatation thermique et sa haute r\u00e9sistance aux chocs thermiques. <\/p>\n<h2><span style=\"font-size: 14pt;\">S\u00e9curit\u00e9 et manipulation :<\/span><\/h2>\n<p>\u00c9quipement de protection : Lors de la manipulation de cibles de pulv\u00e9risation d\u2019oxyde de bore, il est important de porter un \u00e9quipement de protection individuelle (EPI) appropri\u00e9, comme des gants, des lunettes de protection et un masque anti-poussi\u00e8re ou un respirateur pour \u00e9viter l\u2019inhalation de particules. Stockage&nbsp;: Stockez les cibles d\u2019oxyde de bore dans un environnement sec et frais pour \u00e9viter l\u2019absorption d\u2019humidit\u00e9. L\u2019oxyde de bore est hygroscopique et r\u00e9agit avec l\u2019eau pour former de l\u2019acide borique, ce qui peut alt\u00e9rer les propri\u00e9t\u00e9s de la cible. Premiers soins : En cas de contact avec la peau, laver abondamment \u00e0 l\u2019eau. En cas d\u2019inhalation en quantit\u00e9s importantes, allez \u00e0 l\u2019air frais et consultez un m\u00e9decin si n\u00e9cessaire.<\/p>\n","protected":false},"excerpt":{"rendered":"<p>La cible de pulv\u00e9risation d\u2019oxyde de bore (B\u2082O\u2083) est un mat\u00e9riau cible utilis\u00e9 dans le processus de pulv\u00e9risation pour d\u00e9poser de minces films d\u2019oxyde de bore sur un substrat, g\u00e9n\u00e9ralement dans des applications telles que l\u2019\u00e9lectronique, l\u2019optique, les rev\u00eatements et la fabrication de semi-conducteurs. La pulv\u00e9risation cathodique est une technique de d\u00e9p\u00f4t physique en phase [&hellip;]<\/p>\n","protected":false},"featured_media":999120,"comment_status":"open","ping_status":"closed","template":"","meta":{"_acf_changed":false},"product_brand":[],"product_cat":[235],"product_tag":[],"class_list":{"0":"post-1008640","1":"product","2":"type-product","3":"status-publish","4":"has-post-thumbnail","6":"product_cat-cibles-de-pulverisation-planaire","8":"first","9":"instock","10":"shipping-taxable","11":"product-type-variable"},"acf":[],"_links":{"self":[{"href":"https:\/\/vimaterial.de\/fr\/wp-json\/wp\/v2\/product\/1008640","targetHints":{"allow":["GET"]}}],"collection":[{"href":"https:\/\/vimaterial.de\/fr\/wp-json\/wp\/v2\/product"}],"about":[{"href":"https:\/\/vimaterial.de\/fr\/wp-json\/wp\/v2\/types\/product"}],"replies":[{"embeddable":true,"href":"https:\/\/vimaterial.de\/fr\/wp-json\/wp\/v2\/comments?post=1008640"}],"wp:featuredmedia":[{"embeddable":true,"href":"https:\/\/vimaterial.de\/fr\/wp-json\/wp\/v2\/media\/999120"}],"wp:attachment":[{"href":"https:\/\/vimaterial.de\/fr\/wp-json\/wp\/v2\/media?parent=1008640"}],"wp:term":[{"taxonomy":"product_brand","embeddable":true,"href":"https:\/\/vimaterial.de\/fr\/wp-json\/wp\/v2\/product_brand?post=1008640"},{"taxonomy":"product_cat","embeddable":true,"href":"https:\/\/vimaterial.de\/fr\/wp-json\/wp\/v2\/product_cat?post=1008640"},{"taxonomy":"product_tag","embeddable":true,"href":"https:\/\/vimaterial.de\/fr\/wp-json\/wp\/v2\/product_tag?post=1008640"}],"curies":[{"name":"wp","href":"https:\/\/api.w.org\/{rel}","templated":true}]}}