{"id":1008625,"date":"2024-06-17T14:02:29","date_gmt":"2024-06-17T06:02:29","guid":{"rendered":"https:\/\/vimaterial.de\/product\/carbure-de-bore-2\/"},"modified":"2024-11-12T14:35:58","modified_gmt":"2024-11-12T06:35:58","slug":"carbure-de-bore-2","status":"publish","type":"product","link":"https:\/\/vimaterial.de\/fr\/product\/carbure-de-bore-2\/","title":{"rendered":"Carbure de bore"},"content":{"rendered":"<p>La cible de pulv\u00e9risation en carbure de bore est un mat\u00e9riau utilis\u00e9 dans le processus de pulv\u00e9risation pour d\u00e9poser des films de carbure de bore sur un substrat. La pulv\u00e9risation est un type de d\u00e9p\u00f4t physique en phase vapeur (PVD) o\u00f9 les ions ou les particules sont acc\u00e9l\u00e9r\u00e9s vers le mat\u00e9riau cible, provoquant l\u2019\u00e9jection d\u2019atomes ou de mol\u00e9cules et leur d\u00e9p\u00f4t sur un substrat pour former un film mince. <\/p>\n<h2><span style=\"font-size: 14pt;\">Propri\u00e9t\u00e9s physiques&nbsp;:<\/span><\/h2>\n<p>Formule chimique&nbsp;: B4C<\/p>\n<p>Masse molaire&nbsp;:55.255 g\/mol<\/p>\n<p>Apparence&nbsp;: G\u00e9n\u00e9ralement noir ou gris fonc\u00e9, disques ou plaques solides.<\/p>\n<p>Densit\u00e9&nbsp;:2,52 g \/ cm3, solide.<\/p>\n<p>Point de fusion : Environ 2 350 \u00b0C (4 270 \u00b0F), ce qui est avantageux pour les applications \u00e0 haute temp\u00e9rature. Duret\u00e9 : Mat\u00e9riau extr\u00eamement dur avec une duret\u00e9 Mohs d\u2019environ 9,3, ce qui le rend adapt\u00e9 aux applications qui n\u00e9cessitent une r\u00e9sistance \u00e0 l\u2019abrasion et une protection contre l\u2019usure.<\/p>\n<p>Solubilit\u00e9 dans l\u2019eau : insoluble<\/p>\n<p>Isolation \u00e9lectrique : Le carbure de bore est un isolant \u00e0 temp\u00e9rature ambiante, ce qui peut \u00eatre important dans certaines applications \u00e9lectroniques. Puret\u00e9 : Les cibles de pulv\u00e9risation en carbure de bore sont g\u00e9n\u00e9ralement disponibles dans des grades de haute puret\u00e9, tels que 99 % ou 99,99 %, selon les exigences du processus de d\u00e9p\u00f4t.<\/p>\n<h2><span style=\"font-size: 14pt;\">Applications:<\/span><\/h2>\n<p>Rev\u00eatements r\u00e9sistants \u00e0 l\u2019usure : Les cibles de pulv\u00e9risation en carbure de bore sont d\u00e9pos\u00e9es sur les substrats pour offrir une r\u00e9sistance \u00e9lev\u00e9e \u00e0 l\u2019usure dans les pi\u00e8ces m\u00e9caniques, les outils et les machines expos\u00e9s \u00e0 des conditions extr\u00eames. Rev\u00eatements durs : L\u2019extr\u00eame duret\u00e9 du carbure de bore le rend id\u00e9al pour le d\u00e9p\u00f4t de films durs utilis\u00e9s dans les outils de coupe, les abrasifs et les \u00e9quipements industriels qui n\u00e9cessitent une surface dure et durable. Protection balistique : Les cibles de pulv\u00e9risation en carbure de bore peuvent \u00eatre utilis\u00e9es dans les rev\u00eatements protecteurs des armures, car le carbure de bore est connu pour sa capacit\u00e9 \u00e0 absorber et \u00e0 dissiper l\u2019\u00e9nergie. Rev\u00eatements d\u2019absorption des neutrons : En raison de leurs propri\u00e9t\u00e9s d\u2019absorption des neutrons, les films de carbure de bore sont utilis\u00e9s dans les applications nucl\u00e9aires pour le blindage neutronique ou dans les barres de contr\u00f4le. Rev\u00eatements semi-conducteurs et \u00e9lectroniques : Les cibles de pulv\u00e9risation en carbure de bore peuvent \u00eatre utilis\u00e9es comme rev\u00eatement di\u00e9lectrique dans les dispositifs \u00e0 semi-conducteurs, offrant protection et isolation. Rev\u00eatements optiques : Dans certaines applications optiques, des films de carbure de bore peuvent \u00eatre utilis\u00e9s pour leur duret\u00e9, en particulier lorsqu\u2019une r\u00e9sistance \u00e0 l\u2019usure et aux rayures est requise. Gestion thermique : La conductivit\u00e9 thermique \u00e9lev\u00e9e du carbure de bore le rend adapt\u00e9 aux applications impliquant une dissipation thermique, comme dans les boucliers thermiques et les environnements \u00e0 haute temp\u00e9rature.<\/p>\n","protected":false},"excerpt":{"rendered":"<p>La cible de pulv\u00e9risation en carbure de bore est un mat\u00e9riau utilis\u00e9 dans le processus de pulv\u00e9risation pour d\u00e9poser des films de carbure de bore sur un substrat. La pulv\u00e9risation est un type de d\u00e9p\u00f4t physique en phase vapeur (PVD) o\u00f9 les ions ou les particules sont acc\u00e9l\u00e9r\u00e9s vers le mat\u00e9riau cible, provoquant l\u2019\u00e9jection d\u2019atomes [&hellip;]<\/p>\n","protected":false},"featured_media":999095,"comment_status":"open","ping_status":"closed","template":"","meta":{"_acf_changed":false},"product_brand":[],"product_cat":[235],"product_tag":[],"class_list":{"0":"post-1008625","1":"product","2":"type-product","3":"status-publish","4":"has-post-thumbnail","6":"product_cat-cibles-de-pulverisation-planaire","8":"first","9":"instock","10":"shipping-taxable","11":"purchasable","12":"product-type-variable"},"acf":[],"_links":{"self":[{"href":"https:\/\/vimaterial.de\/fr\/wp-json\/wp\/v2\/product\/1008625","targetHints":{"allow":["GET"]}}],"collection":[{"href":"https:\/\/vimaterial.de\/fr\/wp-json\/wp\/v2\/product"}],"about":[{"href":"https:\/\/vimaterial.de\/fr\/wp-json\/wp\/v2\/types\/product"}],"replies":[{"embeddable":true,"href":"https:\/\/vimaterial.de\/fr\/wp-json\/wp\/v2\/comments?post=1008625"}],"wp:featuredmedia":[{"embeddable":true,"href":"https:\/\/vimaterial.de\/fr\/wp-json\/wp\/v2\/media\/999095"}],"wp:attachment":[{"href":"https:\/\/vimaterial.de\/fr\/wp-json\/wp\/v2\/media?parent=1008625"}],"wp:term":[{"taxonomy":"product_brand","embeddable":true,"href":"https:\/\/vimaterial.de\/fr\/wp-json\/wp\/v2\/product_brand?post=1008625"},{"taxonomy":"product_cat","embeddable":true,"href":"https:\/\/vimaterial.de\/fr\/wp-json\/wp\/v2\/product_cat?post=1008625"},{"taxonomy":"product_tag","embeddable":true,"href":"https:\/\/vimaterial.de\/fr\/wp-json\/wp\/v2\/product_tag?post=1008625"}],"curies":[{"name":"wp","href":"https:\/\/api.w.org\/{rel}","templated":true}]}}