{"id":1008566,"date":"2024-06-17T13:45:24","date_gmt":"2024-06-17T05:45:24","guid":{"rendered":"https:\/\/vimaterial.de\/product\/metal-en-aluminium-8\/"},"modified":"2024-10-28T18:03:51","modified_gmt":"2024-10-28T10:03:51","slug":"granules-daluminium-8","status":"publish","type":"product","link":"https:\/\/vimaterial.de\/fr\/product\/granules-daluminium-8\/","title":{"rendered":"Aluminium m\u00e9tal"},"content":{"rendered":"<p>Les granul\u00e9s d\u2019aluminium sont de petites particules uniformes d\u2019aluminium largement utilis\u00e9es dans diverses applications industrielles. Ces granules sont g\u00e9n\u00e9ralement produits par le processus d\u2019atomisation, o\u00f9 l\u2019aluminium fondu est bris\u00e9 en fines particules, ou en \u00e9crasant de plus gros morceaux d\u2019aluminium. Connus pour leur l\u00e9g\u00e8ret\u00e9, leur r\u00e9sistance \u00e0 la corrosion et leur recyclabilit\u00e9, les granul\u00e9s d\u2019aluminium sont un mat\u00e9riau polyvalent utilis\u00e9 dans plusieurs industries.<\/p>\n<p>&nbsp;<\/p>\n<h3>Caract\u00e9ristiques :<\/h3>\n<p>Haute puret\u00e9 : Garantit des performances optimales dans les applications critiques.<\/p>\n<p>Taille de particule constante : Id\u00e9al pour un traitement uniforme et des r\u00e9sultats fiables.<\/p>\n<p>R\u00e9sistance \u00e0 la corrosion : Convient pour une utilisation dans des environnements difficiles sans d\u00e9gradation.<\/p>\n<p>Respectueux de l\u2019environnement : Enti\u00e8rement recyclable, contribuant \u00e0 des pratiques durables.<\/p>\n<p>&nbsp;<\/p>\n<h3>Applications:<\/h3>\n<p>M\u00e9tallurgie : Utilis\u00e9 dans la production d\u2019alliages et comme d\u00e9soxydant dans la sid\u00e9rurgie.<\/p>\n<p>Industrie chimique : Fonctionne comme un r\u00e9actif dans divers processus chimiques.<\/p>\n<p>Fabrication additive : Utilis\u00e9e dans les technologies d\u2019impression 3D et de frittage \u00e0 base de poudre.<\/p>\n<p>Utilisations environnementales : Efficace dans les processus de traitement et de recyclage des d\u00e9chets.<\/p>\n<p>&nbsp;<\/p>\n<p>Chez VIMATERIAL, nous proposons des granul\u00e9s d\u2019aluminium de haute qualit\u00e9 avec une distribution granulom\u00e9trique pr\u00e9cise pour r\u00e9pondre aux exigences sp\u00e9cifiques des diff\u00e9rentes industries. Nos granul\u00e9s garantissent d\u2019excellentes performances, une coh\u00e9rence et une fiabilit\u00e9 pour un large \u00e9ventail d\u2019utilisations.<\/p>\n","protected":false},"excerpt":{"rendered":"<p>Les granul\u00e9s d\u2019aluminium sont de petites particules uniformes d\u2019aluminium largement utilis\u00e9es dans diverses applications industrielles. Ces granules sont g\u00e9n\u00e9ralement produits par le processus d\u2019atomisation, o\u00f9 l\u2019aluminium fondu est bris\u00e9 en fines particules, ou en \u00e9crasant de plus gros morceaux d\u2019aluminium. Connus pour leur l\u00e9g\u00e8ret\u00e9, leur r\u00e9sistance \u00e0 la corrosion et leur recyclabilit\u00e9, les granul\u00e9s d\u2019aluminium [&hellip;]<\/p>\n","protected":false},"featured_media":1029852,"comment_status":"open","ping_status":"closed","template":"","meta":{"_acf_changed":false},"product_brand":[],"product_cat":[236],"product_tag":[],"class_list":{"0":"post-1008566","1":"product","2":"type-product","3":"status-publish","4":"has-post-thumbnail","6":"product_cat-materiaux-devaporation","8":"first","9":"instock","10":"shipping-taxable","11":"purchasable","12":"product-type-variable"},"acf":[],"_links":{"self":[{"href":"https:\/\/vimaterial.de\/fr\/wp-json\/wp\/v2\/product\/1008566","targetHints":{"allow":["GET"]}}],"collection":[{"href":"https:\/\/vimaterial.de\/fr\/wp-json\/wp\/v2\/product"}],"about":[{"href":"https:\/\/vimaterial.de\/fr\/wp-json\/wp\/v2\/types\/product"}],"replies":[{"embeddable":true,"href":"https:\/\/vimaterial.de\/fr\/wp-json\/wp\/v2\/comments?post=1008566"}],"wp:featuredmedia":[{"embeddable":true,"href":"https:\/\/vimaterial.de\/fr\/wp-json\/wp\/v2\/media\/1029852"}],"wp:attachment":[{"href":"https:\/\/vimaterial.de\/fr\/wp-json\/wp\/v2\/media?parent=1008566"}],"wp:term":[{"taxonomy":"product_brand","embeddable":true,"href":"https:\/\/vimaterial.de\/fr\/wp-json\/wp\/v2\/product_brand?post=1008566"},{"taxonomy":"product_cat","embeddable":true,"href":"https:\/\/vimaterial.de\/fr\/wp-json\/wp\/v2\/product_cat?post=1008566"},{"taxonomy":"product_tag","embeddable":true,"href":"https:\/\/vimaterial.de\/fr\/wp-json\/wp\/v2\/product_tag?post=1008566"}],"curies":[{"name":"wp","href":"https:\/\/api.w.org\/{rel}","templated":true}]}}