{"id":1008493,"date":"2024-06-17T13:45:25","date_gmt":"2024-06-17T05:45:25","guid":{"rendered":"https:\/\/vimaterial.de\/product\/metal-en-aluminium-5\/"},"modified":"2024-10-28T18:02:42","modified_gmt":"2024-10-28T10:02:42","slug":"metal-en-aluminium-5","status":"publish","type":"product","link":"https:\/\/vimaterial.de\/fr\/product\/metal-en-aluminium-5\/","title":{"rendered":"Aluminium m\u00e9tal"},"content":{"rendered":"<p>La feuille d\u2019aluminium est fabriqu\u00e9e en traitant davantage les mat\u00e9riaux en aluminium par laminage. Sa surface pr\u00e9sente un \u00e9clat argent\u00e9 et poss\u00e8de d\u2019excellentes propri\u00e9t\u00e9s physiques et chimiques. La feuille d\u2019aluminium a une excellente conductivit\u00e9, un blindage l\u00e9ger et une r\u00e9sistance \u00e0 la corrosion, et a \u00e9galement d\u2019excellentes performances de traitement et est facile \u00e0 effectuer diverses op\u00e9rations de traitement. Par cons\u00e9quent, la feuille d\u2019aluminium est largement utilis\u00e9e dans l\u2019emballage, l\u2019\u00e9lectronique, l\u2019aviation, la construction et d\u2019autres domaines.<\/p>\n<p>&nbsp;<\/p>\n<h2><span style=\"font-size: 14pt;\">Caract\u00e9ristiques :<\/span><\/h2>\n<p><strong>Excellentes propri\u00e9t\u00e9s de barri\u00e8re :<\/strong> Fournit un bouclier solide contre l\u2019humidit\u00e9, l\u2019air et les contaminants.<\/p>\n<p><strong>Conductivit\u00e9 thermique :<\/strong> R\u00e9partit efficacement la chaleur, ce qui le rend id\u00e9al pour les applications d\u2019isolation et d\u2019\u00e9change de chaleur.<\/p>\n<p><strong>L\u00e9ger et flexible :<\/strong> Facile \u00e0 fa\u00e7onner, \u00e0 plier et \u00e0 emballer, ce qui le rend parfait pour les solutions d\u2019emballage.<\/p>\n<p><strong>R\u00e9sistance \u00e0 la corrosion :<\/strong> Naturellement r\u00e9sistant \u00e0 la rouille et \u00e0 la d\u00e9gradation de l\u2019environnement.<\/p>\n<p>&nbsp;<\/p>\n<h2><span style=\"font-size: 14pt;\">Application<\/span><\/h2>\n<p><strong>1. Isolation<\/strong><br \/>\n\u00e9lectrique La feuille d\u2019aluminium industrielle peut \u00eatre utilis\u00e9e pour fabriquer des mat\u00e9riaux d\u2019isolation \u00e9lectrique en raison de son excellente conductivit\u00e9 \u00e9lectrique, de sa conductivit\u00e9 thermique et de sa r\u00e9sistance \u00e0 la corrosion. L\u2019utilisation de papier d\u2019aluminium comme couche conductrice peut produire des mat\u00e9riaux d\u2019isolation \u00e9lectrique efficaces pour emp\u00eacher les \u00e9quipements \u00e9lectriques d\u2019interf\u00e9rences \u00e9lectromagn\u00e9tiques et de fuites.<\/p>\n<p><strong>2. Emballage<\/strong><br \/>\nalimentaire Le papier d\u2019aluminium industriel peut \u00eatre r\u00e9sistant \u00e0 l\u2019humidit\u00e9, \u00e0 l\u2019oxyg\u00e8ne et aux odeurs, il est donc \u00e9galement largement utilis\u00e9 dans le domaine de l\u2019emballage alimentaire. Son utilisation pour emballer les aliments peut prot\u00e9ger efficacement la fra\u00eecheur et les composants nutritionnels des aliments et prolonger la dur\u00e9e de conservation des aliments.<\/p>\n<p><strong>3. Emballage<\/strong><br \/>\npharmaceutique La feuille d\u2019aluminium a \u00e9galement une bonne stabilit\u00e9 physique et chimique et n\u2019est pas facilement affect\u00e9e par des facteurs environnementaux tels que la chaleur, la lumi\u00e8re et l\u2019humidit\u00e9. Par cons\u00e9quent, il est \u00e9galement largement utilis\u00e9 dans le domaine de l\u2019emballage pharmaceutique. Son utilisation pour emballer des m\u00e9dicaments peut prot\u00e9ger efficacement la stabilit\u00e9 et les principes actifs des m\u00e9dicaments et prolonger la dur\u00e9e de vie des m\u00e9dicaments.<\/p>\n<p><strong>4. Isolation des<\/strong><br \/>\nb\u00e2timents : La feuille d\u2019aluminium peut \u00eatre utilis\u00e9e dans la fabrication de mat\u00e9riaux d\u2019isolation des b\u00e2timents. Le coller \u00e0 la surface des mat\u00e9riaux isolants peut am\u00e9liorer consid\u00e9rablement les performances d\u2019isolation thermique des mat\u00e9riaux isolants, assurer la diff\u00e9rence de temp\u00e9rature entre l\u2019int\u00e9rieur et l\u2019ext\u00e9rieur du b\u00e2timent et am\u00e9liorer l\u2019efficacit\u00e9 \u00e9nerg\u00e9tique des b\u00e2timents.<\/p>\n<p><strong>5. Mat\u00e9riaux<\/strong><br \/>\nchimiques La feuille d\u2019aluminium est \u00e9galement largement utilis\u00e9e dans l\u2019industrie chimique. Par exemple, il peut \u00eatre utilis\u00e9 dans la distillation, le s\u00e9chage, l\u2019emballage et d\u2019autres domaines de l\u2019industrie. Il peut \u00e9galement \u00eatre utilis\u00e9 comme paroi de r\u00e9acteur, fluide caloporteur, mat\u00e9riau de remplissage, etc.<\/p>\n<p>&nbsp;<\/p>\n<p>&nbsp;<\/p>\n<p>&nbsp;<\/p>\n","protected":false},"excerpt":{"rendered":"<p>La feuille d\u2019aluminium est fabriqu\u00e9e en traitant davantage les mat\u00e9riaux en aluminium par laminage. Sa surface pr\u00e9sente un \u00e9clat argent\u00e9 et poss\u00e8de d\u2019excellentes propri\u00e9t\u00e9s physiques et chimiques. La feuille d\u2019aluminium a une excellente conductivit\u00e9, un blindage l\u00e9ger et une r\u00e9sistance \u00e0 la corrosion, et a \u00e9galement d\u2019excellentes performances de traitement et est facile \u00e0 effectuer [&hellip;]<\/p>\n","protected":false},"featured_media":997902,"comment_status":"open","ping_status":"closed","template":"","meta":{"_acf_changed":false},"product_brand":[],"product_cat":[245],"product_tag":[],"class_list":{"0":"post-1008493","1":"product","2":"type-product","3":"status-publish","4":"has-post-thumbnail","6":"product_cat-profil-fr","8":"first","9":"instock","10":"shipping-taxable","11":"purchasable","12":"product-type-variable"},"acf":[],"_links":{"self":[{"href":"https:\/\/vimaterial.de\/fr\/wp-json\/wp\/v2\/product\/1008493","targetHints":{"allow":["GET"]}}],"collection":[{"href":"https:\/\/vimaterial.de\/fr\/wp-json\/wp\/v2\/product"}],"about":[{"href":"https:\/\/vimaterial.de\/fr\/wp-json\/wp\/v2\/types\/product"}],"replies":[{"embeddable":true,"href":"https:\/\/vimaterial.de\/fr\/wp-json\/wp\/v2\/comments?post=1008493"}],"wp:featuredmedia":[{"embeddable":true,"href":"https:\/\/vimaterial.de\/fr\/wp-json\/wp\/v2\/media\/997902"}],"wp:attachment":[{"href":"https:\/\/vimaterial.de\/fr\/wp-json\/wp\/v2\/media?parent=1008493"}],"wp:term":[{"taxonomy":"product_brand","embeddable":true,"href":"https:\/\/vimaterial.de\/fr\/wp-json\/wp\/v2\/product_brand?post=1008493"},{"taxonomy":"product_cat","embeddable":true,"href":"https:\/\/vimaterial.de\/fr\/wp-json\/wp\/v2\/product_cat?post=1008493"},{"taxonomy":"product_tag","embeddable":true,"href":"https:\/\/vimaterial.de\/fr\/wp-json\/wp\/v2\/product_tag?post=1008493"}],"curies":[{"name":"wp","href":"https:\/\/api.w.org\/{rel}","templated":true}]}}