{"id":1008424,"date":"2024-06-17T13:45:28","date_gmt":"2024-06-17T05:45:28","guid":{"rendered":"https:\/\/vimaterial.de\/product\/metal-en-aluminium-3\/"},"modified":"2024-10-28T18:01:55","modified_gmt":"2024-10-28T10:01:55","slug":"fil-daluminium-3","status":"publish","type":"product","link":"https:\/\/vimaterial.de\/fr\/product\/fil-daluminium-3\/","title":{"rendered":"Aluminium m\u00e9tal"},"content":{"rendered":"<p>Le fil d\u2019aluminium est un m\u00e9tal l\u00e9ger blanc argent\u00e9 avec ductilit\u00e9 et mall\u00e9abilit\u00e9. Il est souvent transform\u00e9 en tiges, feuilles, feuilles, poudres, bandes et fils. Il peut former un film d\u2019oxyde pour emp\u00eacher la corrosion des m\u00e9taux dans l\u2019air humide, et est facilement soluble dans les solutions d\u2019acide sulfurique dilu\u00e9, d\u2019acide nitrique, d\u2019acide chlorhydrique, d\u2019hydroxyde de sodium et d\u2019hydroxyde de potassium, mais insoluble dans l\u2019eau. Le fil d\u2019aluminium est abondant dans la cro\u00fbte terrestre et est l\u2019un des \u00e9l\u00e9ments m\u00e9talliques les plus abondants dans la cro\u00fbte terrestre.<\/p>\n<p>En raison de ses propri\u00e9t\u00e9s uniques, il est largement utilis\u00e9 dans des domaines industriels importants tels que l\u2019aviation, la construction et l\u2019automobile. Par exemple, le fil d\u2019aluminium peut \u00eatre utilis\u00e9 pour fabriquer des avions, des automobiles, des trains, des navires, etc., et en raison de sa bonne conductivit\u00e9 et de sa r\u00e9sistance \u00e0 la corrosion, il a un large \u00e9ventail d\u2019utilisations dans l\u2019industrie de la fabrication \u00e9lectrique, l\u2019industrie des fils et c\u00e2bles et l\u2019industrie radio.<\/p>\n<p>&nbsp;<\/p>\n<h2><span style=\"font-size: 14pt;\">Caract\u00e9ristiques :<\/span><\/h2>\n<p>Excellente conductivit\u00e9 \u00e9lectrique : Transmet efficacement l\u2019\u00e9lectricit\u00e9, ce qui le rend id\u00e9al pour la distribution d\u2019\u00e9nergie et les syst\u00e8mes \u00e9lectriques.<\/p>\n<p>L\u00e9ger\u00a0: Nettement plus l\u00e9ger que le fil de cuivre, r\u00e9duisant le poids des installations \u00e9lectriques. R\u00e9sistant \u00e0 la corrosion\u00a0: Forme naturellement une couche d\u2019oxyde qui prot\u00e8ge contre la rouille et les dommages environnementaux.<\/p>\n<p>Haute flexibilit\u00e9 : facile \u00e0 fa\u00e7onner et \u00e0 plier, ce qui permet une installation polyvalente dans divers environnements.<\/p>\n<p>Rentable : Plus abordable que le cuivre tout en offrant des performances fiables dans de nombreuses applications.<\/p>\n<p>&nbsp;<\/p>\n<h2><span style=\"font-size: 14pt;\">Applications:<\/span><\/h2>\n<p>C\u00e2blage \u00e9lectrique : Utilis\u00e9 dans les lignes \u00e9lectriques a\u00e9riennes, le c\u00e2blage r\u00e9sidentiel et commercial et les syst\u00e8mes de mise \u00e0 la terre.<\/p>\n<p>Construction\u00a0: Appliqu\u00e9 dans l\u2019infrastructure du b\u00e2timent pour la distribution d\u2019\u00e9nergie et les syst\u00e8mes d\u2019\u00e9clairage.<\/p>\n<p>Automobile et a\u00e9rospatiale : Utilis\u00e9 dans les syst\u00e8mes et composants \u00e9lectriques l\u00e9gers pour am\u00e9liorer l\u2019efficacit\u00e9 \u00e9nerg\u00e9tique.<\/p>\n<p>Applications m\u00e9caniques\u00a0: Utilis\u00e9 dans le c\u00e2blage de cl\u00f4ture, l\u2019artisanat et les composants de machines industrielles.<\/p>\n<p>&nbsp;<\/p>\n","protected":false},"excerpt":{"rendered":"<p>Le fil d\u2019aluminium est un m\u00e9tal l\u00e9ger blanc argent\u00e9 avec ductilit\u00e9 et mall\u00e9abilit\u00e9. Il est souvent transform\u00e9 en tiges, feuilles, feuilles, poudres, bandes et fils. Il peut former un film d\u2019oxyde pour emp\u00eacher la corrosion des m\u00e9taux dans l\u2019air humide, et est facilement soluble dans les solutions d\u2019acide sulfurique dilu\u00e9, d\u2019acide nitrique, d\u2019acide chlorhydrique, d\u2019hydroxyde [&hellip;]<\/p>\n","protected":false},"featured_media":997938,"comment_status":"open","ping_status":"closed","template":"","meta":{"_acf_changed":false},"product_brand":[],"product_cat":[245],"product_tag":[],"class_list":{"0":"post-1008424","1":"product","2":"type-product","3":"status-publish","4":"has-post-thumbnail","6":"product_cat-profil-fr","8":"first","9":"instock","10":"shipping-taxable","11":"purchasable","12":"product-type-variable"},"acf":[],"_links":{"self":[{"href":"https:\/\/vimaterial.de\/fr\/wp-json\/wp\/v2\/product\/1008424","targetHints":{"allow":["GET"]}}],"collection":[{"href":"https:\/\/vimaterial.de\/fr\/wp-json\/wp\/v2\/product"}],"about":[{"href":"https:\/\/vimaterial.de\/fr\/wp-json\/wp\/v2\/types\/product"}],"replies":[{"embeddable":true,"href":"https:\/\/vimaterial.de\/fr\/wp-json\/wp\/v2\/comments?post=1008424"}],"wp:featuredmedia":[{"embeddable":true,"href":"https:\/\/vimaterial.de\/fr\/wp-json\/wp\/v2\/media\/997938"}],"wp:attachment":[{"href":"https:\/\/vimaterial.de\/fr\/wp-json\/wp\/v2\/media?parent=1008424"}],"wp:term":[{"taxonomy":"product_brand","embeddable":true,"href":"https:\/\/vimaterial.de\/fr\/wp-json\/wp\/v2\/product_brand?post=1008424"},{"taxonomy":"product_cat","embeddable":true,"href":"https:\/\/vimaterial.de\/fr\/wp-json\/wp\/v2\/product_cat?post=1008424"},{"taxonomy":"product_tag","embeddable":true,"href":"https:\/\/vimaterial.de\/fr\/wp-json\/wp\/v2\/product_tag?post=1008424"}],"curies":[{"name":"wp","href":"https:\/\/api.w.org\/{rel}","templated":true}]}}