{"id":1008413,"date":"2024-06-17T13:45:27","date_gmt":"2024-06-17T05:45:27","guid":{"rendered":"https:\/\/vimaterial.de\/product\/metal-en-aluminium-2\/"},"modified":"2024-10-28T18:06:25","modified_gmt":"2024-10-28T10:06:25","slug":"tole-daluminium-2","status":"publish","type":"product","link":"https:\/\/vimaterial.de\/fr\/product\/tole-daluminium-2\/","title":{"rendered":"Aluminium m\u00e9tal"},"content":{"rendered":"<p>La t\u00f4le d\u2019aluminium est un mat\u00e9riau m\u00e9tallique l\u00e9ger, \u00e0 haute r\u00e9sistance et \u00e0 faible densit\u00e9, ce qui peut r\u00e9duire le poids total. Il a \u00e9galement une r\u00e9sistance et une rigidit\u00e9 \u00e9lev\u00e9es, et peut r\u00e9sister \u00e0 des charges et des pressions importantes. De plus, le film d\u2019oxyde naturellement form\u00e9 \u00e0 la surface de la feuille d\u2019aluminium peut r\u00e9sister \u00e0 l\u2019\u00e9rosion par des milieux corrosifs tels que l\u2019atmosph\u00e8re, l\u2019alcali et le sel, il a donc une bonne r\u00e9sistance \u00e0 la corrosion.<\/p>\n<p>Dans le m\u00eame temps, la t\u00f4le d\u2019aluminium a \u00e9galement de bonnes performances de traitement, une forte plasticit\u00e9 et est facile \u00e0 transformer en produits de diff\u00e9rentes formes et tailles, et il n\u2019est pas facile de se fissurer ou de se d\u00e9former pendant le traitement.<\/p>\n<p>&nbsp;<\/p>\n<p>Il existe de nombreux types de plaques d\u2019aluminium, qui peuvent \u00eatre class\u00e9es selon diff\u00e9rents composants d\u2019alliage et m\u00e9thodes de traitement. Selon la composition de l\u2019alliage, les plaques d\u2019aluminium peuvent \u00eatre divis\u00e9es en plaques d\u2019aluminium de haute puret\u00e9, plaques d\u2019aluminium pur, plaques d\u2019alliage d\u2019aluminium, etc. Parmi eux, les plaques d\u2019alliage d\u2019aluminium peuvent \u00eatre divis\u00e9es en s\u00e9ries aluminium-cuivre, aluminium-mangan\u00e8se, aluminium-silicium, aluminium-magn\u00e9sium et autres. Selon la m\u00e9thode de traitement, les plaques d\u2019aluminium peuvent \u00eatre divis\u00e9es en plaques d\u2019aluminium lamin\u00e9es \u00e0 froid et en plaques d\u2019aluminium lamin\u00e9es \u00e0 chaud.<\/p>\n<p>De plus, selon diff\u00e9rentes \u00e9paisseurs, les plaques d\u2019aluminium peuvent \u00e9galement \u00eatre divis\u00e9es en plaques minces et en plaques moyennement \u00e9paisses\u00a0; Selon la forme de la surface, ils peuvent \u00eatre divis\u00e9s en plaques plates et en plaques d\u2019aluminium \u00e0 motifs.<\/p>\n<p>&nbsp;<\/p>\n<h2><span style=\"font-size: 14pt;\">Application<\/span><\/h2>\n<p><strong>1. Industrie de la construction. <\/strong><\/p>\n<p>Une grande partie des plaques d\u2019aluminium sont utilis\u00e9es dans l\u2019industrie de la construction, principalement utilis\u00e9es pour fabriquer des plaques d\u2019aluminium de murs-rideaux, des plaques d\u00e9coratives, des portes et fen\u00eatres en aluminium et des plaques d\u00e9coratives.<\/p>\n<p><strong>2. Industrie l\u00e9g\u00e8re. <\/strong><\/p>\n<p>Les appareils m\u00e9nagers, la quincaillerie, le verre et les produits chimiques quotidiens n\u00e9cessitent tous des plaques d\u2019aluminium, ce qui est courant dans la vie.<\/p>\n<p><strong>3. Industrie de l\u2019emballage. <\/strong><\/p>\n<p>L\u2019emballage ext\u00e9rieur des dentifrices, bonbons, conserves, etc. n\u00e9cessite des plaques en aluminium\u00a0; Dans le m\u00eame temps, la d\u00e9coration int\u00e9rieure et ext\u00e9rieure des automobiles n\u00e9cessite \u00e9galement une grande quantit\u00e9 de plaques d\u2019aluminium, et l\u2019industrie ferroviaire n\u00e9cessite \u00e9galement une grande quantit\u00e9 de plaques d\u2019aluminium.<\/p>\n<p><strong>4. Industrie \u00e9lectronique. <\/strong><\/p>\n<p>Les n\u00e9cessit\u00e9s quotidiennes telles que les t\u00e9l\u00e9viseurs, les haut-parleurs et les radios, ainsi que la consommation et la fabrication de produits militaires tels que les radars de produits militaires et les gilets de missiles tactiques n\u00e9cessitent des plaques d\u2019aluminium.<\/p>\n","protected":false},"excerpt":{"rendered":"<p>La t\u00f4le d\u2019aluminium est un mat\u00e9riau m\u00e9tallique l\u00e9ger, \u00e0 haute r\u00e9sistance et \u00e0 faible densit\u00e9, ce qui peut r\u00e9duire le poids total. Il a \u00e9galement une r\u00e9sistance et une rigidit\u00e9 \u00e9lev\u00e9es, et peut r\u00e9sister \u00e0 des charges et des pressions importantes. De plus, le film d\u2019oxyde naturellement form\u00e9 \u00e0 la surface de la feuille d\u2019aluminium [&hellip;]<\/p>\n","protected":false},"featured_media":997922,"comment_status":"open","ping_status":"closed","template":"","meta":{"_acf_changed":false},"product_brand":[],"product_cat":[245],"product_tag":[],"class_list":{"0":"post-1008413","1":"product","2":"type-product","3":"status-publish","4":"has-post-thumbnail","6":"product_cat-profil-fr","8":"first","9":"instock","10":"shipping-taxable","11":"purchasable","12":"product-type-variable"},"acf":[],"_links":{"self":[{"href":"https:\/\/vimaterial.de\/fr\/wp-json\/wp\/v2\/product\/1008413","targetHints":{"allow":["GET"]}}],"collection":[{"href":"https:\/\/vimaterial.de\/fr\/wp-json\/wp\/v2\/product"}],"about":[{"href":"https:\/\/vimaterial.de\/fr\/wp-json\/wp\/v2\/types\/product"}],"replies":[{"embeddable":true,"href":"https:\/\/vimaterial.de\/fr\/wp-json\/wp\/v2\/comments?post=1008413"}],"wp:featuredmedia":[{"embeddable":true,"href":"https:\/\/vimaterial.de\/fr\/wp-json\/wp\/v2\/media\/997922"}],"wp:attachment":[{"href":"https:\/\/vimaterial.de\/fr\/wp-json\/wp\/v2\/media?parent=1008413"}],"wp:term":[{"taxonomy":"product_brand","embeddable":true,"href":"https:\/\/vimaterial.de\/fr\/wp-json\/wp\/v2\/product_brand?post=1008413"},{"taxonomy":"product_cat","embeddable":true,"href":"https:\/\/vimaterial.de\/fr\/wp-json\/wp\/v2\/product_cat?post=1008413"},{"taxonomy":"product_tag","embeddable":true,"href":"https:\/\/vimaterial.de\/fr\/wp-json\/wp\/v2\/product_tag?post=1008413"}],"curies":[{"name":"wp","href":"https:\/\/api.w.org\/{rel}","templated":true}]}}