{"id":1008363,"date":"2024-06-17T13:45:29","date_gmt":"2024-06-17T05:45:29","guid":{"rendered":"https:\/\/vimaterial.de\/product\/borure-daluminium-2\/"},"modified":"2024-10-18T13:44:00","modified_gmt":"2024-10-18T05:44:00","slug":"borure-daluminium-2","status":"publish","type":"product","link":"https:\/\/vimaterial.de\/fr\/product\/borure-daluminium-2\/","title":{"rendered":"Aluminium Borure"},"content":{"rendered":"<p>Le borure d\u2019aluminium (AlB\u2082) est un compos\u00e9 dur, semblable \u00e0 de la c\u00e9ramique, form\u00e9 \u00e0 partir de la combinaison d\u2019aluminium et de bore. Connu pour son excellente stabilit\u00e9 thermique, sa duret\u00e9 \u00e9lev\u00e9e et sa conductivit\u00e9 \u00e9lectrique, le borure d\u2019aluminium est principalement utilis\u00e9 dans des applications \u00e0 haute temp\u00e9rature et \u00e0 haute r\u00e9sistance. <\/p>\n<p>&nbsp;<\/p>\n<h2><span style=\"font-size: 14pt;\">Types de liaisons chimiques du borure d\u2019aluminium<\/span><\/h2>\n<p>Les liaisons chimiques du borure d\u2019aluminium sont principalement des liaisons ioniques et des liaisons covalentes. Les liaisons ioniques font r\u00e9f\u00e9rence \u00e0 l\u2019attraction \u00e9lectrostatique entre les ions aluminium (A1,<sup>3+<\/sup>) et les ions bore (B,<sup>3-<\/sup>). Les liaisons covalentes font r\u00e9f\u00e9rence aux liaisons chimiques form\u00e9es par les paires d\u2019\u00e9lectrons partag\u00e9es entre les atomes de bore (B) et les atomes d\u2019aluminium (A1). Dans le borure d\u2019aluminium, ces deux liaisons chimiques travaillent ensemble pour donner au cristal une grande stabilit\u00e9.   <\/p>\n<h2><span style=\"font-size: 14pt;\">Structure et propri\u00e9t\u00e9s du borure d\u2019aluminium<\/span><\/h2>\n<p>La structure du borure d\u2019aluminium appartient \u00e0 une structure hexagonale simple, et les atomes d\u2019aluminium et les atomes de bore dans le cristal sont dispos\u00e9s de mani\u00e8re hexagonale serr\u00e9e. Cette structure a une densit\u00e9 d\u2019emballage \u00e9lev\u00e9e, ce qui conf\u00e8re au borure d\u2019aluminium un point de fusion \u00e9lev\u00e9, une stabilit\u00e9 thermique et une stabilit\u00e9 chimique. De plus, le borure d\u2019aluminium poss\u00e8de \u00e9galement d\u2019excellentes propri\u00e9t\u00e9s m\u00e9caniques, une conductivit\u00e9 thermique \u00e9lev\u00e9e, une r\u00e9sistance \u00e9lev\u00e9e aux chocs thermiques et d\u2019autres propri\u00e9t\u00e9s.  <\/p>\n<h2><span style=\"font-size: 14pt;\">Domaines d\u2019application du borure d\u2019aluminium<\/span><\/h2>\n<p>1. C\u00e9ramique \u00e0 haute temp\u00e9rature : Parce que le borure d\u2019aluminium a un point de fusion \u00e9lev\u00e9, une stabilit\u00e9 thermique \u00e9lev\u00e9e et une stabilit\u00e9 chimique, il a un large \u00e9ventail d\u2019applications dans le domaine de la c\u00e9ramique \u00e0 haute temp\u00e9rature, telles que l\u2019a\u00e9rospatiale, l\u2019automobile, l\u2019\u00e9lectronique et d\u2019autres industries. 2. Mat\u00e9riaux \u00e0 haute conductivit\u00e9 thermique&nbsp;: Le borure d\u2019aluminium a une conductivit\u00e9 thermique \u00e9lev\u00e9e et peut \u00eatre utilis\u00e9 comme mat\u00e9riau \u00e0 haute conductivit\u00e9 thermique dans les dispositifs de dissipation de chaleur et d\u2019autres domaines. 3. Mat\u00e9riaux r\u00e9fractaires : Le point de fusion \u00e9lev\u00e9 et la stabilit\u00e9 thermique du borure d\u2019aluminium en font un mat\u00e9riau r\u00e9fractaire id\u00e9al, qui peut \u00eatre utilis\u00e9 pour fabriquer des fours, des fours \u00e0 haute temp\u00e9rature et d\u2019autres \u00e9quipements. 4. Autres domaines&nbsp;: Le borure d\u2019aluminium est \u00e9galement utilis\u00e9 dans les rev\u00eatements m\u00e9talliques, les c\u00e9ramiques fonctionnelles, l\u2019industrie nucl\u00e9aire et d\u2019autres domaines.<\/p>\n","protected":false},"excerpt":{"rendered":"<p>Le borure d\u2019aluminium (AlB\u2082) est un compos\u00e9 dur, semblable \u00e0 de la c\u00e9ramique, form\u00e9 \u00e0 partir de la combinaison d\u2019aluminium et de bore. Connu pour son excellente stabilit\u00e9 thermique, sa duret\u00e9 \u00e9lev\u00e9e et sa conductivit\u00e9 \u00e9lectrique, le borure d\u2019aluminium est principalement utilis\u00e9 dans des applications \u00e0 haute temp\u00e9rature et \u00e0 haute r\u00e9sistance. &nbsp; Types de [&hellip;]<\/p>\n","protected":false},"featured_media":997948,"comment_status":"open","ping_status":"closed","template":"","meta":{"_acf_changed":false},"product_brand":[],"product_cat":[240],"product_tag":[],"class_list":{"0":"post-1008363","1":"product","2":"type-product","3":"status-publish","4":"has-post-thumbnail","6":"product_cat-materiaux-c-n-b-si","8":"first","9":"instock","10":"shipping-taxable","11":"purchasable","12":"product-type-variable"},"acf":[],"_links":{"self":[{"href":"https:\/\/vimaterial.de\/fr\/wp-json\/wp\/v2\/product\/1008363","targetHints":{"allow":["GET"]}}],"collection":[{"href":"https:\/\/vimaterial.de\/fr\/wp-json\/wp\/v2\/product"}],"about":[{"href":"https:\/\/vimaterial.de\/fr\/wp-json\/wp\/v2\/types\/product"}],"replies":[{"embeddable":true,"href":"https:\/\/vimaterial.de\/fr\/wp-json\/wp\/v2\/comments?post=1008363"}],"wp:featuredmedia":[{"embeddable":true,"href":"https:\/\/vimaterial.de\/fr\/wp-json\/wp\/v2\/media\/997948"}],"wp:attachment":[{"href":"https:\/\/vimaterial.de\/fr\/wp-json\/wp\/v2\/media?parent=1008363"}],"wp:term":[{"taxonomy":"product_brand","embeddable":true,"href":"https:\/\/vimaterial.de\/fr\/wp-json\/wp\/v2\/product_brand?post=1008363"},{"taxonomy":"product_cat","embeddable":true,"href":"https:\/\/vimaterial.de\/fr\/wp-json\/wp\/v2\/product_cat?post=1008363"},{"taxonomy":"product_tag","embeddable":true,"href":"https:\/\/vimaterial.de\/fr\/wp-json\/wp\/v2\/product_tag?post=1008363"}],"curies":[{"name":"wp","href":"https:\/\/api.w.org\/{rel}","templated":true}]}}