{"id":1008343,"date":"2024-06-17T13:46:18","date_gmt":"2024-06-17T05:46:18","guid":{"rendered":"https:\/\/vimaterial.de\/product\/borure-daluminium\/"},"modified":"2024-10-18T13:45:19","modified_gmt":"2024-10-18T05:45:19","slug":"borure-daluminium","status":"publish","type":"product","link":"https:\/\/vimaterial.de\/fr\/product\/borure-daluminium\/","title":{"rendered":"Borure d\u2019aluminium"},"content":{"rendered":"<p>Le borure d\u2019aluminium (AlB12, dod\u00e9caborure d\u2019aluminium) contient des structures icosa\u00e9driques B12, qui sont reli\u00e9es par des atomes d\u2019Al. La chaleur standard de formation de l\u2019AlB12 est de -(201\u00b142) kJ\/mol. La temp\u00e9rature de d\u00e9composition est de 920 degr\u00e9s Celsius. Les borures en aluminium comprennent AlB2, AlB4 et AlB12. Au-dessus de 920\u00b0C, AlB2 se d\u00e9compose pour former AlB12. L\u2019AlB12 peut \u00e9galement \u00eatre pr\u00e9par\u00e9 \u00e0 partir de B2O3 ou d\u2019autres min\u00e9raux contenant du bore par la m\u00e9thode aluminothermique. Il se d\u00e9compose en substances \u00e9l\u00e9mentaires \u00e0 1900\u00b0C.  La structure des dod\u00e9caborures d\u2019aluminium est similaire \u00e0 celle des compos\u00e9s interm\u00e9talliques. Sa structure d\u00e9pend principalement de la structure cristalline de l\u2019aluminium, du m\u00e9tal et du bore plut\u00f4t que de leur relation de valence.      <\/p>\n<p>&nbsp;<\/p>\n<h2><span style=\"font-size: 14pt;\">Propri\u00e9t\u00e9s chimiques<\/span><\/h2>\n<p>Point de fusion : se d\u00e9compose en bore et en carbone \u00e0 1900\u00b0C Densit\u00e9 : 2.550 Solubilit\u00e9 : soluble dans le HNO chaud ; soluble dans les solutions acides Couleur : jaune-brun Solubilit\u00e9 dans l\u2019eau : soluble \u00e0 chaud HNO3 ; acides insolubles, alcalis<\/p>\n<p>&nbsp;<\/p>\n<h2><span style=\"font-size: 14pt;\">M\u00e9thode de production<\/span><\/h2>\n<p>Il est obtenu en m\u00e9langeant du trioxyde de bore et du sulfure d\u2019aluminium et en les chauffant pour r\u00e9action.<\/p>\n<p>&nbsp;<\/p>\n<h2><span style=\"font-size: 14pt;\">Application<\/span><\/h2>\n<p>Les borures d\u2019aluminium sont un mat\u00e9riau structurel important \u00e0 haute temp\u00e9rature avec une bonne conductivit\u00e9 thermique et des propri\u00e9t\u00e9s m\u00e9caniques. Il est largement utilis\u00e9 dans l\u2019a\u00e9rospatiale, la m\u00e9tallurgie, l\u2019\u00e9lectronique et d\u2019autres domaines. Le dod\u00e9caborure d\u2019aluminium est une forme courante de dod\u00e9caborures d\u2019aluminium. Il a un point de fusion et une duret\u00e9 plus \u00e9lev\u00e9s, il est donc largement \u00e9tudi\u00e9 et utilis\u00e9.   <\/p>\n<p>&nbsp;<\/p>\n","protected":false},"excerpt":{"rendered":"<p>Le borure d\u2019aluminium (AlB12, dod\u00e9caborure d\u2019aluminium) contient des structures icosa\u00e9driques B12, qui sont reli\u00e9es par des atomes d\u2019Al. La chaleur standard de formation de l\u2019AlB12 est de -(201\u00b142) kJ\/mol. La temp\u00e9rature de d\u00e9composition est de 920 degr\u00e9s Celsius. Les borures en aluminium comprennent AlB2, AlB4 et AlB12. Au-dessus de 920\u00b0C, AlB2 se d\u00e9compose pour former [&hellip;]<\/p>\n","protected":false},"featured_media":998042,"comment_status":"open","ping_status":"closed","template":"","meta":{"_acf_changed":false},"product_brand":[],"product_cat":[240],"product_tag":[],"class_list":{"0":"post-1008343","1":"product","2":"type-product","3":"status-publish","4":"has-post-thumbnail","6":"product_cat-materiaux-c-n-b-si","8":"first","9":"instock","10":"shipping-taxable","11":"product-type-variable"},"acf":[],"_links":{"self":[{"href":"https:\/\/vimaterial.de\/fr\/wp-json\/wp\/v2\/product\/1008343","targetHints":{"allow":["GET"]}}],"collection":[{"href":"https:\/\/vimaterial.de\/fr\/wp-json\/wp\/v2\/product"}],"about":[{"href":"https:\/\/vimaterial.de\/fr\/wp-json\/wp\/v2\/types\/product"}],"replies":[{"embeddable":true,"href":"https:\/\/vimaterial.de\/fr\/wp-json\/wp\/v2\/comments?post=1008343"}],"wp:featuredmedia":[{"embeddable":true,"href":"https:\/\/vimaterial.de\/fr\/wp-json\/wp\/v2\/media\/998042"}],"wp:attachment":[{"href":"https:\/\/vimaterial.de\/fr\/wp-json\/wp\/v2\/media?parent=1008343"}],"wp:term":[{"taxonomy":"product_brand","embeddable":true,"href":"https:\/\/vimaterial.de\/fr\/wp-json\/wp\/v2\/product_brand?post=1008343"},{"taxonomy":"product_cat","embeddable":true,"href":"https:\/\/vimaterial.de\/fr\/wp-json\/wp\/v2\/product_cat?post=1008343"},{"taxonomy":"product_tag","embeddable":true,"href":"https:\/\/vimaterial.de\/fr\/wp-json\/wp\/v2\/product_tag?post=1008343"}],"curies":[{"name":"wp","href":"https:\/\/api.w.org\/{rel}","templated":true}]}}