{"id":1008307,"date":"2024-06-17T14:01:21","date_gmt":"2024-06-17T06:01:21","guid":{"rendered":"https:\/\/vimaterial.de\/product\/oxyde-de-lithium-et-de-nickel-2\/"},"modified":"2024-11-11T17:58:36","modified_gmt":"2024-11-11T09:58:36","slug":"oxyde-de-lithium-et-de-nickel-2","status":"publish","type":"product","link":"https:\/\/vimaterial.de\/fr\/product\/oxyde-de-lithium-et-de-nickel-2\/","title":{"rendered":"Oxyde de nickel et de lithium"},"content":{"rendered":"<p>L\u2019oxyde de nickel et de lithium (LiNiO\u2082) est un mat\u00e9riau utilis\u00e9 principalement dans les batteries lithium-ion, o\u00f9 il sert de mat\u00e9riau de cathode. Il s\u2019agit d\u2019un composant important pour les batteries rechargeables haute performance, en particulier celles utilis\u00e9es dans les v\u00e9hicules \u00e9lectriques (VE) et les appareils \u00e9lectroniques portables. <\/p>\n<h2><span style=\"font-size: 14pt;\">Propri\u00e9t\u00e9s physiques&nbsp;:<\/span><\/h2>\n<p>Formule : LiNiO\u2082. Apparence&nbsp;: G\u00e9n\u00e9ralement une poudre gris clair ou blanc cass\u00e9. Structure cristalline : Le mat\u00e9riau pr\u00e9sente une structure cristalline en couches, ce qui est la cl\u00e9 de ses performances dans les batteries lithium-ion. Stabilit\u00e9 thermique : Bien qu\u2019il soit stable dans de nombreuses conditions, il peut devenir instable \u00e0 des temp\u00e9ratures \u00e9lev\u00e9es, ce qui peut entra\u00eener une d\u00e9gradation ou une r\u00e9duction de sa capacit\u00e9. Densit\u00e9 : L\u2019oxyde de nickel et de lithium a une densit\u00e9 relativement \u00e9lev\u00e9e, ce qui contribue \u00e0 une densit\u00e9 \u00e9nerg\u00e9tique \u00e9lev\u00e9e dans les batteries. Structure&nbsp;: L\u2019oxyde de lithium et de nickel (LiNiO\u2082) a une structure en couches, similaire \u00e0 d\u2019autres oxydes de m\u00e9taux de transition au lithium, qui facilite l\u2019insertion et l\u2019extraction des ions lithium pendant les processus de charge et de d\u00e9charge.<\/p>\n<h2><span style=\"font-size: 14pt;\">Applications:<\/span><\/h2>\n<p>Batteries lithium-ion : L\u2019oxyde de lithium-nickel (LiNiO\u2082) est couramment utilis\u00e9 comme mat\u00e9riau de cathode dans les batteries lithium-ion pour les v\u00e9hicules \u00e9lectriques, les outils \u00e9lectriques et l\u2019\u00e9lectronique portable haute performance. V\u00e9hicules \u00e9lectriques : En raison de sa densit\u00e9 \u00e9nerg\u00e9tique \u00e9lev\u00e9e et de sa rentabilit\u00e9, il est de plus en plus utilis\u00e9 dans les batteries de v\u00e9hicules \u00e9lectriques, o\u00f9 l\u2019optimisation de la capacit\u00e9 de la batterie et la r\u00e9duction des co\u00fbts sont essentielles. Stockage de l\u2019\u00e9nergie du r\u00e9seau : L\u2019oxyde de nickel et de lithium (LiNiO\u2082) est \u00e9galement envisag\u00e9 pour les solutions de stockage d\u2019\u00e9nergie stationnaires en raison de sa densit\u00e9 d\u2019\u00e9nergie \u00e9lev\u00e9e et de son co\u00fbt inf\u00e9rieur \u00e0 celui d\u2019autres cathodes \u00e0 base de lithium comme l\u2019oxyde de cobalt et de lithium.<\/p>\n<p>&nbsp;<\/p>\n","protected":false},"excerpt":{"rendered":"<p>L\u2019oxyde de nickel et de lithium (LiNiO\u2082) est un mat\u00e9riau utilis\u00e9 principalement dans les batteries lithium-ion, o\u00f9 il sert de mat\u00e9riau de cathode. Il s\u2019agit d\u2019un composant important pour les batteries rechargeables haute performance, en particulier celles utilis\u00e9es dans les v\u00e9hicules \u00e9lectriques (VE) et les appareils \u00e9lectroniques portables. Propri\u00e9t\u00e9s physiques&nbsp;: Formule : LiNiO\u2082. Apparence&nbsp;: G\u00e9n\u00e9ralement [&hellip;]<\/p>\n","protected":false},"featured_media":999008,"comment_status":"open","ping_status":"closed","template":"","meta":{"_acf_changed":false},"product_brand":[],"product_cat":[235],"product_tag":[],"class_list":{"0":"post-1008307","1":"product","2":"type-product","3":"status-publish","4":"has-post-thumbnail","6":"product_cat-cibles-de-pulverisation-planaire","8":"first","9":"instock","10":"shipping-taxable","11":"product-type-variable"},"acf":[],"_links":{"self":[{"href":"https:\/\/vimaterial.de\/fr\/wp-json\/wp\/v2\/product\/1008307","targetHints":{"allow":["GET"]}}],"collection":[{"href":"https:\/\/vimaterial.de\/fr\/wp-json\/wp\/v2\/product"}],"about":[{"href":"https:\/\/vimaterial.de\/fr\/wp-json\/wp\/v2\/types\/product"}],"replies":[{"embeddable":true,"href":"https:\/\/vimaterial.de\/fr\/wp-json\/wp\/v2\/comments?post=1008307"}],"wp:featuredmedia":[{"embeddable":true,"href":"https:\/\/vimaterial.de\/fr\/wp-json\/wp\/v2\/media\/999008"}],"wp:attachment":[{"href":"https:\/\/vimaterial.de\/fr\/wp-json\/wp\/v2\/media?parent=1008307"}],"wp:term":[{"taxonomy":"product_brand","embeddable":true,"href":"https:\/\/vimaterial.de\/fr\/wp-json\/wp\/v2\/product_brand?post=1008307"},{"taxonomy":"product_cat","embeddable":true,"href":"https:\/\/vimaterial.de\/fr\/wp-json\/wp\/v2\/product_cat?post=1008307"},{"taxonomy":"product_tag","embeddable":true,"href":"https:\/\/vimaterial.de\/fr\/wp-json\/wp\/v2\/product_tag?post=1008307"}],"curies":[{"name":"wp","href":"https:\/\/api.w.org\/{rel}","templated":true}]}}