{"id":1008272,"date":"2024-06-17T14:01:26","date_gmt":"2024-06-17T06:01:26","guid":{"rendered":"https:\/\/vimaterial.de\/product\/nitrate-de-lithium\/"},"modified":"2024-11-12T10:03:15","modified_gmt":"2024-11-12T02:03:15","slug":"nitrate-de-lithium","status":"publish","type":"product","link":"https:\/\/vimaterial.de\/fr\/product\/nitrate-de-lithium\/","title":{"rendered":"Lithium Nitrate"},"content":{"rendered":"<p>Le nitrate de lithium est un compos\u00e9 inorganique de formule LiNO3. Il s\u2019agit du sel de lithium de l\u2019acide nitrique (un nitrate de m\u00e9tal alcalin). Le sel est d\u00e9liquescent, absorbant l\u2019eau pour former la forme hydrat\u00e9e, le nitrate de lithium trihydrat\u00e9. Son eutectique est int\u00e9ressant pour les fluides caloporteurs.<\/p>\n<h2><span style=\"font-size: 14pt;\">Propri\u00e9t\u00e9s physiques&nbsp;:<\/span><\/h2>\n<p>Formule chimique&nbsp;:LiNO3<\/p>\n<p>Masse molaire : 68,946 g\/mol<\/p>\n<p>Apparence&nbsp;: Blanc \u00e0 jaune clair solide<\/p>\n<p>Densit\u00e9&nbsp;:2.38 g\/cm3<\/p>\n<p>Point de fusion :255 \u00b0C (491 \u00b0F&nbsp;; 528 K)<\/p>\n<p>Point d\u2019\u00e9bullition :600 \u00b0C (1 112 \u00b0F&nbsp;; 873 K) (se d\u00e9compose)<\/p>\n<p>Solubilit\u00e9 dans l\u2019eau :52,2 g\/100 mL (20 \u00b0C)\/90 g\/100 mL (28 \u00b0C)\/234 g\/100 mL (100 \u00b0C)<\/p>\n<p>Solubilit\u00e9 : soluble dans l\u2019\u00e9thanol, le m\u00e9thanol, la pyridine, l\u2019ammoniac, l\u2019ac\u00e9tone<\/p>\n<p>Susceptibilit\u00e9 magn\u00e9tique (\u03c7) : \u221262,0\u00b710\u22126 cm3\/mol (+3 H2O)<\/p>\n<p>Indice de r\u00e9fraction (nD)&nbsp;:1.735<\/p>\n<h2><span style=\"font-size: 14pt;\">Applications:<\/span><\/h2>\n<p>Sel caloporteur : Le nitrate de lithium est utilis\u00e9 dans les m\u00e9langes de sels fondus, en particulier dans les syst\u00e8mes de stockage d\u2019\u00e9nergie solaire thermique, en raison de sa stabilit\u00e9 thermique \u00e9lev\u00e9e et de son efficacit\u00e9 de transfert de chaleur. M\u00e9tallurgie : Appliqu\u00e9 dans les processus de traitement thermique pour tremper l\u2019acier et d\u2019autres m\u00e9taux en am\u00e9liorant l\u2019oxydation. Stockage d\u2019\u00e9nergie : Utilis\u00e9 dans les formulations d\u2019\u00e9lectrolytes dans les batteries lithium-ion et autres dispositifs \u00e9lectrochimiques. Feux d\u2019artifice et pyrotechnie : En raison de ses propri\u00e9t\u00e9s oxydantes, le nitrate de lithium est parfois utilis\u00e9 en pyrotechnie pour produire une flamme rouge. D\u00e9shumidification : En raison de sa nature hygroscopique, il peut \u00eatre utilis\u00e9 comme agent de s\u00e9chage dans les applications de climatisation et de d\u00e9shumidification.<\/p>\n","protected":false},"excerpt":{"rendered":"<p>Le nitrate de lithium est un compos\u00e9 inorganique de formule LiNO3. Il s\u2019agit du sel de lithium de l\u2019acide nitrique (un nitrate de m\u00e9tal alcalin). Le sel est d\u00e9liquescent, absorbant l\u2019eau pour former la forme hydrat\u00e9e, le nitrate de lithium trihydrat\u00e9. Son eutectique est int\u00e9ressant pour les fluides caloporteurs. Propri\u00e9t\u00e9s physiques&nbsp;: Formule chimique&nbsp;:LiNO3 Masse molaire [&hellip;]<\/p>\n","protected":false},"featured_media":999027,"comment_status":"open","ping_status":"closed","template":"","meta":{"_acf_changed":false},"product_brand":[],"product_cat":[244],"product_tag":[],"class_list":{"0":"post-1008272","1":"product","2":"type-product","3":"status-publish","4":"has-post-thumbnail","6":"product_cat-autres-materiaux","8":"first","9":"instock","10":"shipping-taxable","11":"product-type-variable"},"acf":[],"_links":{"self":[{"href":"https:\/\/vimaterial.de\/fr\/wp-json\/wp\/v2\/product\/1008272","targetHints":{"allow":["GET"]}}],"collection":[{"href":"https:\/\/vimaterial.de\/fr\/wp-json\/wp\/v2\/product"}],"about":[{"href":"https:\/\/vimaterial.de\/fr\/wp-json\/wp\/v2\/types\/product"}],"replies":[{"embeddable":true,"href":"https:\/\/vimaterial.de\/fr\/wp-json\/wp\/v2\/comments?post=1008272"}],"wp:featuredmedia":[{"embeddable":true,"href":"https:\/\/vimaterial.de\/fr\/wp-json\/wp\/v2\/media\/999027"}],"wp:attachment":[{"href":"https:\/\/vimaterial.de\/fr\/wp-json\/wp\/v2\/media?parent=1008272"}],"wp:term":[{"taxonomy":"product_brand","embeddable":true,"href":"https:\/\/vimaterial.de\/fr\/wp-json\/wp\/v2\/product_brand?post=1008272"},{"taxonomy":"product_cat","embeddable":true,"href":"https:\/\/vimaterial.de\/fr\/wp-json\/wp\/v2\/product_cat?post=1008272"},{"taxonomy":"product_tag","embeddable":true,"href":"https:\/\/vimaterial.de\/fr\/wp-json\/wp\/v2\/product_tag?post=1008272"}],"curies":[{"name":"wp","href":"https:\/\/api.w.org\/{rel}","templated":true}]}}