{"id":1008259,"date":"2024-06-17T14:01:26","date_gmt":"2024-06-17T06:01:26","guid":{"rendered":"https:\/\/vimaterial.de\/product\/hydroxyde-de-lithium-monohydrate\/"},"modified":"2024-11-12T10:00:05","modified_gmt":"2024-11-12T02:00:05","slug":"hydroxyde-de-lithium-monohydrate","status":"publish","type":"product","link":"https:\/\/vimaterial.de\/fr\/product\/hydroxyde-de-lithium-monohydrate\/","title":{"rendered":"hydroxyde de lithium monohydrat\u00e9"},"content":{"rendered":"<p>L\u2019hydroxyde de lithium monohydrat\u00e9 (LiOH\u00b7 H\u2082O) est la forme hydrat\u00e9e de l\u2019hydroxyde de lithium, contenant une mol\u00e9cule d\u2019eau par unit\u00e9 d\u2019hydroxyde de lithium. Ce compos\u00e9 partage de nombreuses propri\u00e9t\u00e9s avec l\u2019hydroxyde de lithium anhydre, mais est plus stable lors du stockage en raison de la mol\u00e9cule d\u2019eau li\u00e9e. <\/p>\n<h2><span style=\"font-size: 14pt;\">Propri\u00e9t\u00e9s physiques&nbsp;:<\/span><\/h2>\n<p>Formule chimique&nbsp;: LiOH\u00b7 H2O<\/p>\n<p>Masse molaire : 41,9636 g\u00b7mol-1<\/p>\n<p>Apparence&nbsp;:Poudre cristalline blanche<\/p>\n<p>Densit\u00e9&nbsp;:1.46g \/ cm3<\/p>\n<p>Point de fusion : 462\u00b0C<\/p>\n<p>Point d\u2019\u00e9bullition : 924\u00b0C<\/p>\n<p>Solubilit\u00e9 dans l\u2019eau :Soluble dans l\u2019eau<\/p>\n<h2><span style=\"font-size: 14pt;\">Applications:<\/span><\/h2>\n<p>1.It est principalement utilis\u00e9 comme mati\u00e8re premi\u00e8re pour la fabrication de compos\u00e9s de lithium. Peut \u00e9galement \u00eatre utilis\u00e9 dans la m\u00e9tallurgie, le p\u00e9trole, le verre, la c\u00e9ramique et d\u2019autres industries&nbsp;;<\/p>\n<p>2. L\u2019hydroxyde de lithium est principalement utilis\u00e9 dans la pr\u00e9paration des mat\u00e9riaux de cathode pour les batteries lithium-ion.<\/p>\n<p>3. R\u00e9v\u00e9lateur photographique, pr\u00e9paration du sel de lithium, fabrication de l\u2019alcool \u00e0 la r\u00e9sine, catalyseur. R\u00e9actifs pour la d\u00e9composition des oxydes et des silicates&nbsp;;<\/p>\n<p>4. Utilis\u00e9 comme r\u00e9actif analytique, d\u00e9veloppeur photographique, et \u00e9galement dans la fabrication de lithium.<\/p>\n<h2><span style=\"font-size: 14pt;\">Avantages:<\/span><\/h2>\n<p>Production de haute puret\u00e9 : Des grades de haute puret\u00e9 de hydroxyde de lithium monohydrat\u00e9 sont disponibles pour une utilisation dans des applications critiques, en particulier dans la fabrication de batteries, o\u00f9 les contaminants peuvent avoir un impact sur les performances. Moins hygroscopique : \u00c9tant moins hygroscopique que son homologue anhydre, l\u2019hydroxyde de lithium monohydrat\u00e9 est plus facile \u00e0 manipuler et \u00e0 stocker. Absorption du CO\u2082 : Sa capacit\u00e9 \u00e0 capturer le CO\u2082 le rend utile pour les applications o\u00f9 l\u2019\u00e9limination du CO\u2082 est n\u00e9cessaire, en particulier dans les espaces confin\u00e9s.<\/p>\n<h2><span style=\"font-size: 14pt;\">S\u00e9curit\u00e9 et manipulation :<\/span><\/h2>\n<p>Corrosif : L\u2019hydroxyde de lithium monohydrat\u00e9 est tr\u00e8s corrosif et peut provoquer des br\u00fblures chimiques. L\u2019\u00e9quipement de protection (gants, lunettes de protection et respirateurs) est essentiel pour une manipulation en toute s\u00e9curit\u00e9. Stockage&nbsp;: Il doit \u00eatre stock\u00e9 dans un endroit frais et sec, \u00e0 l\u2019abri des acides et des mat\u00e9riaux incompatibles pour \u00e9viter les r\u00e9actions ind\u00e9sirables. <\/p>\n","protected":false},"excerpt":{"rendered":"<p>L\u2019hydroxyde de lithium monohydrat\u00e9 (LiOH\u00b7 H\u2082O) est la forme hydrat\u00e9e de l\u2019hydroxyde de lithium, contenant une mol\u00e9cule d\u2019eau par unit\u00e9 d\u2019hydroxyde de lithium. Ce compos\u00e9 partage de nombreuses propri\u00e9t\u00e9s avec l\u2019hydroxyde de lithium anhydre, mais est plus stable lors du stockage en raison de la mol\u00e9cule d\u2019eau li\u00e9e. Propri\u00e9t\u00e9s physiques&nbsp;: Formule chimique&nbsp;: LiOH\u00b7 H2O Masse [&hellip;]<\/p>\n","protected":false},"featured_media":999034,"comment_status":"open","ping_status":"closed","template":"","meta":{"_acf_changed":false},"product_brand":[],"product_cat":[243],"product_tag":[],"class_list":{"0":"post-1008259","1":"product","2":"type-product","3":"status-publish","4":"has-post-thumbnail","6":"product_cat-materiaux-oxydes-hydroxydes","8":"first","9":"instock","10":"shipping-taxable","11":"purchasable","12":"product-type-variable"},"acf":[],"_links":{"self":[{"href":"https:\/\/vimaterial.de\/fr\/wp-json\/wp\/v2\/product\/1008259","targetHints":{"allow":["GET"]}}],"collection":[{"href":"https:\/\/vimaterial.de\/fr\/wp-json\/wp\/v2\/product"}],"about":[{"href":"https:\/\/vimaterial.de\/fr\/wp-json\/wp\/v2\/types\/product"}],"replies":[{"embeddable":true,"href":"https:\/\/vimaterial.de\/fr\/wp-json\/wp\/v2\/comments?post=1008259"}],"wp:featuredmedia":[{"embeddable":true,"href":"https:\/\/vimaterial.de\/fr\/wp-json\/wp\/v2\/media\/999034"}],"wp:attachment":[{"href":"https:\/\/vimaterial.de\/fr\/wp-json\/wp\/v2\/media?parent=1008259"}],"wp:term":[{"taxonomy":"product_brand","embeddable":true,"href":"https:\/\/vimaterial.de\/fr\/wp-json\/wp\/v2\/product_brand?post=1008259"},{"taxonomy":"product_cat","embeddable":true,"href":"https:\/\/vimaterial.de\/fr\/wp-json\/wp\/v2\/product_cat?post=1008259"},{"taxonomy":"product_tag","embeddable":true,"href":"https:\/\/vimaterial.de\/fr\/wp-json\/wp\/v2\/product_tag?post=1008259"}],"curies":[{"name":"wp","href":"https:\/\/api.w.org\/{rel}","templated":true}]}}