{"id":1008255,"date":"2024-06-17T14:01:26","date_gmt":"2024-06-17T06:01:26","guid":{"rendered":"https:\/\/vimaterial.de\/product\/hexafluorophosphate-de-lithium\/"},"modified":"2024-11-12T09:53:42","modified_gmt":"2024-11-12T01:53:42","slug":"hexafluorophosphate-de-lithium","status":"publish","type":"product","link":"https:\/\/vimaterial.de\/fr\/product\/hexafluorophosphate-de-lithium\/","title":{"rendered":"Hydroxyde de lithium"},"content":{"rendered":"<p>L\u2019hydroxyde de lithium est un compos\u00e9 inorganique de formule LiOH. Il s\u2019agit d\u2019un mat\u00e9riau cristallin hygroscopique blanc. Il est soluble dans l\u2019eau et l\u00e9g\u00e8rement soluble dans l\u2019\u00e9thanol.<\/p>\n<h2><span style=\"font-size: 14pt;\">Propri\u00e9t\u00e9s physiques&nbsp;:<\/span><\/h2>\n<p>Formule chimique&nbsp;: LiOH<\/p>\n<p>Masse molaire : 23,95 g\/mol (anhydre)\/41,96 g\/mol (monohydrat\u00e9)<\/p>\n<p>Apparence&nbsp;:Solide blanc hygroscopique<\/p>\n<p>Odeur&nbsp;: aucune<\/p>\n<p>Densit\u00e9 : 1,46 g\/cm3 (anhydre)\/1,51 g\/cm3 (monohydrate)<\/p>\n<p>Point de fusion : 462 \u00b0C (864 \u00b0F&nbsp;; 735 K)<\/p>\n<p>Point d\u2019\u00e9bullition : 924 \u00b0C (1 695 \u00b0F&nbsp;; 1 197 K) se d\u00e9compose<\/p>\n<h2><span style=\"font-size: 14pt;\">Applications:<\/span><\/h2>\n<p>Batteries lithium-ion : L\u2019hydroxyde de lithium est un pr\u00e9curseur privil\u00e9gi\u00e9 pour les mat\u00e9riaux de cathode de batterie lithium-ion, en particulier dans les batteries \u00e0 haute densit\u00e9 d\u2019\u00e9nergie, car il aide \u00e0 la synth\u00e8se de cathodes riches en nickel, comme l\u2019oxyde de lithium-nickel-mangan\u00e8se-cobalt (NMC) et l\u2019oxyde d\u2019aluminium lithium-nickel-cobalt (NCA). \u00c9puration du dioxyde de carbone : L\u2019hydroxyde de lithium est utilis\u00e9 comme \u00e9purateur de CO\u2082 dans les sous-marins, les engins spatiaux et autres environnements ferm\u00e9s pour purifier l\u2019air. Il r\u00e9agit avec le CO\u2082 pour former du carbonate de lithium, \u00e9liminant efficacement le CO\u2082 de l\u2019atmosph\u00e8re. C\u00e9ramique et verre : Utilis\u00e9 dans la production de c\u00e9ramique et de verre pour am\u00e9liorer la fusion et la durabilit\u00e9 du produit. Graisses industrielles : L\u2019hydroxyde de lithium est un additif courant dans les formulations de graisses pour am\u00e9liorer la stabilit\u00e9 \u00e0 des temp\u00e9ratures \u00e9lev\u00e9es, en particulier dans les applications automobiles et industrielles. Traitement de l\u2019eau : En raison de sa nature alcaline, il est parfois utilis\u00e9 pour ajuster le pH dans les processus de traitement de l\u2019eau.<\/p>\n<h2><span style=\"font-size: 14pt;\">S\u00e9curit\u00e9 et manipulation :<\/span><\/h2>\n<p>Corrosif : Peut causer des br\u00fblures chimiques sur la peau ou dans les voies respiratoires en cas d\u2019inhalation. Un \u00e9quipement de protection individuelle (EPI) est n\u00e9cessaire lors de la manipulation. Consid\u00e9rations environnementales : Des m\u00e9thodes d\u2019\u00e9limination appropri\u00e9es sont n\u00e9cessaires pour pr\u00e9venir la contamination de l\u2019environnement en raison de sa forte alcalinit\u00e9. <\/p>\n","protected":false},"excerpt":{"rendered":"<p>L\u2019hydroxyde de lithium est un compos\u00e9 inorganique de formule LiOH. Il s\u2019agit d\u2019un mat\u00e9riau cristallin hygroscopique blanc. Il est soluble dans l\u2019eau et l\u00e9g\u00e8rement soluble dans l\u2019\u00e9thanol. Propri\u00e9t\u00e9s physiques&nbsp;: Formule chimique&nbsp;: LiOH Masse molaire : 23,95 g\/mol (anhydre)\/41,96 g\/mol (monohydrat\u00e9) Apparence&nbsp;:Solide blanc hygroscopique Odeur&nbsp;: aucune Densit\u00e9 : 1,46 g\/cm3 (anhydre)\/1,51 g\/cm3 (monohydrate) Point de fusion [&hellip;]<\/p>\n","protected":false},"featured_media":999034,"comment_status":"open","ping_status":"closed","template":"","meta":{"_acf_changed":false},"product_brand":[],"product_cat":[243],"product_tag":[],"class_list":{"0":"post-1008255","1":"product","2":"type-product","3":"status-publish","4":"has-post-thumbnail","6":"product_cat-materiaux-oxydes-hydroxydes","8":"first","9":"instock","10":"shipping-taxable","11":"purchasable","12":"product-type-variable"},"acf":[],"_links":{"self":[{"href":"https:\/\/vimaterial.de\/fr\/wp-json\/wp\/v2\/product\/1008255","targetHints":{"allow":["GET"]}}],"collection":[{"href":"https:\/\/vimaterial.de\/fr\/wp-json\/wp\/v2\/product"}],"about":[{"href":"https:\/\/vimaterial.de\/fr\/wp-json\/wp\/v2\/types\/product"}],"replies":[{"embeddable":true,"href":"https:\/\/vimaterial.de\/fr\/wp-json\/wp\/v2\/comments?post=1008255"}],"wp:featuredmedia":[{"embeddable":true,"href":"https:\/\/vimaterial.de\/fr\/wp-json\/wp\/v2\/media\/999034"}],"wp:attachment":[{"href":"https:\/\/vimaterial.de\/fr\/wp-json\/wp\/v2\/media?parent=1008255"}],"wp:term":[{"taxonomy":"product_brand","embeddable":true,"href":"https:\/\/vimaterial.de\/fr\/wp-json\/wp\/v2\/product_brand?post=1008255"},{"taxonomy":"product_cat","embeddable":true,"href":"https:\/\/vimaterial.de\/fr\/wp-json\/wp\/v2\/product_cat?post=1008255"},{"taxonomy":"product_tag","embeddable":true,"href":"https:\/\/vimaterial.de\/fr\/wp-json\/wp\/v2\/product_tag?post=1008255"}],"curies":[{"name":"wp","href":"https:\/\/api.w.org\/{rel}","templated":true}]}}