{"id":1008246,"date":"2024-06-17T14:01:30","date_gmt":"2024-06-17T06:01:30","guid":{"rendered":"https:\/\/vimaterial.de\/product\/tantale-de-lithium\/"},"modified":"2024-11-12T10:35:58","modified_gmt":"2024-11-12T02:35:58","slug":"tantale-de-lithium","status":"publish","type":"product","link":"https:\/\/vimaterial.de\/fr\/product\/tantale-de-lithium\/","title":{"rendered":"Lithium Tantalate"},"content":{"rendered":"<p>Le tantalate de lithium (LiTaO\u2083) est un mat\u00e9riau synth\u00e9tique cristallin dot\u00e9 de propri\u00e9t\u00e9s pi\u00e9zo\u00e9lectriques, ferro\u00e9lectriques et \u00e9lectro-optiques exceptionnelles, ce qui le rend pr\u00e9cieux dans les applications de haute technologie. Ce mat\u00e9riau est couramment utilis\u00e9 dans les t\u00e9l\u00e9communications, l\u2019optique et l\u2019\u00e9lectronique en raison de sa capacit\u00e9 \u00e0 convertir efficacement les signaux \u00e9lectriques en vibrations m\u00e9caniques et \u00e0 manipuler la lumi\u00e8re avec pr\u00e9cision. <\/p>\n<h2><span style=\"font-size: 14pt;\">Propri\u00e9t\u00e9s physiques&nbsp;:<\/span><\/h2>\n<p>Formule chimique&nbsp;:LiTaO3<\/p>\n<p>Apparence&nbsp;: Mat\u00e9riau cristallin clair \u00e0 gris ou brun clair.<\/p>\n<p>Masse molaire : 235,887 g\/mol<\/p>\n<p>Densit\u00e9 : 7,46 g\/cm3, solide<\/p>\n<p>Point de fusion : 1 650 \u00b0C (3 000 \u00b0F ; 1 920 K)<\/p>\n<p>Solubilit\u00e9 dans l\u2019eau :Insoluble dans l\u2019eau<\/p>\n<p>Structure : Cristallise dans une structure hexagonale (trigonale) et poss\u00e8de un r\u00e9seau cristallin stable avec des ions hautement ordonn\u00e9s, ce qui contribue \u00e0 ses propri\u00e9t\u00e9s uniques. Propri\u00e9t\u00e9s pi\u00e9zo\u00e9lectriques : Le tantalate de lithium est connu pour son coefficient pi\u00e9zo\u00e9lectrique \u00e9lev\u00e9, il peut convertir l\u2019\u00e9nergie \u00e9lectrique en vibrations m\u00e9caniques et vice versa. Propri\u00e9t\u00e9s \u00e9lectro-optiques : Pr\u00e9sente des effets \u00e9lectro-optiques significatifs, o\u00f9 un champ \u00e9lectrique peut modifier ses propri\u00e9t\u00e9s optiques, ce qui le rend id\u00e9al pour contr\u00f4ler la lumi\u00e8re.<\/p>\n<h2><span style=\"font-size: 14pt;\">Applications:<\/span><\/h2>\n<p>Dispositifs \u00e0 ondes acoustiques de surface (SAW) : Couramment utilis\u00e9s dans les t\u00e9l\u00e9communications pour les filtres SAW, qui sont essentiels dans la communication sans fil, en particulier dans les t\u00e9l\u00e9phones mobiles, les GPS et les r\u00e9cepteurs de t\u00e9l\u00e9vision. Capteurs et actionneurs pi\u00e9zo\u00e9lectriques : Utilis\u00e9s dans les capteurs et actionneurs pr\u00e9cis, en particulier dans les applications a\u00e9rospatiales, m\u00e9dicales et de d\u00e9tection industrielle. Modulateurs \u00e9lectro-optiques : Utilis\u00e9s dans les modulateurs et les commutateurs optiques pour contr\u00f4ler la lumi\u00e8re dans les syst\u00e8mes de communication par fibre optique et les technologies laser. Optique non lin\u00e9aire : Les propri\u00e9t\u00e9s optiques non lin\u00e9aires du tantalate de lithium le rendent adapt\u00e9 au doublage de fr\u00e9quence et \u00e0 d\u2019autres processus optiques dans les applications laser. M\u00e9moire et condensateurs : Utilis\u00e9 dans les technologies de m\u00e9moire ferro\u00e9lectrique et de condensateur en raison de ses propri\u00e9t\u00e9s ferro\u00e9lectriques.<\/p>\n","protected":false},"excerpt":{"rendered":"<p>Le tantalate de lithium (LiTaO\u2083) est un mat\u00e9riau synth\u00e9tique cristallin dot\u00e9 de propri\u00e9t\u00e9s pi\u00e9zo\u00e9lectriques, ferro\u00e9lectriques et \u00e9lectro-optiques exceptionnelles, ce qui le rend pr\u00e9cieux dans les applications de haute technologie. Ce mat\u00e9riau est couramment utilis\u00e9 dans les t\u00e9l\u00e9communications, l\u2019optique et l\u2019\u00e9lectronique en raison de sa capacit\u00e9 \u00e0 convertir efficacement les signaux \u00e9lectriques en vibrations m\u00e9caniques et [&hellip;]<\/p>\n","protected":false},"featured_media":999050,"comment_status":"open","ping_status":"closed","template":"","meta":{"_acf_changed":false},"product_brand":[],"product_cat":[237],"product_tag":[],"class_list":{"0":"post-1008246","1":"product","2":"type-product","3":"status-publish","4":"has-post-thumbnail","6":"product_cat-materiaux-de-la-batterie","8":"first","9":"instock","10":"shipping-taxable","11":"purchasable","12":"product-type-variable"},"acf":[],"_links":{"self":[{"href":"https:\/\/vimaterial.de\/fr\/wp-json\/wp\/v2\/product\/1008246","targetHints":{"allow":["GET"]}}],"collection":[{"href":"https:\/\/vimaterial.de\/fr\/wp-json\/wp\/v2\/product"}],"about":[{"href":"https:\/\/vimaterial.de\/fr\/wp-json\/wp\/v2\/types\/product"}],"replies":[{"embeddable":true,"href":"https:\/\/vimaterial.de\/fr\/wp-json\/wp\/v2\/comments?post=1008246"}],"wp:featuredmedia":[{"embeddable":true,"href":"https:\/\/vimaterial.de\/fr\/wp-json\/wp\/v2\/media\/999050"}],"wp:attachment":[{"href":"https:\/\/vimaterial.de\/fr\/wp-json\/wp\/v2\/media?parent=1008246"}],"wp:term":[{"taxonomy":"product_brand","embeddable":true,"href":"https:\/\/vimaterial.de\/fr\/wp-json\/wp\/v2\/product_brand?post=1008246"},{"taxonomy":"product_cat","embeddable":true,"href":"https:\/\/vimaterial.de\/fr\/wp-json\/wp\/v2\/product_cat?post=1008246"},{"taxonomy":"product_tag","embeddable":true,"href":"https:\/\/vimaterial.de\/fr\/wp-json\/wp\/v2\/product_tag?post=1008246"}],"curies":[{"name":"wp","href":"https:\/\/api.w.org\/{rel}","templated":true}]}}