{"id":1008221,"date":"2024-06-17T13:46:22","date_gmt":"2024-06-17T05:46:22","guid":{"rendered":"https:\/\/vimaterial.de\/product\/alliage-daluminium-et-de-cobalt\/"},"modified":"2024-10-18T13:58:09","modified_gmt":"2024-10-18T05:58:09","slug":"alliage-daluminium-et-de-cobalt","status":"publish","type":"product","link":"https:\/\/vimaterial.de\/fr\/product\/alliage-daluminium-et-de-cobalt\/","title":{"rendered":"Alliage d\u2019aluminium et de cobalt"},"content":{"rendered":"<p>L\u2019alliage d\u2019aluminium et de cobalt est un mat\u00e9riau compos\u00e9 principalement d\u2019aluminium (Al) et de cobalt (Co), g\u00e9n\u00e9ralement combin\u00e9s pour am\u00e9liorer des propri\u00e9t\u00e9s physiques, m\u00e9caniques ou magn\u00e9tiques sp\u00e9cifiques.<\/p>\n<p>&nbsp;<\/p>\n<p>Ces alliages sont con\u00e7us pour tirer parti des forces de l\u2019aluminium et du cobalt :<\/p>\n<ul style=\"list-style-type: square;\">\n<li>Aluminium : Connu pour sa l\u00e9g\u00e8ret\u00e9, sa r\u00e9sistance \u00e0 la corrosion et sa conductivit\u00e9 \u00e9lev\u00e9e.<\/li>\n<li>Cobalt : Ajoute de la force, de la r\u00e9sistance \u00e0 l\u2019usure et, dans certains cas, des propri\u00e9t\u00e9s magn\u00e9tiques.<\/li>\n<\/ul>\n<h2><span style=\"font-size: 14pt;\">Caract\u00e9ristiques:<\/span><\/h2>\n<p><strong>Rapport r\u00e9sistance\/poids \u00e9lev\u00e9 :<\/strong> L\u2019alliage conserve la nature l\u00e9g\u00e8re de l\u2019aluminium tout en gagnant en r\u00e9sistance gr\u00e2ce au cobalt. <strong>R\u00e9sistance \u00e0 la corrosion :<\/strong> Le cobalt am\u00e9liore la r\u00e9sistance \u00e0 la corrosion, en particulier dans les environnements difficiles. <strong>Propri\u00e9t\u00e9s magn\u00e9tiques :<\/strong> Selon la concentration de cobalt, certains alliages d\u2019aluminium et de cobalt pr\u00e9sentent des propri\u00e9t\u00e9s magn\u00e9tiques douces. <strong>R\u00e9sistance \u00e0 la chaleur :<\/strong> Le cobalt am\u00e9liore la r\u00e9sistance de l\u2019alliage aux temp\u00e9ratures \u00e9lev\u00e9es, ce qui le rend adapt\u00e9 aux applications dans l\u2019a\u00e9rospatiale et les turbines. <strong>R\u00e9sistance \u00e0 l\u2019usure :<\/strong> Le cobalt ajoute de la durabilit\u00e9 \u00e0 l\u2019alliage, ce qui le rend adapt\u00e9 aux pi\u00e8ces qui subissent une usure importante.<\/p>\n<h2><span style=\"font-size: 14pt;\">Applications:<\/span><\/h2>\n<p><strong>Industries a\u00e9rospatiale et automobile :<\/strong> Utilis\u00e9 l\u00e0 o\u00f9 des mat\u00e9riaux l\u00e9gers, \u00e0 haute r\u00e9sistance et r\u00e9sistants \u00e0 la chaleur sont n\u00e9cessaires. <strong>Mat\u00e9riaux magn\u00e9tiques :<\/strong> Certains alliages de cobalt et d\u2019aluminium sont utilis\u00e9s dans la production de mat\u00e9riaux magn\u00e9tiques doux. <strong>Outils de coupe et pi\u00e8ces r\u00e9sistantes \u00e0 l\u2019usure :<\/strong> En raison de sa r\u00e9sistance et de sa durabilit\u00e9. La composition et les propri\u00e9t\u00e9s sp\u00e9cifiques des alliages d\u2019aluminium et de cobalt peuvent varier en fonction de l\u2019application pr\u00e9vue.<\/p>\n","protected":false},"excerpt":{"rendered":"<p>L\u2019alliage d\u2019aluminium et de cobalt est un mat\u00e9riau compos\u00e9 principalement d\u2019aluminium (Al) et de cobalt (Co), g\u00e9n\u00e9ralement combin\u00e9s pour am\u00e9liorer des propri\u00e9t\u00e9s physiques, m\u00e9caniques ou magn\u00e9tiques sp\u00e9cifiques. &nbsp; Ces alliages sont con\u00e7us pour tirer parti des forces de l\u2019aluminium et du cobalt : Aluminium : Connu pour sa l\u00e9g\u00e8ret\u00e9, sa r\u00e9sistance \u00e0 la corrosion et [&hellip;]<\/p>\n","protected":false},"featured_media":998058,"comment_status":"open","ping_status":"closed","template":"","meta":{"_acf_changed":false},"product_brand":[],"product_cat":[250],"product_tag":[],"class_list":{"0":"post-1008221","1":"product","2":"type-product","3":"status-publish","4":"has-post-thumbnail","6":"product_cat-poudre-de-metal-pur-et-dalliage","8":"first","9":"instock","10":"shipping-taxable","11":"product-type-variable"},"acf":[],"_links":{"self":[{"href":"https:\/\/vimaterial.de\/fr\/wp-json\/wp\/v2\/product\/1008221","targetHints":{"allow":["GET"]}}],"collection":[{"href":"https:\/\/vimaterial.de\/fr\/wp-json\/wp\/v2\/product"}],"about":[{"href":"https:\/\/vimaterial.de\/fr\/wp-json\/wp\/v2\/types\/product"}],"replies":[{"embeddable":true,"href":"https:\/\/vimaterial.de\/fr\/wp-json\/wp\/v2\/comments?post=1008221"}],"wp:featuredmedia":[{"embeddable":true,"href":"https:\/\/vimaterial.de\/fr\/wp-json\/wp\/v2\/media\/998058"}],"wp:attachment":[{"href":"https:\/\/vimaterial.de\/fr\/wp-json\/wp\/v2\/media?parent=1008221"}],"wp:term":[{"taxonomy":"product_brand","embeddable":true,"href":"https:\/\/vimaterial.de\/fr\/wp-json\/wp\/v2\/product_brand?post=1008221"},{"taxonomy":"product_cat","embeddable":true,"href":"https:\/\/vimaterial.de\/fr\/wp-json\/wp\/v2\/product_cat?post=1008221"},{"taxonomy":"product_tag","embeddable":true,"href":"https:\/\/vimaterial.de\/fr\/wp-json\/wp\/v2\/product_tag?post=1008221"}],"curies":[{"name":"wp","href":"https:\/\/api.w.org\/{rel}","templated":true}]}}