{"id":1008148,"date":"2024-06-17T13:46:25","date_gmt":"2024-06-17T05:46:25","guid":{"rendered":"https:\/\/vimaterial.de\/product\/alliage-daluminium-de-chrome-et-de-silicium\/"},"modified":"2024-10-28T17:55:08","modified_gmt":"2024-10-28T09:55:08","slug":"alliage-daluminium-chrome-silicium","status":"publish","type":"product","link":"https:\/\/vimaterial.de\/fr\/product\/alliage-daluminium-chrome-silicium\/","title":{"rendered":"Alliage d\u2019aluminium, de chrome et de silicium"},"content":{"rendered":"<p>L\u2019alliage aluminium-chrome-silicium est un mat\u00e9riau qui combine de l\u2019aluminium (Al), du chrome (Cr) et du silicium (Si), con\u00e7u pour tirer parti des propri\u00e9t\u00e9s uniques de chaque \u00e9l\u00e9ment. Cet alliage est g\u00e9n\u00e9ralement utilis\u00e9 pour des applications n\u00e9cessitant un \u00e9quilibre entre r\u00e9sistance, r\u00e9sistance \u00e0 l\u2019usure, r\u00e9sistance \u00e0 la corrosion et stabilit\u00e9 thermique, tout en conservant les avantages de la l\u00e9g\u00e8ret\u00e9 de l\u2019aluminium.<\/p>\n<p>&nbsp;<\/p>\n<h2><span style=\"font-size: 14pt;\">Aluminium-chrome-silicium Composition :<\/span><\/h2>\n<p>Aluminium (Al) : Le composant principal de l\u2019alliage, connu pour sa l\u00e9g\u00e8ret\u00e9, son excellente r\u00e9sistance \u00e0 la corrosion et sa bonne conductivit\u00e9 thermique et \u00e9lectrique.<\/p>\n<p>Chrome (Cr) : Ajout\u00e9 pour am\u00e9liorer la r\u00e9sistance, la duret\u00e9, la r\u00e9sistance \u00e0 l\u2019usure et la r\u00e9sistance \u00e0 la corrosion, en particulier \u00e0 des temp\u00e9ratures \u00e9lev\u00e9es.<\/p>\n<p>Silicium (Si) : Am\u00e9liore la coulabilit\u00e9, la duret\u00e9 et la r\u00e9sistance \u00e0 l\u2019usure. Le silicium r\u00e9duit \u00e9galement la dilatation thermique de l\u2019alliage et augmente sa r\u00e9sistance aux chocs thermiques.<\/p>\n<h2><span style=\"font-size: 14pt;\">Aluminium-chrome-silicium Caract\u00e9ristiques :<\/span><\/h2>\n<p>L\u00e9g\u00e8ret\u00e9 : L\u2019aluminium \u00e9tant l\u2019\u00e9l\u00e9ment principal, l\u2019alliage reste l\u00e9ger, ce qui le rend id\u00e9al pour les applications o\u00f9 la r\u00e9duction du poids est cruciale, comme dans les industries a\u00e9rospatiale et automobile.<\/p>\n<p>R\u00e9sistance \u00e0 la corrosion et \u00e0 l\u2019oxydation : Le chrome et le silicium am\u00e9liorent la r\u00e9sistance \u00e0 la corrosion de la matrice d\u2019aluminium. L\u2019alliage r\u00e9siste \u00e0 l\u2019oxydation dans des environnements difficiles, en particulier \u00e0 des temp\u00e9ratures \u00e9lev\u00e9es, ce qui le rend utile dans les applications a\u00e9rospatiales, automobiles et industrielles.<\/p>\n<p>Haute r\u00e9sistance et duret\u00e9 : Le chrome contribue de mani\u00e8re significative \u00e0 la r\u00e9sistance et \u00e0 la duret\u00e9 de l\u2019alliage, am\u00e9liorant ainsi sa capacit\u00e9 \u00e0 r\u00e9sister aux contraintes m\u00e9caniques et \u00e0 l\u2019usure. Le silicium augmente encore la duret\u00e9, offrant une r\u00e9sistance accrue \u00e0 l\u2019usure, en particulier dans les composants sujets aux frottements.<\/p>\n<p>Stabilit\u00e9 thermique : Le silicium am\u00e9liore les propri\u00e9t\u00e9s thermiques de l\u2019alliage, r\u00e9duisant la dilatation thermique et am\u00e9liorant la stabilit\u00e9 thermique. Cela permet \u00e0 l\u2019alliage de conserver sa r\u00e9sistance et son int\u00e9grit\u00e9 \u00e0 des temp\u00e9ratures plus \u00e9lev\u00e9es, ce qui le rend adapt\u00e9 aux composants expos\u00e9s \u00e0 la chaleur.<\/p>\n<p>R\u00e9sistance \u00e0 l\u2019usure : Le silicium augmente la r\u00e9sistance \u00e0 l\u2019usure en am\u00e9liorant la duret\u00e9 de l\u2019alliage. Cela rend le mat\u00e9riau adapt\u00e9 aux applications o\u00f9 le frottement et l\u2019usure m\u00e9canique sont une pr\u00e9occupation, comme les pi\u00e8ces de moteur et les machines industrielles.<\/p>\n<p>Am\u00e9lioration de la coul\u00e9e : La pr\u00e9sence de silicium am\u00e9liore la fluidit\u00e9 de l\u2019alliage pendant le processus de coul\u00e9e, ce qui facilite le coulage de formes et de composants complexes avec pr\u00e9cision.<\/p>\n<p>&nbsp;<\/p>\n<h2><span style=\"font-size: 14pt;\">Aluminium-chrome-silicium Applications :<\/span><\/h2>\n<ul>\n<li>A\u00e9rospatiale : L\u2019alliage d\u2019aluminium-chrome-silicium est utilis\u00e9 dans les composants \u00e0 haute temp\u00e9rature tels que les pi\u00e8ces de moteur, les aubes de turbine et les syst\u00e8mes d\u2019\u00e9chappement en raison de sa r\u00e9sistance, de sa r\u00e9sistance \u00e0 la corrosion et de sa capacit\u00e9 \u00e0 r\u00e9sister aux contraintes thermiques.<\/li>\n<li>Automobile : Il est utilis\u00e9 dans les composants du moteur, tels que les pistons, les culasses et d\u2019autres pi\u00e8ces expos\u00e9es \u00e0 des temp\u00e9ratures \u00e9lev\u00e9es et \u00e0 la friction. La l\u00e9g\u00e8ret\u00e9 de l\u2019alliage contribue \u00e9galement \u00e0 l\u2019efficacit\u00e9 \u00e9nerg\u00e9tique.<\/li>\n<li>Composants \u00e9lectroniques et \u00e9lectriques : La conductivit\u00e9 thermique et \u00e9lectrique de l\u2019alliage, combin\u00e9e \u00e0 sa stabilit\u00e9 \u00e0 haute temp\u00e9rature, le rend adapt\u00e9 aux connecteurs \u00e9lectriques et autres pi\u00e8ces \u00e9lectroniques n\u00e9cessitant une dissipation thermique.<\/li>\n<li>Outils et machines industriels : En raison de sa r\u00e9sistance \u00e0 l\u2019usure et de sa r\u00e9sistance, l\u2019alliage est utilis\u00e9 dans les outils de coupe, les moules et les matrices qui subissent des contraintes m\u00e9caniques r\u00e9p\u00e9t\u00e9es.<\/li>\n<\/ul>\n","protected":false},"excerpt":{"rendered":"<p>L\u2019alliage aluminium-chrome-silicium est un mat\u00e9riau qui combine de l\u2019aluminium (Al), du chrome (Cr) et du silicium (Si), con\u00e7u pour tirer parti des propri\u00e9t\u00e9s uniques de chaque \u00e9l\u00e9ment. Cet alliage est g\u00e9n\u00e9ralement utilis\u00e9 pour des applications n\u00e9cessitant un \u00e9quilibre entre r\u00e9sistance, r\u00e9sistance \u00e0 l\u2019usure, r\u00e9sistance \u00e0 la corrosion et stabilit\u00e9 thermique, tout en conservant les avantages [&hellip;]<\/p>\n","protected":false},"featured_media":998110,"comment_status":"open","ping_status":"closed","template":"","meta":{"_acf_changed":false},"product_brand":[],"product_cat":[236],"product_tag":[],"class_list":{"0":"post-1008148","1":"product","2":"type-product","3":"status-publish","4":"has-post-thumbnail","6":"product_cat-materiaux-devaporation","8":"first","9":"instock","10":"shipping-taxable","11":"product-type-variable"},"acf":[],"_links":{"self":[{"href":"https:\/\/vimaterial.de\/fr\/wp-json\/wp\/v2\/product\/1008148","targetHints":{"allow":["GET"]}}],"collection":[{"href":"https:\/\/vimaterial.de\/fr\/wp-json\/wp\/v2\/product"}],"about":[{"href":"https:\/\/vimaterial.de\/fr\/wp-json\/wp\/v2\/types\/product"}],"replies":[{"embeddable":true,"href":"https:\/\/vimaterial.de\/fr\/wp-json\/wp\/v2\/comments?post=1008148"}],"wp:featuredmedia":[{"embeddable":true,"href":"https:\/\/vimaterial.de\/fr\/wp-json\/wp\/v2\/media\/998110"}],"wp:attachment":[{"href":"https:\/\/vimaterial.de\/fr\/wp-json\/wp\/v2\/media?parent=1008148"}],"wp:term":[{"taxonomy":"product_brand","embeddable":true,"href":"https:\/\/vimaterial.de\/fr\/wp-json\/wp\/v2\/product_brand?post=1008148"},{"taxonomy":"product_cat","embeddable":true,"href":"https:\/\/vimaterial.de\/fr\/wp-json\/wp\/v2\/product_cat?post=1008148"},{"taxonomy":"product_tag","embeddable":true,"href":"https:\/\/vimaterial.de\/fr\/wp-json\/wp\/v2\/product_tag?post=1008148"}],"curies":[{"name":"wp","href":"https:\/\/api.w.org\/{rel}","templated":true}]}}