{"id":1008128,"date":"2024-06-17T13:46:26","date_gmt":"2024-06-17T05:46:26","guid":{"rendered":"https:\/\/vimaterial.de\/product\/alliage-daluminium-chrome-tantale-titane-zirconium\/"},"modified":"2024-10-28T16:11:35","modified_gmt":"2024-10-28T08:11:35","slug":"alliage-alcrtatizr","status":"publish","type":"product","link":"https:\/\/vimaterial.de\/fr\/product\/alliage-alcrtatizr\/","title":{"rendered":"Aluminium, chrome, tantale, titane, alliage de zirconium"},"content":{"rendered":"<p>L\u2019alliage d\u2019aluminium, de chrome, de tantale, de titane et de zirconium (alliage AlCrTaTiZr) est un alliage \u00e0 plusieurs composants qui combine les propri\u00e9t\u00e9s de l\u2019aluminium (Al), du chrome (Cr), du tantale (Ta), du titane (Ti) et du zirconium (Zr). Ce syst\u00e8me d\u2019alliage complexe est g\u00e9n\u00e9ralement con\u00e7u pour offrir une r\u00e9sistance, une r\u00e9sistance \u00e0 la corrosion, une stabilit\u00e9 \u00e0 haute temp\u00e9rature et une durabilit\u00e9 exceptionnelles, ce qui le rend adapt\u00e9 aux applications tr\u00e8s exigeantes, telles que l\u2019a\u00e9rospatiale, la d\u00e9fense et les secteurs industriels avanc\u00e9s.<\/p>\n<p>&nbsp;<\/p>\n<h2><span style=\"font-size: 14pt;\">L\u2019alliage AlCrTaTiZr Composition :<\/span><\/h2>\n<ul>\n<li>Aluminium (Al) : Le m\u00e9tal de base primaire, offrant une faible densit\u00e9, une bonne r\u00e9sistance \u00e0 la corrosion et une excellente conductivit\u00e9 thermique et \u00e9lectrique.<\/li>\n<li>Chrome (Cr) : Am\u00e9liore la r\u00e9sistance, la duret\u00e9 et la r\u00e9sistance \u00e0 l\u2019oxydation et \u00e0 la corrosion de l\u2019alliage, en particulier \u00e0 haute temp\u00e9rature.<\/li>\n<li>Tantale (Ta) : Un m\u00e9tal hautement r\u00e9fractaire connu pour sa r\u00e9sistance exceptionnelle \u00e0 la corrosion et sa stabilit\u00e9 \u00e0 haute temp\u00e9rature, contribuant \u00e0 la capacit\u00e9 de l\u2019alliage \u00e0 fonctionner dans des conditions thermiques et chimiques extr\u00eames.<\/li>\n<li>Titane (Ti) : Ajoute de la r\u00e9sistance, des propri\u00e9t\u00e9s l\u00e9g\u00e8res et une excellente r\u00e9sistance \u00e0 la corrosion, en particulier dans les environnements difficiles. Le titane am\u00e9liore \u00e9galement les performances m\u00e9caniques de l\u2019alliage.<\/li>\n<li>Zirconium (Zr) : Offre une r\u00e9sistance am\u00e9lior\u00e9e \u00e0 la chaleur, une r\u00e9sistance \u00e0 la corrosion et am\u00e9liore la t\u00e9nacit\u00e9 globale de l\u2019alliage. Le zirconium est connu pour affiner la structure des grains et am\u00e9liorer la durabilit\u00e9 de l\u2019alliage sous contrainte m\u00e9canique.<\/li>\n<\/ul>\n<h2><span style=\"font-size: 14pt;\">L\u2019alliage AlCrTaTiZr<\/span><span style=\"font-size: 14pt;\"> Caract\u00e9ristiques :<\/span><\/h2>\n<p><strong>Haute r\u00e9sistance et duret\u00e9<\/strong> : La combinaison de titane, de chrome et de tantale am\u00e9liore consid\u00e9rablement la r\u00e9sistance et la duret\u00e9 de l\u2019alliage, ce qui lui permet de r\u00e9sister \u00e0 de lourdes charges m\u00e9caniques et \u00e0 des environnements \u00e0 forte contrainte. Cela rend l\u2019alliage adapt\u00e9 aux composants structurels dans des applications \u00e0 haute performance.<\/p>\n<p><strong>R\u00e9sistance \u00e0 la corrosion et \u00e0 l\u2019oxydation :<\/strong> La pr\u00e9sence de chrome, de tantale et de zirconium am\u00e9liore consid\u00e9rablement la r\u00e9sistance de l\u2019alliage \u00e0 la corrosion et \u00e0 l\u2019oxydation, m\u00eame dans des environnements agressifs tels que ceux impliquant des produits chimiques, une humidit\u00e9 \u00e9lev\u00e9e ou des temp\u00e9ratures \u00e9lev\u00e9es. Le tantale, en particulier, est tr\u00e8s r\u00e9sistant aux attaques chimiques, ce qui ajoute une protection suppl\u00e9mentaire \u00e0 l\u2019alliage dans les applications corrosives.<\/p>\n<p><strong>Stabilit\u00e9 \u00e0 haute temp\u00e9rature<\/strong> : Le tantale et le zirconium, \u00e9tant des m\u00e9taux r\u00e9fractaires, offrent une excellente stabilit\u00e9 \u00e0 des temp\u00e9ratures \u00e9lev\u00e9es. L\u2019alliage conserve ses propri\u00e9t\u00e9s m\u00e9caniques et r\u00e9siste \u00e0 la d\u00e9gradation sous contrainte thermique, ce qui le rend adapt\u00e9 \u00e0 une utilisation dans des environnements soumis \u00e0 une chaleur extr\u00eame, tels que les moteurs \u00e0 r\u00e9action, les turbines \u00e0 gaz et les composants a\u00e9rospatiaux.<\/p>\n<p><strong>L\u00e9ger:<\/strong> Malgr\u00e9 la complexit\u00e9 de l\u2019alliage, l\u2019aluminium sert de m\u00e9tal de base, ce qui maintient l\u2019alliage relativement l\u00e9ger par rapport \u00e0 d\u2019autres mat\u00e9riaux haute performance. Ceci est particuli\u00e8rement important dans les applications a\u00e9rospatiales et automobiles, o\u00f9 la r\u00e9duction du poids est une priorit\u00e9.<\/p>\n<p><strong>R\u00e9sistance \u00e0 l\u2019usure et \u00e0 l\u2019abrasion<\/strong> : Le chrome et le titane contribuent \u00e0 la capacit\u00e9 de l\u2019alliage \u00e0 r\u00e9sister \u00e0 l\u2019usure et \u00e0 l\u2019abrasion, am\u00e9liorant ainsi sa durabilit\u00e9 dans les pi\u00e8ces soumises \u00e0 la friction ou \u00e0 l\u2019usure m\u00e9canique, telles que les aubes de turbine, les outils de coupe et autres machines industrielles.<\/p>\n<p><strong>T\u00e9nacit\u00e9 et ductilit\u00e9<\/strong> : Le zirconium am\u00e9liore la t\u00e9nacit\u00e9 de l\u2019alliage, lui permettant de r\u00e9sister aux chocs et aux contraintes sans se fracturer. Cette propri\u00e9t\u00e9 est pr\u00e9cieuse dans les applications a\u00e9rospatiales et industrielles o\u00f9 les composants doivent \u00eatre r\u00e9sistants aux forces dynamiques.<\/p>\n<p>&nbsp;<\/p>\n<h2><span style=\"font-size: 14pt;\">L\u2019alliage AlCrTaTiZr<\/span><span style=\"font-size: 14pt;\"> Applications :<\/span><\/h2>\n<ul style=\"list-style-type: square;\">\n<li>A\u00e9rospatiale et d\u00e9fense : La nature l\u00e9g\u00e8re de l\u2019alliage, sa haute r\u00e9sistance et son excellente r\u00e9sistance \u00e0 la corrosion et \u00e0 la chaleur le rendent id\u00e9al pour les structures d\u2019avions, les aubes de turbine, les composants de moteur et d\u2019autres pi\u00e8ces a\u00e9rospatiales critiques. Il est \u00e9galement utilis\u00e9 dans les applications de d\u00e9fense pour les \u00e9quipements expos\u00e9s \u00e0 des conditions extr\u00eames.<\/li>\n<li>Production d\u2019\u00e9nergie : Utilis\u00e9 dans les applications \u00e0 haute temp\u00e9rature telles que les turbines \u00e0 gaz et les \u00e9quipements de centrales \u00e9lectriques, o\u00f9 la r\u00e9sistance \u00e0 la chaleur et la durabilit\u00e9 sont essentielles.<\/li>\n<li>Traitement chimique : La r\u00e9sistance exceptionnelle \u00e0 la corrosion de l\u2019alliage le rend pr\u00e9cieux pour les \u00e9quipements utilis\u00e9s dans les usines chimiques, les r\u00e9acteurs et les cuves expos\u00e9es \u00e0 des substances hautement corrosives.<\/li>\n<li>Automobile : Dans les v\u00e9hicules hautes performances ou de luxe, l\u2019alliage d\u2019aluminium, de chrome, de tantale, de titane et de zirconium (alliage AlCrTaTiZr) peut \u00eatre utilis\u00e9 dans les composants de moteur, les syst\u00e8mes d\u2019\u00e9chappement et les pi\u00e8ces n\u00e9cessitant une combinaison de propri\u00e9t\u00e9s l\u00e9g\u00e8res et de r\u00e9sistance \u00e0 haute temp\u00e9rature.<\/li>\n<li>Secteurs nucl\u00e9aire et \u00e9nerg\u00e9tique : En raison de la capacit\u00e9 de l\u2019alliage aluminium-chrome-tantale-titane-zirconium (alliage AlCrTaTiZr) \u00e0 r\u00e9sister \u00e0 la chaleur et \u00e0 la corrosion, il peut \u00eatre utilis\u00e9 dans des composants expos\u00e9s aux radiations et \u00e0 des conditions extr\u00eames dans les r\u00e9acteurs nucl\u00e9aires ou les syst\u00e8mes \u00e9nerg\u00e9tiques avanc\u00e9s.<\/li>\n<\/ul>\n<p>L\u2019alliage d\u2019aluminium, de chrome, de tantale, de titane et de zirconium (alliage AlCrTaTiZr) est un mat\u00e9riau haute performance connu pour son excellente r\u00e9sistance, sa r\u00e9sistance \u00e0 la corrosion et sa capacit\u00e9 \u00e0 r\u00e9sister \u00e0 des temp\u00e9ratures \u00e9lev\u00e9es. La combinaison unique de m\u00e9taux offre un \u00e9quilibre entre les propri\u00e9t\u00e9s l\u00e9g\u00e8res (de l\u2019aluminium et du titane) et la t\u00e9nacit\u00e9, la r\u00e9sistance \u00e0 l\u2019usure et la r\u00e9sistance \u00e0 la chaleur apport\u00e9es par le chrome, le tantale et le zirconium. Cela rend l\u2019alliage parfaitement adapt\u00e9 aux applications exigeantes dans l\u2019a\u00e9rospatiale, la d\u00e9fense, l\u2019\u00e9nergie et le traitement chimique, o\u00f9 la durabilit\u00e9 et les performances dans des conditions extr\u00eames sont requises.<\/p>\n<p>&nbsp;<\/p>\n<p>&nbsp;<\/p>\n","protected":false},"excerpt":{"rendered":"<p>L\u2019alliage d\u2019aluminium, de chrome, de tantale, de titane et de zirconium (alliage AlCrTaTiZr) est un alliage \u00e0 plusieurs composants qui combine les propri\u00e9t\u00e9s de l\u2019aluminium (Al), du chrome (Cr), du tantale (Ta), du titane (Ti) et du zirconium (Zr). Ce syst\u00e8me d\u2019alliage complexe est g\u00e9n\u00e9ralement con\u00e7u pour offrir une r\u00e9sistance, une r\u00e9sistance \u00e0 la corrosion, [&hellip;]<\/p>\n","protected":false},"featured_media":998117,"comment_status":"open","ping_status":"closed","template":"","meta":{"_acf_changed":false},"product_brand":[],"product_cat":[235],"product_tag":[],"class_list":{"0":"post-1008128","1":"product","2":"type-product","3":"status-publish","4":"has-post-thumbnail","6":"product_cat-cibles-de-pulverisation-planaire","8":"first","9":"instock","10":"shipping-taxable","11":"product-type-variable"},"acf":[],"_links":{"self":[{"href":"https:\/\/vimaterial.de\/fr\/wp-json\/wp\/v2\/product\/1008128","targetHints":{"allow":["GET"]}}],"collection":[{"href":"https:\/\/vimaterial.de\/fr\/wp-json\/wp\/v2\/product"}],"about":[{"href":"https:\/\/vimaterial.de\/fr\/wp-json\/wp\/v2\/types\/product"}],"replies":[{"embeddable":true,"href":"https:\/\/vimaterial.de\/fr\/wp-json\/wp\/v2\/comments?post=1008128"}],"wp:featuredmedia":[{"embeddable":true,"href":"https:\/\/vimaterial.de\/fr\/wp-json\/wp\/v2\/media\/998117"}],"wp:attachment":[{"href":"https:\/\/vimaterial.de\/fr\/wp-json\/wp\/v2\/media?parent=1008128"}],"wp:term":[{"taxonomy":"product_brand","embeddable":true,"href":"https:\/\/vimaterial.de\/fr\/wp-json\/wp\/v2\/product_brand?post=1008128"},{"taxonomy":"product_cat","embeddable":true,"href":"https:\/\/vimaterial.de\/fr\/wp-json\/wp\/v2\/product_cat?post=1008128"},{"taxonomy":"product_tag","embeddable":true,"href":"https:\/\/vimaterial.de\/fr\/wp-json\/wp\/v2\/product_tag?post=1008128"}],"curies":[{"name":"wp","href":"https:\/\/api.w.org\/{rel}","templated":true}]}}