{"id":1008107,"date":"2024-06-17T13:47:16","date_gmt":"2024-06-17T05:47:16","guid":{"rendered":"https:\/\/vimaterial.de\/product\/alliage-daluminium-et-de-cuivre-2\/"},"modified":"2024-10-18T15:11:04","modified_gmt":"2024-10-18T07:11:04","slug":"alliage-daluminium-et-de-cuivre-2","status":"publish","type":"product","link":"https:\/\/vimaterial.de\/fr\/product\/alliage-daluminium-et-de-cuivre-2\/","title":{"rendered":"Alliage d\u2019aluminium et de cuivre"},"content":{"rendered":"<p>L\u2019alliage d\u2019aluminium et de cuivre est un type d\u2019alliage compos\u00e9 principalement d\u2019aluminium (Al) et de cuivre (Cu), le cuivre repr\u00e9sentant g\u00e9n\u00e9ralement entre 1 % et 10 % de la composition de l\u2019alliage. Cette combinaison am\u00e9liore les propri\u00e9t\u00e9s de l\u2019aluminium, ce qui se traduit par une r\u00e9sistance am\u00e9lior\u00e9e et d\u2019autres caract\u00e9ristiques de performance tout en conservant la nature l\u00e9g\u00e8re de l\u2019aluminium.<\/p>\n<p>&nbsp;<\/p>\n<h2><span style=\"font-size: 14pt;\">Caract\u00e9ristiques:<\/span><\/h2>\n<p><strong>R\u00e9sistance accrue<\/strong> : L\u2019ajout de cuivre am\u00e9liore consid\u00e9rablement la r\u00e9sistance \u00e0 la traction et la duret\u00e9 de l\u2019alliage par rapport \u00e0 l\u2019aluminium pur. Cela rend les alliages d\u2019aluminium et de cuivre adapt\u00e9s aux applications o\u00f9 la r\u00e9sistance est critique. <strong>Bonne usinabilit\u00e9<\/strong> : Ces alliages sont connus pour leur excellente usinabilit\u00e9. Cette propri\u00e9t\u00e9 permet de fa\u00e7onner, de former et de couper facilement, ce qui rend ces alliages populaires dans les processus de fabrication. <strong>Aptitude au traitement thermique<\/strong> : De nombreux alliages d\u2019aluminium et de cuivre peuvent \u00eatre trait\u00e9s thermiquement pour am\u00e9liorer encore leurs propri\u00e9t\u00e9s m\u00e9caniques. Les processus de traitement thermique comme le vieillissement peuvent augmenter la r\u00e9sistance et la duret\u00e9, ce qui les rend utiles dans diverses applications structurelles. <strong>R\u00e9sistance \u00e0 la corrosion<\/strong> : Bien que l\u2019aluminium lui-m\u00eame soit r\u00e9sistant \u00e0 la corrosion, l\u2019ajout de cuivre peut r\u00e9duire la r\u00e9sistance globale \u00e0 la corrosion de l\u2019alliage. Cependant, certaines techniques d\u2019alliage et rev\u00eatements protecteurs peuvent am\u00e9liorer la r\u00e9sistance \u00e0 la corrosion de ces alliages dans des applications sp\u00e9cifiques. <strong>Soudabilit\u00e9<\/strong>&nbsp;: Selon la composition sp\u00e9cifique de l\u2019alliage, certains alliages d\u2019aluminium et de cuivre peuvent avoir une soudabilit\u00e9 inf\u00e9rieure \u00e0 celle d\u2019autres alliages d\u2019aluminium. Des pr\u00e9cautions doivent \u00eatre prises lors du soudage de ces mat\u00e9riaux pour \u00e9viter des probl\u00e8mes tels que la fissuration ou la perte de propri\u00e9t\u00e9s m\u00e9caniques. <strong>Conductivit\u00e9 thermique et \u00e9lectrique<\/strong> : Les alliages d\u2019aluminium et de cuivre pr\u00e9sentent une bonne conductivit\u00e9 thermique et \u00e9lectrique, ce qui les rend adapt\u00e9s aux applications \u00e9lectriques et thermiques. La pr\u00e9sence de cuivre am\u00e9liore la conductivit\u00e9 par rapport \u00e0 l\u2019aluminium pur. <\/p>\n<p>&nbsp;<\/p>\n<h2><span style=\"font-size: 14pt;\">Applications:<\/span><\/h2>\n<p><strong>A\u00e9rospatial:<\/strong> Ces alliages sont couramment utilis\u00e9s dans l\u2019industrie a\u00e9rospatiale pour les structures et les composants d\u2019avions, tels que les rev\u00eatements d\u2019aile, les pi\u00e8ces de fuselage et les applications \u00e0 haute contrainte o\u00f9 le poids et la r\u00e9sistance sont essentiels. <strong>Automobile<\/strong> : Ces alliages sont utilis\u00e9s dans la fabrication de pi\u00e8ces automobiles, notamment des composants de moteur, des carters de transmission et des pi\u00e8ces de course haute performance qui n\u00e9cessitent des mat\u00e9riaux l\u00e9gers mais solides. <strong>Applications de construction et structurelles :<\/strong> En raison de leur r\u00e9sistance et de leur usinabilit\u00e9, les alliages d\u2019aluminium et de cuivre sont utilis\u00e9s dans diverses applications de construction, notamment les ponts, les b\u00e2timents et les composants structurels. <strong>Composants \u00e9lectriques :<\/strong> La bonne conductivit\u00e9 \u00e9lectrique des alliages d\u2019aluminium et de cuivre les rend adapt\u00e9s aux connecteurs \u00e9lectriques, aux barres omnibus et \u00e0 d\u2019autres composants des syst\u00e8mes \u00e9lectriques. <strong>Applications marines :<\/strong> Bien que leur r\u00e9sistance \u00e0 la corrosion soit inf\u00e9rieure \u00e0 celle de certains autres alliages d\u2019aluminium, des alliages d\u2019aluminium et de cuivre sp\u00e9cifiques peuvent toujours \u00eatre utilis\u00e9s dans des applications marines o\u00f9 le poids et la r\u00e9sistance sont essentiels.<\/p>\n<p>&nbsp;<\/p>\n","protected":false},"excerpt":{"rendered":"<p>L\u2019alliage d\u2019aluminium et de cuivre est un type d\u2019alliage compos\u00e9 principalement d\u2019aluminium (Al) et de cuivre (Cu), le cuivre repr\u00e9sentant g\u00e9n\u00e9ralement entre 1 % et 10 % de la composition de l\u2019alliage. Cette combinaison am\u00e9liore les propri\u00e9t\u00e9s de l\u2019aluminium, ce qui se traduit par une r\u00e9sistance am\u00e9lior\u00e9e et d\u2019autres caract\u00e9ristiques de performance tout en conservant [&hellip;]<\/p>\n","protected":false},"featured_media":998125,"comment_status":"open","ping_status":"closed","template":"","meta":{"_acf_changed":false},"product_brand":[],"product_cat":[236],"product_tag":[],"class_list":{"0":"post-1008107","1":"product","2":"type-product","3":"status-publish","4":"has-post-thumbnail","6":"product_cat-materiaux-devaporation","8":"first","9":"instock","10":"shipping-taxable","11":"product-type-variable"},"acf":[],"_links":{"self":[{"href":"https:\/\/vimaterial.de\/fr\/wp-json\/wp\/v2\/product\/1008107","targetHints":{"allow":["GET"]}}],"collection":[{"href":"https:\/\/vimaterial.de\/fr\/wp-json\/wp\/v2\/product"}],"about":[{"href":"https:\/\/vimaterial.de\/fr\/wp-json\/wp\/v2\/types\/product"}],"replies":[{"embeddable":true,"href":"https:\/\/vimaterial.de\/fr\/wp-json\/wp\/v2\/comments?post=1008107"}],"wp:featuredmedia":[{"embeddable":true,"href":"https:\/\/vimaterial.de\/fr\/wp-json\/wp\/v2\/media\/998125"}],"wp:attachment":[{"href":"https:\/\/vimaterial.de\/fr\/wp-json\/wp\/v2\/media?parent=1008107"}],"wp:term":[{"taxonomy":"product_brand","embeddable":true,"href":"https:\/\/vimaterial.de\/fr\/wp-json\/wp\/v2\/product_brand?post=1008107"},{"taxonomy":"product_cat","embeddable":true,"href":"https:\/\/vimaterial.de\/fr\/wp-json\/wp\/v2\/product_cat?post=1008107"},{"taxonomy":"product_tag","embeddable":true,"href":"https:\/\/vimaterial.de\/fr\/wp-json\/wp\/v2\/product_tag?post=1008107"}],"curies":[{"name":"wp","href":"https:\/\/api.w.org\/{rel}","templated":true}]}}