{"id":1008095,"date":"2024-06-17T13:47:18","date_gmt":"2024-06-17T05:47:18","guid":{"rendered":"https:\/\/vimaterial.de\/product\/alliage-daluminium-de-cuivre-et-de-fer\/"},"modified":"2024-10-18T15:21:53","modified_gmt":"2024-10-18T07:21:53","slug":"alliage-daluminium-de-cuivre-et-de-fer","status":"publish","type":"product","link":"https:\/\/vimaterial.de\/fr\/product\/alliage-daluminium-de-cuivre-et-de-fer\/","title":{"rendered":"Alliage d\u2019aluminium, de cuivre, de fer"},"content":{"rendered":"<p>L\u2019alliage d\u2019aluminium et de cuivre est un type d\u2019alliage qui combine de l\u2019aluminium (Al), du cuivre (Cu) et du fer (Fe) pour produire un mat\u00e9riau aux propri\u00e9t\u00e9s uniques adapt\u00e9 \u00e0 diverses applications. L\u2019ajout de cuivre et de fer am\u00e9liore la r\u00e9sistance globale, la duret\u00e9 et d\u2019autres caract\u00e9ristiques de performance de la matrice d\u2019aluminium.<\/p>\n<p>&nbsp;<\/p>\n<h2><span style=\"font-size: 14pt;\">Caract\u00e9ristiques:<\/span><\/h2>\n<p>R\u00e9sistance et duret\u00e9 accrues : L\u2019inclusion de cuivre am\u00e9liore consid\u00e9rablement la r\u00e9sistance \u00e0 la traction et la duret\u00e9 de l\u2019alliage par rapport \u00e0 l\u2019aluminium pur. Le fer contribue en outre \u00e0 la r\u00e9sistance, ce qui rend cet alliage adapt\u00e9 aux applications n\u00e9cessitant des performances m\u00e9caniques \u00e9lev\u00e9es. R\u00e9sistance \u00e0 l\u2019usure am\u00e9lior\u00e9e : La combinaison du cuivre et du fer am\u00e9liore la r\u00e9sistance \u00e0 l\u2019usure de l\u2019alliage. Cette propri\u00e9t\u00e9 est particuli\u00e8rement b\u00e9n\u00e9fique dans les applications o\u00f9 les pi\u00e8ces sont soumises \u00e0 des frottements ou \u00e0 une usure m\u00e9canique, comme les composants automobiles et industriels. R\u00e9sistance \u00e0 la corrosion : Bien que l\u2019aluminium pr\u00e9sente naturellement une bonne r\u00e9sistance \u00e0 la corrosion, la pr\u00e9sence de cuivre et de fer peut affecter cette propri\u00e9t\u00e9. Cependant, des techniques d\u2019alliage et des traitements de surface appropri\u00e9s peuvent am\u00e9liorer la r\u00e9sistance globale \u00e0 la corrosion, ce qui rend ces alliages adapt\u00e9s \u00e0 divers environnements. Bonne coul\u00e9e : Les alliages d\u2019aluminium, de cuivre et de fer ont souvent de bonnes propri\u00e9t\u00e9s de coul\u00e9e, ce qui permet la production de formes complexes et de motifs complexes. La fluidit\u00e9 de l\u2019alliage pendant le processus de coul\u00e9e peut conduire \u00e0 une am\u00e9lioration de la finition de surface et de la pr\u00e9cision dimensionnelle. Aptitude au traitement thermique : De nombreux alliages d\u2019aluminium, de cuivre et de fer peuvent \u00eatre trait\u00e9s thermiquement pour am\u00e9liorer encore leurs propri\u00e9t\u00e9s m\u00e9caniques. Les processus de traitement thermique tels que le vieillissement peuvent am\u00e9liorer la r\u00e9sistance et la duret\u00e9, permettant une personnalisation en fonction des exigences sp\u00e9cifiques de l\u2019application. Conductivit\u00e9 thermique et \u00e9lectrique : Ces alliages conservent g\u00e9n\u00e9ralement une bonne conductivit\u00e9 thermique et \u00e9lectrique, bien que l\u2019ajout de fer puisse r\u00e9duire ces propri\u00e9t\u00e9s par rapport \u00e0 d\u2019autres alliages d\u2019aluminium. N\u00e9anmoins, ils restent adapt\u00e9s aux applications n\u00e9cessitant une gestion thermique. <\/p>\n<p>&nbsp;<\/p>\n<h2><span style=\"font-size: 14pt;\">Applications:<\/span><\/h2>\n<p>A\u00e9rospatiale : Les alliages d\u2019aluminium, de cuivre et de fer sont utilis\u00e9s dans divers composants a\u00e9rospatiaux en raison de leur rapport r\u00e9sistance\/poids \u00e9lev\u00e9 et de leur durabilit\u00e9. Les applications courantes comprennent les pi\u00e8ces structurelles, les composants de moteur et d\u2019autres applications critiques o\u00f9 les performances sont essentielles. Automobile : Ces alliages sont utilis\u00e9s dans les pi\u00e8ces automobiles telles que les blocs moteurs, les carters de transmission et les composants expos\u00e9s \u00e0 des temp\u00e9ratures \u00e9lev\u00e9es et \u00e0 l\u2019usure. Leur r\u00e9sistance et leur durabilit\u00e9 les rendent adapt\u00e9s aux v\u00e9hicules hautes performances. \u00c9quipement industriel : L\u2019excellente r\u00e9sistance \u00e0 l\u2019usure et la r\u00e9sistance de l\u2019alliage le rendent id\u00e9al pour la fabrication d\u2019outils, de moules et d\u2019\u00e9quipements dans des environnements industriels. Cela inclut les applications dans les processus d\u2019usinage et de fabrication. Applications marines : Bien qu\u2019ils ne soient pas aussi r\u00e9sistants \u00e0 la corrosion que certains alliages d\u2019aluminium sp\u00e9cialis\u00e9s, les alliages d\u2019aluminium et de cuivre-fer peuvent toujours \u00eatre utilis\u00e9s dans certaines applications marines o\u00f9 la r\u00e9sistance et les propri\u00e9t\u00e9s de l\u00e9g\u00e8ret\u00e9 sont essentielles. Composants \u00e9lectriques : En raison de leur bonne conductivit\u00e9, ces alliages conviennent aux applications \u00e9lectriques telles que les connecteurs, les barres omnibus et d\u2019autres composants n\u00e9cessitant des performances \u00e9lectriques. <\/p>\n","protected":false},"excerpt":{"rendered":"<p>L\u2019alliage d\u2019aluminium et de cuivre est un type d\u2019alliage qui combine de l\u2019aluminium (Al), du cuivre (Cu) et du fer (Fe) pour produire un mat\u00e9riau aux propri\u00e9t\u00e9s uniques adapt\u00e9 \u00e0 diverses applications. L\u2019ajout de cuivre et de fer am\u00e9liore la r\u00e9sistance globale, la duret\u00e9 et d\u2019autres caract\u00e9ristiques de performance de la matrice d\u2019aluminium. &nbsp; Caract\u00e9ristiques: [&hellip;]<\/p>\n","protected":false},"featured_media":998152,"comment_status":"open","ping_status":"closed","template":"","meta":{"_acf_changed":false},"product_brand":[],"product_cat":[235],"product_tag":[],"class_list":{"0":"post-1008095","1":"product","2":"type-product","3":"status-publish","4":"has-post-thumbnail","6":"product_cat-cibles-de-pulverisation-planaire","8":"first","9":"instock","10":"shipping-taxable","11":"purchasable","12":"product-type-variable"},"acf":[],"_links":{"self":[{"href":"https:\/\/vimaterial.de\/fr\/wp-json\/wp\/v2\/product\/1008095","targetHints":{"allow":["GET"]}}],"collection":[{"href":"https:\/\/vimaterial.de\/fr\/wp-json\/wp\/v2\/product"}],"about":[{"href":"https:\/\/vimaterial.de\/fr\/wp-json\/wp\/v2\/types\/product"}],"replies":[{"embeddable":true,"href":"https:\/\/vimaterial.de\/fr\/wp-json\/wp\/v2\/comments?post=1008095"}],"wp:featuredmedia":[{"embeddable":true,"href":"https:\/\/vimaterial.de\/fr\/wp-json\/wp\/v2\/media\/998152"}],"wp:attachment":[{"href":"https:\/\/vimaterial.de\/fr\/wp-json\/wp\/v2\/media?parent=1008095"}],"wp:term":[{"taxonomy":"product_brand","embeddable":true,"href":"https:\/\/vimaterial.de\/fr\/wp-json\/wp\/v2\/product_brand?post=1008095"},{"taxonomy":"product_cat","embeddable":true,"href":"https:\/\/vimaterial.de\/fr\/wp-json\/wp\/v2\/product_cat?post=1008095"},{"taxonomy":"product_tag","embeddable":true,"href":"https:\/\/vimaterial.de\/fr\/wp-json\/wp\/v2\/product_tag?post=1008095"}],"curies":[{"name":"wp","href":"https:\/\/api.w.org\/{rel}","templated":true}]}}