{"id":1008061,"date":"2024-06-17T13:47:18","date_gmt":"2024-06-17T05:47:18","guid":{"rendered":"https:\/\/vimaterial.de\/product\/alliage-daluminium-de-cuivre-et-de-silicium\/"},"modified":"2024-10-18T15:15:10","modified_gmt":"2024-10-18T07:15:10","slug":"alliage-daluminium-de-cuivre-et-de-silicium","status":"publish","type":"product","link":"https:\/\/vimaterial.de\/fr\/product\/alliage-daluminium-de-cuivre-et-de-silicium\/","title":{"rendered":"Alliage d\u2019aluminium, de cuivre, de silicium"},"content":{"rendered":"<p>L\u2019alliage d\u2019aluminium, de cuivre et de silicium est un type d\u2019alliage d\u2019aluminium qui incorpore du cuivre (Cu) et du silicium (Si) comme \u00e9l\u00e9ments d\u2019alliage importants. Cet alliage combine les propri\u00e9t\u00e9s b\u00e9n\u00e9fiques de l\u2019aluminium avec celles du cuivre et du silicium pour atteindre un \u00e9quilibre unique entre r\u00e9sistance, r\u00e9sistance \u00e0 la corrosion et autres caract\u00e9ristiques souhaitables.<\/p>\n<p>&nbsp;<\/p>\n<h2><span style=\"font-size: 14pt;\">Caract\u00e9ristiques:<\/span><\/h2>\n<p>R\u00e9sistance accrue : L\u2019ajout de cuivre am\u00e9liore consid\u00e9rablement la r\u00e9sistance \u00e0 la traction et la duret\u00e9 de l\u2019alliage d\u2019aluminium. Cela rend les alliages d\u2019aluminium, de cuivre-silicium adapt\u00e9s aux applications qui n\u00e9cessitent des propri\u00e9t\u00e9s m\u00e9caniques am\u00e9lior\u00e9es par rapport \u00e0 l\u2019aluminium pur. Bonne coul\u00e9e : La pr\u00e9sence de silicium am\u00e9liore la fluidit\u00e9 de l\u2019alliage pendant les processus de coul\u00e9e, ce qui facilite la production de formes complexes et de conceptions complexes. Cette propri\u00e9t\u00e9 est b\u00e9n\u00e9fique dans la fabrication de composants \u00e0 l\u2019aide de techniques de moulage. R\u00e9sistance \u00e0 la corrosion : Bien que l\u2019aluminium lui-m\u00eame soit r\u00e9sistant \u00e0 la corrosion, l\u2019ajout de cuivre peut r\u00e9duire cette propri\u00e9t\u00e9. Cependant, le silicium am\u00e9liore la r\u00e9sistance globale \u00e0 la corrosion de l\u2019alliage, ce qui rend les alliages d\u2019aluminium et de cuivre-silicium adapt\u00e9s \u00e0 divers environnements, bien que des techniques d\u2019alliage et des traitements de surface appropri\u00e9s puissent \u00eatre n\u00e9cessaires pour des applications sp\u00e9cifiques. Aptitude au traitement thermique : De nombreux alliages d\u2019aluminium, de cuivre et de silicium peuvent \u00eatre trait\u00e9s thermiquement pour am\u00e9liorer encore leur r\u00e9sistance et leur duret\u00e9. Cela les rend adapt\u00e9s aux applications qui n\u00e9cessitent des propri\u00e9t\u00e9s m\u00e9caniques sp\u00e9cifiques obtenues par vieillissement ou d\u2019autres processus de traitement thermique. R\u00e9sistance \u00e0 l\u2019usure : La combinaison de cuivre et de silicium augmente la r\u00e9sistance \u00e0 l\u2019usure de l\u2019alliage, ce qui le rend adapt\u00e9 aux applications o\u00f9 le frottement et l\u2019usure m\u00e9canique sont des pr\u00e9occupations, comme dans les composants automobiles et industriels. Conductivit\u00e9 thermique et \u00e9lectrique : Les alliages d\u2019aluminium, de cuivre et de silicium conservent une bonne conductivit\u00e9 thermique et \u00e9lectrique, ce qui les rend adapt\u00e9s aux applications dans les syst\u00e8mes de gestion \u00e9lectrique et thermique. <\/p>\n<p>&nbsp;<\/p>\n<h2><span style=\"font-size: 14pt;\">Applications:<\/span><\/h2>\n<p>A\u00e9rospatiale : Utilis\u00e9 dans divers composants d\u2019avions et d\u2019engins spatiaux en raison de leur rapport r\u00e9sistance\/poids \u00e9lev\u00e9 et de leur bonne r\u00e9sistance \u00e0 la fatigue. Les applications courantes comprennent les composants structurels, les pi\u00e8ces de moteur et les applications \u00e0 haute contrainte. Automobile : Couramment utilis\u00e9 dans les composants de moteur, les carters de transmission et d\u2019autres pi\u00e8ces o\u00f9 une combinaison de propri\u00e9t\u00e9s l\u00e9g\u00e8res et de r\u00e9sistance est essentielle. L\u2019am\u00e9lioration de la r\u00e9sistance \u00e0 l\u2019usure les rend adapt\u00e9s aux applications automobiles hautes performances. Applications marines : Bien qu\u2019ils ne soient pas aussi r\u00e9sistants \u00e0 la corrosion que certains autres alliages d\u2019aluminium, les alliages d\u2019aluminium, de cuivre et de silicium peuvent toujours \u00eatre utilis\u00e9s dans certaines applications marines o\u00f9 le poids et la r\u00e9sistance sont essentiels. \u00c9quipement industriel&nbsp;: Utilis\u00e9 dans la fabrication de machines et d\u2019\u00e9quipements, y compris l\u2019outillage, les moules et les composants structurels qui n\u00e9cessitent une r\u00e9sistance et une durabilit\u00e9 \u00e9lev\u00e9es. Composants \u00e9lectriques : La bonne conductivit\u00e9 \u00e9lectrique de ces alliages les rend adapt\u00e9s aux applications dans les connecteurs \u00e9lectriques, les barres omnibus et d\u2019autres composants des syst\u00e8mes \u00e9lectriques. <\/p>\n","protected":false},"excerpt":{"rendered":"<p>L\u2019alliage d\u2019aluminium, de cuivre et de silicium est un type d\u2019alliage d\u2019aluminium qui incorpore du cuivre (Cu) et du silicium (Si) comme \u00e9l\u00e9ments d\u2019alliage importants. Cet alliage combine les propri\u00e9t\u00e9s b\u00e9n\u00e9fiques de l\u2019aluminium avec celles du cuivre et du silicium pour atteindre un \u00e9quilibre unique entre r\u00e9sistance, r\u00e9sistance \u00e0 la corrosion et autres caract\u00e9ristiques souhaitables. [&hellip;]<\/p>\n","protected":false},"featured_media":998159,"comment_status":"open","ping_status":"closed","template":"","meta":{"_acf_changed":false},"product_brand":[],"product_cat":[235],"product_tag":[],"class_list":{"0":"post-1008061","1":"product","2":"type-product","3":"status-publish","4":"has-post-thumbnail","6":"product_cat-cibles-de-pulverisation-planaire","8":"first","9":"instock","10":"shipping-taxable","11":"product-type-variable"},"acf":[],"_links":{"self":[{"href":"https:\/\/vimaterial.de\/fr\/wp-json\/wp\/v2\/product\/1008061","targetHints":{"allow":["GET"]}}],"collection":[{"href":"https:\/\/vimaterial.de\/fr\/wp-json\/wp\/v2\/product"}],"about":[{"href":"https:\/\/vimaterial.de\/fr\/wp-json\/wp\/v2\/types\/product"}],"replies":[{"embeddable":true,"href":"https:\/\/vimaterial.de\/fr\/wp-json\/wp\/v2\/comments?post=1008061"}],"wp:featuredmedia":[{"embeddable":true,"href":"https:\/\/vimaterial.de\/fr\/wp-json\/wp\/v2\/media\/998159"}],"wp:attachment":[{"href":"https:\/\/vimaterial.de\/fr\/wp-json\/wp\/v2\/media?parent=1008061"}],"wp:term":[{"taxonomy":"product_brand","embeddable":true,"href":"https:\/\/vimaterial.de\/fr\/wp-json\/wp\/v2\/product_brand?post=1008061"},{"taxonomy":"product_cat","embeddable":true,"href":"https:\/\/vimaterial.de\/fr\/wp-json\/wp\/v2\/product_cat?post=1008061"},{"taxonomy":"product_tag","embeddable":true,"href":"https:\/\/vimaterial.de\/fr\/wp-json\/wp\/v2\/product_tag?post=1008061"}],"curies":[{"name":"wp","href":"https:\/\/api.w.org\/{rel}","templated":true}]}}