{"id":1007983,"date":"2024-06-17T13:48:18","date_gmt":"2024-06-17T05:48:18","guid":{"rendered":"https:\/\/vimaterial.de\/product\/alliage-daluminium-et-de-molybdene\/"},"modified":"2024-10-18T17:26:15","modified_gmt":"2024-10-18T09:26:15","slug":"alliage-daluminium-et-de-molybdene","status":"publish","type":"product","link":"https:\/\/vimaterial.de\/fr\/product\/alliage-daluminium-et-de-molybdene\/","title":{"rendered":"Alliage d\u2019aluminium et de molybd\u00e8ne"},"content":{"rendered":"<p>La cible en alliage d\u2019aluminium et de molybd\u00e8ne est un mat\u00e9riau utilis\u00e9 dans le processus de pulv\u00e9risation pour d\u00e9poser des films minces d\u2019aluminium (Al) et de molybd\u00e8ne (Mo) sur des substrats. La pulv\u00e9risation est une technique dans laquelle des ions (g\u00e9n\u00e9ralement d\u2019un plasma) sont utilis\u00e9s pour bombarder la cible, provoquant l\u2019\u00e9jection d\u2019atomes et la formation d\u2019un film mince \u00e0 la surface d\u2019un substrat. La combinaison de l\u2019aluminium et du molybd\u00e8ne dans ces cibles permet d\u2019obtenir un mat\u00e9riau aux propri\u00e9t\u00e9s m\u00e9caniques, thermiques et \u00e9lectriques uniques, ce qui le rend utile pour un large \u00e9ventail d\u2019applications industrielles et technologiques.<\/p>\n<p>&nbsp;<\/p>\n<h2><span style=\"font-size: 14pt;\">Caract\u00e9ristiques:<\/span><\/h2>\n<p>Composition&nbsp;: Les cibles en alliage d\u2019aluminium et de molybd\u00e8ne sont g\u00e9n\u00e9ralement constitu\u00e9es de rapports variables d\u2019aluminium et de molybd\u00e8ne, en fonction des propri\u00e9t\u00e9s souhait\u00e9es du film mince d\u00e9pos\u00e9. Le molybd\u00e8ne est g\u00e9n\u00e9ralement utilis\u00e9 pour am\u00e9liorer la r\u00e9sistance, la r\u00e9sistance \u00e0 la temp\u00e9rature et les propri\u00e9t\u00e9s \u00e9lectriques de l\u2019alliage. Haute r\u00e9sistance et durabilit\u00e9&nbsp;: Le molybd\u00e8ne contribue de mani\u00e8re significative \u00e0 la r\u00e9sistance et \u00e0 la duret\u00e9 de l\u2019alliage, rendant les films minces d\u00e9pos\u00e9s r\u00e9sistants \u00e0 l\u2019usure, aux contraintes m\u00e9caniques et \u00e0 la d\u00e9formation. Cela rend les films aluminium-molybd\u00e8ne id\u00e9aux pour les environnements exigeants. Stabilit\u00e9 thermique : Le molybd\u00e8ne a un point de fusion \u00e9lev\u00e9 et une excellente stabilit\u00e9 thermique, ce qui signifie que les films d\u2019alliage d\u2019aluminium et de molybd\u00e8ne peuvent r\u00e9sister \u00e0 des temp\u00e9ratures \u00e9lev\u00e9es sans d\u00e9gradation. Cela les rend adapt\u00e9s aux applications dans des environnements \u00e0 haute temp\u00e9rature. Bonne conductivit\u00e9 \u00e9lectrique : La conductivit\u00e9 \u00e9lectrique inh\u00e9rente \u00e0 l\u2019aluminium, combin\u00e9e aux propri\u00e9t\u00e9s m\u00e9caniques am\u00e9lior\u00e9es fournies par le molybd\u00e8ne, rend cet alliage utile dans les applications n\u00e9cessitant des films conducteurs. La pr\u00e9sence de molybd\u00e8ne am\u00e9liore \u00e9galement la stabilit\u00e9 des propri\u00e9t\u00e9s \u00e9lectriques \u00e0 des temp\u00e9ratures plus \u00e9lev\u00e9es. R\u00e9sistance \u00e0 la corrosion : L\u2019aluminium et le molybd\u00e8ne offrent tous deux une bonne r\u00e9sistance \u00e0 la corrosion. L\u2019aluminium, en particulier, forme une couche d\u2019oxyde protectrice, tandis que le molybd\u00e8ne contribue \u00e0 la r\u00e9sistance de l\u2019alliage \u00e0 l\u2019oxydation et \u00e0 la d\u00e9gradation dans les environnements difficiles. Microstructure contr\u00f4l\u00e9e : La microstructure des films minces d\u00e9pos\u00e9s peut \u00eatre contr\u00f4l\u00e9e par le processus de pulv\u00e9risation et la composition de l\u2019alliage. Cela permet d\u2019adapter pr\u00e9cis\u00e9ment les propri\u00e9t\u00e9s du film \u00e0 des applications sp\u00e9cifiques, telles que l\u2019am\u00e9lioration de la duret\u00e9 ou l\u2019optimisation des caract\u00e9ristiques \u00e9lectriques. <\/p>\n<p>&nbsp;<\/p>\n<h2><span style=\"font-size: 14pt;\">Applications:<\/span><\/h2>\n<p>Fabrication de semi-conducteurs : Les cibles de pulv\u00e9risation en alliage d\u2019aluminium et de molybd\u00e8ne sont utilis\u00e9es dans la production de films minces pour les dispositifs \u00e0 semi-conducteurs, y compris les transistors, les condensateurs et les circuits int\u00e9gr\u00e9s. Les propri\u00e9t\u00e9s \u00e9lectriques de l\u2019alliage le rendent id\u00e9al pour les couches conductrices et les interconnexions. Transistors \u00e0 couche mince (TFT) : La combinaison de la conductivit\u00e9 de l\u2019aluminium et de la stabilit\u00e9 thermique du molybd\u00e8ne rend cet alliage adapt\u00e9 aux transistors \u00e0 couche mince, couramment utilis\u00e9s dans les \u00e9crans plats tels que les \u00e9crans LCD et OLED. Cellules solaires&nbsp;: Les couches minces d\u2019aluminium et de molybd\u00e8ne sont utilis\u00e9es dans la fabrication de cellules solaires, o\u00f9 elles agissent comme une couche conductrice qui aide au transfert efficace de l\u2019\u00e9nergie \u00e9lectrique g\u00e9n\u00e9r\u00e9e par la lumi\u00e8re du soleil. A\u00e9rospatiale et automobile : La haute r\u00e9sistance, la stabilit\u00e9 thermique et la r\u00e9sistance \u00e0 la corrosion des films d\u2019alliage d\u2019aluminium et de molybd\u00e8ne les rendent adapt\u00e9s \u00e0 une utilisation dans les composants a\u00e9rospatiaux et automobiles, en particulier ceux expos\u00e9s \u00e0 des temp\u00e9ratures \u00e9lev\u00e9es et \u00e0 des contraintes m\u00e9caniques. Rev\u00eatements protecteurs : La durabilit\u00e9 et la r\u00e9sistance \u00e0 la corrosion de l\u2019alliage le rendent adapt\u00e9 aux rev\u00eatements protecteurs sur une vari\u00e9t\u00e9 de surfaces, y compris les machines industrielles, les outils et les appareils \u00e9lectroniques. Micro\u00e9lectronique : Les cibles en alliage d\u2019aluminium et de molybd\u00e8ne sont utilis\u00e9es pour d\u00e9poser des couches minces pour les applications micro\u00e9lectroniques, telles que les connecteurs et les couches de liaison, o\u00f9 une conductivit\u00e9 \u00e9lectrique et une durabilit\u00e9 \u00e9lev\u00e9es sont essentielles. <\/p>\n<p>&nbsp;<\/p>\n","protected":false},"excerpt":{"rendered":"<p>La cible en alliage d\u2019aluminium et de molybd\u00e8ne est un mat\u00e9riau utilis\u00e9 dans le processus de pulv\u00e9risation pour d\u00e9poser des films minces d\u2019aluminium (Al) et de molybd\u00e8ne (Mo) sur des substrats. La pulv\u00e9risation est une technique dans laquelle des ions (g\u00e9n\u00e9ralement d\u2019un plasma) sont utilis\u00e9s pour bombarder la cible, provoquant l\u2019\u00e9jection d\u2019atomes et la formation [&hellip;]<\/p>\n","protected":false},"featured_media":998212,"comment_status":"open","ping_status":"closed","template":"","meta":{"_acf_changed":false},"product_brand":[],"product_cat":[235],"product_tag":[],"class_list":{"0":"post-1007983","1":"product","2":"type-product","3":"status-publish","4":"has-post-thumbnail","6":"product_cat-cibles-de-pulverisation-planaire","8":"first","9":"instock","10":"shipping-taxable","11":"purchasable","12":"product-type-variable"},"acf":[],"_links":{"self":[{"href":"https:\/\/vimaterial.de\/fr\/wp-json\/wp\/v2\/product\/1007983","targetHints":{"allow":["GET"]}}],"collection":[{"href":"https:\/\/vimaterial.de\/fr\/wp-json\/wp\/v2\/product"}],"about":[{"href":"https:\/\/vimaterial.de\/fr\/wp-json\/wp\/v2\/types\/product"}],"replies":[{"embeddable":true,"href":"https:\/\/vimaterial.de\/fr\/wp-json\/wp\/v2\/comments?post=1007983"}],"wp:featuredmedia":[{"embeddable":true,"href":"https:\/\/vimaterial.de\/fr\/wp-json\/wp\/v2\/media\/998212"}],"wp:attachment":[{"href":"https:\/\/vimaterial.de\/fr\/wp-json\/wp\/v2\/media?parent=1007983"}],"wp:term":[{"taxonomy":"product_brand","embeddable":true,"href":"https:\/\/vimaterial.de\/fr\/wp-json\/wp\/v2\/product_brand?post=1007983"},{"taxonomy":"product_cat","embeddable":true,"href":"https:\/\/vimaterial.de\/fr\/wp-json\/wp\/v2\/product_cat?post=1007983"},{"taxonomy":"product_tag","embeddable":true,"href":"https:\/\/vimaterial.de\/fr\/wp-json\/wp\/v2\/product_tag?post=1007983"}],"curies":[{"name":"wp","href":"https:\/\/api.w.org\/{rel}","templated":true}]}}