{"id":1007939,"date":"2024-06-17T13:48:22","date_gmt":"2024-06-17T05:48:22","guid":{"rendered":"https:\/\/vimaterial.de\/product\/alliage-daluminium-et-de-scandium\/"},"modified":"2024-10-18T17:38:33","modified_gmt":"2024-10-18T09:38:33","slug":"alliage-daluminium-et-de-scandium","status":"publish","type":"product","link":"https:\/\/vimaterial.de\/fr\/product\/alliage-daluminium-et-de-scandium\/","title":{"rendered":"Alliage d\u2019aluminium et de scandium"},"content":{"rendered":"<p>L\u2019alliage d\u2019aluminium et de scandium est un alliage haute performance fabriqu\u00e9 en incorporant de petites quantit\u00e9s de scandium (Sc) dans de l\u2019aluminium (Al). Le scandium, un m\u00e9tal de terre rare, am\u00e9liore consid\u00e9rablement les propri\u00e9t\u00e9s m\u00e9caniques et physiques de l\u2019aluminium, ce qui rend l\u2019alliage particuli\u00e8rement pr\u00e9cieux dans l\u2019a\u00e9rospatiale, la d\u00e9fense, les \u00e9quipements sportifs et la fabrication avanc\u00e9e. L\u2019ajout de scandium cr\u00e9e une structure \u00e0 grain fin, am\u00e9liore la r\u00e9sistance et am\u00e9liore la soudabilit\u00e9 sans augmentation significative du poids. <\/p>\n<p>&nbsp;<\/p>\n<h2><span style=\"font-size: 14pt;\">Caract\u00e9ristiques:<\/span><\/h2>\n<p>R\u00e9sistance am\u00e9lior\u00e9e&nbsp;: L\u2019ajout de scandium am\u00e9liore consid\u00e9rablement la r\u00e9sistance \u00e0 la traction et la limite d\u2019\u00e9lasticit\u00e9 de l\u2019aluminium. M\u00eame de petites quantit\u00e9s de scandium (g\u00e9n\u00e9ralement autour de 0,1 \u00e0 0,2 % en poids) entra\u00eenent une augmentation significative de la r\u00e9sistance. Raffinement des grains : Le scandium agit comme un raffineur de grains dans les alliages d\u2019aluminium, r\u00e9duisant la taille des grains d\u2019aluminium lors de la solidification. Cette structure \u00e0 grain fin am\u00e9liore les propri\u00e9t\u00e9s m\u00e9caniques globales, y compris la r\u00e9sistance \u00e0 la fatigue et \u00e0 la rupture. Soudabilit\u00e9 am\u00e9lior\u00e9e : L\u2019un des principaux avantages de l\u2019ajout de scandium est qu\u2019il r\u00e9duit la formation de fissures chaudes pendant le soudage. Les alliages d\u2019aluminium et de scandium conservent leur r\u00e9sistance et leur structure apr\u00e8s le soudage, ce qui les rend id\u00e9aux pour les applications n\u00e9cessitant des mat\u00e9riaux solides et soudables. R\u00e9sistance \u00e0 la corrosion : Les alliages d\u2019aluminium et de scandium offrent une bonne r\u00e9sistance \u00e0 la corrosion, similaire \u00e0 celle de l\u2019aluminium pur ou des alliages d\u2019aluminium standard. Cette propri\u00e9t\u00e9 les rend adapt\u00e9s \u00e0 une utilisation dans des environnements expos\u00e9s \u00e0 l\u2019humidit\u00e9 ou \u00e0 d\u2019autres \u00e9l\u00e9ments corrosifs. R\u00e9sistance \u00e0 la chaleur am\u00e9lior\u00e9e : Le scandium am\u00e9liore les performances \u00e0 haute temp\u00e9rature de l\u2019aluminium, ce qui rend l\u2019alliage plus stable et plus r\u00e9sistant \u00e0 des temp\u00e9ratures \u00e9lev\u00e9es. Ceci est particuli\u00e8rement pr\u00e9cieux dans les applications qui impliquent des temp\u00e9ratures de fonctionnement \u00e9lev\u00e9es. L\u00e9ger : Comme l\u2019aluminium, les alliages d\u2019aluminium et de scandium sont l\u00e9gers, conservant l\u2019un des principaux avantages de l\u2019aluminium pour les applications o\u00f9 les \u00e9conomies de poids sont essentielles, comme dans l\u2019a\u00e9rospatiale et les \u00e9quipements sportifs. <\/p>\n<p>&nbsp;<\/p>\n<h2><span style=\"font-size: 14pt;\">Applications:<\/span><\/h2>\n<p>A\u00e9rospatiale : Les alliages d\u2019aluminium et de scandium sont tr\u00e8s pris\u00e9s dans l\u2019industrie a\u00e9rospatiale pour leur combinaison de haute r\u00e9sistance, de l\u00e9g\u00e8ret\u00e9 et de soudabilit\u00e9. Ils sont utilis\u00e9s dans les structures d\u2019avions, les composants de fuselage et d\u2019autres pi\u00e8ces o\u00f9 il est essentiel de r\u00e9duire le poids tout en maintenant la r\u00e9sistance. D\u00e9fense et militaire : La r\u00e9sistance et les caract\u00e9ristiques de l\u00e9g\u00e8ret\u00e9 de l\u2019alliage le rendent id\u00e9al pour les applications de d\u00e9fense, telles que les armures et autres composants structurels qui n\u00e9cessitent des performances \u00e9lev\u00e9es dans des conditions extr\u00eames. \u00c9quipement sportif : Les \u00e9quipements sportifs haut de gamme tels que les battes de baseball, les cadres de v\u00e9lo, les b\u00e2tons de crosse et les raquettes de tennis sont fabriqu\u00e9s \u00e0 partir d\u2019alliages d\u2019aluminium et de scandium en raison de leur r\u00e9sistance, de leur l\u00e9g\u00e8ret\u00e9 et de leur r\u00e9sistance \u00e0 la fatigue, offrant des performances et une durabilit\u00e9 am\u00e9lior\u00e9es. Fabrication additive : Les alliages d\u2019aluminium et de scandium deviennent populaires dans l\u2019impression 3D et la fabrication additive en raison de leur structure \u00e0 grain fin, de leur r\u00e9sistance et de leur capacit\u00e9 \u00e0 \u00eatre soud\u00e9s ou trait\u00e9s en couches minces. Cela les rend id\u00e9aux pour produire des pi\u00e8ces complexes \u00e0 haute r\u00e9sistance et \u00e0 faible poids. Applications marines : En raison de leur excellente r\u00e9sistance \u00e0 la corrosion et de leurs propri\u00e9t\u00e9s l\u00e9g\u00e8res, les alliages d\u2019aluminium et de scandium sont utilis\u00e9s dans les applications marines, notamment la construction navale et d\u2019autres structures aquatiques. Automobile : L\u2019industrie automobile utilise des alliages d\u2019aluminium et de scandium pour les v\u00e9hicules haute performance, o\u00f9 la r\u00e9duction de poids est essentielle pour l\u2019efficacit\u00e9 \u00e9nerg\u00e9tique et les performances. Il peut \u00eatre utilis\u00e9 dans les panneaux de carrosserie, les composants de ch\u00e2ssis et d\u2019autres pi\u00e8ces structurelles. <\/p>\n<p>&nbsp;<\/p>\n","protected":false},"excerpt":{"rendered":"<p>L\u2019alliage d\u2019aluminium et de scandium est un alliage haute performance fabriqu\u00e9 en incorporant de petites quantit\u00e9s de scandium (Sc) dans de l\u2019aluminium (Al). Le scandium, un m\u00e9tal de terre rare, am\u00e9liore consid\u00e9rablement les propri\u00e9t\u00e9s m\u00e9caniques et physiques de l\u2019aluminium, ce qui rend l\u2019alliage particuli\u00e8rement pr\u00e9cieux dans l\u2019a\u00e9rospatiale, la d\u00e9fense, les \u00e9quipements sportifs et la fabrication [&hellip;]<\/p>\n","protected":false},"featured_media":998243,"comment_status":"open","ping_status":"closed","template":"","meta":{"_acf_changed":false},"product_brand":[],"product_cat":[250],"product_tag":[],"class_list":{"0":"post-1007939","1":"product","2":"type-product","3":"status-publish","4":"has-post-thumbnail","6":"product_cat-poudre-de-metal-pur-et-dalliage","8":"first","9":"instock","10":"shipping-taxable","11":"purchasable","12":"product-type-variable"},"acf":[],"_links":{"self":[{"href":"https:\/\/vimaterial.de\/fr\/wp-json\/wp\/v2\/product\/1007939","targetHints":{"allow":["GET"]}}],"collection":[{"href":"https:\/\/vimaterial.de\/fr\/wp-json\/wp\/v2\/product"}],"about":[{"href":"https:\/\/vimaterial.de\/fr\/wp-json\/wp\/v2\/types\/product"}],"replies":[{"embeddable":true,"href":"https:\/\/vimaterial.de\/fr\/wp-json\/wp\/v2\/comments?post=1007939"}],"wp:featuredmedia":[{"embeddable":true,"href":"https:\/\/vimaterial.de\/fr\/wp-json\/wp\/v2\/media\/998243"}],"wp:attachment":[{"href":"https:\/\/vimaterial.de\/fr\/wp-json\/wp\/v2\/media?parent=1007939"}],"wp:term":[{"taxonomy":"product_brand","embeddable":true,"href":"https:\/\/vimaterial.de\/fr\/wp-json\/wp\/v2\/product_brand?post=1007939"},{"taxonomy":"product_cat","embeddable":true,"href":"https:\/\/vimaterial.de\/fr\/wp-json\/wp\/v2\/product_cat?post=1007939"},{"taxonomy":"product_tag","embeddable":true,"href":"https:\/\/vimaterial.de\/fr\/wp-json\/wp\/v2\/product_tag?post=1007939"}],"curies":[{"name":"wp","href":"https:\/\/api.w.org\/{rel}","templated":true}]}}