{"id":1007916,"date":"2024-06-17T13:48:25","date_gmt":"2024-06-17T05:48:25","guid":{"rendered":"https:\/\/vimaterial.de\/product\/alliage-daluminium-et-de-silicium-3\/"},"modified":"2024-10-28T16:08:58","modified_gmt":"2024-10-28T08:08:58","slug":"alliage-daluminium-et-de-silicium-3","status":"publish","type":"product","link":"https:\/\/vimaterial.de\/fr\/product\/alliage-daluminium-et-de-silicium-3\/","title":{"rendered":"Alliage d\u2019aluminium et de silicium"},"content":{"rendered":"<p>Les alliages d&#8217;aluminium et de silicium (Al-Si) sont un alliage largement utilis\u00e9 qui combine l\u2019aluminium (Al) et le silicium (Si) pour am\u00e9liorer les propri\u00e9t\u00e9s du mat\u00e9riau. L\u2019ajout de silicium \u00e0 l\u2019aluminium am\u00e9liore sa coulabilit\u00e9, sa r\u00e9sistance, sa r\u00e9sistance \u00e0 l\u2019usure et r\u00e9duit le r\u00e9tr\u00e9cissement, ce qui en fait un choix populaire dans les industries automobile, a\u00e9rospatiale et manufacturi\u00e8re.<\/p>\n<p>Le silicium repr\u00e9sente g\u00e9n\u00e9ralement entre 5 % et 23 % de l\u2019alliage en poids, en fonction des exigences sp\u00e9cifiques de l\u2019application.<\/p>\n<p>&nbsp;<\/p>\n<h2><span style=\"font-size: 14pt;\">Caract\u00e9ristiques:<\/span><\/h2>\n<p>Am\u00e9lioration de la coul\u00e9e : Les alliages d&#8217;aluminium et de silicium (Al-Si) sont connus pour leurs excellentes propri\u00e9t\u00e9s de coul\u00e9e. Le silicium am\u00e9liore la fluidit\u00e9 de l\u2019aluminium fondu, ce qui facilite la coul\u00e9e dans des formes complexes. Cette propri\u00e9t\u00e9 rend les alliages Al-Si parfaitement adapt\u00e9s au moulage sous pression et \u00e0 d\u2019autres m\u00e9thodes de coul\u00e9e.<\/p>\n<p>Faible dilatation thermique : Le silicium r\u00e9duit la dilatation thermique de l\u2019aluminium, ce qui se traduit par une meilleure stabilit\u00e9 dimensionnelle \u00e0 des temp\u00e9ratures variables. Cela rend l\u2019alliage id\u00e9al pour les composants qui doivent maintenir des tol\u00e9rances serr\u00e9es dans des environnements \u00e0 haute chaleur, tels que les pi\u00e8ces de moteur.<\/p>\n<p>R\u00e9sistance accrue \u00e0 l\u2019usure : La pr\u00e9sence de silicium dans l\u2019alliage am\u00e9liore sa duret\u00e9 et sa r\u00e9sistance \u00e0 l\u2019usure. Cela rend les alliages Al-Si particuli\u00e8rement adapt\u00e9s aux applications o\u00f9 le frottement et l\u2019usure sont des facteurs, comme dans les moteurs automobiles, les pistons et les culasses.<\/p>\n<p>R\u00e9sistance \u00e0 la corrosion : Les alliages d&#8217;aluminium et de silicium (Al-Si) ont une bonne r\u00e9sistance \u00e0 la corrosion, en particulier dans les environnements o\u00f9 ils sont expos\u00e9s \u00e0 l\u2019humidit\u00e9 ou \u00e0 d\u2019autres agents corrosifs. Cette propri\u00e9t\u00e9 est encore am\u00e9lior\u00e9e avec l\u2019ajout d\u2019autres \u00e9l\u00e9ments, tels que le magn\u00e9sium ou le cuivre.<\/p>\n<p>R\u00e9sistance et l\u00e9g\u00e8ret\u00e9 : Les alliages d&#8217;aluminium et de silicium (Al-Si) conservent les propri\u00e9t\u00e9s de l\u00e9g\u00e8ret\u00e9 inh\u00e9rentes \u00e0 l\u2019aluminium tout en augmentant sa r\u00e9sistance, ce qui rend le mat\u00e9riau id\u00e9al pour les applications o\u00f9 la r\u00e9duction du poids et les performances m\u00e9caniques sont importantes.<\/p>\n<p>Retrait r\u00e9duit : Le silicium r\u00e9duit la tendance de l\u2019aluminium \u00e0 se r\u00e9tracter lors de la solidification, ce qui am\u00e9liore la pr\u00e9cision dimensionnelle des composants coul\u00e9s et minimise les d\u00e9fauts du produit final.<\/p>\n<p>Soudabilit\u00e9 : Les alliages Al-Si pr\u00e9sentent une bonne soudabilit\u00e9, en particulier lorsque la teneur en silicium est d\u2019environ 12 %. Cela facilite la soudure et l\u2019assemblage de composants fabriqu\u00e9s \u00e0 partir de ces alliages.<\/p>\n<p>&nbsp;<\/p>\n<h2><span style=\"font-size: 14pt;\">Applications:<\/span><\/h2>\n<p>Industrie automobile : Les alliages d&#8217;aluminium et de silicium sont largement utilis\u00e9s dans l\u2019industrie automobile, en particulier pour les composants de moteur tels que les pistons, les culasses et les blocs moteurs. La haute r\u00e9sistance, la r\u00e9sistance \u00e0 l\u2019usure et la faible dilatation thermique de l\u2019alliage le rendent id\u00e9al pour ces applications hautes performances et \u00e0 haute chaleur.<\/p>\n<p>A\u00e9rospatiale : La nature l\u00e9g\u00e8re des alliages Al-Si, combin\u00e9e \u00e0 leur r\u00e9sistance et \u00e0 leur stabilit\u00e9 \u00e0 des temp\u00e9ratures \u00e9lev\u00e9es, les rend adapt\u00e9s aux composants a\u00e9rospatiaux, y compris les pi\u00e8ces de moteur et les composants structurels qui doivent r\u00e9sister \u00e0 des contraintes \u00e9lev\u00e9es et \u00e0 des cycles thermiques.<\/p>\n<p>Moulage sous pression : Les alliages d&#8217;aluminium et de silicium (Al-Si) sont couramment utilis\u00e9s dans le moulage sous pression en raison de leur excellente coulabilit\u00e9 et de leur capacit\u00e9 \u00e0 produire des composants complexes et d\u00e9taill\u00e9s. Ces alliages sont fr\u00e9quemment utilis\u00e9s dans la production de pi\u00e8ces automobiles, de bo\u00eetiers et de cadres.<\/p>\n<p>\u00c9lectronique et dissipateurs thermiques : La faible dilatation thermique et la bonne conductivit\u00e9 thermique des alliages d\u2019aluminium et de silicium les rendent adapt\u00e9s \u00e0 une utilisation dans l\u2019\u00e9lectronique, en particulier dans les dissipateurs thermiques et autres applications de refroidissement o\u00f9 la gestion thermique est cruciale.<\/p>\n<p>Applications marines : En raison de leur r\u00e9sistance \u00e0 la corrosion, les alliages d\u2019aluminium et de silicium sont \u00e9galement utilis\u00e9s dans les applications marines, y compris les pi\u00e8ces pour les bateaux et les structures offshore. Les alliages peuvent r\u00e9sister \u00e0 des environnements marins difficiles et corrosifs tout en restant l\u00e9gers.<\/p>\n<p>Fabrication additive : Ces derni\u00e8res ann\u00e9es, les alliages d&#8217;aluminium et de silicium ont \u00e9t\u00e9 de plus en plus utilis\u00e9s dans l\u2019impression 3D et la fabrication additive en raison de leur coulabilit\u00e9, de leur r\u00e9sistance et de leur capacit\u00e9 \u00e0 \u00eatre fa\u00e7onn\u00e9s en formes complexes. L\u2019alliage est utilis\u00e9 pour cr\u00e9er des composants l\u00e9gers et \u00e0 haute r\u00e9sistance pour diverses industries.<\/p>\n<p>Construction : Les alliages d&#8217;aluminium et de silicium (Al-Si) sont utilis\u00e9s dans la construction de composants structurels l\u00e9gers et de pi\u00e8ces o\u00f9 la r\u00e9sistance \u00e0 l\u2019usure et la durabilit\u00e9 sont importantes.<\/p>\n<p>&nbsp;<\/p>\n","protected":false},"excerpt":{"rendered":"<p>Les alliages d&#8217;aluminium et de silicium (Al-Si) sont un alliage largement utilis\u00e9 qui combine l\u2019aluminium (Al) et le silicium (Si) pour am\u00e9liorer les propri\u00e9t\u00e9s du mat\u00e9riau. L\u2019ajout de silicium \u00e0 l\u2019aluminium am\u00e9liore sa coulabilit\u00e9, sa r\u00e9sistance, sa r\u00e9sistance \u00e0 l\u2019usure et r\u00e9duit le r\u00e9tr\u00e9cissement, ce qui en fait un choix populaire dans les industries automobile, [&hellip;]<\/p>\n","protected":false},"featured_media":998252,"comment_status":"open","ping_status":"closed","template":"","meta":{"_acf_changed":false},"product_brand":[],"product_cat":[236],"product_tag":[],"class_list":{"0":"post-1007916","1":"product","2":"type-product","3":"status-publish","4":"has-post-thumbnail","6":"product_cat-materiaux-devaporation","8":"first","9":"instock","10":"shipping-taxable","11":"product-type-variable"},"acf":[],"_links":{"self":[{"href":"https:\/\/vimaterial.de\/fr\/wp-json\/wp\/v2\/product\/1007916","targetHints":{"allow":["GET"]}}],"collection":[{"href":"https:\/\/vimaterial.de\/fr\/wp-json\/wp\/v2\/product"}],"about":[{"href":"https:\/\/vimaterial.de\/fr\/wp-json\/wp\/v2\/types\/product"}],"replies":[{"embeddable":true,"href":"https:\/\/vimaterial.de\/fr\/wp-json\/wp\/v2\/comments?post=1007916"}],"wp:featuredmedia":[{"embeddable":true,"href":"https:\/\/vimaterial.de\/fr\/wp-json\/wp\/v2\/media\/998252"}],"wp:attachment":[{"href":"https:\/\/vimaterial.de\/fr\/wp-json\/wp\/v2\/media?parent=1007916"}],"wp:term":[{"taxonomy":"product_brand","embeddable":true,"href":"https:\/\/vimaterial.de\/fr\/wp-json\/wp\/v2\/product_brand?post=1007916"},{"taxonomy":"product_cat","embeddable":true,"href":"https:\/\/vimaterial.de\/fr\/wp-json\/wp\/v2\/product_cat?post=1007916"},{"taxonomy":"product_tag","embeddable":true,"href":"https:\/\/vimaterial.de\/fr\/wp-json\/wp\/v2\/product_tag?post=1007916"}],"curies":[{"name":"wp","href":"https:\/\/api.w.org\/{rel}","templated":true}]}}