{"id":1007860,"date":"2024-06-17T13:49:26","date_gmt":"2024-06-17T05:49:26","guid":{"rendered":"https:\/\/vimaterial.de\/product\/alliage-daluminium-detain-et-de-cuivre\/"},"modified":"2024-11-05T15:38:27","modified_gmt":"2024-11-05T07:38:27","slug":"alliage-daluminium-detain-et-de-cuivre","status":"publish","type":"product","link":"https:\/\/vimaterial.de\/fr\/product\/alliage-daluminium-detain-et-de-cuivre\/","title":{"rendered":"Alliage d\u2019aluminium et d\u2019\u00e9tain et de cuivre"},"content":{"rendered":"<p>Une cible en alliage d\u2019aluminium et d\u2019\u00e9tain et de cuivre (Al-Sn-Cu) est un alliage sp\u00e9cialis\u00e9 compos\u00e9 d\u2019aluminium (Al), d\u2019\u00e9tain (Sn) et de cuivre (Cu), couramment utilis\u00e9 dans les processus de d\u00e9p\u00f4t de couches minces tels que la pulv\u00e9risation ou l\u2019\u00e9vaporation. Cet alliage combine les propri\u00e9t\u00e9s de chaque m\u00e9tal pour offrir un \u00e9quilibre entre l\u00e9g\u00e8ret\u00e9, r\u00e9sistance \u00e0 l\u2019usure et stabilit\u00e9 thermique, ce qui le rend adapt\u00e9 \u00e0 diverses applications, en particulier dans les secteurs de l\u2019\u00e9lectronique et de l\u2019automobile. <\/p>\n<p>&nbsp;<\/p>\n<h3>Caract\u00e9ristiques de l\u2019alliage d\u2019aluminium et d\u2019\u00e9tain et de cuivre&nbsp;:<\/h3>\n<p><strong>Composition:<\/strong> Les cibles en aluminium et en cuivre contiennent g\u00e9n\u00e9ralement des proportions variables des trois \u00e9l\u00e9ments, l\u2019aluminium servant souvent de m\u00e9tal de base. L\u2019\u00e9tain fournit des propri\u00e9t\u00e9s de lubrification, tandis que le cuivre apporte r\u00e9sistance, duret\u00e9 et conductivit\u00e9 thermique. Les compositions courantes varient en fonction des exigences de l\u2019application, mais impliquent souvent un pourcentage plus \u00e9lev\u00e9 d\u2019aluminium. <strong>Puret\u00e9:<\/strong> Les cibles en aluminium et en cuivre de haute puret\u00e9, g\u00e9n\u00e9ralement d\u2019une puret\u00e9 de 99,9 % ou plus, sont pr\u00e9f\u00e9r\u00e9es dans l\u2019\u00e9lectronique et d\u2019autres applications n\u00e9cessitant une contamination minimale pour garantir une formation de film de haute qualit\u00e9 et sans d\u00e9faut. <strong>Structure et microstructure :<\/strong> Les cibles en alliage d\u2019aluminium et d\u2019\u00e9tain et de cuivre sont fabriqu\u00e9es pour \u00eatre denses et avoir une structure uniforme \u00e0 grain fin, ce qui est essentiel pour un d\u00e9p\u00f4t de mat\u00e9riau coh\u00e9rent. Une microstructure homog\u00e8ne est particuli\u00e8rement importante pour les applications de couches minces lisses et uniformes.  <\/p>\n<p>&nbsp;<\/p>\n<h3>Propri\u00e9t\u00e9s physiques et m\u00e9caniques :<\/h3>\n<p><strong>Densit\u00e9:<\/strong> La densit\u00e9 de l\u2019alliage d\u2019aluminium et de cuivre est influenc\u00e9e par les proportions de chaque m\u00e9tal, mais l\u2019alliage conserve g\u00e9n\u00e9ralement un profil l\u00e9ger, en particulier lorsque l\u2019aluminium est le composant principal. <strong>Conductivit\u00e9 thermique :<\/strong> La pr\u00e9sence de cuivre am\u00e9liore consid\u00e9rablement la conductivit\u00e9 thermique, ce qui contribue \u00e0 la dissipation de la chaleur, ce qui est pr\u00e9cieux dans les applications \u00e9lectroniques et automobiles. <strong>Lubricit\u00e9:<\/strong> L\u2019\u00e9tain conf\u00e8re des propri\u00e9t\u00e9s autolubrifiantes \u00e0 l\u2019alliage, r\u00e9duisant la friction dans les composants qui subissent un mouvement de glissement ou de rotation.<br \/>\nR\u00e9sistance \u00e0 l\u2019usure : La combinaison de cuivre et d\u2019\u00e9tain am\u00e9liore la r\u00e9sistance \u00e0 l\u2019usure de l\u2019alliage, ce qui le rend adapt\u00e9 aux surfaces qui subissent des frottements.<\/p>\n<p>&nbsp;<\/p>\n<h3>Applications:<\/h3>\n<p>Les cibles en alliage Al-Sn-Cu sont utilis\u00e9es dans plusieurs secteurs, notamment : <strong>\u00c9lectronique :<\/strong> pour cr\u00e9er des films minces dans les cartes de circuits imprim\u00e9s, les condensateurs et autres composants o\u00f9 la gestion thermique et la stabilit\u00e9 sont n\u00e9cessaires. <strong>Automobile :<\/strong> dans les roulements, les bagues et autres composants du moteur o\u00f9 la r\u00e9sistance \u00e0 l\u2019usure et la lubrification sont essentielles. <strong>A\u00e9rospatiale :<\/strong> dans des rev\u00eatements l\u00e9gers et r\u00e9sistants \u00e0 l\u2019usure qui doivent \u00e9galement r\u00e9sister \u00e0 des contraintes thermiques et m\u00e9caniques \u00e9lev\u00e9es. <strong>Rev\u00eatements industriels :<\/strong> o\u00f9 des films minces d\u2019aluminium et d\u2019\u00e9tain et de cuivre sont utilis\u00e9s pour am\u00e9liorer la durabilit\u00e9 de la surface et r\u00e9duire l\u2019usure.<\/p>\n<p>&nbsp;<\/p>\n","protected":false},"excerpt":{"rendered":"<p>Une cible en alliage d\u2019aluminium et d\u2019\u00e9tain et de cuivre (Al-Sn-Cu) est un alliage sp\u00e9cialis\u00e9 compos\u00e9 d\u2019aluminium (Al), d\u2019\u00e9tain (Sn) et de cuivre (Cu), couramment utilis\u00e9 dans les processus de d\u00e9p\u00f4t de couches minces tels que la pulv\u00e9risation ou l\u2019\u00e9vaporation. Cet alliage combine les propri\u00e9t\u00e9s de chaque m\u00e9tal pour offrir un \u00e9quilibre entre l\u00e9g\u00e8ret\u00e9, r\u00e9sistance [&hellip;]<\/p>\n","protected":false},"featured_media":1031165,"comment_status":"open","ping_status":"closed","template":"","meta":{"_acf_changed":false},"product_brand":[],"product_cat":[235],"product_tag":[],"class_list":{"0":"post-1007860","1":"product","2":"type-product","3":"status-publish","4":"has-post-thumbnail","6":"product_cat-cibles-de-pulverisation-planaire","8":"first","9":"instock","10":"shipping-taxable","11":"product-type-variable"},"acf":[],"_links":{"self":[{"href":"https:\/\/vimaterial.de\/fr\/wp-json\/wp\/v2\/product\/1007860","targetHints":{"allow":["GET"]}}],"collection":[{"href":"https:\/\/vimaterial.de\/fr\/wp-json\/wp\/v2\/product"}],"about":[{"href":"https:\/\/vimaterial.de\/fr\/wp-json\/wp\/v2\/types\/product"}],"replies":[{"embeddable":true,"href":"https:\/\/vimaterial.de\/fr\/wp-json\/wp\/v2\/comments?post=1007860"}],"wp:featuredmedia":[{"embeddable":true,"href":"https:\/\/vimaterial.de\/fr\/wp-json\/wp\/v2\/media\/1031165"}],"wp:attachment":[{"href":"https:\/\/vimaterial.de\/fr\/wp-json\/wp\/v2\/media?parent=1007860"}],"wp:term":[{"taxonomy":"product_brand","embeddable":true,"href":"https:\/\/vimaterial.de\/fr\/wp-json\/wp\/v2\/product_brand?post=1007860"},{"taxonomy":"product_cat","embeddable":true,"href":"https:\/\/vimaterial.de\/fr\/wp-json\/wp\/v2\/product_cat?post=1007860"},{"taxonomy":"product_tag","embeddable":true,"href":"https:\/\/vimaterial.de\/fr\/wp-json\/wp\/v2\/product_tag?post=1007860"}],"curies":[{"name":"wp","href":"https:\/\/api.w.org\/{rel}","templated":true}]}}