{"id":1007835,"date":"2024-06-17T13:49:26","date_gmt":"2024-06-17T05:49:26","guid":{"rendered":"https:\/\/vimaterial.de\/product\/alliage-daluminium-de-titane-et-de-silicium\/"},"modified":"2024-10-18T18:15:53","modified_gmt":"2024-10-18T10:15:53","slug":"alliage-daluminium-de-titane-et-de-silicium","status":"publish","type":"product","link":"https:\/\/vimaterial.de\/fr\/product\/alliage-daluminium-de-titane-et-de-silicium\/","title":{"rendered":"Alliage d\u2019aluminium, de titane et de silicium"},"content":{"rendered":"<p>L\u2019alliage d\u2019aluminium-titane-silicium (Al-Ti-Si) est un alliage d\u2019aluminium sp\u00e9cialis\u00e9 qui incorpore du titane (Ti) et du silicium (Si) pour am\u00e9liorer ses propri\u00e9t\u00e9s m\u00e9caniques et ses caract\u00e9ristiques de performance. Cette combinaison permet d\u2019obtenir un alliage avec une r\u00e9sistance, une stabilit\u00e9 thermique et une r\u00e9sistance \u00e0 l\u2019usure et \u00e0 la corrosion am\u00e9lior\u00e9es. Les alliages d\u2019aluminium-titane-silicium (Al-Ti-Si) sont utilis\u00e9s dans diverses applications dans des industries telles que l\u2019a\u00e9rospatiale, l\u2019automobile et l\u2019\u00e9lectronique en raison de leur l\u00e9g\u00e8ret\u00e9 et de leur durabilit\u00e9. <\/p>\n<p>&nbsp;<\/p>\n<h2><span style=\"font-size: 14pt;\">Caract\u00e9ristiques:<\/span><\/h2>\n<p>Haute r\u00e9sistance : L\u2019ajout de titane augmente la r\u00e9sistance de l\u2019alliage d\u2019aluminium, ce qui le rend adapt\u00e9 aux applications qui n\u00e9cessitent une int\u00e9grit\u00e9 structurelle \u00e9lev\u00e9e. L\u2019alliage conserve de bonnes propri\u00e9t\u00e9s m\u00e9caniques m\u00eame \u00e0 des temp\u00e9ratures \u00e9lev\u00e9es. R\u00e9sistance \u00e0 l\u2019usure am\u00e9lior\u00e9e : Le silicium am\u00e9liore la r\u00e9sistance \u00e0 l\u2019usure de l\u2019alliage, ce qui le rend adapt\u00e9 aux composants qui subissent une friction et une usure importantes. Cette propri\u00e9t\u00e9 est particuli\u00e8rement b\u00e9n\u00e9fique dans les applications impliquant des pi\u00e8ces mobiles ou des machines. Stabilit\u00e9 thermique : Les alliages d\u2019aluminium-titane-silicium (Al-Ti-Si) pr\u00e9sentent une excellente stabilit\u00e9 thermique, ce qui leur permet de conserver leurs propri\u00e9t\u00e9s m\u00e9caniques dans des environnements \u00e0 haute temp\u00e9rature. Ceci est crucial pour les composants utilis\u00e9s dans des applications expos\u00e9es \u00e0 la chaleur, telles que les pi\u00e8ces de moteur. R\u00e9sistance \u00e0 la corrosion : Comme d\u2019autres alliages \u00e0 base d\u2019aluminium, les alliages d\u2019aluminium et de titane-silicium (Al-Ti-Si) poss\u00e8dent une bonne r\u00e9sistance \u00e0 la corrosion, ce qui les rend adapt\u00e9s aux applications dans des environnements o\u00f9 l\u2019exposition \u00e0 l\u2019humidit\u00e9 ou aux produits chimiques est une pr\u00e9occupation. Soudabilit\u00e9 : L\u2019alliage a g\u00e9n\u00e9ralement une bonne soudabilit\u00e9, ce qui permet de fabriquer et d\u2019assembler facilement des composants. Ceci est important pour les processus de fabrication o\u00f9 les composants doivent \u00eatre assembl\u00e9s ou r\u00e9par\u00e9s. L\u00e9ger : Les alliages d\u2019aluminium et de titane-silicium (Al-Ti-Si) conservent la nature l\u00e9g\u00e8re de l\u2019aluminium, ce qui les rend id\u00e9aux pour les applications o\u00f9 la r\u00e9duction de poids est essentielle, comme dans les industries a\u00e9rospatiale et automobile. Raffinement du grain : L\u2019ajout de titane peut aider \u00e0 affiner la structure des grains de l\u2019alliage, am\u00e9liorant ainsi ses propri\u00e9t\u00e9s m\u00e9caniques globales et am\u00e9liorant sa r\u00e9sistance \u00e0 la d\u00e9formation. <\/p>\n<p>&nbsp;<\/p>\n<h2><span style=\"font-size: 14pt;\">Applications:<\/span><\/h2>\n<p>A\u00e9rospatiale : Les alliages d\u2019aluminium-titane-silicium (Al-Ti-Si) sont utilis\u00e9s dans les applications a\u00e9rospatiales pour les composants qui n\u00e9cessitent des rapports r\u00e9sistance\/poids \u00e9lev\u00e9s et une stabilit\u00e9 thermique. Cela inclut des pi\u00e8ces telles que des composants structurels, des fixations et des composants de moteur qui doivent fonctionner de mani\u00e8re fiable dans des conditions extr\u00eames. Automobile : Dans l\u2019industrie automobile, les alliages Al-Ti-Si sont utilis\u00e9s pour diverses pi\u00e8ces haute performance, notamment des composants de moteur, des pi\u00e8ces de transmission et des composants structurels qui b\u00e9n\u00e9ficient de la r\u00e9sistance et des propri\u00e9t\u00e9s l\u00e9g\u00e8res de l\u2019alliage. \u00c9lectronique : L\u2019excellente conductivit\u00e9 thermique et la r\u00e9sistance \u00e0 la corrosion des alliages Al-Ti-Si les rendent adapt\u00e9s aux applications \u00e9lectroniques, y compris les dissipateurs thermiques, les bo\u00eetiers et d\u2019autres composants qui n\u00e9cessitent une gestion efficace de la chaleur. Applications marines : La r\u00e9sistance \u00e0 la corrosion et la r\u00e9sistance des alliages Al-Ti-Si les rendent id\u00e9aux pour les environnements marins, y compris les composants de bateaux et les structures offshore qui doivent r\u00e9sister \u00e0 des conditions difficiles. \u00c9quipement industriel&nbsp;: L\u2019alliage est \u00e9galement utilis\u00e9 dans diverses applications industrielles, telles que les pi\u00e8ces de machines et les outils, o\u00f9 une r\u00e9sistance \u00e0 l\u2019usure et une durabilit\u00e9 \u00e9lev\u00e9es sont n\u00e9cessaires. Fabrication additive : Les alliages d\u2019aluminium et de titane-silicium sont de plus en plus utilis\u00e9s dans les processus de fabrication additive, tels que l\u2019impression 3D, pour cr\u00e9er des composants complexes, l\u00e9gers et solides pour diverses industries. <\/p>\n<p>&nbsp;<\/p>\n","protected":false},"excerpt":{"rendered":"<p>L\u2019alliage d\u2019aluminium-titane-silicium (Al-Ti-Si) est un alliage d\u2019aluminium sp\u00e9cialis\u00e9 qui incorpore du titane (Ti) et du silicium (Si) pour am\u00e9liorer ses propri\u00e9t\u00e9s m\u00e9caniques et ses caract\u00e9ristiques de performance. Cette combinaison permet d\u2019obtenir un alliage avec une r\u00e9sistance, une stabilit\u00e9 thermique et une r\u00e9sistance \u00e0 l\u2019usure et \u00e0 la corrosion am\u00e9lior\u00e9es. Les alliages d\u2019aluminium-titane-silicium (Al-Ti-Si) sont utilis\u00e9s [&hellip;]<\/p>\n","protected":false},"featured_media":1038281,"comment_status":"open","ping_status":"closed","template":"","meta":{"_acf_changed":false},"product_brand":[],"product_cat":[235],"product_tag":[],"class_list":{"0":"post-1007835","1":"product","2":"type-product","3":"status-publish","4":"has-post-thumbnail","6":"product_cat-cibles-de-pulverisation-planaire","8":"first","9":"instock","10":"shipping-taxable","11":"product-type-variable"},"acf":[],"_links":{"self":[{"href":"https:\/\/vimaterial.de\/fr\/wp-json\/wp\/v2\/product\/1007835","targetHints":{"allow":["GET"]}}],"collection":[{"href":"https:\/\/vimaterial.de\/fr\/wp-json\/wp\/v2\/product"}],"about":[{"href":"https:\/\/vimaterial.de\/fr\/wp-json\/wp\/v2\/types\/product"}],"replies":[{"embeddable":true,"href":"https:\/\/vimaterial.de\/fr\/wp-json\/wp\/v2\/comments?post=1007835"}],"wp:featuredmedia":[{"embeddable":true,"href":"https:\/\/vimaterial.de\/fr\/wp-json\/wp\/v2\/media\/1038281"}],"wp:attachment":[{"href":"https:\/\/vimaterial.de\/fr\/wp-json\/wp\/v2\/media?parent=1007835"}],"wp:term":[{"taxonomy":"product_brand","embeddable":true,"href":"https:\/\/vimaterial.de\/fr\/wp-json\/wp\/v2\/product_brand?post=1007835"},{"taxonomy":"product_cat","embeddable":true,"href":"https:\/\/vimaterial.de\/fr\/wp-json\/wp\/v2\/product_cat?post=1007835"},{"taxonomy":"product_tag","embeddable":true,"href":"https:\/\/vimaterial.de\/fr\/wp-json\/wp\/v2\/product_tag?post=1007835"}],"curies":[{"name":"wp","href":"https:\/\/api.w.org\/{rel}","templated":true}]}}