{"id":1007752,"date":"2024-06-17T13:49:35","date_gmt":"2024-06-17T05:49:35","guid":{"rendered":"https:\/\/vimaterial.de\/product\/oxyde-daluminium-2\/"},"modified":"2024-11-05T16:20:31","modified_gmt":"2024-11-05T08:20:31","slug":"oxyde-daluminium-2","status":"publish","type":"product","link":"https:\/\/vimaterial.de\/fr\/product\/oxyde-daluminium-2\/","title":{"rendered":"Alumine"},"content":{"rendered":"<p>Les substrats c\u00e9ramiques en oxyde d\u2019aluminium sont des plaques ou des feuilles minces et rigides en oxyde d\u2019aluminium, connues pour leur isolation \u00e9lectrique exceptionnelle, leur stabilit\u00e9 thermique, leur r\u00e9sistance m\u00e9canique et leur r\u00e9sistance \u00e0 la corrosion. Ces substrats sont largement utilis\u00e9s dans les industries de l\u2019\u00e9lectronique, de l\u2019optique, de l\u2019automobile et de l\u2019a\u00e9rospatiale, o\u00f9 des surfaces durables, r\u00e9sistantes \u00e0 la chaleur et isolantes \u00e9lectriquement sont essentielles. <\/p>\n<p>&nbsp;<\/p>\n<h3>Composition:<\/h3>\n<p>Les substrats c\u00e9ramiques en oxyde d\u2019aluminium sont g\u00e9n\u00e9ralement de haute puret\u00e9 Al\u2082O\u2083 (allant de 96 % \u00e0 99,9 % de puret\u00e9). Des puret\u00e9s plus \u00e9lev\u00e9es am\u00e9liorent l\u2019isolation \u00e9lectrique, la conductivit\u00e9 thermique et la stabilit\u00e9 du substrat, en particulier dans les applications n\u00e9cessitant pr\u00e9cision et fiabilit\u00e9. <\/p>\n<p>&nbsp;<\/p>\n<h3>Propri\u00e9t\u00e9s physiques et m\u00e9caniques :<\/h3>\n<p><strong>Haute densit\u00e9 et duret\u00e9 :<\/strong> Les substrats c\u00e9ramiques en oxyde d\u2019aluminium sont denses et durs, se classant autour de 9 sur l\u2019\u00e9chelle de duret\u00e9 de Mohs, offrant une durabilit\u00e9 exceptionnelle contre l\u2019usure, l\u2019abrasion et les contraintes m\u00e9caniques. <strong>Plan\u00e9it\u00e9 et douceur :<\/strong> Ces substrats ont une surface lisse et plane, ce qui est essentiel pour les applications impliquant le d\u00e9p\u00f4t de couches minces, les circuits \u00e9lectroniques et la micro\u00e9lectronique, garantissant l\u2019uniformit\u00e9 et la fiabilit\u00e9 du montage et du collage des composants.<\/p>\n<p>&nbsp;<\/p>\n<h3>Propri\u00e9t\u00e9s thermiques :<\/h3>\n<p><strong>Haute stabilit\u00e9 thermique :<\/strong> Les substrats c\u00e9ramiques en oxyde d\u2019aluminium r\u00e9sistent \u00e0 des temp\u00e9ratures \u00e9lev\u00e9es (jusqu\u2019\u00e0 environ 1500 \u00b0C ou 2732 \u00b0F), ce qui les rend adapt\u00e9s aux applications avec une exposition thermique importante. <strong>Conductivit\u00e9 thermique mod\u00e9r\u00e9e :<\/strong> Al\u2082O\u2083 fournit une dissipation efficace de la chaleur, ce qui est b\u00e9n\u00e9fique dans les applications o\u00f9 la gestion thermique est cruciale, telles que l\u2019\u00e9lectronique de puissance et l\u2019\u00e9clairage LED. <strong>Isolation \u00e9lectrique :<\/strong> L\u2019une des principales propri\u00e9t\u00e9s des substrats c\u00e9ramiques en oxyde d\u2019aluminium est leur excellente isolation \u00e9lectrique. Les substrats Al\u2082O\u2083 ont une rigidit\u00e9 di\u00e9lectrique \u00e9lev\u00e9e, ce qui les rend id\u00e9aux pour isoler les composants et les circuits \u00e9lectriques, pr\u00e9venir les courts-circuits et am\u00e9liorer la dur\u00e9e de vie des composants. <strong>Inertie chimique et r\u00e9sistance \u00e0 la corrosion :<\/strong> L\u2019oxyde d\u2019aluminium est chimiquement inerte et r\u00e9siste \u00e0 la corrosion, m\u00eame dans des environnements difficiles expos\u00e9s \u00e0 des produits chimiques ou \u00e0 l\u2019humidit\u00e9. Cela garantit la long\u00e9vit\u00e9 et la fiabilit\u00e9 des substrats Al\u2082O\u2083 dans diverses conditions de fonctionnement.<\/p>\n<p>&nbsp;<\/p>\n<h3>Applications:<\/h3>\n<p><strong>Cartes de circuits \u00e9lectroniques :<\/strong> Les substrats c\u00e9ramiques en oxyde d\u2019aluminium sont couramment utilis\u00e9s comme mat\u00e9riaux de base pour les circuits \u00e0 couche \u00e9paisse et \u00e0 couche mince en raison de leurs propri\u00e9t\u00e9s isolantes, fournissant une base stable pour les composants \u00e9lectroniques et prot\u00e9geant contre les interf\u00e9rences \u00e9lectriques. <strong>\u00c9clairage LED :<\/strong> Les substrats en oxyde d\u2019aluminium sont utilis\u00e9s dans les modules LED, o\u00f9 ils aident \u00e0 dissiper la chaleur et \u00e0 maintenir la stabilit\u00e9 dans les syst\u00e8mes d\u2019\u00e9clairage haute performance. <strong>\u00c9lectronique de puissance :<\/strong> Dans les applications haute puissance telles que les IGBT, les MOSFET et les circuits hybrides, les substrats Al\u2082O\u2083 favorisent la dissipation de la chaleur et l\u2019isolation \u00e9lectrique, ce qui est essentiel pour un fonctionnement efficace et fiable. <strong>Dispositifs m\u00e9dicaux :<\/strong> Biocompatibles, durables et r\u00e9sistants \u00e0 la corrosion, les substrats en oxyde d\u2019aluminium sont utilis\u00e9s dans les implants m\u00e9dicaux, les dispositifs de diagnostic et les outils chirurgicaux. <strong>Applications optiques et de capteurs :<\/strong> Avec une surface lisse et une stabilit\u00e9 thermique, les substrats Al\u2082O\u2083 servent de bases de montage dans les syst\u00e8mes optiques et les capteurs.<\/p>\n<p>&nbsp;<\/p>\n","protected":false},"excerpt":{"rendered":"<p>Les substrats c\u00e9ramiques en oxyde d\u2019aluminium sont des plaques ou des feuilles minces et rigides en oxyde d\u2019aluminium, connues pour leur isolation \u00e9lectrique exceptionnelle, leur stabilit\u00e9 thermique, leur r\u00e9sistance m\u00e9canique et leur r\u00e9sistance \u00e0 la corrosion. Ces substrats sont largement utilis\u00e9s dans les industries de l\u2019\u00e9lectronique, de l\u2019optique, de l\u2019automobile et de l\u2019a\u00e9rospatiale, o\u00f9 des [&hellip;]<\/p>\n","protected":false},"featured_media":1050105,"comment_status":"open","ping_status":"closed","template":"","meta":{"_acf_changed":false},"product_brand":[],"product_cat":[245],"product_tag":[],"class_list":{"0":"post-1007752","1":"product","2":"type-product","3":"status-publish","4":"has-post-thumbnail","6":"product_cat-profil-fr","8":"first","9":"instock","10":"shipping-taxable","11":"purchasable","12":"product-type-variable"},"acf":[],"_links":{"self":[{"href":"https:\/\/vimaterial.de\/fr\/wp-json\/wp\/v2\/product\/1007752","targetHints":{"allow":["GET"]}}],"collection":[{"href":"https:\/\/vimaterial.de\/fr\/wp-json\/wp\/v2\/product"}],"about":[{"href":"https:\/\/vimaterial.de\/fr\/wp-json\/wp\/v2\/types\/product"}],"replies":[{"embeddable":true,"href":"https:\/\/vimaterial.de\/fr\/wp-json\/wp\/v2\/comments?post=1007752"}],"wp:featuredmedia":[{"embeddable":true,"href":"https:\/\/vimaterial.de\/fr\/wp-json\/wp\/v2\/media\/1050105"}],"wp:attachment":[{"href":"https:\/\/vimaterial.de\/fr\/wp-json\/wp\/v2\/media?parent=1007752"}],"wp:term":[{"taxonomy":"product_brand","embeddable":true,"href":"https:\/\/vimaterial.de\/fr\/wp-json\/wp\/v2\/product_brand?post=1007752"},{"taxonomy":"product_cat","embeddable":true,"href":"https:\/\/vimaterial.de\/fr\/wp-json\/wp\/v2\/product_cat?post=1007752"},{"taxonomy":"product_tag","embeddable":true,"href":"https:\/\/vimaterial.de\/fr\/wp-json\/wp\/v2\/product_tag?post=1007752"}],"curies":[{"name":"wp","href":"https:\/\/api.w.org\/{rel}","templated":true}]}}