{"id":1007684,"date":"2024-06-17T13:50:34","date_gmt":"2024-06-17T05:50:34","guid":{"rendered":"https:\/\/vimaterial.de\/product\/oxyde-daluminium-magnesium\/"},"modified":"2024-11-06T16:42:53","modified_gmt":"2024-11-06T08:42:53","slug":"oxyde-daluminium-magnesium","status":"publish","type":"product","link":"https:\/\/vimaterial.de\/fr\/product\/oxyde-daluminium-magnesium\/","title":{"rendered":"Oxyde d\u2019aluminium &#8211; Magn\u00e9sium"},"content":{"rendered":"<p>Le composite oxyde d\u2019aluminium-oxyde de magn\u00e9sium (Al\u2082O\u2083-MgO) est un mat\u00e9riau c\u00e9ramique combinant de l\u2019oxyde d\u2019aluminium et de l\u2019oxyde de magn\u00e9sium, ce qui permet d\u2019obtenir un mat\u00e9riau dot\u00e9 d\u2019une stabilit\u00e9 thermique et m\u00e9canique am\u00e9lior\u00e9e, ainsi que d\u2019une meilleure r\u00e9sistance aux chocs thermiques et \u00e0 la corrosion. Ce composite est largement utilis\u00e9 dans les applications \u00e0 haute temp\u00e9rature et r\u00e9fractaires, les substrats \u00e9lectroniques et les composants structurels en raison de sa durabilit\u00e9, de ses propri\u00e9t\u00e9s isolantes et de sa r\u00e9sistance \u00e0 la fissuration thermique. <\/p>\n<p>&nbsp;<\/p>\n<h2><span style=\"font-size: 14pt;\">Composition:<\/span><\/h2>\n<p>Oxyde d\u2019aluminium (Al\u2082O\u2083) : Connu pour sa duret\u00e9 \u00e9lev\u00e9e, sa r\u00e9sistance m\u00e9canique et son excellente isolation \u00e9lectrique, l\u2019Al\u2082O\u2083 sert de matrice primaire, conf\u00e9rant au composite une robustesse et une r\u00e9sistance aux hautes temp\u00e9ratures. Oxyde de magn\u00e9sium (MgO) : Le MgO contribue \u00e0 la r\u00e9sistance aux chocs thermiques, \u00e0 la stabilit\u00e9 chimique et \u00e0 la frittabilit\u00e9 du composite. Il r\u00e9duit \u00e9galement la fragilit\u00e9 que l\u2019on trouve g\u00e9n\u00e9ralement dans l\u2019oxyde d\u2019aluminium pur, am\u00e9liorant ainsi la durabilit\u00e9 globale.<\/p>\n<p>&nbsp;<\/p>\n<h2><span style=\"font-size: 14pt;\">Propri\u00e9t\u00e9s physiques et m\u00e9caniques :<\/span><\/h2>\n<p>Duret\u00e9 et r\u00e9sistance \u00e9lev\u00e9es : Le composant Al\u2082O\u2083 garantit que le composite conserve une duret\u00e9 \u00e9lev\u00e9e, ce qui le rend r\u00e9sistant \u00e0 l\u2019usure et \u00e0 l\u2019abrasion m\u00e9canique, adapt\u00e9 aux composants structurels et aux rev\u00eatements de protection. Am\u00e9lioration de la t\u00e9nacit\u00e9 et r\u00e9duction de la fragilit\u00e9 : L\u2019ajout de MgO aide \u00e0 r\u00e9duire la fragilit\u00e9 de l\u2019oxyde d\u2019aluminium pur, augmentant la r\u00e9sistance \u00e0 la rupture et offrant une meilleure r\u00e9sistance aux contraintes m\u00e9caniques et aux chocs.<\/p>\n<p>&nbsp;<\/p>\n<h2><span style=\"font-size: 14pt;\">Propri\u00e9t\u00e9s thermiques :<\/span><\/h2>\n<p>Excellente stabilit\u00e9 thermique : Les composites d\u2019oxyde d\u2019aluminium-oxyde de magn\u00e9sium (Al\u2082O\u2083-MgO) peuvent r\u00e9sister \u00e0 des temp\u00e9ratures tr\u00e8s \u00e9lev\u00e9es (jusqu\u2019\u00e0 environ 1800\u00b0C), ce qui les rend adapt\u00e9s aux applications \u00e0 haute temp\u00e9rature et aux rev\u00eatements r\u00e9fractaires. R\u00e9sistance accrue aux chocs thermiques : Le MgO am\u00e9liore consid\u00e9rablement la capacit\u00e9 du mat\u00e9riau \u00e0 r\u00e9sister aux changements rapides de temp\u00e9rature sans se fissurer, ce qui le rend id\u00e9al pour les applications expos\u00e9es aux cycles thermiques, telles que les fours et les fours.<\/p>\n<p>&nbsp;<\/p>\n<h2><span style=\"font-size: 14pt;\">Propri\u00e9t\u00e9s \u00e9lectriques et isolantes :<\/span><\/h2>\n<p>Isolation \u00e9lectrique \u00e9lev\u00e9e : Al\u2082O\u2083 offre de solides propri\u00e9t\u00e9s di\u00e9lectriques, ce qui rend le composite apte \u00e0 \u00eatre utilis\u00e9 comme substrat isolant dans les applications \u00e9lectroniques. Faible perte di\u00e9lectrique : Les composites d\u2019oxyde d\u2019aluminium-oxyde de magn\u00e9sium (Al\u2082O\u2083-MgO) pr\u00e9sentent g\u00e9n\u00e9ralement une faible perte di\u00e9lectrique, ce qui est b\u00e9n\u00e9fique pour les applications \u00e0 haute fr\u00e9quence o\u00f9 il est important de minimiser les pertes d\u2019\u00e9nergie.<\/p>\n<p>&nbsp;<\/p>\n<h2><span style=\"font-size: 14pt;\">Stabilit\u00e9 chimique et r\u00e9sistance \u00e0 la corrosion :<\/span><\/h2>\n<p>R\u00e9sistance aux attaques chimiques : Le composite oxyde d\u2019aluminium-oxyde de magn\u00e9sium (Al\u2082O\u2083-MgO) est tr\u00e8s r\u00e9sistant \u00e0 la corrosion et \u00e0 la d\u00e9gradation chimique, m\u00eame dans des environnements expos\u00e9s \u00e0 l\u2019acide ou aux bases. Cette stabilit\u00e9 chimique est pr\u00e9cieuse dans les applications impliquant une exposition \u00e0 des produits chimiques agressifs. R\u00e9sistance \u00e0 l\u2019oxydation : La combinaison d\u2019Al\u2082O\u2083 et de MgO cr\u00e9e un mat\u00e9riau stable et r\u00e9sistant \u00e0 l\u2019oxydation, en conservant sa structure et ses performances dans des environnements riches en oxyg\u00e8ne et \u00e0 haute temp\u00e9rature. <\/p>\n<p>&nbsp;<\/p>\n<h2><span style=\"font-size: 14pt;\">Applications:<\/span><\/h2>\n<p>Rev\u00eatements r\u00e9fractaires et creusets : En raison de sa stabilit\u00e9 thermique et de sa r\u00e9sistance aux chocs, l\u2019oxyde d\u2019aluminium-oxyde de magn\u00e9sium (Al\u2082O\u2083-MgO) est largement utilis\u00e9 dans les rev\u00eatements r\u00e9fractaires pour les fours, les fours et les creusets dans les industries du m\u00e9tal et du verre. Rev\u00eatements de barri\u00e8re thermique : Sa haute r\u00e9sistance \u00e0 la chaleur et aux chocs thermiques fait de l\u2019oxyde d\u2019aluminium-oxyde de magn\u00e9sium (Al\u2082O\u2083-MgO) un choix populaire pour les rev\u00eatements protecteurs dans les environnements \u00e0 haute temp\u00e9rature, tels que les composants a\u00e9rospatiaux et les machines industrielles. \u00c9lectronique et substrats isolants : L\u2019isolation \u00e9lectrique \u00e9lev\u00e9e et la stabilit\u00e9 thermique du composite le rendent adapt\u00e9 \u00e0 une utilisation dans les substrats \u00e9lectroniques et les couches isolantes pour les composants qui doivent r\u00e9sister \u00e0 des temp\u00e9ratures \u00e9lev\u00e9es. Rev\u00eatements protecteurs et r\u00e9sistants \u00e0 l\u2019usure : L\u2019Al\u2082O\u2083-MgO est appliqu\u00e9 comme couche protectrice sur les machines et les outils soumis \u00e0 de fortes variations d\u2019usure et de temp\u00e9rature, offrant durabilit\u00e9 et r\u00e9sistance aux contraintes m\u00e9caniques.<\/p>\n","protected":false},"excerpt":{"rendered":"<p>Le composite oxyde d\u2019aluminium-oxyde de magn\u00e9sium (Al\u2082O\u2083-MgO) est un mat\u00e9riau c\u00e9ramique combinant de l\u2019oxyde d\u2019aluminium et de l\u2019oxyde de magn\u00e9sium, ce qui permet d\u2019obtenir un mat\u00e9riau dot\u00e9 d\u2019une stabilit\u00e9 thermique et m\u00e9canique am\u00e9lior\u00e9e, ainsi que d\u2019une meilleure r\u00e9sistance aux chocs thermiques et \u00e0 la corrosion. Ce composite est largement utilis\u00e9 dans les applications \u00e0 haute [&hellip;]<\/p>\n","protected":false},"featured_media":998319,"comment_status":"open","ping_status":"closed","template":"","meta":{"_acf_changed":false},"product_brand":[],"product_cat":[235],"product_tag":[],"class_list":{"0":"post-1007684","1":"product","2":"type-product","3":"status-publish","4":"has-post-thumbnail","6":"product_cat-cibles-de-pulverisation-planaire","8":"first","9":"instock","10":"shipping-taxable","11":"product-type-variable"},"acf":[],"_links":{"self":[{"href":"https:\/\/vimaterial.de\/fr\/wp-json\/wp\/v2\/product\/1007684","targetHints":{"allow":["GET"]}}],"collection":[{"href":"https:\/\/vimaterial.de\/fr\/wp-json\/wp\/v2\/product"}],"about":[{"href":"https:\/\/vimaterial.de\/fr\/wp-json\/wp\/v2\/types\/product"}],"replies":[{"embeddable":true,"href":"https:\/\/vimaterial.de\/fr\/wp-json\/wp\/v2\/comments?post=1007684"}],"wp:featuredmedia":[{"embeddable":true,"href":"https:\/\/vimaterial.de\/fr\/wp-json\/wp\/v2\/media\/998319"}],"wp:attachment":[{"href":"https:\/\/vimaterial.de\/fr\/wp-json\/wp\/v2\/media?parent=1007684"}],"wp:term":[{"taxonomy":"product_brand","embeddable":true,"href":"https:\/\/vimaterial.de\/fr\/wp-json\/wp\/v2\/product_brand?post=1007684"},{"taxonomy":"product_cat","embeddable":true,"href":"https:\/\/vimaterial.de\/fr\/wp-json\/wp\/v2\/product_cat?post=1007684"},{"taxonomy":"product_tag","embeddable":true,"href":"https:\/\/vimaterial.de\/fr\/wp-json\/wp\/v2\/product_tag?post=1007684"}],"curies":[{"name":"wp","href":"https:\/\/api.w.org\/{rel}","templated":true}]}}