{"id":1007675,"date":"2024-06-17T13:50:34","date_gmt":"2024-06-17T05:50:34","guid":{"rendered":"https:\/\/vimaterial.de\/product\/oxyde-daluminium%ef%bc%9ayttrium-oxide%ef%bc%9athulium-oxide-47-4746-216-32wt\/"},"modified":"2024-11-05T17:28:20","modified_gmt":"2024-11-05T09:28:20","slug":"oxyde-daluminium%ef%bc%9ayttrium-oxide%ef%bc%9athulium-oxide-47-4746-216-32wt","status":"publish","type":"product","link":"https:\/\/vimaterial.de\/fr\/product\/oxyde-daluminium%ef%bc%9ayttrium-oxide%ef%bc%9athulium-oxide-47-4746-216-32wt\/","title":{"rendered":"Oxyde d\u2019aluminium&nbsp;: Oxyde d\u2019yttrium&nbsp;: Oxyde de thulium 47.47:46.21:6.32% en poids"},"content":{"rendered":"<p>Oxyde d\u2019aluminium : Oxyde d\u2019yttrium : Oxyde de thulium (Al\u2082O\u2083- Y\u2082O\u2083-Tm\u2082O\u2083) Les cibles sont des cibles composites cr\u00e9\u00e9es \u00e0 partir d\u2019un m\u00e9lange d\u2019oxyde d\u2019aluminium, d\u2019oxyde d\u2019yttrium et d\u2019oxyde de thulium, souvent utilis\u00e9es dans les proc\u00e9d\u00e9s avanc\u00e9s de d\u00e9p\u00f4t de couches minces, tels que la pulv\u00e9risation cathodique et le d\u00e9p\u00f4t laser puls\u00e9 (PLD). Cette combinaison d\u2019oxydes permet d\u2019obtenir un mat\u00e9riau cible aux propri\u00e9t\u00e9s optiques, thermiques et structurelles uniques, adapt\u00e9 \u00e0 une utilisation dans les applications \u00e9lectroniques, photoniques et laser. <\/p>\n<p>&nbsp;<\/p>\n<h3>Composition et structure d\u2019Al\u2082O\u2083- Y\u2082O\u2083-Tm\u2082O\u2083 :<\/h3>\n<p>L\u2019oxyde d\u2019aluminium (Al\u2082O\u2083) assure la stabilit\u00e9 thermique, la duret\u00e9 et l\u2019isolation \u00e9lectrique. L\u2019oxyde d\u2019yttrium (Y\u2082O\u2083) am\u00e9liore la t\u00e9nacit\u00e9 et la r\u00e9sistance thermique de la cible, ainsi que sa stabilit\u00e9 chimique. L\u2019oxyde de thulium (Tm\u2082O\u2083) est un ion actif dans les mat\u00e9riaux optiques, ajoutant des propri\u00e9t\u00e9s d\u2019\u00e9mission optique b\u00e9n\u00e9fiques pour les applications laser et photoniques.<\/p>\n<p>&nbsp;<\/p>\n<h3>Propri\u00e9t\u00e9s m\u00e9caniques et thermiques de l\u2082O\u2083- Y\u2082O\u2083-Tm\u2082O\u2083 :<\/h3>\n<p><strong>Duret\u00e9 et t\u00e9nacit\u00e9 \u00e9lev\u00e9es<\/strong> : La combinaison d\u2019oxydes d\u2019aluminium et d\u2019yttrium am\u00e9liore la duret\u00e9 et la r\u00e9sistance \u00e0 la rupture de la cible, ce qui la rend durable et r\u00e9sistante \u00e0 la fissuration ou \u00e0 l\u2019usure pendant l\u2019utilisation. <strong>Stabilit\u00e9 thermique<\/strong> : Avec un point de fusion \u00e9lev\u00e9 et une bonne conductivit\u00e9 thermique, ces cibles sont adapt\u00e9es aux environnements \u00e0 haute temp\u00e9rature, avec une stabilit\u00e9 maintenue jusqu\u2019\u00e0 environ 2000\u00b0C.<\/p>\n<p>&nbsp;<\/p>\n<h3>Propri\u00e9t\u00e9s optiques Al\u2082O\u2083- Y\u2082O\u2083-Tm\u2082O\u2083 :<\/h3>\n<p><strong>Capacit\u00e9 photoluminescente :<\/strong> L\u2019oxyde de thulium introduit des propri\u00e9t\u00e9s luminescentes, ce qui rend le mat\u00e9riau efficace dans les applications laser et optiques. Lorsqu\u2019elle est utilis\u00e9e dans des applications \u00e0 couche mince, cette cible peut d\u00e9poser des couches qui \u00e9mettent dans certaines longueurs d\u2019onde, telles que le proche infrarouge, b\u00e9n\u00e9fiques dans les syst\u00e8mes photoniques et laser m\u00e9dicaux. <strong>Haute transparence :<\/strong> La combinaison d\u2019oxydes, en particulier avec Tm\u2082O\u2083, peut donner des films minces transparents ou translucides, adapt\u00e9s aux rev\u00eatements optiques ou aux applications laser. <\/p>\n<p>&nbsp;<\/p>\n<h3>Isolation \u00e9lectrique Al\u2082O\u2083- Y\u2082O\u2083-Tm\u2082O\u2083 :<\/h3>\n<p>La cible conserve des propri\u00e9t\u00e9s di\u00e9lectriques \u00e9lev\u00e9es, gr\u00e2ce \u00e0 Al\u2082O\u2083 et Y\u2082O\u2083, ce qui assure une forte isolation \u00e9lectrique dans les couches minces, ce qui les rend adapt\u00e9es aux applications dans les couches isolantes ou les rev\u00eatements protecteurs dans les appareils \u00e9lectroniques.<\/p>\n<p>&nbsp;<\/p>\n<h3>Stabilit\u00e9 chimique et r\u00e9sistance \u00e0 la corrosion Al\u2082O\u2083- Y\u2082O\u2083-Tm\u2082O\u2083 :<\/h3>\n<p>Cette composition cible r\u00e9siste \u00e0 de nombreux produits chimiques, y compris les acides et les alcalis, ce qui la rend id\u00e9ale pour les applications expos\u00e9es \u00e0 des environnements difficiles.<\/p>\n<p>&nbsp;<\/p>\n<h3>Applications Al\u2082O\u2083- Y\u2082O\u2083-Tm\u2082O\u2083 :<\/h3>\n<p><strong>Dispositifs laser et photoniques<\/strong> : Le composant oxyde de thulium conf\u00e8re des propri\u00e9t\u00e9s luminescentes qui sont utiles dans les lasers proches infrarouges, les circuits photoniques et les technologies laser m\u00e9dicales. <strong>Rev\u00eatements optiques<\/strong> : La cible composite peut \u00eatre utilis\u00e9e pour d\u00e9poser des films minces \u00e0 haute transparence et aux propri\u00e9t\u00e9s optiques sp\u00e9cifiques, adapt\u00e9s aux lentilles, \u00e9crans d\u2019affichage et autres composants optiques. <strong>Rev\u00eatements de protection dans l\u2019\u00e9lectronique<\/strong> : En raison de sa durabilit\u00e9, de sa stabilit\u00e9 thermique et de son isolation, la cible est utile dans les rev\u00eatements pour les appareils \u00e9lectroniques, en particulier l\u00e0 o\u00f9 une r\u00e9silience \u00e0 haute temp\u00e9rature est n\u00e9cessaire. <strong>Applications r\u00e9sistantes \u00e0 l\u2019usure et \u00e0 haute temp\u00e9rature<\/strong> : Dans les environnements n\u00e9cessitant une r\u00e9sistance \u00e0 l\u2019usure et une stabilit\u00e9 \u00e0 haute temp\u00e9rature, cette cible offre une option robuste pour la protection des surfaces.<\/p>\n<p>&nbsp;<\/p>\n","protected":false},"excerpt":{"rendered":"<p>Oxyde d\u2019aluminium : Oxyde d\u2019yttrium : Oxyde de thulium (Al\u2082O\u2083- Y\u2082O\u2083-Tm\u2082O\u2083) Les cibles sont des cibles composites cr\u00e9\u00e9es \u00e0 partir d\u2019un m\u00e9lange d\u2019oxyde d\u2019aluminium, d\u2019oxyde d\u2019yttrium et d\u2019oxyde de thulium, souvent utilis\u00e9es dans les proc\u00e9d\u00e9s avanc\u00e9s de d\u00e9p\u00f4t de couches minces, tels que la pulv\u00e9risation cathodique et le d\u00e9p\u00f4t laser puls\u00e9 (PLD). Cette combinaison d\u2019oxydes [&hellip;]<\/p>\n","protected":false},"featured_media":998319,"comment_status":"open","ping_status":"closed","template":"","meta":{"_acf_changed":false},"product_brand":[],"product_cat":[235],"product_tag":[],"class_list":{"0":"post-1007675","1":"product","2":"type-product","3":"status-publish","4":"has-post-thumbnail","6":"product_cat-cibles-de-pulverisation-planaire","8":"first","9":"instock","10":"shipping-taxable","11":"product-type-variable"},"acf":[],"_links":{"self":[{"href":"https:\/\/vimaterial.de\/fr\/wp-json\/wp\/v2\/product\/1007675","targetHints":{"allow":["GET"]}}],"collection":[{"href":"https:\/\/vimaterial.de\/fr\/wp-json\/wp\/v2\/product"}],"about":[{"href":"https:\/\/vimaterial.de\/fr\/wp-json\/wp\/v2\/types\/product"}],"replies":[{"embeddable":true,"href":"https:\/\/vimaterial.de\/fr\/wp-json\/wp\/v2\/comments?post=1007675"}],"wp:featuredmedia":[{"embeddable":true,"href":"https:\/\/vimaterial.de\/fr\/wp-json\/wp\/v2\/media\/998319"}],"wp:attachment":[{"href":"https:\/\/vimaterial.de\/fr\/wp-json\/wp\/v2\/media?parent=1007675"}],"wp:term":[{"taxonomy":"product_brand","embeddable":true,"href":"https:\/\/vimaterial.de\/fr\/wp-json\/wp\/v2\/product_brand?post=1007675"},{"taxonomy":"product_cat","embeddable":true,"href":"https:\/\/vimaterial.de\/fr\/wp-json\/wp\/v2\/product_cat?post=1007675"},{"taxonomy":"product_tag","embeddable":true,"href":"https:\/\/vimaterial.de\/fr\/wp-json\/wp\/v2\/product_tag?post=1007675"}],"curies":[{"name":"wp","href":"https:\/\/api.w.org\/{rel}","templated":true}]}}