{"id":1007673,"date":"2024-06-17T13:50:34","date_gmt":"2024-06-17T05:50:34","guid":{"rendered":"https:\/\/vimaterial.de\/product\/oxyde-daluminium%ef%bc%9ayttrium-oxide-48-7551-25wt\/"},"modified":"2024-11-06T16:26:08","modified_gmt":"2024-11-06T08:26:08","slug":"oxyde-daluminium%ef%bc%9ayttrium-oxide-48-7551-25wt","status":"publish","type":"product","link":"https:\/\/vimaterial.de\/fr\/product\/oxyde-daluminium%ef%bc%9ayttrium-oxide-48-7551-25wt\/","title":{"rendered":"Oxyde d\u2019aluminium&nbsp;:Oxyde d\u2019yttrium 48.75:51.25% en poids"},"content":{"rendered":"<p>Les cibles \u00e0 l\u2019oxyde d\u2019aluminium-oxyde d\u2019yttrium (Al\u2082O\u2083-Y\u2082O\u2083) sont des mat\u00e9riaux c\u00e9ramiques composites combinant de l\u2019oxyde d\u2019aluminium et de l\u2019oxyde d\u2019yttrium pour cr\u00e9er une cible haute performance pour les processus de d\u00e9p\u00f4t de couches minces, tels que la pulv\u00e9risation cathodique et l\u2019ablation laser. L\u2019ajout d\u2019oxyde d\u2019yttrium am\u00e9liore les propri\u00e9t\u00e9s thermiques, m\u00e9caniques et chimiques de la matrice d\u2019oxyde d\u2019aluminium, ce qui rend ces cibles id\u00e9ales pour les applications n\u00e9cessitant une durabilit\u00e9, une stabilit\u00e9 et une isolation \u00e9lev\u00e9es. <\/p>\n<p>&nbsp;<\/p>\n<h2><span style=\"font-size: 14pt;\">Composition:<\/span><\/h2>\n<p>Oxyde d\u2019aluminium (Al\u2082O\u2083) : Le composant matriciel primaire, Al\u2082O\u2083, offre une duret\u00e9 \u00e9lev\u00e9e, une r\u00e9sistance \u00e0 l\u2019usure et une excellente isolation \u00e9lectrique, ce qui en fait un mat\u00e9riau fiable pour les substrats et les rev\u00eatements dans l\u2019\u00e9lectronique et l\u2019optique. Oxyde d\u2019yttrium (Y\u2082O\u2083) : Y\u2082O\u2083 est ajout\u00e9 pour am\u00e9liorer la stabilit\u00e9 thermique, la r\u00e9sistance \u00e0 la corrosion et la t\u00e9nacit\u00e9. L\u2019oxyde d\u2019yttrium am\u00e9liore \u00e9galement la r\u00e9sistance du composite aux chocs thermiques, emp\u00eachant la fissuration et la d\u00e9gradation structurelle sous l\u2019effet des variations de temp\u00e9rature.<\/p>\n<p>&nbsp;<\/p>\n<h2><span style=\"font-size: 14pt;\">Propri\u00e9t\u00e9s physiques et m\u00e9caniques :<\/span><\/h2>\n<p>Duret\u00e9 et densit\u00e9 \u00e9lev\u00e9es : Le composite oxyde d\u2019aluminium-oxyde d\u2019yttrium (Al\u2082O\u2083-Y\u2082O\u2083) maintient la duret\u00e9 \u00e9lev\u00e9e de l\u2019oxyde d\u2019aluminium, avec une t\u00e9nacit\u00e9 suppl\u00e9mentaire de l\u2019oxyde d\u2019yttrium, ce qui rend la cible durable et r\u00e9sistante \u00e0 l\u2019usure lors de la pulv\u00e9risation et d\u2019autres processus de rev\u00eatement. T\u00e9nacit\u00e9 et stabilit\u00e9 am\u00e9lior\u00e9es : Y\u2082O\u2083 contribue \u00e0 am\u00e9liorer la r\u00e9sistance \u00e0 la rupture, am\u00e9liorant ainsi la stabilit\u00e9 structurelle de la cible. Ceci est particuli\u00e8rement avantageux dans les applications \u00e0 fortes contraintes o\u00f9 les mat\u00e9riaux traditionnels peuvent se fissurer ou se d\u00e9grader.<\/p>\n<p>&nbsp;<\/p>\n<h2><span style=\"font-size: 14pt;\">Propri\u00e9t\u00e9s thermiques :<\/span><\/h2>\n<p>Haute stabilit\u00e9 thermique : Les cibles d\u2019oxyde d\u2019aluminium-oxyde d\u2019yttrium (Al\u2082O\u2083-Y\u2082O\u2083) peuvent r\u00e9sister \u00e0 des temp\u00e9ratures extr\u00eamement \u00e9lev\u00e9es, ce qui les rend id\u00e9ales pour les rev\u00eatements et les films utilis\u00e9s dans des applications \u00e0 haute temp\u00e9rature. Le point de fusion du composite est bien sup\u00e9rieur \u00e0 2000\u00b0C.  R\u00e9sistance aux chocs thermiques : L\u2019oxyde d\u2019yttrium am\u00e9liore la r\u00e9sistance aux changements rapides de temp\u00e9rature, ce qui emp\u00eache la cible de se fissurer ou de se d\u00e9former sous des cycles de chauffage et de refroidissement intenses. <\/p>\n<p>&nbsp;<\/p>\n<h2><span style=\"font-size: 14pt;\">Propri\u00e9t\u00e9s \u00e9lectriques et isolantes :<\/span><\/h2>\n<p>Excellente isolation \u00e9lectrique : L\u2019oxyde d\u2019aluminium offre une rigidit\u00e9 di\u00e9lectrique \u00e9lev\u00e9e, ce qui rend ce mat\u00e9riau composite adapt\u00e9 \u00e0 l\u2019isolation \u00e9lectrique de l\u2019\u00e9lectronique. Cette propri\u00e9t\u00e9 est utile dans les applications n\u00e9cessitant une couche isolante pour \u00e9viter les interf\u00e9rences \u00e9lectriques. Faible perte di\u00e9lectrique : Cette propri\u00e9t\u00e9 est avantageuse dans les applications \u00e0 haute fr\u00e9quence, o\u00f9 l\u2019efficacit\u00e9 \u00e9nerg\u00e9tique et une perte de puissance minimale sont importantes. <\/p>\n<p>&nbsp;<\/p>\n<h2><span style=\"font-size: 14pt;\">Stabilit\u00e9 chimique et r\u00e9sistance \u00e0 la corrosion :<\/span><\/h2>\n<p>Inertie \u00e0 l\u2019attaque chimique : La combinaison oxyde d\u2019aluminium-oxyde d\u2019yttrium (Al\u2082O\u2083-Y\u2082O\u2083) am\u00e9liore la r\u00e9sistance chimique, rendant la cible stable et inerte dans les environnements corrosifs. Cette stabilit\u00e9 chimique est pr\u00e9cieuse dans les applications de rev\u00eatement o\u00f9 une durabilit\u00e9 \u00e0 long terme est requise. <\/p>\n<p>&nbsp;<\/p>\n<h2><span style=\"font-size: 14pt;\">Applications:<\/span><\/h2>\n<p>Rev\u00eatements optiques : La transparence du composite dans certaines plages spectrales le rend adapt\u00e9 aux rev\u00eatements optiques sur les lentilles et les optiques de pr\u00e9cision, fournissant des couches protectrices et antireflets. \u00c9lectronique et d\u00e9p\u00f4t de couches minces : Les cibles d\u2019oxyde d\u2019aluminium-oxyde d\u2019yttrium (Al\u2082O\u2083-Y\u2082O\u2083) sont fr\u00e9quemment utilis\u00e9es pour d\u00e9poser de fines couches isolantes sur les plaquettes de semi-conducteurs et les composants \u00e9lectroniques, am\u00e9liorant ainsi la durabilit\u00e9 et prot\u00e9geant les circuits des dommages environnementaux. Rev\u00eatements de barri\u00e8re thermique : Gr\u00e2ce \u00e0 sa stabilit\u00e9 thermique et \u00e0 sa r\u00e9sistance aux attaques chimiques, ce composite est id\u00e9al pour les barri\u00e8res thermiques sur les composants expos\u00e9s \u00e0 des temp\u00e9ratures \u00e9lev\u00e9es, tels que les aubes de turbine et d\u2019autres applications a\u00e9rospatiales. Rev\u00eatements protecteurs : La r\u00e9sistance aux produits chimiques et \u00e0 l\u2019usure des cibles Al\u2082O\u2083-Y\u2082O\u2083 les rend adapt\u00e9es aux rev\u00eatements protecteurs sur les outils, les pi\u00e8ces de machines et d\u2019autres surfaces soumises \u00e0 l\u2019usure ou \u00e0 l\u2019exposition aux produits chimiques.<\/p>\n<p>&nbsp;<\/p>\n","protected":false},"excerpt":{"rendered":"<p>Les cibles \u00e0 l\u2019oxyde d\u2019aluminium-oxyde d\u2019yttrium (Al\u2082O\u2083-Y\u2082O\u2083) sont des mat\u00e9riaux c\u00e9ramiques composites combinant de l\u2019oxyde d\u2019aluminium et de l\u2019oxyde d\u2019yttrium pour cr\u00e9er une cible haute performance pour les processus de d\u00e9p\u00f4t de couches minces, tels que la pulv\u00e9risation cathodique et l\u2019ablation laser. L\u2019ajout d\u2019oxyde d\u2019yttrium am\u00e9liore les propri\u00e9t\u00e9s thermiques, m\u00e9caniques et chimiques de la matrice [&hellip;]<\/p>\n","protected":false},"featured_media":998319,"comment_status":"open","ping_status":"closed","template":"","meta":{"_acf_changed":false},"product_brand":[],"product_cat":[235],"product_tag":[],"class_list":{"0":"post-1007673","1":"product","2":"type-product","3":"status-publish","4":"has-post-thumbnail","6":"product_cat-cibles-de-pulverisation-planaire","8":"first","9":"instock","10":"shipping-taxable","11":"product-type-variable"},"acf":[],"_links":{"self":[{"href":"https:\/\/vimaterial.de\/fr\/wp-json\/wp\/v2\/product\/1007673","targetHints":{"allow":["GET"]}}],"collection":[{"href":"https:\/\/vimaterial.de\/fr\/wp-json\/wp\/v2\/product"}],"about":[{"href":"https:\/\/vimaterial.de\/fr\/wp-json\/wp\/v2\/types\/product"}],"replies":[{"embeddable":true,"href":"https:\/\/vimaterial.de\/fr\/wp-json\/wp\/v2\/comments?post=1007673"}],"wp:featuredmedia":[{"embeddable":true,"href":"https:\/\/vimaterial.de\/fr\/wp-json\/wp\/v2\/media\/998319"}],"wp:attachment":[{"href":"https:\/\/vimaterial.de\/fr\/wp-json\/wp\/v2\/media?parent=1007673"}],"wp:term":[{"taxonomy":"product_brand","embeddable":true,"href":"https:\/\/vimaterial.de\/fr\/wp-json\/wp\/v2\/product_brand?post=1007673"},{"taxonomy":"product_cat","embeddable":true,"href":"https:\/\/vimaterial.de\/fr\/wp-json\/wp\/v2\/product_cat?post=1007673"},{"taxonomy":"product_tag","embeddable":true,"href":"https:\/\/vimaterial.de\/fr\/wp-json\/wp\/v2\/product_tag?post=1007673"}],"curies":[{"name":"wp","href":"https:\/\/api.w.org\/{rel}","templated":true}]}}