{"id":1007658,"date":"2024-06-17T13:50:35","date_gmt":"2024-06-17T05:50:35","guid":{"rendered":"https:\/\/vimaterial.de\/product\/oxyde-daluminium%ef%bc%9ayttrium-oxide%ef%bc%9aoxyde-dytterbium-48054856339-en-poids\/"},"modified":"2024-11-07T15:39:57","modified_gmt":"2024-11-07T07:39:57","slug":"oxyde-daluminium%ef%bc%9ayttrium-oxide%ef%bc%9aoxyde-dytterbium-48054856339-en-poids","status":"publish","type":"product","link":"https:\/\/vimaterial.de\/fr\/product\/oxyde-daluminium%ef%bc%9ayttrium-oxide%ef%bc%9aoxyde-dytterbium-48054856339-en-poids\/","title":{"rendered":"Oxyde d\u2019aluminium&nbsp;: Oxyde d\u2019yttrium&nbsp;: Oxyde d\u2019ytterbium 48.05:48.56:3.39wt %"},"content":{"rendered":"<p>Oxyde d\u2019aluminium : Oxyde d\u2019yttrium : Le composite d\u2019oxyde d\u2019ytterbium (Al2O3-Y2O3-Yb2O3) est un mat\u00e9riau d\u2019oxyde \u00e0 plusieurs composants compos\u00e9 d\u2019oxyde d\u2019aluminium (Al\u2082O\u2083), d\u2019oxyde d\u2019yttrium (Y\u2082O\u2083) et d\u2019oxyde d\u2019ytterbium (Yb\u2082O\u2083). Ce mat\u00e9riau composite combine les avantages de chaque oxyde, ce qui se traduit par des propri\u00e9t\u00e9s thermiques, m\u00e9caniques et optiques am\u00e9lior\u00e9es qui sont pr\u00e9cieuses dans les applications de haute performance, en particulier dans les c\u00e9ramiques avanc\u00e9es et les mat\u00e9riaux laser. <\/p>\n<p>&nbsp;<\/p>\n<h2><span style=\"font-size: 14pt;\">Composition chimique et structure de Al2O3-Y2O3-Yb2O3 :<\/span><\/h2>\n<p>Oxyde d\u2019aluminium (Al\u2082O\u2083) : Connu pour sa duret\u00e9, son point de fusion \u00e9lev\u00e9 et son isolation \u00e9lectrique, l\u2019Al\u2082O\u2083 sert de matrice de base dans ce composite. Oxyde d\u2019yttrium (Y\u2082O\u2083) : Am\u00e9liore la stabilit\u00e9 thermique, la stabilit\u00e9 de phase et la r\u00e9sistance m\u00e9canique du composite. Y\u2082O\u2083 est \u00e9galement utilis\u00e9 pour am\u00e9liorer le processus de frittage. Oxyde d\u2019ytterbium (Yb\u2082O\u2083) : Souvent utilis\u00e9 comme dopant dans les applications optiques et laser, l\u2019Yb\u2082O\u2083 offre des propri\u00e9t\u00e9s optiques uniques, en particulier pour les applications n\u00e9cessitant une g\u00e9n\u00e9ration laser et un guidage d\u2019ondes efficaces.<\/p>\n<p>&nbsp;<\/p>\n<h2><span style=\"font-size: 14pt;\">Propri\u00e9t\u00e9s physiques de Al2O3-Y2O3-Yb2O3 :<\/span><\/h2>\n<p>Point de fusion \u00e9lev\u00e9 : La combinaison d\u2019Al\u2082O\u2083, Y\u2082O\u2083 et Yb\u2082O\u2083 permet d\u2019obtenir un composite \u00e0 point de fusion \u00e9lev\u00e9, ce qui le rend adapt\u00e9 aux applications \u00e0 haute temp\u00e9rature. Duret\u00e9 et r\u00e9sistance m\u00e9canique am\u00e9lior\u00e9es : L\u2019ajout de Y\u2082O\u2083 contribue \u00e0 la t\u00e9nacit\u00e9 et \u00e0 la durabilit\u00e9 de l\u2019Al\u2082O\u2083, ce qui rend le composite r\u00e9sistant \u00e0 l\u2019usure et adapt\u00e9 aux applications structurelles. Transparence optique : Lorsqu\u2019il est trait\u00e9 dans des conditions contr\u00f4l\u00e9es, ce composite peut pr\u00e9senter une transparence optique \u00e9lev\u00e9e, utile dans les applications laser et photoniques.<\/p>\n<p>&nbsp;<\/p>\n<h2><span style=\"font-size: 14pt;\">Propri\u00e9t\u00e9s thermiques et chimiques de Al2O3-Y2O3-Yb2O3 :<\/span><\/h2>\n<p>Excellente stabilit\u00e9 thermique : Le composite r\u00e9siste \u00e0 la dilatation thermique et reste stable \u00e0 des temp\u00e9ratures \u00e9lev\u00e9es, ce qui le rend adapt\u00e9 aux applications dans des environnements difficiles. R\u00e9sistance \u00e0 la corrosion : Cette combinaison d\u2019oxydes pr\u00e9sente une inertie chimique, offrant une bonne r\u00e9sistance \u00e0 la corrosion chimique, en particulier dans les environnements r\u00e9actifs. Transfert d\u2019\u00e9nergie efficace : Les ions ytterbium contenus dans Yb\u2082O\u2083 peuvent absorber et \u00e9mettre efficacement des photons, ce qui est b\u00e9n\u00e9fique pour le transfert d\u2019\u00e9nergie dans les applications laser.<\/p>\n<p>&nbsp;<\/p>\n<h2><span style=\"font-size: 14pt;\">Applications de Al2O3-Y2O3-Yb2O3 :<\/span><\/h2>\n<p>C\u00e9ramiques haute performance : Ce composite est utilis\u00e9 dans les composants c\u00e9ramiques haute performance, en particulier dans les applications qui n\u00e9cessitent duret\u00e9, stabilit\u00e9 thermique et durabilit\u00e9, comme dans les machines a\u00e9rospatiales ou industrielles. Mat\u00e9riaux laser : Les mat\u00e9riaux dop\u00e9s \u00e0 l\u2019yb sont couramment utilis\u00e9s dans les applications laser pour leur rendement \u00e9lev\u00e9, leurs faibles effets thermiques et leur capacit\u00e9 \u00e0 g\u00e9n\u00e9rer des faisceaux laser de haute puissance, en particulier pour les lasers \u00e0 semi-conducteurs et \u00e0 fibre. Dispositifs optiques et guides d\u2019ondes : La transparence et l\u2019indice de r\u00e9fraction du mat\u00e9riau le rendent adapt\u00e9 aux guides d\u2019ondes optiques, aux lentilles et \u00e0 d\u2019autres composants photoniques. Rev\u00eatements de barri\u00e8re thermique : La stabilit\u00e9 thermique et chimique de ce composite en fait \u00e9galement un bon candidat pour les rev\u00eatements dans des environnements \u00e0 haute temp\u00e9rature, prot\u00e9geant les mat\u00e9riaux de la d\u00e9gradation thermique.<\/p>\n","protected":false},"excerpt":{"rendered":"<p>Oxyde d\u2019aluminium : Oxyde d\u2019yttrium : Le composite d\u2019oxyde d\u2019ytterbium (Al2O3-Y2O3-Yb2O3) est un mat\u00e9riau d\u2019oxyde \u00e0 plusieurs composants compos\u00e9 d\u2019oxyde d\u2019aluminium (Al\u2082O\u2083), d\u2019oxyde d\u2019yttrium (Y\u2082O\u2083) et d\u2019oxyde d\u2019ytterbium (Yb\u2082O\u2083). Ce mat\u00e9riau composite combine les avantages de chaque oxyde, ce qui se traduit par des propri\u00e9t\u00e9s thermiques, m\u00e9caniques et optiques am\u00e9lior\u00e9es qui sont pr\u00e9cieuses dans les [&hellip;]<\/p>\n","protected":false},"featured_media":998319,"comment_status":"open","ping_status":"closed","template":"","meta":{"_acf_changed":false},"product_brand":[],"product_cat":[235],"product_tag":[],"class_list":{"0":"post-1007658","1":"product","2":"type-product","3":"status-publish","4":"has-post-thumbnail","6":"product_cat-cibles-de-pulverisation-planaire","8":"first","9":"instock","10":"shipping-taxable","11":"product-type-variable"},"acf":[],"_links":{"self":[{"href":"https:\/\/vimaterial.de\/fr\/wp-json\/wp\/v2\/product\/1007658","targetHints":{"allow":["GET"]}}],"collection":[{"href":"https:\/\/vimaterial.de\/fr\/wp-json\/wp\/v2\/product"}],"about":[{"href":"https:\/\/vimaterial.de\/fr\/wp-json\/wp\/v2\/types\/product"}],"replies":[{"embeddable":true,"href":"https:\/\/vimaterial.de\/fr\/wp-json\/wp\/v2\/comments?post=1007658"}],"wp:featuredmedia":[{"embeddable":true,"href":"https:\/\/vimaterial.de\/fr\/wp-json\/wp\/v2\/media\/998319"}],"wp:attachment":[{"href":"https:\/\/vimaterial.de\/fr\/wp-json\/wp\/v2\/media?parent=1007658"}],"wp:term":[{"taxonomy":"product_brand","embeddable":true,"href":"https:\/\/vimaterial.de\/fr\/wp-json\/wp\/v2\/product_brand?post=1007658"},{"taxonomy":"product_cat","embeddable":true,"href":"https:\/\/vimaterial.de\/fr\/wp-json\/wp\/v2\/product_cat?post=1007658"},{"taxonomy":"product_tag","embeddable":true,"href":"https:\/\/vimaterial.de\/fr\/wp-json\/wp\/v2\/product_tag?post=1007658"}],"curies":[{"name":"wp","href":"https:\/\/api.w.org\/{rel}","templated":true}]}}