{"id":1007622,"date":"2024-06-17T13:50:35","date_gmt":"2024-06-17T05:50:35","guid":{"rendered":"https:\/\/vimaterial.de\/product\/oxynitrure-daluminium\/"},"modified":"2024-11-07T15:46:29","modified_gmt":"2024-11-07T07:46:29","slug":"oxynitrure-daluminium","status":"publish","type":"product","link":"https:\/\/vimaterial.de\/fr\/product\/oxynitrure-daluminium\/","title":{"rendered":"Oxynitrure d\u2019aluminium"},"content":{"rendered":"<p>La poudre d\u2019oxynitrure d\u2019aluminium (AlON) est une forme fine et pulv\u00e9ris\u00e9e d\u2019oxynitrure d\u2019aluminium, une c\u00e9ramique transparente connue pour sa duret\u00e9 exceptionnelle, sa clart\u00e9 optique et sa stabilit\u00e9 thermique. La poudre AlON est principalement utilis\u00e9e comme pr\u00e9curseur dans la production de c\u00e9ramiques AlON solides et transparentes et constitue un mat\u00e9riau essentiel dans la fabrication d\u2019armures transparentes, de composants optiques et d\u2019autres c\u00e9ramiques haute performance. <\/p>\n<p>&nbsp;<\/p>\n<h2><span style=\"font-size: 14pt;\">Composition chimique et structure :<\/span><\/h2>\n<p>Formule : AlON, compos\u00e9 d\u2019atomes d\u2019aluminium, d\u2019oxyg\u00e8ne et d\u2019azote. Structure cristalline : La poudre AlON est constitu\u00e9e de particules microcristallines qui peuvent \u00eatre fritt\u00e9es pour former une structure c\u00e9ramique transparente de type spinelle.<\/p>\n<p>&nbsp;<\/p>\n<h2><span style=\"font-size: 14pt;\">Propri\u00e9t\u00e9s physiques&nbsp;:<\/span><\/h2>\n<p>Apparence&nbsp;: La poudre d\u2019oxynitrure d\u2019aluminium (AlON) est g\u00e9n\u00e9ralement une poudre fine blanche ou gris clair. Taille des particules : La poudre est disponible en diff\u00e9rentes tailles de particules, ce qui peut affecter le comportement de frittage et la densit\u00e9 finale de la c\u00e9ramique. La granulom\u00e9trie fine permet une meilleure densification et une meilleure transparence du produit final. Haute puret\u00e9 : La poudre d\u2019oxynitrure d\u2019aluminium de haute puret\u00e9 (AlON) est cruciale pour assurer la clart\u00e9 optique et la r\u00e9sistance m\u00e9canique de la c\u00e9ramique fritt\u00e9e finale.<\/p>\n<p>&nbsp;<\/p>\n<h2><span style=\"font-size: 14pt;\">Propri\u00e9t\u00e9s thermiques et chimiques :<\/span><\/h2>\n<p>Stabilit\u00e9 thermique : La poudre AlON peut r\u00e9sister \u00e0 des temp\u00e9ratures \u00e9lev\u00e9es sans d\u00e9gradation significative, ce qui la rend adapt\u00e9e au frittage et \u00e0 l\u2019utilisation dans des environnements \u00e0 haute temp\u00e9rature. R\u00e9sistance chimique : AlON est chimiquement stable et r\u00e9sistant \u00e0 la plupart des produits corrosifs environnementaux et chimiques, offrant une durabilit\u00e9 dans diverses applications.<\/p>\n<p>&nbsp;<\/p>\n<h2><span style=\"font-size: 14pt;\">Applications:<\/span><\/h2>\n<p>Production de c\u00e9ramique transparente : La poudre d\u2019oxynitrure d\u2019aluminium (AlON) est le mat\u00e9riau de d\u00e9part de la production de c\u00e9ramiques transparentes AlON, utilis\u00e9e dans des applications telles que les armures transparentes, les fen\u00eatres et les d\u00f4mes pour les industries a\u00e9rospatiale, militaire et de d\u00e9fense. Applications optiques et infrarouges : Une fois fritt\u00e9, la transparence optique d\u2019AlON sur les longueurs d\u2019onde UV, visible et IR le rend adapt\u00e9 aux fen\u00eatres et objectifs optiques haute performance. Recherche avanc\u00e9e : La poudre d\u2019oxynitrure d\u2019aluminium (AlON) est utilis\u00e9e dans la recherche en science des mat\u00e9riaux ax\u00e9e sur les c\u00e9ramiques transparentes et les mat\u00e9riaux composites avanc\u00e9s en raison de ses propri\u00e9t\u00e9s uniques.<\/p>\n<p>&nbsp;<\/p>\n<p>&nbsp;<\/p>\n","protected":false},"excerpt":{"rendered":"<p>La poudre d\u2019oxynitrure d\u2019aluminium (AlON) est une forme fine et pulv\u00e9ris\u00e9e d\u2019oxynitrure d\u2019aluminium, une c\u00e9ramique transparente connue pour sa duret\u00e9 exceptionnelle, sa clart\u00e9 optique et sa stabilit\u00e9 thermique. La poudre AlON est principalement utilis\u00e9e comme pr\u00e9curseur dans la production de c\u00e9ramiques AlON solides et transparentes et constitue un mat\u00e9riau essentiel dans la fabrication d\u2019armures transparentes, [&hellip;]<\/p>\n","protected":false},"featured_media":998387,"comment_status":"open","ping_status":"closed","template":"","meta":{"_acf_changed":false},"product_brand":[],"product_cat":[243],"product_tag":[],"class_list":{"0":"post-1007622","1":"product","2":"type-product","3":"status-publish","4":"has-post-thumbnail","6":"product_cat-materiaux-oxydes-hydroxydes","8":"first","9":"instock","10":"shipping-taxable","11":"purchasable","12":"product-type-variable"},"acf":[],"_links":{"self":[{"href":"https:\/\/vimaterial.de\/fr\/wp-json\/wp\/v2\/product\/1007622","targetHints":{"allow":["GET"]}}],"collection":[{"href":"https:\/\/vimaterial.de\/fr\/wp-json\/wp\/v2\/product"}],"about":[{"href":"https:\/\/vimaterial.de\/fr\/wp-json\/wp\/v2\/types\/product"}],"replies":[{"embeddable":true,"href":"https:\/\/vimaterial.de\/fr\/wp-json\/wp\/v2\/comments?post=1007622"}],"wp:featuredmedia":[{"embeddable":true,"href":"https:\/\/vimaterial.de\/fr\/wp-json\/wp\/v2\/media\/998387"}],"wp:attachment":[{"href":"https:\/\/vimaterial.de\/fr\/wp-json\/wp\/v2\/media?parent=1007622"}],"wp:term":[{"taxonomy":"product_brand","embeddable":true,"href":"https:\/\/vimaterial.de\/fr\/wp-json\/wp\/v2\/product_brand?post=1007622"},{"taxonomy":"product_cat","embeddable":true,"href":"https:\/\/vimaterial.de\/fr\/wp-json\/wp\/v2\/product_cat?post=1007622"},{"taxonomy":"product_tag","embeddable":true,"href":"https:\/\/vimaterial.de\/fr\/wp-json\/wp\/v2\/product_tag?post=1007622"}],"curies":[{"name":"wp","href":"https:\/\/api.w.org\/{rel}","templated":true}]}}