{"id":1007599,"date":"2024-06-17T13:50:36","date_gmt":"2024-06-17T05:50:36","guid":{"rendered":"https:\/\/vimaterial.de\/product\/hydroxyde-daluminium\/"},"modified":"2024-11-07T15:29:22","modified_gmt":"2024-11-07T07:29:22","slug":"hydroxyde-daluminium","status":"publish","type":"product","link":"https:\/\/vimaterial.de\/fr\/product\/hydroxyde-daluminium\/","title":{"rendered":"Hydroxyde d\u2019aluminium"},"content":{"rendered":"<p>L\u2019hydroxyde d\u2019aluminium, formule chimique d\u2019Al(OH)<sub>3<\/sub>, est l\u2019hydroxyde d\u2019aluminium. L\u2019hydroxyde d\u2019aluminium est une sorte d\u2019hydroxyde amphot\u00e8re car il peut r\u00e9agir avec l\u2019acide pour produire du sel et de l\u2019eau et une base forte pour produire du sel et de l\u2019eau. Il est \u00e9galement appel\u00e9 acide aluminique (H3AlO3) en raison de son acidit\u00e9.<\/p>\n<p>&nbsp;<\/p>\n<h2><span style=\"font-size: 14pt;\">Propri\u00e9t\u00e9s:<\/span><\/h2>\n<p>Formule chimique&nbsp;: Al(OH)<sub>3<\/sub><\/p>\n<p>Masse molaire :78,00 g\/mol Aspect :Poudre amorphe blanche Densit\u00e9 :2,42 g\/cm3, solide Point de fusion :300 \u00b0C (572 \u00b0F&nbsp;; 573 K) Solubilit\u00e9 dans l\u2019eau :0,0001 g\/100 mL<\/p>\n<p>&nbsp;<\/p>\n<h2><span style=\"font-size: 14pt;\">Solubilit\u00e9 dans l\u2019eau (g\/100ml)<\/span><\/h2>\n<p>Nombre de grammes dissous pour 100 ml d\u2019eau : 0,0001 g\/20 \u00b0C<\/p>\n<p>&nbsp;<\/p>\n<h2><span style=\"font-size: 14pt;\">Application:<\/span><\/h2>\n<p>L\u2019hydroxyde d\u2019aluminium est l\u2019additif ignifuge inorganique le plus largement utilis\u00e9. Al(OH)<sub>3<\/sub> en tant que retardateur de flamme peut non seulement retarder la flamme et peut emp\u00eacher la fum\u00e9e, ne pas produire de gouttelettes, ne pas produire de gaz toxique, a donc \u00e9t\u00e9 largement utilis\u00e9, l\u2019utilisation augmente d\u2019ann\u00e9e en ann\u00e9e. <\/p>\n<p>&nbsp;<\/p>\n<p><strong>Champ d\u2019application :  <\/strong><\/p>\n<p>Plastiques thermodurcissables, thermoplastiques, caoutchouc synth\u00e9tique, mat\u00e9riaux de rev\u00eatement et de construction et autres industries. Dans le m\u00eame temps, Al(OH)<sub>3<\/sub> est \u00e9galement la mati\u00e8re premi\u00e8re de base du fluorure d\u2019aluminium n\u00e9cessaire dans l\u2019industrie de l\u2019aluminium \u00e9lectrolytique, l\u2019hydroxyde d\u2019aluminium est \u00e9galement largement utilis\u00e9 dans cette industrie. <\/p>\n<p>&nbsp;<\/p>\n<h2><span style=\"font-size: 14pt;\">Toxicit\u00e9:<\/span><\/h2>\n<p>Les effets toxiques de l\u2019aluminium sont la stimulation m\u00e9canique du tissu pulmonaire ; Deuxi\u00e8mement, il provoque une pr\u00e9cipitation des prot\u00e9ines et forme des compos\u00e9s prot\u00e9iques fibreux irr\u00e9versibles sans manifestations inflammatoires. L\u2019inhalation de poussi\u00e8re d\u2019aluminium endommage principalement les poumons, ce qu\u2019on appelle le poumon d\u2019alumine&nbsp;; Les sympt\u00f4mes chroniques comprennent la perte de poids, la fatigue extr\u00eame, la dyspn\u00e9e et la toux. L\u2019hydroxyde d\u2019aluminium provoque une hyperplasie \u00e9pith\u00e9liale alv\u00e9olaire plus significative que l\u2019aluminium. La concentration maximale admissible est de 6 mg\/m3. Les plaies mineures peuvent \u00eatre trait\u00e9es d\u2019abord avec de l\u2019alcool ou de l\u2019essence, puis recouvertes de pansements non toxiques&nbsp;; Les plaies importantes peuvent \u00eatre excis\u00e9es et sutur\u00e9es, et trait\u00e9es avec des pr\u00e9parations de sulfamide et de p\u00e9nicilline. Lorsque vous travaillez dans des endroits \u00e0 forte teneur en poussi\u00e8re, vous devez porter un masque \u00e0 gaz, des lunettes de protection et des v\u00eatements de travail anti-poussi\u00e8re pour prot\u00e9ger votre peau et vos yeux. Des examens physiques r\u00e9guliers doivent \u00eatre effectu\u00e9s une fois par an.  <\/p>\n<p>&nbsp;<\/p>\n","protected":false},"excerpt":{"rendered":"<p>L\u2019hydroxyde d\u2019aluminium, formule chimique d\u2019Al(OH)3, est l\u2019hydroxyde d\u2019aluminium. L\u2019hydroxyde d\u2019aluminium est une sorte d\u2019hydroxyde amphot\u00e8re car il peut r\u00e9agir avec l\u2019acide pour produire du sel et de l\u2019eau et une base forte pour produire du sel et de l\u2019eau. Il est \u00e9galement appel\u00e9 acide aluminique (H3AlO3) en raison de son acidit\u00e9. &nbsp; Propri\u00e9t\u00e9s: Formule chimique&nbsp;: [&hellip;]<\/p>\n","protected":false},"featured_media":998408,"comment_status":"open","ping_status":"closed","template":"","meta":{"_acf_changed":false},"product_brand":[],"product_cat":[243],"product_tag":[],"class_list":{"0":"post-1007599","1":"product","2":"type-product","3":"status-publish","4":"has-post-thumbnail","6":"product_cat-materiaux-oxydes-hydroxydes","8":"first","9":"instock","10":"shipping-taxable","11":"product-type-variable"},"acf":[],"_links":{"self":[{"href":"https:\/\/vimaterial.de\/fr\/wp-json\/wp\/v2\/product\/1007599","targetHints":{"allow":["GET"]}}],"collection":[{"href":"https:\/\/vimaterial.de\/fr\/wp-json\/wp\/v2\/product"}],"about":[{"href":"https:\/\/vimaterial.de\/fr\/wp-json\/wp\/v2\/types\/product"}],"replies":[{"embeddable":true,"href":"https:\/\/vimaterial.de\/fr\/wp-json\/wp\/v2\/comments?post=1007599"}],"wp:featuredmedia":[{"embeddable":true,"href":"https:\/\/vimaterial.de\/fr\/wp-json\/wp\/v2\/media\/998408"}],"wp:attachment":[{"href":"https:\/\/vimaterial.de\/fr\/wp-json\/wp\/v2\/media?parent=1007599"}],"wp:term":[{"taxonomy":"product_brand","embeddable":true,"href":"https:\/\/vimaterial.de\/fr\/wp-json\/wp\/v2\/product_brand?post=1007599"},{"taxonomy":"product_cat","embeddable":true,"href":"https:\/\/vimaterial.de\/fr\/wp-json\/wp\/v2\/product_cat?post=1007599"},{"taxonomy":"product_tag","embeddable":true,"href":"https:\/\/vimaterial.de\/fr\/wp-json\/wp\/v2\/product_tag?post=1007599"}],"curies":[{"name":"wp","href":"https:\/\/api.w.org\/{rel}","templated":true}]}}