{"id":1007576,"date":"2024-06-17T13:50:44","date_gmt":"2024-06-17T05:50:44","guid":{"rendered":"https:\/\/vimaterial.de\/product\/seleniure-daluminium-2\/"},"modified":"2024-11-07T14:47:07","modified_gmt":"2024-11-07T06:47:07","slug":"seleniure-daluminium-2","status":"publish","type":"product","link":"https:\/\/vimaterial.de\/fr\/product\/seleniure-daluminium-2\/","title":{"rendered":"S\u00e9l\u00e9niure d\u2019aluminium"},"content":{"rendered":"<p>Le s\u00e9l\u00e9niure d\u2019aluminium (Al\u2082Se\u2083) est un compos\u00e9 inorganique compos\u00e9 d\u2019aluminium et de s\u00e9l\u00e9nium. Il est principalement utilis\u00e9 dans la recherche, avec des applications potentielles dans la technologie des semi-conducteurs en raison de ses propri\u00e9t\u00e9s de semi-conducteur \u00e0 large bande interdite. Cependant, Al\u2082Se\u2083 est assez r\u00e9actif, surtout en pr\u00e9sence d\u2019humidit\u00e9, ce qui limite son utilisation pratique et n\u00e9cessite une manipulation soigneuse.  <\/p>\n<p>&nbsp;<\/p>\n<h2><span style=\"font-size: 14pt;\">Propri\u00e9t\u00e9s physiques&nbsp;:<\/span><\/h2>\n<p>Formule chimique&nbsp;:Al2Se3 CAS#&nbsp;:1302-82-5 Masse molaire&nbsp;:290.84 g\/mol Apparence&nbsp;:poudre jaune \u00e0 brune<\/p>\n<p>Odeur&nbsp;:inodore<\/p>\n<p>Densit\u00e9 : 3,437 g\/cm3 Point de fusion : 947 \u00b0C (1 737 \u00b0F ; 1 220 K) Solubilit\u00e9 dans l\u2019eau : se d\u00e9compose Structure cristalline : Monoclinique, mS20<\/p>\n<p>&nbsp;<\/p>\n<h2><span style=\"font-size: 14pt;\">Application:<\/span><\/h2>\n<p>Recherche sur les semi-conducteurs : En raison de sa large bande interdite, le s\u00e9l\u00e9niure d\u2019aluminium (Al\u2082Se\u2083) est \u00e9tudi\u00e9 comme mat\u00e9riau semi-conducteur dans la recherche \u00e9lectronique et optique. Cependant, il est moins courant dans les applications commerciales par rapport aux s\u00e9l\u00e9niures plus stables. Applications opto\u00e9lectroniques sp\u00e9cialis\u00e9es : Les propri\u00e9t\u00e9s d\u2019Al\u2082Se\u2083 le rendent int\u00e9ressant pour la recherche de certains dispositifs opto\u00e9lectroniques, bien que l\u2019application pratique soit limit\u00e9e en raison de sa r\u00e9activit\u00e9. <\/p>\n<p>&nbsp;<\/p>\n<h2><span style=\"font-size: 14pt;\">Manipulation et s\u00e9curit\u00e9 :<\/span><\/h2>\n<p>Sensibilit\u00e9 \u00e0 l\u2019humidit\u00e9 : Le s\u00e9l\u00e9niure d\u2019aluminium (Al\u2082Se\u2083) doit \u00eatre manipul\u00e9 dans une atmosph\u00e8re s\u00e8che et inerte, comme sous argon ou azote, pour \u00e9viter l\u2019hydrolyse. Toxicit\u00e9 : L\u2019hydrolyse du s\u00e9l\u00e9niure d\u2019aluminium (Al\u2082Se\u2083) produit du s\u00e9l\u00e9niure d\u2019hydrog\u00e8ne (H\u2082Se), un gaz toxique et naus\u00e9abond. Une ventilation ad\u00e9quate et un \u00e9quipement de protection sont n\u00e9cessaires pour \u00e9viter l\u2019inhalation ou l\u2019exposition. \u00c9quipement de protection : La manipulation de l\u2019Al\u2082Se\u2083 n\u00e9cessite des gants, des lunettes de protection et, id\u00e9alement, une hotte pour \u00e9viter l\u2019exposition au gaz H\u2082Se et \u00e0 d\u2019autres produits de d\u00e9composition.<\/p>\n<p>&nbsp;<\/p>\n<h2><span style=\"font-size: 14pt;\">Exigences de stockage :<\/span><\/h2>\n<p>Contenants herm\u00e9tiques : Pour \u00e9viter l\u2019exposition \u00e0 l\u2019humidit\u00e9, Al\u2082Se\u2083 doit \u00eatre stock\u00e9 dans des r\u00e9cipients herm\u00e9tiques. Stockage sous atmosph\u00e8re inerte : Pour une stabilit\u00e9 \u00e0 long terme, il est recommand\u00e9 de le stocker dans une atmosph\u00e8re inerte, telle que l\u2019azote ou l\u2019argon.<\/p>\n<p>&nbsp;<\/p>\n","protected":false},"excerpt":{"rendered":"<p>Le s\u00e9l\u00e9niure d\u2019aluminium (Al\u2082Se\u2083) est un compos\u00e9 inorganique compos\u00e9 d\u2019aluminium et de s\u00e9l\u00e9nium. Il est principalement utilis\u00e9 dans la recherche, avec des applications potentielles dans la technologie des semi-conducteurs en raison de ses propri\u00e9t\u00e9s de semi-conducteur \u00e0 large bande interdite. Cependant, Al\u2082Se\u2083 est assez r\u00e9actif, surtout en pr\u00e9sence d\u2019humidit\u00e9, ce qui limite son utilisation pratique [&hellip;]<\/p>\n","protected":false},"featured_media":998431,"comment_status":"open","ping_status":"closed","template":"","meta":{"_acf_changed":false},"product_brand":[],"product_cat":[238],"product_tag":[],"class_list":{"0":"post-1007576","1":"product","2":"type-product","3":"status-publish","4":"has-post-thumbnail","6":"product_cat-materiaux-de-chalcogenure","8":"first","9":"instock","10":"shipping-taxable","11":"product-type-variable"},"acf":[],"_links":{"self":[{"href":"https:\/\/vimaterial.de\/fr\/wp-json\/wp\/v2\/product\/1007576","targetHints":{"allow":["GET"]}}],"collection":[{"href":"https:\/\/vimaterial.de\/fr\/wp-json\/wp\/v2\/product"}],"about":[{"href":"https:\/\/vimaterial.de\/fr\/wp-json\/wp\/v2\/types\/product"}],"replies":[{"embeddable":true,"href":"https:\/\/vimaterial.de\/fr\/wp-json\/wp\/v2\/comments?post=1007576"}],"wp:featuredmedia":[{"embeddable":true,"href":"https:\/\/vimaterial.de\/fr\/wp-json\/wp\/v2\/media\/998431"}],"wp:attachment":[{"href":"https:\/\/vimaterial.de\/fr\/wp-json\/wp\/v2\/media?parent=1007576"}],"wp:term":[{"taxonomy":"product_brand","embeddable":true,"href":"https:\/\/vimaterial.de\/fr\/wp-json\/wp\/v2\/product_brand?post=1007576"},{"taxonomy":"product_cat","embeddable":true,"href":"https:\/\/vimaterial.de\/fr\/wp-json\/wp\/v2\/product_cat?post=1007576"},{"taxonomy":"product_tag","embeddable":true,"href":"https:\/\/vimaterial.de\/fr\/wp-json\/wp\/v2\/product_tag?post=1007576"}],"curies":[{"name":"wp","href":"https:\/\/api.w.org\/{rel}","templated":true}]}}