{"id":1007565,"date":"2024-06-17T13:51:40","date_gmt":"2024-06-17T05:51:40","guid":{"rendered":"https:\/\/vimaterial.de\/product\/arseniure-daluminium\/"},"modified":"2024-11-06T17:45:47","modified_gmt":"2024-11-06T09:45:47","slug":"arseniure-daluminium","status":"publish","type":"product","link":"https:\/\/vimaterial.de\/fr\/product\/arseniure-daluminium\/","title":{"rendered":"Ars\u00e9niure d\u2019aluminium"},"content":{"rendered":"<p>L\u2019ars\u00e9niure d\u2019aluminium (AlAs) est un mat\u00e9riau semi-conducteur compos\u00e9 III-V contenant deux \u00e9l\u00e9ments, l\u2019aluminium et l\u2019arsenic. H\u00e9las, les cristaux ont un syst\u00e8me hexagonal et appartiennent \u00e0 la structure de la sphal\u00e9rite, et sa bande interdite est d\u2019environ 1,42 \u00e9lectronvolts. H\u00e9las, les mat\u00e9riaux ont une faible conductivit\u00e9 \u00e9lectrique \u00e0 temp\u00e9rature ambiante, mais leur conductivit\u00e9 \u00e9lectrique est consid\u00e9rablement am\u00e9lior\u00e9e \u00e0 haute temp\u00e9rature. De plus, AlAs a une excellente stabilit\u00e9 chimique et thermique et peut \u00eatre utilis\u00e9 dans la fabrication d\u2019appareils dans des environnements \u00e0 haute temp\u00e9rature. <\/p>\n<p>&nbsp;<\/p>\n<h2><span style=\"font-size: 14pt;\">Propri\u00e9t\u00e9s physiques&nbsp;:<\/span><\/h2>\n<p>Couleur : orange. Propri\u00e9t\u00e9s : cristal Point de fusion (\u00b0C) : 1740. Masse volumique (kg\/m3) : 3760.<\/p>\n<p>&nbsp;<\/p>\n<h2><span style=\"font-size: 14pt;\">Propri\u00e9t\u00e9s chimiques :<\/span><\/h2>\n<p>L\u2019ars\u00e9niure d\u2019aluminium est d\u00e9liquescent.<\/p>\n<p>&nbsp;<\/p>\n<h2><span style=\"font-size: 14pt;\">Synth\u00e8se:<\/span><\/h2>\n<p>As\/H2 + Al \u20141100\u00b0C\u2192 AlAs Al + As \u2014600\u00b0C\u2192 AlAs L\u2019ars\u00e9niure d\u2019aluminium de haute puret\u00e9 peut \u00eatre obtenu par recristallisation dans une atmosph\u00e8re d\u2019argon.<\/p>\n<p>&nbsp;<\/p>\n<h2><span style=\"font-size: 14pt;\">Application:<\/span><\/h2>\n<p><strong>En micro\u00e9lectronique :<\/strong><\/p>\n<p>En tant que mat\u00e9riau semi-conducteur, AlAs poss\u00e8de d\u2019excellentes propri\u00e9t\u00e9s qui le rendent largement utilis\u00e9 dans le domaine de la micro\u00e9lectronique. L\u2019ars\u00e9niure d\u2019aluminium peut \u00eatre combin\u00e9 avec d\u2019autres mat\u00e9riaux semi-conducteurs tels que l\u2019ars\u00e9niure de gallium (GaAs) et le nitrure de gallium (GaN) pour pr\u00e9parer des puces \u00e0 h\u00e9t\u00e9rojonction, qui ont un transport d\u2019\u00e9lectrons \u00e0 grande vitesse et une excellente conductivit\u00e9. Dans le m\u00eame temps, l\u2019ars\u00e9niure d\u2019aluminium peut \u00e9galement \u00eatre utilis\u00e9 pour pr\u00e9parer des cellules solaires \u00e0 haut rendement, des modulateurs magn\u00e9to-optiques et d\u2019autres dispositifs, avec de larges perspectives d\u2019application.  <\/p>\n<p><strong>En opto\u00e9lectronique :<\/strong><\/p>\n<p>En tant que mat\u00e9riau semi-conducteur, AlAs est \u00e9galement tr\u00e8s important dans le domaine de l\u2019opto\u00e9lectronique. Alas peut pr\u00e9parer des structures de puits quantiques de haute qualit\u00e9, qui ont des \u00e9tats quantiques sp\u00e9ciaux et peuvent \u00eatre utilis\u00e9es pour pr\u00e9parer des dispositifs tels que des d\u00e9tecteurs infrarouges et des lasers. De plus, l\u2019ars\u00e9niure d\u2019aluminium est \u00e9galement largement utilis\u00e9 dans le domaine des micro-ondes, comme la pr\u00e9paration d\u2019appareils \u00e0 micro-ondes et d\u2019antennes \u00e0 micro-ondes.  <\/p>\n<p>&nbsp;<\/p>\n","protected":false},"excerpt":{"rendered":"<p>L\u2019ars\u00e9niure d\u2019aluminium (AlAs) est un mat\u00e9riau semi-conducteur compos\u00e9 III-V contenant deux \u00e9l\u00e9ments, l\u2019aluminium et l\u2019arsenic. H\u00e9las, les cristaux ont un syst\u00e8me hexagonal et appartiennent \u00e0 la structure de la sphal\u00e9rite, et sa bande interdite est d\u2019environ 1,42 \u00e9lectronvolts. H\u00e9las, les mat\u00e9riaux ont une faible conductivit\u00e9 \u00e9lectrique \u00e0 temp\u00e9rature ambiante, mais leur conductivit\u00e9 \u00e9lectrique est consid\u00e9rablement [&hellip;]<\/p>\n","protected":false},"featured_media":998445,"comment_status":"open","ping_status":"closed","template":"","meta":{"_acf_changed":false},"product_brand":[],"product_cat":[251],"product_tag":[],"class_list":{"0":"post-1007565","1":"product","2":"type-product","3":"status-publish","4":"has-post-thumbnail","6":"product_cat-materiaux-phosphores","8":"first","9":"instock","10":"shipping-taxable","11":"product-type-variable"},"acf":[],"_links":{"self":[{"href":"https:\/\/vimaterial.de\/fr\/wp-json\/wp\/v2\/product\/1007565","targetHints":{"allow":["GET"]}}],"collection":[{"href":"https:\/\/vimaterial.de\/fr\/wp-json\/wp\/v2\/product"}],"about":[{"href":"https:\/\/vimaterial.de\/fr\/wp-json\/wp\/v2\/types\/product"}],"replies":[{"embeddable":true,"href":"https:\/\/vimaterial.de\/fr\/wp-json\/wp\/v2\/comments?post=1007565"}],"wp:featuredmedia":[{"embeddable":true,"href":"https:\/\/vimaterial.de\/fr\/wp-json\/wp\/v2\/media\/998445"}],"wp:attachment":[{"href":"https:\/\/vimaterial.de\/fr\/wp-json\/wp\/v2\/media?parent=1007565"}],"wp:term":[{"taxonomy":"product_brand","embeddable":true,"href":"https:\/\/vimaterial.de\/fr\/wp-json\/wp\/v2\/product_brand?post=1007565"},{"taxonomy":"product_cat","embeddable":true,"href":"https:\/\/vimaterial.de\/fr\/wp-json\/wp\/v2\/product_cat?post=1007565"},{"taxonomy":"product_tag","embeddable":true,"href":"https:\/\/vimaterial.de\/fr\/wp-json\/wp\/v2\/product_tag?post=1007565"}],"curies":[{"name":"wp","href":"https:\/\/api.w.org\/{rel}","templated":true}]}}