{"id":1007476,"date":"2024-06-17T13:53:36","date_gmt":"2024-06-17T05:53:36","guid":{"rendered":"https:\/\/vimaterial.de\/product\/lithium-metal-2\/"},"modified":"2024-11-07T17:36:13","modified_gmt":"2024-11-07T09:36:13","slug":"lithium-metal-2","status":"publish","type":"product","link":"https:\/\/vimaterial.de\/fr\/product\/lithium-metal-2\/","title":{"rendered":"Lithium m\u00e9tal"},"content":{"rendered":"<p>La cible de pulv\u00e9risation au lithium est une forme de lithium de haute puret\u00e9 con\u00e7ue pour \u00eatre utilis\u00e9e dans les processus de d\u00e9p\u00f4t physique en phase vapeur (PVD), tels que la pulv\u00e9risation. Ces cibles sont couramment utilis\u00e9es pour d\u00e9poser de minces films de lithium sur des substrats pour des applications dans l\u2019\u00e9lectronique, le stockage d\u2019\u00e9nergie et la recherche. La haute r\u00e9activit\u00e9 et la faible masse atomique du lithium le rendent utile pour les rev\u00eatements sp\u00e9cialis\u00e9s, y compris les couches minces dans la technologie des batteries lithium-ion, ainsi que dans d\u2019autres domaines de la science des mat\u00e9riaux.  <\/p>\n<p>&nbsp;<\/p>\n<h2><span style=\"font-size: 14pt;\">Propri\u00e9t\u00e9s physiques&nbsp;:<\/span><\/h2>\n<p>Apparence : blanc argent\u00e9 Point de fusion : Relativement bas, \u00e0 environ 180,5 \u00b0C (356,9 \u00b0F), ce qui peut influencer les param\u00e8tres du processus de pulv\u00e9risation. Douceur : Le lithium est un m\u00e9tal tr\u00e8s mou, qui n\u00e9cessite une manipulation et un montage soigneux dans un \u00e9quipement de pulv\u00e9risation. Densit\u00e9 : Environ 0,534 g\/cm\u00b3, l\u2019une des densit\u00e9s les plus faibles parmi les m\u00e9taux, ce qui rend le lithium unique dans les applications de pulv\u00e9risation.<\/p>\n<p>&nbsp;<\/p>\n<h2><span style=\"font-size: 14pt;\">Applications:<\/span><\/h2>\n<p>Fabrication de batteries : Les cibles de pulv\u00e9risation au lithium sont utilis\u00e9es pour d\u00e9poser des couches de lithium dans la production de batteries lithium-ion et lithium-m\u00e9tal avanc\u00e9es, en particulier pour la recherche sur les batteries \u00e0 l\u2019\u00e9tat solide qui n\u00e9cessitent de fines couches de lithium comme mat\u00e9riaux d\u2019anode. Rev\u00eatements \u00e0 couche mince : Les films de lithium sont parfois utilis\u00e9s dans les optiques \u00e0 couche mince, les dispositifs \u00e0 semi-conducteurs et les capteurs, o\u00f9 ils offrent des propri\u00e9t\u00e9s \u00e9lectroniques et ioniques uniques. Recherche sur les mat\u00e9riaux : Les cibles de pulv\u00e9risation au lithium sont utilis\u00e9es en R&amp;D pour de nouveaux mat\u00e9riaux \u00e0 base de lithium, tels que les alliages de lithium ou les films dop\u00e9s au lithium, qui sont \u00e9tudi\u00e9s pour des applications allant du stockage d\u2019\u00e9nergie aux composants \u00e9lectroniques.<\/p>\n<p>&nbsp;<\/p>\n<h2><span style=\"font-size: 14pt;\">Manutention et stockage :<\/span><\/h2>\n<p>Atmosph\u00e8re inerte : Les cibles de lithium doivent \u00eatre stock\u00e9es et manipul\u00e9es sous argon ou azote pour \u00e9viter l\u2019oxydation. Manipulation soigneuse : En tant que m\u00e9tal doux et r\u00e9actif, le lithium n\u00e9cessite une manipulation soigneuse pour \u00e9viter la contamination, les dommages ou la d\u00e9gradation avant utilisation. \u00c9quipement de protection : Les op\u00e9rateurs doivent utiliser des gants et des lunettes de protection, car le lithium peut r\u00e9agir exothermiquement avec l\u2019humidit\u00e9.<\/p>\n","protected":false},"excerpt":{"rendered":"<p>La cible de pulv\u00e9risation au lithium est une forme de lithium de haute puret\u00e9 con\u00e7ue pour \u00eatre utilis\u00e9e dans les processus de d\u00e9p\u00f4t physique en phase vapeur (PVD), tels que la pulv\u00e9risation. Ces cibles sont couramment utilis\u00e9es pour d\u00e9poser de minces films de lithium sur des substrats pour des applications dans l\u2019\u00e9lectronique, le stockage d\u2019\u00e9nergie [&hellip;]<\/p>\n","protected":false},"featured_media":1029869,"comment_status":"open","ping_status":"closed","template":"","meta":{"_acf_changed":false},"product_brand":[],"product_cat":[235],"product_tag":[],"class_list":{"0":"post-1007476","1":"product","2":"type-product","3":"status-publish","4":"has-post-thumbnail","6":"product_cat-cibles-de-pulverisation-planaire","8":"first","9":"instock","10":"shipping-taxable","11":"product-type-variable"},"acf":[],"_links":{"self":[{"href":"https:\/\/vimaterial.de\/fr\/wp-json\/wp\/v2\/product\/1007476","targetHints":{"allow":["GET"]}}],"collection":[{"href":"https:\/\/vimaterial.de\/fr\/wp-json\/wp\/v2\/product"}],"about":[{"href":"https:\/\/vimaterial.de\/fr\/wp-json\/wp\/v2\/types\/product"}],"replies":[{"embeddable":true,"href":"https:\/\/vimaterial.de\/fr\/wp-json\/wp\/v2\/comments?post=1007476"}],"wp:featuredmedia":[{"embeddable":true,"href":"https:\/\/vimaterial.de\/fr\/wp-json\/wp\/v2\/media\/1029869"}],"wp:attachment":[{"href":"https:\/\/vimaterial.de\/fr\/wp-json\/wp\/v2\/media?parent=1007476"}],"wp:term":[{"taxonomy":"product_brand","embeddable":true,"href":"https:\/\/vimaterial.de\/fr\/wp-json\/wp\/v2\/product_brand?post=1007476"},{"taxonomy":"product_cat","embeddable":true,"href":"https:\/\/vimaterial.de\/fr\/wp-json\/wp\/v2\/product_cat?post=1007476"},{"taxonomy":"product_tag","embeddable":true,"href":"https:\/\/vimaterial.de\/fr\/wp-json\/wp\/v2\/product_tag?post=1007476"}],"curies":[{"name":"wp","href":"https:\/\/api.w.org\/{rel}","templated":true}]}}