{"id":1007402,"date":"2024-06-17T13:52:39","date_gmt":"2024-06-17T05:52:39","guid":{"rendered":"https:\/\/vimaterial.de\/product\/iodure-daluminium\/"},"modified":"2024-11-07T16:00:07","modified_gmt":"2024-11-07T08:00:07","slug":"iodure-daluminium","status":"publish","type":"product","link":"https:\/\/vimaterial.de\/fr\/product\/iodure-daluminium\/","title":{"rendered":"Iodure d\u2019aluminium"},"content":{"rendered":"<p>L\u2019iodure d\u2019aluminium (AlI\u2083) est un compos\u00e9 inorganique compos\u00e9 d\u2019aluminium et d\u2019iode. Il est g\u00e9n\u00e9ralement connu sous deux formes : l\u2019iodure d\u2019aluminium anhydre (AlI\u2083) et la forme hexahydrat\u00e9e (AlI\u2083\u00b76H\u2082O). AlI\u2083 est principalement utilis\u00e9 comme r\u00e9actif dans la synth\u00e8se organique, la catalyse et d\u2019autres processus chimiques sp\u00e9cialis\u00e9s.  <\/p>\n<p>&nbsp;<\/p>\n<h2><span style=\"font-size: 14pt;\">Propri\u00e9t\u00e9s physiques&nbsp;:<\/span><\/h2>\n<p>Formule chimique&nbsp;:AlI3, AlI3\u00b76H2O (hexahydrat\u00e9) Masse molaire&nbsp;:407.695 g\/mol (anhydre) \/ 515.786 g\/mol (hexahydrat\u00e9) Apparence&nbsp;:Poudre blanche (anhydre) ou jaune (hexahydrat\u00e9e) Densit\u00e9&nbsp;:3,98 g\/cm3 (anhydre) \/ 2,63 g\/cm3 (hexahydrat\u00e9) Point de fusion&nbsp;:188.28 \u00b0C (370.90 \u00b0F&nbsp;; 461.43 K) (anhydre) \/ 185 \u00b0C, se d\u00e9compose (hexahydrat\u00e9) Point d\u2019\u00e9bullition&nbsp;:382 \u00b0C (720 \u00b0F&nbsp;; 655 K) anhydre, sublime Solubilit\u00e9 dans l\u2019eau&nbsp;:tr\u00e8s soluble, hydrolyse partielle,Solubilit\u00e9 dans l\u2019alcool,  \u00c9ther&nbsp;:soluble (hexahydrat\u00e9)<\/p>\n<p>&nbsp;<\/p>\n<h2><span style=\"font-size: 14pt;\">Applications:<\/span><\/h2>\n<p>Agir comme catalyseur dans les r\u00e9actions organiques. Utilis\u00e9 comme \u00e9lectrolyte dans les cellules solaires sensibilis\u00e9es aux colorants. Sur la base des travaux originaux de cellules solaires sensibilis\u00e9es aux colorants, l\u2019\u00e9lectrolyte d\u2019iodure d\u2019aluminium a \u00e9t\u00e9 pr\u00e9par\u00e9 par r\u00e9action in situ de l\u2019aluminium et de l\u2019iode en solution avec de l\u2019\u00e9thanol comme solvant dans l\u2019environnement atmosph\u00e9rique. L\u2019\u00e9lectrolyte a \u00e9t\u00e9 appliqu\u00e9 directement sur des cellules solaires sensibilis\u00e9es \u00e0 un colorant, et l\u2019efficacit\u00e9 de conversion photo\u00e9lectrique \u00e9lev\u00e9e de 5,9 % a \u00e9t\u00e9 obtenue. Ce nouvel \u00e9lectrolyte d\u2019iodure d\u2019aluminium pr\u00e9sente quatre avantages, tels que son faible co\u00fbt, sa facilit\u00e9 de pr\u00e9paration, ses bonnes performances et son respect de l\u2019environnement, ce qui ouvre une nouvelle voie pour la recherche d\u2019\u00e9lectrolytes de cellules solaires sensibilis\u00e9s aux colorants.<\/p>\n<p>&nbsp;<\/p>\n<h2><span style=\"font-size: 14pt;\">Manutention et stockage :<\/span><\/h2>\n<p>Sensibilit\u00e9 \u00e0 l\u2019humidit\u00e9 : L\u2019AlI\u2083 doit \u00eatre manipul\u00e9 dans une atmosph\u00e8re s\u00e8che et inerte, comme l\u2019azote ou l\u2019argon, pour \u00e9viter une hydrolyse rapide. Exigences d\u2019entreposage : Conservez l\u2019iodure d\u2019aluminium dans des contenants herm\u00e9tiquement ferm\u00e9s, \u00e0 l\u2019abri de l\u2019humidit\u00e9 et de l\u2019air, afin de pr\u00e9server son int\u00e9grit\u00e9 et sa r\u00e9activit\u00e9. Pr\u00e9cautions de s\u00e9curit\u00e9 : Comme il se d\u00e9compose pour lib\u00e9rer de l\u2019acide iodique au contact de l\u2019eau, sa manipulation n\u00e9cessite un \u00e9quipement de protection appropri\u00e9 (p. ex., gants, lunettes de protection et hotte) pour \u00e9viter l\u2019exposition \u00e0 des vapeurs corrosives.<\/p>\n<p>&nbsp;<\/p>\n","protected":false},"excerpt":{"rendered":"<p>L\u2019iodure d\u2019aluminium (AlI\u2083) est un compos\u00e9 inorganique compos\u00e9 d\u2019aluminium et d\u2019iode. Il est g\u00e9n\u00e9ralement connu sous deux formes : l\u2019iodure d\u2019aluminium anhydre (AlI\u2083) et la forme hexahydrat\u00e9e (AlI\u2083\u00b76H\u2082O). AlI\u2083 est principalement utilis\u00e9 comme r\u00e9actif dans la synth\u00e8se organique, la catalyse et d\u2019autres processus chimiques sp\u00e9cialis\u00e9s. &nbsp; Propri\u00e9t\u00e9s physiques&nbsp;: Formule chimique&nbsp;:AlI3, AlI3\u00b76H2O (hexahydrat\u00e9) Masse molaire&nbsp;:407.695 g\/mol [&hellip;]<\/p>\n","protected":false},"featured_media":998541,"comment_status":"open","ping_status":"closed","template":"","meta":{"_acf_changed":false},"product_brand":[],"product_cat":[239],"product_tag":[],"class_list":{"0":"post-1007402","1":"product","2":"type-product","3":"status-publish","4":"has-post-thumbnail","6":"product_cat-materiaux-halogenes","8":"first","9":"instock","10":"shipping-taxable","11":"product-type-variable"},"acf":[],"_links":{"self":[{"href":"https:\/\/vimaterial.de\/fr\/wp-json\/wp\/v2\/product\/1007402","targetHints":{"allow":["GET"]}}],"collection":[{"href":"https:\/\/vimaterial.de\/fr\/wp-json\/wp\/v2\/product"}],"about":[{"href":"https:\/\/vimaterial.de\/fr\/wp-json\/wp\/v2\/types\/product"}],"replies":[{"embeddable":true,"href":"https:\/\/vimaterial.de\/fr\/wp-json\/wp\/v2\/comments?post=1007402"}],"wp:featuredmedia":[{"embeddable":true,"href":"https:\/\/vimaterial.de\/fr\/wp-json\/wp\/v2\/media\/998541"}],"wp:attachment":[{"href":"https:\/\/vimaterial.de\/fr\/wp-json\/wp\/v2\/media?parent=1007402"}],"wp:term":[{"taxonomy":"product_brand","embeddable":true,"href":"https:\/\/vimaterial.de\/fr\/wp-json\/wp\/v2\/product_brand?post=1007402"},{"taxonomy":"product_cat","embeddable":true,"href":"https:\/\/vimaterial.de\/fr\/wp-json\/wp\/v2\/product_cat?post=1007402"},{"taxonomy":"product_tag","embeddable":true,"href":"https:\/\/vimaterial.de\/fr\/wp-json\/wp\/v2\/product_tag?post=1007402"}],"curies":[{"name":"wp","href":"https:\/\/api.w.org\/{rel}","templated":true}]}}