{"id":1007345,"date":"2024-06-17T13:51:45","date_gmt":"2024-06-17T05:51:45","guid":{"rendered":"https:\/\/vimaterial.de\/product\/nitrure-daluminium-2\/"},"modified":"2024-11-07T14:41:29","modified_gmt":"2024-11-07T06:41:29","slug":"nitrure-daluminium-2","status":"publish","type":"product","link":"https:\/\/vimaterial.de\/fr\/product\/nitrure-daluminium-2\/","title":{"rendered":"Nitrure d\u2019aluminium"},"content":{"rendered":"<p>La plaque en c\u00e9ramique de nitrure d\u2019aluminium est un composant c\u00e9ramique haute performance connu pour sa conductivit\u00e9 thermique, son isolation \u00e9lectrique et sa stabilit\u00e9 thermique exceptionnelles. Les plaques c\u00e9ramiques en nitrure d\u2019aluminium sont largement utilis\u00e9es dans les applications qui exigent une dissipation thermique et une isolation \u00e9lectrique efficaces, en particulier dans l\u2019\u00e9lectronique et les appareils haute puissance. Les plaques c\u00e9ramiques AlN sont fabriqu\u00e9es avec pr\u00e9cision pour fournir une gestion thermique coh\u00e9rente et fiable dans des configurations \u00e9lectroniques compactes et performantes.  <\/p>\n<p>&nbsp;<\/p>\n<h2><span style=\"font-size: 14pt;\">Composition et structure :<\/span><\/h2>\n<p>Nitrure d\u2019aluminium (AlN) : Compos\u00e9 d\u2019atomes d\u2019aluminium et d\u2019azote, l\u2019AlN a une structure cristalline covalente qui lui conf\u00e8re une conductivit\u00e9 thermique \u00e9lev\u00e9e et de fortes propri\u00e9t\u00e9s di\u00e9lectriques. Surface dense et non poreuse : Les plaques c\u00e9ramiques en nitrure d\u2019aluminium sont fabriqu\u00e9es pour avoir une surface dense et lisse avec une porosit\u00e9 minimale, am\u00e9liorant leur r\u00e9sistance m\u00e9canique et leur efficacit\u00e9 thermique.<\/p>\n<p>&nbsp;<\/p>\n<h2><span style=\"font-size: 14pt;\">Propri\u00e9t\u00e9s physiques&nbsp;:<\/span><\/h2>\n<p>Conductivit\u00e9 thermique \u00e9lev\u00e9e : L\u2019AlN a l\u2019une des conductivit\u00e9s thermiques les plus \u00e9lev\u00e9es de tous les mat\u00e9riaux c\u00e9ramiques, g\u00e9n\u00e9ralement autour de 170-200 W\/m\u00b7K, ce qui le rend id\u00e9al pour la dissipation de chaleur. Excellente isolation \u00e9lectrique : AlN offre une rigidit\u00e9 di\u00e9lectrique \u00e9lev\u00e9e et une faible perte di\u00e9lectrique, ce qui lui permet de fonctionner efficacement comme isolant, m\u00eame dans les applications \u00e0 haute tension et \u00e0 haute fr\u00e9quence. R\u00e9sistance m\u00e9canique et rigidit\u00e9 : Les plaques c\u00e9ramiques en nitrure d\u2019aluminium sont dures et m\u00e9caniquement stables, offrant un bon support structurel dans diverses applications.<\/p>\n<p>&nbsp;<\/p>\n<h2><span style=\"font-size: 14pt;\">Propri\u00e9t\u00e9s thermiques et chimiques :<\/span><\/h2>\n<p>Stabilit\u00e9 thermique : L\u2019AlN est stable jusqu\u2019\u00e0 des temp\u00e9ratures \u00e9lev\u00e9es (jusqu\u2019\u00e0 environ 1000\u00b0C dans l\u2019air) et peut r\u00e9sister aux cycles thermiques sans d\u00e9gradation significative, ce qui le rend adapt\u00e9 aux applications \u00e0 haute temp\u00e9rature. R\u00e9sistance chimique : L\u2019AlN est g\u00e9n\u00e9ralement r\u00e9sistant \u00e0 de nombreux produits chimiques et solvants, bien qu\u2019il puisse r\u00e9agir avec l\u2019humidit\u00e9 au fil du temps. Une fine couche d\u2019oxyde protectrice peut se former \u00e0 la surface lorsqu\u2019elle est expos\u00e9e \u00e0 l\u2019air, mais cela n\u2019a pas d\u2019impact sur les performances dans la plupart des applications.<\/p>\n<p>&nbsp;<\/p>\n<h2><span style=\"font-size: 14pt;\">Applications:<\/span><\/h2>\n<p>Substrats \u00e9lectroniques : Les plaques c\u00e9ramiques en nitrure d\u2019aluminium servent de substrats pour les circuits \u00e9lectroniques, les LED et autres composants \u00e9lectroniques haute puissance, offrant une gestion thermique et une isolation \u00e9lectrique efficaces. \u00c9pandeurs de chaleur et dissipateurs thermiques : La conductivit\u00e9 thermique \u00e9lev\u00e9e d\u2019AlN lui permet d\u2019\u00eatre utilis\u00e9 comme dissipateur de chaleur ou dissipateur dans des dispositifs qui g\u00e9n\u00e8rent une chaleur importante, tels que les transistors, les MOSFET et les thyristors. \u00c9lectronique de puissance et dispositifs RF : Les propri\u00e9t\u00e9s isolantes et thermiques de l\u2019AlN le rendent adapt\u00e9 \u00e0 l\u2019\u00e9lectronique de puissance et aux composants radiofr\u00e9quence (RF), o\u00f9 la gestion de la chaleur et la pr\u00e9vention des interf\u00e9rences \u00e9lectriques sont cruciales. Modules laser et LED : Dans les diodes laser et les modules LED, les plaques AlN aident \u00e0 dissiper efficacement la chaleur, prolongeant la dur\u00e9e de vie de l\u2019appareil et maintenant la stabilit\u00e9 des performances.<\/p>\n<p>&nbsp;<\/p>\n<h2><span style=\"font-size: 14pt;\">Manutention et stockage :<\/span><\/h2>\n<p>Fragilit\u00e9&nbsp;: Malgr\u00e9 leur r\u00e9sistance m\u00e9canique, les plaques en c\u00e9ramique de nitrure d\u2019aluminium peuvent \u00eatre cassantes, il est donc recommand\u00e9 de les manipuler avec pr\u00e9caution pour \u00e9viter les fissures ou les \u00e9clats. Sensibilit\u00e9 \u00e0 l\u2019humidit\u00e9 : Bien que stables dans les environnements secs, les plaques en c\u00e9ramique de nitrure d\u2019aluminium doivent id\u00e9alement \u00eatre stock\u00e9es dans des conditions de faible humidit\u00e9 pour \u00e9viter les r\u00e9actions de surface, en particulier pour un stockage prolong\u00e9.<\/p>\n","protected":false},"excerpt":{"rendered":"<p>La plaque en c\u00e9ramique de nitrure d\u2019aluminium est un composant c\u00e9ramique haute performance connu pour sa conductivit\u00e9 thermique, son isolation \u00e9lectrique et sa stabilit\u00e9 thermique exceptionnelles. Les plaques c\u00e9ramiques en nitrure d\u2019aluminium sont largement utilis\u00e9es dans les applications qui exigent une dissipation thermique et une isolation \u00e9lectrique efficaces, en particulier dans l\u2019\u00e9lectronique et les appareils [&hellip;]<\/p>\n","protected":false},"featured_media":998483,"comment_status":"open","ping_status":"closed","template":"","meta":{"_acf_changed":false},"product_brand":[],"product_cat":[245],"product_tag":[],"class_list":{"0":"post-1007345","1":"product","2":"type-product","3":"status-publish","4":"has-post-thumbnail","6":"product_cat-profil-fr","8":"first","9":"instock","10":"shipping-taxable","11":"product-type-variable"},"acf":[],"_links":{"self":[{"href":"https:\/\/vimaterial.de\/fr\/wp-json\/wp\/v2\/product\/1007345","targetHints":{"allow":["GET"]}}],"collection":[{"href":"https:\/\/vimaterial.de\/fr\/wp-json\/wp\/v2\/product"}],"about":[{"href":"https:\/\/vimaterial.de\/fr\/wp-json\/wp\/v2\/types\/product"}],"replies":[{"embeddable":true,"href":"https:\/\/vimaterial.de\/fr\/wp-json\/wp\/v2\/comments?post=1007345"}],"wp:featuredmedia":[{"embeddable":true,"href":"https:\/\/vimaterial.de\/fr\/wp-json\/wp\/v2\/media\/998483"}],"wp:attachment":[{"href":"https:\/\/vimaterial.de\/fr\/wp-json\/wp\/v2\/media?parent=1007345"}],"wp:term":[{"taxonomy":"product_brand","embeddable":true,"href":"https:\/\/vimaterial.de\/fr\/wp-json\/wp\/v2\/product_brand?post=1007345"},{"taxonomy":"product_cat","embeddable":true,"href":"https:\/\/vimaterial.de\/fr\/wp-json\/wp\/v2\/product_cat?post=1007345"},{"taxonomy":"product_tag","embeddable":true,"href":"https:\/\/vimaterial.de\/fr\/wp-json\/wp\/v2\/product_tag?post=1007345"}],"curies":[{"name":"wp","href":"https:\/\/api.w.org\/{rel}","templated":true}]}}